{"id":17,"date":"2014-05-26T14:25:12","date_gmt":"2014-05-26T17:25:12","guid":{"rendered":"https:\/\/wp.ufpel.edu.br\/ppgs\/?page_id=17"},"modified":"2025-11-05T15:22:59","modified_gmt":"2025-11-05T18:22:59","slug":"sobre-o-ppgs","status":"publish","type":"page","link":"https:\/\/wp.ufpel.edu.br\/ppgs\/sobre-o-ppgs\/","title":{"rendered":"Sobre o PPGS"},"content":{"rendered":"<p><strong>Hist\u00f3rico e Conceito CAPES<\/strong><\/p>\n<p>O Programa de P\u00f3s-gradua\u00e7\u00e3o em Sociologia da Universidade Federal de Pelotas \u00e9 herdeiro do Programa de P\u00f3s-gradua\u00e7\u00e3o em Ci\u00eancias Sociais, aprovado pela Capes em 2005, e que come\u00e7ou a funcionar em 2006. Para compreender o est\u00e1gio atual do PPG Sociologia \u00e9 necess\u00e1rio enfatizar a hist\u00f3ria do antigo PPG em Ci\u00eancias Sociais. Este programa teve in\u00edcio com uma proposta interdisciplinar que, inicialmente, contemplava diferentes \u00e1reas do conhecimento cient\u00edfico em Ci\u00eancias Sociais. Assim, em 2010, foi aprovado pela CAPES o Programa de P\u00f3s-Gradua\u00e7\u00e3o em Ci\u00eancia Pol\u00edtica, no Instituto de Filosofia, Sociologia e Pol\u00edtica da UFPel. Por sua vez, no final do ano de 2011, tamb\u00e9m foi aprovado o Programa de P\u00f3s-Gradua\u00e7\u00e3o em Antropologia e Arqueologia que \u00e9 situado no Instituto de Ci\u00eancias Humanas da UFPel.<\/p>\n<p>O novo passo, consequ\u00eancia desse processo de consolida\u00e7\u00e3o das \u00e1reas disciplinares, foi dado em 2012. Nesse ano, o PPG em Ci\u00eancias Sociais mudou de nome e passou a se chamar PPG em Sociologia, com curso em n\u00edvel de Mestrado. Com a avalia\u00e7\u00e3o quadrienal 2017\u20132020 da CAPES, o programa foi credenciado para abertura do curso de Doutorado, aprovado em setembro de 2018 e iniciado em mar\u00e7o de 2019. Na \u00faltima avalia\u00e7\u00e3o quadrienal 2021\u20132024 da CAPES, o PPG em Sociologia obteve o conceito 5.<\/p>\n<p>O Programa conta com um corpo docente qualificado na \u00e1rea de Sociologia e linhas de pesquisa espec\u00edficas que abarcam temas como as cidades, o Estado, o conhecimento na sociedade atual, o desenvolvimento, o trabalho e o meio ambiente.<\/p>\n<p><strong>Os objetivos definidos pelo PPGS<\/strong><\/p>\n<p>O objetivo geral do Programa de P\u00f3s-Gradua\u00e7\u00e3o em Sociologia da Universidade Federal de Pelotas\u2013 Mestrado e Doutorado, \u00e9 o de estimular, promover e orientar trabalhos acad\u00eamicos, sejam eles de ensino, pesquisa ou extens\u00e3o, voltados principalmente \u00e0 realidade brasileira \u2013 aspectos nacionais e regionais (com especial \u00eanfase no cone sul), mas tamb\u00e9m latino-americanos e internacionais, a partir de uma perspectiva sociol\u00f3gica, aberta ao di\u00e1logo, particularmente, com outras Ci\u00eancias Sociais. Neste sentido, visamos formar pesquisadores acad\u00eamicos qualificados na \u00e1rea de sociologia.<\/p>\n<p>Os objetivos espec\u00edficos do PPGS s\u00e3o:<\/p>\n<ol>\n<li>Cultivar os esfor\u00e7os permanentes de consolida\u00e7\u00e3o de uma equipe de soci\u00f3logos, capazes de desenvolver projetos de investiga\u00e7\u00e3o que centrem sua aten\u00e7\u00e3o, por um lado, nas tend\u00eancias de desenvolvimento do Brasil, em seus aspectos s\u00f3cio-pol\u00edtico-econ\u00f4micos e, por outro, nos processos socioculturais que ultrapassam as fronteiras dos pa\u00edses do Mercosul.<\/li>\n<\/ol>\n<p>II.Consolidar a constitui\u00e7\u00e3o de n\u00facleos de pesquisa, vinculados \u00e0s sociologias espec\u00edficas, buscando a integra\u00e7\u00e3o entre discentes e docentes em torno de grupos de pesquisa, de forma a promover a produ\u00e7\u00e3o coletiva do conhecimento. Isso, por\u00e9m, n\u00e3o significa a aus\u00eancia do di\u00e1logo com outras Ci\u00eancias Sociais, pois entende-se que o di\u00e1logo interdisciplinar \u00e9 uma caracter\u00edstica central do conhecimento cient\u00edfico na atualidade.<\/p>\n<p>III.Estabelecer la\u00e7os de coopera\u00e7\u00e3o acad\u00eamica, tais como: interc\u00e2mbio de estudantes e de docentes, novas experi\u00eancias de pesquisa, extens\u00e3o e troca de conhecimento com institui\u00e7\u00f5es de ensino superior brasileiras, e, com especial aten\u00e7\u00e3o para as institui\u00e7\u00f5es do cone sul, visando consolidar a presen\u00e7a dos discentes em centros e universidades de refer\u00eancia, no Brasil e no exterior, sob a modalidade de est\u00e1gio \u201csandu\u00edche\u201d durante realiza\u00e7\u00e3o do doutorado.<\/p>\n<p>IV.Fomentar a integra\u00e7\u00e3o regional do PPGS, efetivando conv\u00eanios e interc\u00e2mbios com os pa\u00edses &#8211; Brasil, Argentina e Uruguai. Esse esfor\u00e7o tem por finalidade estabelecer la\u00e7os duradouros de coopera\u00e7\u00e3o que fortale\u00e7am as potencialidades regionais \u2013 cone sul, no que diz respeito \u00e0s dimens\u00f5es social, cultural, pol\u00edtica<\/p>\n<p><strong>Fontes de Financiamento<\/strong><\/p>\n<p>O PPGS obt\u00e9m todos os anos bolsas de estudos, para seus alunos, subministradas pelas ag\u00eancias de fomento CNPq, CAPES e FAPERGS. Disp\u00f5e tamb\u00e9m de recursos do Programa de Apoio \u00e0 Pos-Gradua\u00e7\u00e3o (Proap) da Capes para apoiar atividades acad\u00eamicas docentes e discentes. Al\u00e9m de tr\u00eas bolsas de p\u00f3s-doutorado, o PNPD outorga recursos econ\u00f4micos para equipamentos e materiais.<\/p>\n<p><strong>Saiba mais:<\/strong><\/p>\n<p><strong><a href=\"https:\/\/wp.ufpel.edu.br\/ppgs\/files\/2025\/11\/Novo-regimento-PPGS.pdf\">ATUAL REGIMENTO DO PPGS<\/a><\/strong><\/p>\n<p><strong><a href=\"https:\/\/wp.ufpel.edu.br\/ppgs\/files\/2018\/09\/Regimento-do-Mestrado-e-Doutorado-Sociologia-UFPel.pdf\" target=\"_blank\" rel=\"noopener noreferrer\">ANTIGO REGIMENTO DO PPGS<\/a><\/strong><\/p>\n<p><strong><a href=\"https:\/\/wp.ufpel.edu.br\/ppgs\/files\/2019\/12\/regimento-laborat\u00f3rio.pdf\" target=\"_blank\" rel=\"noopener noreferrer\">REGIMENTO DO LABORAT\u00d3RIO<\/a><\/strong><\/p>\n<p><strong>Resolu\u00e7\u00f5es do PPGS em vigor<\/strong>:<\/p>\n<ul>\n<li><strong><a href=\"https:\/\/wp.ufpel.edu.br\/ppgs\/files\/2023\/12\/ResolucaoPPGS1-2023.pdf\">Resolu\u00e7\u00e3o PPGS n\u00ba 1\/2023<\/a> <\/strong>\u2013 Nova norma que disp\u00f5e sobre a comiss\u00e3o, crit\u00e9rios para distribui\u00e7\u00e3o, concess\u00e3o e manuten\u00e7\u00e3o de bolsas no PPGS\/UFPel.<\/li>\n<li><a href=\"https:\/\/wp.ufpel.edu.br\/ppgs\/files\/2018\/09\/Resolu\u00e7\u00e3o-01-2017.pdf\"><strong>Resolu\u00e7\u00e3o n\u00ba 1\/2017<\/strong><\/a> &#8211; 04\/10\/2017 \u2013 <em>Disp\u00f5e sobre Comiss\u00e3o, crit\u00e9rios para distribu\u00e7\u00e3o, concess\u00e3o e manuten\u00e7\u00e3o de bolsas no PPGS\/UFPel<\/em>.<\/li>\n<li><a href=\"https:\/\/wp.ufpel.edu.br\/ppgs\/files\/2019\/03\/ANEXO-01-\u2013-Resolu\u00e7\u00e3o-01.2017-regras-de-transi\u00e7\u00e3o-Doutorado.pdf\"><strong><strong><strong>A<\/strong><\/strong>NEXO 01 <\/strong><\/a>&#8211;\u00a0<em>Resolu\u00e7\u00e3o 01\/2017 do Programa de P\u00f3s-gradua\u00e7\u00e3o em Sociologia da Universidade Federal de Pelotas &#8211; PPGS\/UFPel.<\/em><\/li>\n<li><a href=\"https:\/\/wp.ufpel.edu.br\/ppgs\/files\/2017\/10\/Resolu\u00e7\u00e3o-2-2017-Credenciamento-e-Perman\u00eancia-Professores-PPGS.pdf\"><strong>Resolu\u00e7\u00e3o n\u00ba 2\/2017<\/strong><\/a> &#8211; 04\/10\/2017 \u2013 <em>Disp\u00f5e sobre Credenciamento de Professores no Programa de P\u00f3s-Gradua\u00e7\u00e3o em Sociologia\u00a0 &#8211; <\/em><em>PPGS\/UFPel<\/em>.<\/li>\n<\/ul>\n<p><strong>Resolu\u00e7\u00f5es do CONSUN &#8211; UFPel em vigor:<\/strong><\/p>\n<ul>\n<li><a href=\"https:\/\/wp.ufpel.edu.br\/ppgs\/files\/2017\/10\/Resolu\u00e7\u00e3o-n.-05-de-26-de-abril-de-2017-1-CONSUN-A\u00c7\u00c3O-AFIRMATIVA-UFPEL.pdf\"><strong>Resolu\u00e7\u00e3o n\u00ba 5 &#8211; 26\/04\/2017<\/strong><\/a> \u2013 <em>Disp\u00f5e sobre a pol\u00edtica de a\u00e7\u00f5es afirmativas para pessoas negras, quilombolas, ind\u00edgenas e pessoas com defici\u00eancia nos Programas de P\u00f3s-Gradua\u00e7\u00e3o <\/em>stricto sensu<em> na <\/em><em>UFPel<\/em>.<\/li>\n<li><strong><a href=\"https:\/\/wp.ufpel.edu.br\/prppgi\/files\/2019\/07\/RES.-092019-Aprova-a-pol%C3%ADtica-de-vagas-discentes-nos-PPG-stricto-sensu-para-servidores-da-UFPel.pdf\">Resolu\u00e7\u00e3o n\u00ba 9 &#8211; 28\/05\/2019<\/a><\/strong><em> \u2013 Dispoe sobre a pol\u00edtica de oferta de vagas discentes em Programas de P\u00f3s-Gradua\u00e7\u00e3o stricto sensu na UFPel para servidores da institui\u00e7\u00e3o.<\/em><\/li>\n<\/ul>\n<p><strong>Resolu\u00e7\u00f5es do COCEPE &#8211; UFPel em vigor:<\/strong><\/p>\n<ul>\n<li><a href=\"https:\/\/wp.ufpel.edu.br\/prppgi\/files\/2013\/08\/resolu%c3%a7%c3%a3o-13.2010.pdf?file=2013\/08\/resolu%C3%A7%C3%A3o-13.2010.pdf\"><strong>Resolu\u00e7\u00e3o n\u00ba 13\/2010 <\/strong><\/a>\u2013 <em>Disp\u00f5e sobre o Programa de P\u00f3s-Doutorado na UFPel<\/em>.<\/li>\n<\/ul>\n<p><strong><a href=\"https:\/\/wp.ufpel.edu.br\/ppgs\/files\/2017\/04\/PORTARIA-N-156-PROAP.pdf\" target=\"_blank\" rel=\"noopener noreferrer\">REGULAMENTO DO PROGRAMA DE APOIO \u00c0 P\u00d3S-GRADUA\u00c7\u00c3O (PROAP)<\/a><\/strong><\/p>\n<p><strong>REGULAMENTO BOLSAS FAPERGS<\/strong><\/p>\n<p><strong><a href=\"https:\/\/wp.ufpel.edu.br\/ppgs\/files\/2017\/04\/Portaria_076_RegulamentoDS.pdf\" target=\"_blank\" rel=\"noopener noreferrer\">REGULAMENTO BOLSAS DEMANDA SOCIAL &#8211; CAPES<\/a><\/strong><\/p>\n<p><strong>Coordena\u00e7\u00e3o:<\/strong><\/p>\n<p><strong>Coordenador:<\/strong> Prof. Dr. Pedro Robertt<\/p>\n<p><strong>Coordenadora Adjunta:<\/strong> Profa. Dra. Mari Cristina de Freitas Fagundes<\/p>\n<p><strong>Secret\u00e1ria:<\/strong> Fl\u00e1via Lucimeri Rodrigues de Freitas<\/p>\n<p><strong>Contato:\u00a0<\/strong><a href=\"mailto:ppgs@ufpel.edu.br\" target=\"_blank\" rel=\"noopener\">ppgs@ufpel.edu.br<\/a><\/p>\n","protected":false},"excerpt":{"rendered":"<p>Hist\u00f3rico e Conceito CAPES O Programa de P\u00f3s-gradua\u00e7\u00e3o em Sociologia da Universidade Federal de Pelotas \u00e9 herdeiro do Programa de P\u00f3s-gradua\u00e7\u00e3o em Ci\u00eancias Sociais, aprovado pela Capes em 2005, e que come\u00e7ou a funcionar em 2006. Para compreender o est\u00e1gio atual do PPG Sociologia \u00e9 necess\u00e1rio enfatizar a hist\u00f3ria do antigo PPG em Ci\u00eancias Sociais. [&hellip;]<\/p>\n","protected":false},"author":396,"featured_media":0,"parent":0,"menu_order":1,"comment_status":"closed","ping_status":"closed","template":"","meta":{"jetpack_post_was_ever_published":false,"footnotes":""},"class_list":["post-17","page","type-page","status-publish","hentry"],"jetpack_sharing_enabled":true,"jetpack_shortlink":"https:\/\/wp.me\/P9dZ0f-h","jetpack_likes_enabled":true,"jetpack-related-posts":[],"_links":{"self":[{"href":"https:\/\/wp.ufpel.edu.br\/ppgs\/wp-json\/wp\/v2\/pages\/17","targetHints":{"allow":["GET"]}}],"collection":[{"href":"https:\/\/wp.ufpel.edu.br\/ppgs\/wp-json\/wp\/v2\/pages"}],"about":[{"href":"https:\/\/wp.ufpel.edu.br\/ppgs\/wp-json\/wp\/v2\/types\/page"}],"author":[{"embeddable":true,"href":"https:\/\/wp.ufpel.edu.br\/ppgs\/wp-json\/wp\/v2\/users\/396"}],"replies":[{"embeddable":true,"href":"https:\/\/wp.ufpel.edu.br\/ppgs\/wp-json\/wp\/v2\/comments?post=17"}],"version-history":[{"count":5,"href":"https:\/\/wp.ufpel.edu.br\/ppgs\/wp-json\/wp\/v2\/pages\/17\/revisions"}],"predecessor-version":[{"id":10525,"href":"https:\/\/wp.ufpel.edu.br\/ppgs\/wp-json\/wp\/v2\/pages\/17\/revisions\/10525"}],"wp:attachment":[{"href":"https:\/\/wp.ufpel.edu.br\/ppgs\/wp-json\/wp\/v2\/media?parent=17"}],"curies":[{"name":"wp","href":"https:\/\/api.w.org\/{rel}","templated":true}]}}