{"id":1635,"date":"2016-06-09T12:36:29","date_gmt":"2016-06-09T15:36:29","guid":{"rendered":"https:\/\/wp.ufpel.edu.br\/ppgs\/?page_id=1635"},"modified":"2024-09-10T02:02:58","modified_gmt":"2024-09-10T05:02:58","slug":"turma-2014","status":"publish","type":"page","link":"https:\/\/wp.ufpel.edu.br\/ppgs\/producaoeeventos\/dissertacoes\/turma-2014\/","title":{"rendered":"Disserta\u00e7\u00f5es: Turma 2014"},"content":{"rendered":"<p><strong>ANA CARINE NUNES VAZ TAVARES<\/strong><\/p>\n<p>Trabalho de Conclus\u00e3o: <a href=\"https:\/\/wp.ufpel.edu.br\/ppgs\/files\/2016\/06\/Ana-Vaz-Tavares-Disserta\u00e7\u00e3o2016.pdf\"><b>A vida ap\u00f3s a farda: policial militar para sempre? Disposi\u00e7\u00e3o para crer e para agir na constru\u00e7\u00e3o de experi\u00eancias da vida militar \u00e0 civil (e vice-versa)<\/b><\/a><\/p>\n<p>Orientadora:\u00a0Maria Thereza Rosa Ribeiro<\/p>\n<p>Data de Defesa: 10\/05\/2016<\/p>\n<p>&nbsp;<\/p>\n<p><strong>CAMILA BOTELHO SCHUCK<\/strong><\/p>\n<p>Trabalho de Conclus\u00e3o: <a href=\"https:\/\/wp.ufpel.edu.br\/ppgs\/files\/2016\/06\/Camila-Schuck-Disserta\u00e7\u00e3o2016.pdf\"><strong>A formula\u00e7\u00e3o de pol\u00edticas de publica\u00e7\u00e3o pela Capes para os peri\u00f3dicos cient\u00edficos de Sociologia: Uma abordagem a partir dos Estudos Sociais da Ci\u00eancia<\/strong><\/a><\/p>\n<p>Orientador:\u00a0L\u00e9o Peixoto Rodrigues<\/p>\n<p>Data de Defesa: 15\/06\/2016<\/p>\n<p>&nbsp;<\/p>\n<p><strong>CLAUDIA SOCOOWSKI DE ANELLO E SILVA<\/strong><\/p>\n<p>Trabalho de Conclus\u00e3o: <strong><a href=\"https:\/\/wp.ufpel.edu.br\/ppgs\/files\/2016\/06\/Claudia_Anello_e_Silva_-disserta\u00e7\u00e3o_mestrado_ufpel.-26.04.pdf\">A invisibilidade social na terceiriza\u00e7\u00e3o: Um estudo da experi\u00eancia no Polo Naval de Rio Grande<\/a><\/strong><\/p>\n<p>Orientadora: Lorena Almeida Gil<\/p>\n<p>Data de Defesa: 06\/05\/2016<\/p>\n<p>&nbsp;<\/p>\n<p><strong>EDUARDO MATHIAS CRISTELLO<\/strong><\/p>\n<p>Trabalho de Conclus\u00e3o: <a href=\"https:\/\/wp.ufpel.edu.br\/ppgs\/files\/2016\/06\/Eduardo-Cristello-Disserta\u00e7\u00e3o2016.pdf\"><strong>Remunera\u00e7\u00e3o vari\u00e1vel e a individualiza\u00e7\u00e3o dos sal\u00e1rios no trabalhador do com\u00e9rcio na cidade do Rio Grande \u2013 Entre a competi\u00e7\u00e3o e a coopera\u00e7\u00e3o<\/strong><\/a><\/p>\n<p>Orientador: Pedro Alcides Robertt Niz<\/p>\n<p>Data de Defesa: 18\/05\/2016<\/p>\n<p>&nbsp;<\/p>\n<p><strong>FABIO BARBOSA DOS SANTOS<\/strong><\/p>\n<p>Trabalho de Conclus\u00e3o: <a href=\"https:\/\/wp.ufpel.edu.br\/ppgs\/files\/2017\/01\/Fabio-dos-Santos-Disserta\u00e7\u00e3o2016.pdf\"><strong>A proposta do Gabinete Digital em Porto Alegre e os manifestantes de junho de 2013<\/strong><\/a><\/p>\n<p>Orientadora:\u00a0Maria Thereza Rosa Ribeiro<\/p>\n<p>Data de Defesa: 30\/08\/2016<\/p>\n<p>&nbsp;<\/p>\n<p><strong>FABRICIO MARTINATTO DA COSTA<\/strong><\/p>\n<p>Trabalho de Conclus\u00e3o: <a href=\"https:\/\/wp.ufpel.edu.br\/ppgs\/files\/2016\/06\/Fabricio-Martinatto-Disserta\u00e7\u00e3o2016.pdf\"><strong>As transforma\u00e7\u00f5es do estatuto da Ci\u00eancia: o caso da constru\u00e7\u00e3o da Ci\u00eancia psicol\u00f3gica no \u00e2mbito do sistema prisional<\/strong><\/a><\/p>\n<p>Orientador: L\u00e9o Peixoto Rodrigues<\/p>\n<p>Data de Defesa: 23\/06\/2016<\/p>\n<p>&nbsp;<\/p>\n<p><strong>GRACIELA CRISTINA DILLEMBURG MARTIL<\/strong><\/p>\n<p>Trabalho de Conclus\u00e3o: <a href=\"https:\/\/wp.ufpel.edu.br\/ppgs\/files\/2016\/06\/Graciela-Martil-Disserta\u00e7\u00e3o2016.pdf\"><strong>Redes agroalimentares alternativas e consumo pol\u00edtico: o caso das feiras ecol\u00f3gicas de Porto Alegre, RS<\/strong><\/a><\/p>\n<p>Orientador: Fl\u00e1vio Sacco dos Anjos \/ Coorientadora: Fernanda Novo da Silva<\/p>\n<p>Data de Defesa: 13\/05\/2016<\/p>\n<p>&nbsp;<\/p>\n<p><strong>LEANDRO BARCELOS DE LIMA<\/strong><\/p>\n<p>Trabalho de Conclus\u00e3o: <a href=\"https:\/\/wp.ufpel.edu.br\/ppgs\/files\/2016\/06\/Leandro-de-Lima-Disserta\u00e7\u00e3o2016.pdf\"><strong>Prostitui\u00e7\u00e3o e subvers\u00e3o: notas para repensar o desvio e as sexualidades desviantes<\/strong><\/a><\/p>\n<p>Orientadora: Lorena Almeida Gill\u00a0\/ Coorientador: Fernando\u00a0de Figueiredo Balieiro<\/p>\n<p>Data de Defesa:\u00a016\/05\/2016<\/p>\n<p>&nbsp;<\/p>\n<p><strong>LOUISE LANES LEM\u00d5ES<\/strong><\/p>\n<p>Trabalho de Conclus\u00e3o: <a href=\"https:\/\/wp.ufpel.edu.br\/ppgs\/files\/2016\/06\/Louise-Lem\u00f5es-Disserta\u00e7\u00e3o2016.pdf\"><strong>A diversidade sexual nas organiza\u00e7\u00f5es : a (in)visibilidade de pessoas transexuais via m\u00eddia de neg\u00f3cios<\/strong><\/a><\/p>\n<p>Orientadora:\u00a0Elaine da Silveira Leite<\/p>\n<p>Data de Defesa: 01\/04\/2016<\/p>\n<p>&nbsp;<\/p>\n<p><strong>MARCELO PARMEGGIANI<\/strong><\/p>\n<p>Trabalho de Conclus\u00e3o: <a href=\"https:\/\/wp.ufpel.edu.br\/ppgs\/files\/2016\/06\/Marcelo-Parmeggiani-Disserta\u00e7\u00e3o2016.pdf\"><strong>Socializa\u00e7\u00e3o e identidades raciais em Pelotas\/RS: A participa\u00e7\u00e3o dos pais na constru\u00e7\u00e3o da identidade dos estudantes negros na contemporaneidade<\/strong><\/a><\/p>\n<p>Orientador:\u00a0Fernando de Figueiredo Balieiro<\/p>\n<p>Data de Defesa: 09\/09\/2016<\/p>\n<p>&nbsp;<\/p>\n<p><strong>MARCO ANT\u00d4NIO DE OLIVEIRA LIMA<\/strong><\/p>\n<p>Trabalho de Conclus\u00e3o: <strong><a href=\"https:\/\/wp.ufpel.edu.br\/ppgs\/files\/2017\/01\/Marco-Lima-Disserta\u00e7\u00e3o2016.pdf\">Quando os capitais econ\u00f4mico e cultural condicionam as trajet\u00f3rias acad\u00eamicas: Estudo de caso na Universidade Federal do Rio Grande<\/a><\/strong><\/p>\n<p>Orientador: Pedro Alcides Robertt Niz<\/p>\n<p>Data de Defesa: 21\/09\/2016<\/p>\n<p>&nbsp;<\/p>\n<p><strong>NATALIA CARVALHO DA ROSA<\/strong><\/p>\n<p>Trabalho de Conclus\u00e3o: <a href=\"https:\/\/wp.ufpel.edu.br\/ppgs\/files\/2016\/06\/Natalia-Rosa-Disserta\u00e7\u00e3o2016.pdf\"><strong>Regulariza\u00e7\u00e3o fundi\u00e1ria em Pelotas: transforma\u00e7\u00f5es na vida cotidiana dos(as) moradores(as) do Loteamento Bar\u00e3o de Mau\u00e1<\/strong><\/a><\/p>\n<p>Orientador:\u00a0William H\u00e9ctor G\u00f3mez Soto \/ Coorientador: S\u00e9rgio Botton Barcellos<\/p>\n<p>Data de Defesa: 13\/07\/2016<\/p>\n<p>&nbsp;<\/p>\n<p><strong>PEDRO FRANCISCO MARCHIORO<\/strong><\/p>\n<p>Trabalho de Conclus\u00e3o: <a href=\"https:\/\/wp.ufpel.edu.br\/ppgs\/files\/2016\/06\/Pedro-Marchioro-Disserta\u00e7\u00e3o2016.pdf\"><strong>A constru\u00e7\u00e3o da figura do &#8220;baiano&#8221; na cidade de Rio Grande\/RS a partir da instala\u00e7\u00e3o do Polo Naval<\/strong><\/a><\/p>\n<p>Orientador:\u00a0Pedro Alcides Robertt Niz<\/p>\n<p>Data de Defesa: 01\/06\/2016<\/p>\n<p>&nbsp;<\/p>\n<p><strong>RAQUEL HADRICH SILVA<\/strong><\/p>\n<p>Trabalho de Conclus\u00e3o: <a href=\"https:\/\/wp.ufpel.edu.br\/ppgs\/files\/2016\/06\/Raquel-Silva-Disserta\u00e7\u00e3o2016.pdf\"><strong>As transforma\u00e7\u00f5es da vida cotidiana dos pescadores artesanais da Vila Nova a partir da chegada do Estaleiro EBR em S\u00e3o Jos\u00e9 do Norte \u2013 RS<\/strong><\/a><\/p>\n<p>Orientador: William H\u00e9ctor G\u00f3mez Soto<\/p>\n<p>Data de Defesa: 17\/05\/2016<\/p>\n<p>&nbsp;<\/p>\n<p><strong>RUBENS SOARES VELLINHO<\/strong><\/p>\n<p>Trabalho de Conclus\u00e3o: <a href=\"https:\/\/wp.ufpel.edu.br\/ppgs\/files\/2016\/06\/Rubens-Vellinho-Disserta\u00e7\u00e3o2016.pdf\"><strong>A moderniza\u00e7\u00e3o do Direito do Trabalho brasileiro: a posi\u00e7\u00e3o da CUT a respeito da preval\u00eancia do negociado sobre o legislado e os pontos de vista dos seus interlocutores<\/strong><\/a><\/p>\n<p>Orientador:\u00a0\u00c1tilla Magno e Silva Barbosa<\/p>\n<p>Data de Defesa: 23\/06\/2016<\/p>\n<p>&nbsp;<\/p>\n<p><strong>TIAGO LARROSA FREITAS<\/strong><\/p>\n<p>Trabalho de Conclus\u00e3o: <a href=\"https:\/\/wp.ufpel.edu.br\/ppgs\/files\/2016\/06\/Tiago-Freitas-Disserta\u00e7\u00e3o2016.pdf\"><strong>As buscas pelo bem viver quilombola: Resist\u00eancias, re-significa\u00e7\u00f5es e tradu\u00e7\u00f5es culturais identit\u00e1rias no Quilombo dos Teixeiras, Mostardas\/RS<\/strong><\/a><\/p>\n<p>Orientador:\u00a0Marcus Vin\u00edcius Spolle<\/p>\n<p>Data de Defesa: 16\/06\/2016<\/p>\n<p>&nbsp;<\/p>\n<p><strong>VALDIR ROBE J\u00daNIOR<\/strong><\/p>\n<p>Trabalho de Conclus\u00e3o: <a href=\"https:\/\/wp.ufpel.edu.br\/ppgs\/files\/2017\/02\/Valdir-Robe-Junior-Disserta\u00e7\u00e3o2016.pdf\"><strong>As novas tecnologias informacionais e a internet no trabalho de rapper e dj na cidade de Pelotas: navegando entre contradi\u00e7\u00f5es<\/strong><\/a><\/p>\n<p>Orientador:\u00a0Pedro Alcides Robertt Niz<\/p>\n<p>Data de Defesa: 21\/09\/2016<\/p>\n<p>&nbsp;<\/p>\n<p><strong>YURI DAYANANDA MEDEIROS<\/strong><\/p>\n<p>Trabalho de Conclus\u00e3o: <a href=\"https:\/\/wp.ufpel.edu.br\/ppgs\/files\/2016\/06\/Yuri-Medeiros-Disserta\u00e7\u00e3o2016.pdf\"><b>Da ascens\u00e3o \u00e0 descren\u00e7a na Bolsa de Valores: os significados da crise financeira no jornalismo econ\u00f4mico de Brasil entre 2004 e 2014<\/b><\/a><\/p>\n<p>Orientadora: Elaine da Silveira Leite<\/p>\n<p>Data de Defesa: 31\/05\/2016<\/p>\n","protected":false},"excerpt":{"rendered":"<p>ANA CARINE NUNES VAZ TAVARES Trabalho de Conclus\u00e3o: A vida ap\u00f3s a farda: policial militar para sempre? Disposi\u00e7\u00e3o para crer e para agir na constru\u00e7\u00e3o de experi\u00eancias da vida militar \u00e0 civil (e vice-versa) Orientadora:\u00a0Maria Thereza Rosa Ribeiro Data de Defesa: 10\/05\/2016 &nbsp; CAMILA BOTELHO SCHUCK Trabalho de Conclus\u00e3o: A formula\u00e7\u00e3o de pol\u00edticas de publica\u00e7\u00e3o [&hellip;]<\/p>\n","protected":false},"author":396,"featured_media":0,"parent":225,"menu_order":0,"comment_status":"closed","ping_status":"closed","template":"","meta":{"jetpack_post_was_ever_published":false,"footnotes":""},"class_list":["post-1635","page","type-page","status-publish","hentry"],"jetpack_sharing_enabled":true,"jetpack_shortlink":"https:\/\/wp.me\/P9dZ0f-qn","jetpack_likes_enabled":true,"jetpack-related-posts":[],"_links":{"self":[{"href":"https:\/\/wp.ufpel.edu.br\/ppgs\/wp-json\/wp\/v2\/pages\/1635","targetHints":{"allow":["GET"]}}],"collection":[{"href":"https:\/\/wp.ufpel.edu.br\/ppgs\/wp-json\/wp\/v2\/pages"}],"about":[{"href":"https:\/\/wp.ufpel.edu.br\/ppgs\/wp-json\/wp\/v2\/types\/page"}],"author":[{"embeddable":true,"href":"https:\/\/wp.ufpel.edu.br\/ppgs\/wp-json\/wp\/v2\/users\/396"}],"replies":[{"embeddable":true,"href":"https:\/\/wp.ufpel.edu.br\/ppgs\/wp-json\/wp\/v2\/comments?post=1635"}],"version-history":[{"count":11,"href":"https:\/\/wp.ufpel.edu.br\/ppgs\/wp-json\/wp\/v2\/pages\/1635\/revisions"}],"predecessor-version":[{"id":8907,"href":"https:\/\/wp.ufpel.edu.br\/ppgs\/wp-json\/wp\/v2\/pages\/1635\/revisions\/8907"}],"up":[{"embeddable":true,"href":"https:\/\/wp.ufpel.edu.br\/ppgs\/wp-json\/wp\/v2\/pages\/225"}],"wp:attachment":[{"href":"https:\/\/wp.ufpel.edu.br\/ppgs\/wp-json\/wp\/v2\/media?parent=1635"}],"curies":[{"name":"wp","href":"https:\/\/api.w.org\/{rel}","templated":true}]}}