{"id":743,"date":"2016-09-23T10:44:44","date_gmt":"2016-09-23T13:44:44","guid":{"rendered":"https:\/\/wp.ufpel.edu.br\/ppgrecursoshidricos\/?page_id=743"},"modified":"2022-05-23T09:16:42","modified_gmt":"2022-05-23T12:16:42","slug":"captadas-pelos-pesquisadores","status":"publish","type":"page","link":"https:\/\/wp.ufpel.edu.br\/ppgrecursoshidricos\/captadas-pelos-pesquisadores\/","title":{"rendered":"Bolsas de gradua\u00e7\u00e3o"},"content":{"rendered":"<p><span style=\"color: #000000;\"><strong>2021<\/strong><\/span><\/p>\n<p>Orientador: Andr\u00e9 Becker Nunes<br \/>\n\u00d3rg\u00e3o de fomento: CNPq<br \/>\nModalidade: PIBIC<br \/>\nVig\u00eancia: 01\/09\/2021-31\/08\/2022<\/p>\n<p>Orientador: Lessandro Coll Faria<br \/>\n\u00d3rg\u00e3o de fomento: FAPERGS<br \/>\nModalidade: PROBIC<br \/>\nVig\u00eancia: 01\/08\/2021-31\/07\/2022<\/p>\n<p>Orientador: Luis Carlos Timm<br \/>\n\u00d3rg\u00e3o de fomento: CNPq<br \/>\nModalidade: PIBIC<br \/>\nVig\u00eancia: 01\/09\/2021-31\/08\/2021<\/p>\n<p><span style=\"color: #000000;\">Orientador: Ricardo Scherer Ponhdorf<\/span><br \/>\n<span style=\"color: #000000;\">\u00d3rg\u00e3o de fomento: CNPq<\/span><br \/>\n<span style=\"color: #000000;\">Modalidade: PIBITI<\/span><br \/>\n<span style=\"color: #000000;\">Vig\u00eancia: 01\/09\/2021-31\/08\/2022<\/span><\/p>\n<p><span style=\"color: #000000;\">Orientador: Ricardo Scherer Ponhdorf<\/span><br \/>\n<span style=\"color: #000000;\">\u00d3rg\u00e3o de fomento: UFPel<\/span><br \/>\n<span style=\"color: #000000;\">Modalidade: PIBIP-AF<\/span><br \/>\n<span style=\"color: #000000;\">Vig\u00eancia: 01\/08\/2021-31\/07\/2022<\/span><\/p>\n<p>Orientador: Samuel Beskow<br \/>\n\u00d3rg\u00e3o de fomento: CNPq<br \/>\nModalidade: PIBIC<br \/>\nVig\u00eancia: 01\/09\/2021-31\/08\/2022<\/p>\n<p>Orientador: Samuel Beskow<br \/>\n\u00d3rg\u00e3o de fomento: UFPel<br \/>\nModalidade: a\u00e7\u00f5es afirmativas<br \/>\nVig\u00eancia: 01\/08\/2021-31\/07\/2022<\/p>\n<p>Orientador: Tamara Leitzke Caldeira Beskow<br \/>\n\u00d3rg\u00e3o de fomento: CNPq<br \/>\nModalidade: PIBIC<br \/>\nVig\u00eancia: 01\/09\/2021-31\/08\/2022<\/p>\n","protected":false},"excerpt":{"rendered":"<p>2021 Orientador: Andr\u00e9 Becker Nunes \u00d3rg\u00e3o de fomento: CNPq Modalidade: PIBIC Vig\u00eancia: 01\/09\/2021-31\/08\/2022 Orientador: Lessandro Coll Faria \u00d3rg\u00e3o de fomento: FAPERGS Modalidade: PROBIC Vig\u00eancia: 01\/08\/2021-31\/07\/2022 Orientador: Luis Carlos Timm \u00d3rg\u00e3o de fomento: CNPq Modalidade: PIBIC Vig\u00eancia: 01\/09\/2021-31\/08\/2021 Orientador: Ricardo Scherer Ponhdorf \u00d3rg\u00e3o de fomento: CNPq Modalidade: PIBITI Vig\u00eancia: 01\/09\/2021-31\/08\/2022 Orientador: Ricardo Scherer Ponhdorf \u00d3rg\u00e3o de [&hellip;]<\/p>\n","protected":false},"author":669,"featured_media":0,"parent":0,"menu_order":0,"comment_status":"closed","ping_status":"closed","template":"","meta":{"jetpack_post_was_ever_published":false,"footnotes":""},"class_list":["post-743","page","type-page","status-publish","hentry"],"jetpack_shortlink":"https:\/\/wp.me\/Paj7D4-bZ","jetpack_sharing_enabled":true,"_links":{"self":[{"href":"https:\/\/wp.ufpel.edu.br\/ppgrecursoshidricos\/wp-json\/wp\/v2\/pages\/743","targetHints":{"allow":["GET"]}}],"collection":[{"href":"https:\/\/wp.ufpel.edu.br\/ppgrecursoshidricos\/wp-json\/wp\/v2\/pages"}],"about":[{"href":"https:\/\/wp.ufpel.edu.br\/ppgrecursoshidricos\/wp-json\/wp\/v2\/types\/page"}],"author":[{"embeddable":true,"href":"https:\/\/wp.ufpel.edu.br\/ppgrecursoshidricos\/wp-json\/wp\/v2\/users\/669"}],"replies":[{"embeddable":true,"href":"https:\/\/wp.ufpel.edu.br\/ppgrecursoshidricos\/wp-json\/wp\/v2\/comments?post=743"}],"version-history":[{"count":28,"href":"https:\/\/wp.ufpel.edu.br\/ppgrecursoshidricos\/wp-json\/wp\/v2\/pages\/743\/revisions"}],"predecessor-version":[{"id":3470,"href":"https:\/\/wp.ufpel.edu.br\/ppgrecursoshidricos\/wp-json\/wp\/v2\/pages\/743\/revisions\/3470"}],"wp:attachment":[{"href":"https:\/\/wp.ufpel.edu.br\/ppgrecursoshidricos\/wp-json\/wp\/v2\/media?parent=743"}],"curies":[{"name":"wp","href":"https:\/\/api.w.org\/{rel}","templated":true}]}}