{"id":72,"date":"2018-09-18T11:29:30","date_gmt":"2018-09-18T14:29:30","guid":{"rendered":"https:\/\/wp.ufpel.edu.br\/ppgrecursoshidricos\/?page_id=72"},"modified":"2026-02-20T18:02:36","modified_gmt":"2026-02-20T21:02:36","slug":"processo-seletivo","status":"publish","type":"page","link":"https:\/\/wp.ufpel.edu.br\/ppgrecursoshidricos\/processo-seletivo\/","title":{"rendered":"Processo Seletivo"},"content":{"rendered":"<p><span style=\"color: #000000;\"><a href=\"https:\/\/wp.ufpel.edu.br\/ppgrecursoshidricos\/files\/2025\/12\/SEI_3562748_Edital_de_selecao_PRPPG_265.pdf\">Edital de sele\u00e7\u00e3o de aluno regular 2026\/01\u00a0<\/a><\/span><\/p>\n<p><a href=\"https:\/\/wp.ufpel.edu.br\/ppgrecursoshidricos\/files\/2026\/02\/SEI_3663180_Edital_de_Retificacao_PRPPG_6.pdf\">Retifica\u00e7\u00e3o do cronograma do edital de sele\u00e7\u00e3o<\/a> &#8211; 20\/02\/2026<\/p>\n<p><span style=\"color: #000000;\"><a href=\"https:\/\/forms.gle\/uYnPXTn3tbqndZHr9\">Formul\u00e1rio eletr\u00f4nico de requerimento de inscri\u00e7\u00e3o<\/a> &#8211; a partir de 02\/01<\/span><span style=\"color: #000000; font-family: var(--fonte-corpo);\">\/2026 at\u00e9 01\/02\/2026<\/span><\/p>\n<p><a href=\"https:\/\/wp.ufpel.edu.br\/ppgrecursoshidricos\/files\/2022\/05\/Anexo-I-Metricas-Atualizadas.pdf\"><span style=\"color: #000000;\">Anexo I &#8211; M\u00e9tricas para pontua\u00e7\u00e3o do CV-Lattes<\/span><\/a><\/p>\n<p>&nbsp;<\/p>\n<p><span style=\"color: #000000;\">Processos Seletivos Anteriores:<\/span><\/p>\n<table class=\"aligncenter\" style=\"width: 99.9997%; border-collapse: collapse; border-style: none; height: 363px;\" border=\"0\">\n<tbody>\n<tr style=\"height: 24px;\">\n<td style=\"width: 313.867px; height: 24px;\"><span style=\"color: #000000;\"><strong>Processo seletivo<\/strong><\/span><\/td>\n<td style=\"width: 256.9px; height: 24px;\"><span style=\"color: #000000;\"><strong>N\u00edvel<\/strong><\/span><\/td>\n<td style=\"width: 573.65px; height: 24px;\"><span style=\"color: #000000;\"><strong>Resultado final<\/strong><\/span><\/td>\n<\/tr>\n<tr>\n<td style=\"width: 313.867px;\"><a href=\"https:\/\/wp.ufpel.edu.br\/ppgrecursoshidricos\/files\/2024\/12\/SEI_2894327_Edital_de_selecao_PRPPG_228-1.pdf\"><span style=\"color: #000000;\">Edital 2025\/01<\/span><\/a><\/td>\n<td style=\"width: 256.9px;\"><span style=\"color: #000000;\">Mestrado e Doutorado<\/span><\/td>\n<td style=\"width: 573.65px;\"><a href=\"https:\/\/wp.ufpel.edu.br\/ppgrecursoshidricos\/2025\/03\/05\/resultado-final-da-selecao-de-aluno-regular-para-ingresso-em-2025-01\/\"><span style=\"color: #000000;\">Clique aqui<\/span><\/a><\/td>\n<\/tr>\n<tr>\n<td style=\"width: 313.867px;\"><a href=\"https:\/\/wp.ufpel.edu.br\/ppgrecursoshidricos\/files\/2023\/12\/SEI_UFPel-2475418-Edital-de-selecao-PRPPG.pdf\"><span style=\"color: #000000;\">Edital 2024\/01<\/span><\/a><\/td>\n<td style=\"width: 256.9px;\"><span style=\"color: #000000;\">Mestrado\/Doutorado<\/span><\/td>\n<td style=\"width: 573.65px;\"><a href=\"https:\/\/wp.ufpel.edu.br\/ppgrecursoshidricos\/2024\/02\/21\/resultado-do-processo-seletivo-de-aluno-regular-2024-1\/\"><span style=\"color: #000000;\">Clique aqui<\/span><\/a><\/td>\n<\/tr>\n<tr>\n<td style=\"width: 313.867px;\"><span style=\"color: #000000;\"><a href=\"https:\/\/wp.ufpel.edu.br\/ppgrecursoshidricos\/files\/2023\/05\/Edital-de-selecao-PRPPG-121-Programa-de-Pos-Graduacao-em-Recursos-Hidricos-doutorado-02-2023.pdf\">Edital 2023\/02<\/a><br \/>\n<\/span><\/td>\n<td style=\"width: 256.9px;\"><span style=\"color: #000000;\">Doutorado<strong><br \/>\n<\/strong><\/span><\/td>\n<td style=\"width: 573.65px;\"><span style=\"color: #000000;\"><a href=\"https:\/\/wp.ufpel.edu.br\/ppgrecursoshidricos\/2023\/07\/19\/resultado-processo-seletivo-2023-2\/\">Clique aqui<\/a><strong><br \/>\n<\/strong><\/span><\/td>\n<\/tr>\n<tr>\n<td style=\"width: 313.867px;\"><a href=\"https:\/\/wp.ufpel.edu.br\/ppgrecursoshidricos\/files\/2022\/10\/Edital-de-selecao-PRPPG-2023-1.pdf\">Edital 2023\/01<\/a><span style=\"color: #000000;\"><strong><br \/>\n<\/strong><\/span><\/td>\n<td style=\"width: 256.9px;\"><span style=\"color: #000000;\">Mestrado\/Doutorado<\/span><\/td>\n<td style=\"width: 573.65px;\"><a href=\"https:\/\/wp.ufpel.edu.br\/ppgrecursoshidricos\/2022\/12\/23\/resultado-final-processo-seletivo-2023-01\/\"><span style=\"color: #000000;\">Clique aqui<\/span><\/a><\/td>\n<\/tr>\n<tr style=\"height: 24px;\">\n<td style=\"width: 313.867px; height: 24px;\"><span style=\"color: #000000;\"><a href=\"https:\/\/wp.ufpel.edu.br\/ppgrecursoshidricos\/files\/2022\/05\/SEI_UFPel-1709317-Edital-de-selecao-PRPPGI.pdf\">Edital 2022\/02<\/a><br \/>\n<\/span><\/td>\n<td style=\"width: 256.9px; height: 24px;\"><span style=\"color: #000000;\">Mestrado\/Doutorado<\/span><\/td>\n<td style=\"width: 573.65px; height: 24px;\"><span style=\"color: #000000;\"><a href=\"https:\/\/wp.ufpel.edu.br\/ppgrecursoshidricos\/2022\/07\/03\/resultado-final-edital-para-selecao-de-aluno-regular\/\">Clique aqui<\/a><br \/>\n<\/span><\/td>\n<\/tr>\n<tr style=\"height: 24px;\">\n<td style=\"width: 313.867px; height: 24px;\"><a href=\"https:\/\/wp.ufpel.edu.br\/ppgrecursoshidricos\/files\/2022\/03\/SEI_UFPel-1623900-Edital-de-selecao-PRPPGI.pdf\"><span style=\"color: #000000;\">Edital 2022\/01 suplementar<\/span><\/a><\/td>\n<td style=\"width: 256.9px; height: 24px;\"><span style=\"color: #000000;\">Mestrado\/Doutorado<\/span><\/td>\n<td style=\"width: 573.65px; height: 24px;\"><a href=\"https:\/\/wp.ufpel.edu.br\/ppgrecursoshidricos\/2022\/04\/01\/resultado-final-edital-suplementar-2022-01\/\"><span style=\"color: #000000;\">Clique aqui<\/span><\/a><\/td>\n<\/tr>\n<tr style=\"height: 24px;\">\n<td style=\"width: 313.867px; height: 24px;\"><span style=\"color: #000000;\"><a href=\"https:\/\/wp.ufpel.edu.br\/ppgrecursoshidricos\/files\/2021\/10\/edital.pdf\" target=\"_blank\" rel=\"noopener\">Edital 2022<\/a> | <a href=\"https:\/\/wp.ufpel.edu.br\/ppgrecursoshidricos\/files\/2021\/10\/Retificacao.pdf\" target=\"_blank\" rel=\"noopener\">Retifica\u00e7\u00e3o do Edital<\/a><\/span><\/td>\n<td style=\"width: 256.9px; height: 24px;\"><span style=\"color: #000000;\">Mestrado\/Doutorado<\/span><\/td>\n<td style=\"width: 573.65px; height: 24px;\"><a href=\"https:\/\/wp.ufpel.edu.br\/ppgrecursoshidricos\/2021\/11\/29\/resultado-final-processo-seletivo-2022-01\/\" target=\"_blank\" rel=\"noopener\"><span style=\"color: #000000;\">Clique aqui<\/span><\/a><\/td>\n<\/tr>\n<tr style=\"height: 24px;\">\n<td style=\"width: 313.867px; height: 24px;\"><a href=\"https:\/\/wp.ufpel.edu.br\/ppgrecursoshidricos\/files\/2020\/11\/Edital-de-selecao-PPPGRH.pdf\"><span style=\"color: #000000;\">Edital 2021<\/span><\/a><\/td>\n<td style=\"width: 256.9px; height: 24px;\"><span style=\"color: #000000;\">Mestrado\/Doutorado<\/span><\/td>\n<td style=\"width: 573.65px; height: 24px;\"><a href=\"https:\/\/wp.ufpel.edu.br\/ppgrecursoshidricos\/2020\/12\/21\/resultado-final-processo-seletivo-2021-01\/\"><span style=\"color: #000000;\">Clique aqui<\/span><\/a><\/td>\n<\/tr>\n<tr style=\"height: 24px;\">\n<td style=\"width: 313.867px; height: 24px;\"><span style=\"color: #000000;\"><a style=\"color: #000000;\" href=\"https:\/\/wp.ufpel.edu.br\/ppgrecursoshidricos\/files\/2019\/09\/Edital-PPGRH-2020-UFPel.pdf\" target=\"_blank\" rel=\"noopener noreferrer\">Edital 2020<\/a>\/<a style=\"color: #000000;\" href=\"https:\/\/wp.ufpel.edu.br\/ppgrecursoshidricos\/files\/2019\/11\/Edital-de-Retifica\u00e7\u00e3o-PPGRH-2020-UFPel.pdf\" target=\"_blank\" rel=\"noopener noreferrer\">Retifica\u00e7\u00e3o<\/a><\/span><\/td>\n<td style=\"width: 256.9px; height: 24px;\"><span style=\"color: #000000;\">Mestrado\/Doutorado<\/span><\/td>\n<td style=\"width: 573.65px; height: 24px;\"><span style=\"color: #000000;\"><a style=\"color: #000000;\" href=\"https:\/\/wp.ufpel.edu.br\/ppgrecursoshidricos\/2019\/12\/14\/resultado-final-do-processo-seletivo-2020-mestrado-e-doutorado-edital-138-2019\/\" target=\"_blank\" rel=\"noopener noreferrer\">Clique aqui<\/a><\/span><\/td>\n<\/tr>\n<tr style=\"height: 23px;\">\n<td style=\"width: 313.867px; height: 24px;\"><span style=\"color: #000000;\"><a style=\"color: #000000;\" href=\"https:\/\/wp.ufpel.edu.br\/ppgrecursoshidricos\/files\/2018\/09\/Edital-de-sele\u00e7\u00e3o-PRPPGI-PPGRH-2019-01.pdf\" target=\"_blank\" rel=\"noopener noreferrer\">Edital 2019<\/a>\/<a style=\"color: #000000;\" href=\"https:\/\/wp.ufpel.edu.br\/ppgrecursoshidricos\/files\/2018\/10\/Edital-de-Retifica\u00e7\u00e3o-PRPPGI-2019.pdf\" target=\"_blank\" rel=\"noopener noreferrer\">Retifica\u00e7\u00e3o<\/a><\/span><\/td>\n<td style=\"width: 256.9px; height: 24px;\"><span style=\"color: #000000;\">Mestrado\/Doutorado<\/span><\/td>\n<td style=\"width: 573.65px; height: 24px;\"><span style=\"color: #000000;\"><a style=\"color: #000000;\" href=\"https:\/\/wp.ufpel.edu.br\/ppgrecursoshidricos\/2018\/12\/17\/resultado-final-do-processo-seletivo-2019-mestrado-e-doutorado-edital-105-2018\/\" target=\"_blank\" rel=\"noopener noreferrer\">Clique aqui<\/a><\/span><\/td>\n<\/tr>\n<tr style=\"height: 24px;\">\n<td style=\"width: 313.867px; height: 24px;\"><span style=\"color: #000000;\"><a style=\"color: #000000;\" href=\"https:\/\/wp.ufpel.edu.br\/ppgrecursoshidricos\/files\/2017\/10\/Edital-Aluno-Regular-2018.pdf\" target=\"_blank\" rel=\"noopener noreferrer\">Edital 2018<\/a><\/span><\/td>\n<td style=\"width: 256.9px; height: 24px;\"><span style=\"color: #000000;\">Mestrado\/Doutorado<\/span><\/td>\n<td style=\"width: 573.65px; height: 24px;\"><span style=\"color: #000000;\"><a style=\"color: #000000;\" href=\"https:\/\/wp.ufpel.edu.br\/ppgrecursoshidricos\/2017\/12\/18\/resultado-final-do-processo-seletivo-2018-mestrado-e-doutorado-edital-098-2017\/\" target=\"_blank\" rel=\"noopener noreferrer\">Clique aqui<\/a><\/span><\/td>\n<\/tr>\n<tr style=\"height: 22px;\">\n<td style=\"width: 313.867px; height: 22px;\"><span style=\"color: #000000;\"><a style=\"color: #000000;\" href=\"https:\/\/wp.ufpel.edu.br\/ppgrecursoshidricos\/files\/2016\/07\/Edital-Processo-seletivo-2017.pdf\" target=\"_blank\" rel=\"noopener noreferrer\">Edital 2017<\/a><\/span><\/td>\n<td style=\"width: 256.9px; height: 22px;\"><span style=\"color: #000000;\">Mestrado\/Doutorado<\/span><\/td>\n<td style=\"width: 573.65px; height: 22px;\"><span style=\"color: #000000;\"><a style=\"color: #000000;\" href=\"https:\/\/wp.ufpel.edu.br\/ppgrecursoshidricos\/2016\/12\/19\/resultado-final-do-processo-seletivo-2017-mestrado-e-doutorado\/\" target=\"_blank\" rel=\"noopener noreferrer\">Clique aqui<\/a><\/span><\/td>\n<\/tr>\n<tr style=\"height: 24px;\">\n<td style=\"width: 313.867px; height: 24px;\"><span style=\"color: #000000;\"><a style=\"color: #000000;\" href=\"https:\/\/wp.ufpel.edu.br\/ppgrecursoshidricos\/files\/2016\/07\/Edital-Sele%C3%A7%C3%A3o-Aluno-Regular-087-Mestrado-em-recursos-H%C3%ADdricos-1.pdf\" target=\"_blank\" rel=\"noopener noreferrer\">Edital 2016<\/a><\/span><\/td>\n<td style=\"width: 256.9px; height: 24px;\"><span style=\"color: #000000;\">Mestrado<\/span><\/td>\n<td style=\"width: 573.65px; height: 24px;\"><span style=\"color: #000000;\"><a style=\"color: #000000;\" href=\"https:\/\/wp.ufpel.edu.br\/ppgrecursoshidricos\/files\/2016\/07\/Resultado-final-Processo-Seletivo-2.pdf\" target=\"_blank\" rel=\"noopener noreferrer\">Clique aqui<\/a><\/span><\/td>\n<\/tr>\n<tr style=\"height: 24px;\">\n<td style=\"width: 313.867px; height: 24px;\"><span style=\"color: #000000;\"><a style=\"color: #000000;\" href=\"https:\/\/wp.ufpel.edu.br\/ppgrecursoshidricos\/files\/2016\/07\/Edital-Sele%C3%A7%C3%A3o-Aluno-Regular-PPG-Recursos-Hidricos-2.pdf\" target=\"_blank\" rel=\"noopener noreferrer\">Edital 2015<\/a><\/span><\/td>\n<td style=\"width: 256.9px; height: 24px;\"><span style=\"color: #000000;\">Mestrado<\/span><\/td>\n<td style=\"width: 573.65px; height: 24px;\"><span style=\"color: #000000;\"><a style=\"color: #000000;\" href=\"https:\/\/wp.ufpel.edu.br\/ppgrecursoshidricos\/files\/2016\/07\/resultado-final.jpg\" target=\"_blank\" rel=\"noopener noreferrer\">Clique aqui<\/a><\/span><\/td>\n<\/tr>\n<tr style=\"height: 24px;\">\n<td style=\"width: 313.867px; height: 24px;\"><span style=\"color: #000000;\"><a style=\"color: #000000;\" href=\"https:\/\/wp.ufpel.edu.br\/ppgrecursoshidricos\/files\/2016\/07\/Edital-ppgrechid-2014-UFPel-Prorroga%C3%A7%C3%A3o.pdf\" target=\"_blank\" rel=\"noopener noreferrer\">Edital 2014<\/a><\/span><\/td>\n<td style=\"width: 256.9px; height: 24px;\"><span style=\"color: #000000;\">Mestrado<\/span><\/td>\n<td style=\"width: 573.65px; height: 24px;\"><span style=\"color: #000000;\"><a style=\"color: #000000;\" href=\"https:\/\/wp.ufpel.edu.br\/ppgrecursoshidricos\/files\/2016\/07\/resultado-final-1.jpg\" target=\"_blank\" rel=\"noopener noreferrer\">Clique aqui<\/a><\/span><\/td>\n<\/tr>\n<tr style=\"height: 24px;\">\n<td style=\"width: 313.867px; height: 24px;\"><span style=\"color: #000000;\"><a style=\"color: #000000;\" href=\"https:\/\/wp.ufpel.edu.br\/ppgrecursoshidricos\/files\/2016\/07\/edital-ppgrechid-2013-i-publicado-1.pdf\" target=\"_blank\" rel=\"noopener noreferrer\">Edital 2013<\/a><\/span><\/td>\n<td style=\"width: 256.9px; height: 24px;\"><span style=\"color: #000000;\">Mestrado<\/span><\/td>\n<td style=\"width: 573.65px; height: 24px;\"><span style=\"color: #000000;\"><a style=\"color: #000000;\" href=\"https:\/\/wp.ufpel.edu.br\/ppgrecursoshidricos\/files\/2018\/09\/Resultado-final-Processo-Seletivo-2013.pdf\" target=\"_blank\" rel=\"noopener noreferrer\">Clique aqui<\/a><\/span><\/td>\n<\/tr>\n<\/tbody>\n<\/table>\n<p>&nbsp;<\/p>\n","protected":false},"excerpt":{"rendered":"<p>Edital de sele\u00e7\u00e3o de aluno regular 2026\/01\u00a0 Retifica\u00e7\u00e3o do cronograma do edital de sele\u00e7\u00e3o &#8211; 20\/02\/2026 Formul\u00e1rio eletr\u00f4nico de requerimento de inscri\u00e7\u00e3o &#8211; a partir de 02\/01\/2026 at\u00e9 01\/02\/2026 Anexo I &#8211; M\u00e9tricas para pontua\u00e7\u00e3o do CV-Lattes &nbsp; Processos Seletivos Anteriores: Processo seletivo N\u00edvel Resultado final Edital 2025\/01 Mestrado e Doutorado Clique aqui Edital 2024\/01 [&hellip;]<\/p>\n","protected":false},"author":669,"featured_media":0,"parent":0,"menu_order":6,"comment_status":"closed","ping_status":"closed","template":"","meta":{"jetpack_post_was_ever_published":false,"footnotes":""},"class_list":["post-72","page","type-page","status-publish","hentry"],"jetpack_shortlink":"https:\/\/wp.me\/Paj7D4-1a","jetpack_sharing_enabled":true,"_links":{"self":[{"href":"https:\/\/wp.ufpel.edu.br\/ppgrecursoshidricos\/wp-json\/wp\/v2\/pages\/72","targetHints":{"allow":["GET"]}}],"collection":[{"href":"https:\/\/wp.ufpel.edu.br\/ppgrecursoshidricos\/wp-json\/wp\/v2\/pages"}],"about":[{"href":"https:\/\/wp.ufpel.edu.br\/ppgrecursoshidricos\/wp-json\/wp\/v2\/types\/page"}],"author":[{"embeddable":true,"href":"https:\/\/wp.ufpel.edu.br\/ppgrecursoshidricos\/wp-json\/wp\/v2\/users\/669"}],"replies":[{"embeddable":true,"href":"https:\/\/wp.ufpel.edu.br\/ppgrecursoshidricos\/wp-json\/wp\/v2\/comments?post=72"}],"version-history":[{"count":4,"href":"https:\/\/wp.ufpel.edu.br\/ppgrecursoshidricos\/wp-json\/wp\/v2\/pages\/72\/revisions"}],"predecessor-version":[{"id":4858,"href":"https:\/\/wp.ufpel.edu.br\/ppgrecursoshidricos\/wp-json\/wp\/v2\/pages\/72\/revisions\/4858"}],"wp:attachment":[{"href":"https:\/\/wp.ufpel.edu.br\/ppgrecursoshidricos\/wp-json\/wp\/v2\/media?parent=72"}],"curies":[{"name":"wp","href":"https:\/\/api.w.org\/{rel}","templated":true}]}}