{"id":55,"date":"2016-07-14T10:27:28","date_gmt":"2016-07-14T13:27:28","guid":{"rendered":"https:\/\/wp.ufpel.edu.br\/ppgrecursoshidricos\/?page_id=55"},"modified":"2020-08-27T16:10:02","modified_gmt":"2020-08-27T19:10:02","slug":"trabalhos-completos","status":"publish","type":"page","link":"https:\/\/wp.ufpel.edu.br\/ppgrecursoshidricos\/producao-cientifica\/trabalhos-completos\/","title":{"rendered":"Trabalhos completos"},"content":{"rendered":"<div class=\"container\">\n<div class=\"twelve columns\">\n<p><span style=\"color: #000000\">Abaixo podem ser visualizados os principais trabalhos completos publicados em anais de eventos, nos \u00faltimos anos, envolvendo o grupo de pesquisadores do Programa de P\u00f3s-Gradua\u00e7\u00e3o em Recursos H\u00eddricos.<\/span><\/p>\n<\/div>\n<p><span style=\"color: #000000\"><img class=\"wp-image-2786 alignleft\" src=\"https:\/\/wp.ufpel.edu.br\/ppgrecursoshidricos\/files\/2020\/08\/images-1.jpg\" alt=\"\" width=\"272\" height=\"83\" srcset=\"https:\/\/wp.ufpel.edu.br\/ppgrecursoshidricos\/files\/2020\/08\/images-1.jpg 406w, https:\/\/wp.ufpel.edu.br\/ppgrecursoshidricos\/files\/2020\/08\/images-1-400x122.jpg 400w\" sizes=\"(max-width: 272px) 100vw, 272px\" \/><\/span><\/p>\n<p>&nbsp;<\/p>\n<p><span style=\"color: #000000\">XXI Simp\u00f3sio Brasileiro de Recursos H\u00eddricos, Bras\u00edlia, 2015.<\/span><\/p>\n<p><span style=\"color: #000000\">Influ\u00eancia das caracter\u00edsticas morfom\u00e9tricas nas enchentes urbanas: estudo de caso da bacia hidrogr\u00e1fica do arroio S\u00e3o Louren\u00e7o\/RS.<\/span><br \/>\n<span style=\"color: #000000\">Steinmetz, A. A.; Guedes, Hugo A. S.; Beskow, S.; Dam\u00e9, R. C. F.; Teixeira-Gandra, C. F. A.<\/span><\/p>\n<p><span style=\"color: #000000\">An\u00e1lise de constantes de desagraga\u00e7\u00e3o de chuva di\u00e1ria no estado do Rio Grande do Sul<\/span><br \/>\n<span style=\"color: #000000\">Vargas, M. M.; Beskow, S.; Caldeira, T. L.; Mello, C. R.; Faria, L. C.; Guedes, Hugo A. S.; Cunha, Z. A.; Minks, D. N.; Kerstner, L.; Morteo, D. S. R.; Rosa, E. M.; Luz, E. P.<\/span><\/p>\n<p><span style=\"color: #000000\">Investiga\u00e7\u00e3o da tend\u00eancia na contagem dos dias secos e chuvosos na regi\u00e3o da Campanha\/RS<\/span><br \/>\n<span style=\"color: #000000\">Teixeira-Gandra, C. F. A.; Dam\u00e9, R. C. F.; Guedes, Hugo A. S.; Silva, G. M.; Silveira, S. C. R.; Klumb, G.; Veber, P.; Bacelar, L. C. S. D.<\/span><\/p>\n<p><span style=\"color: #000000\">Uso de habitat de cinco esp\u00e9cies de peixes nativos do rio Formoso, Minas Gerais.<\/span><br \/>\n<span style=\"color: #000000\">Guedes, Hugo A. S.; Silva, D. D.; Dergam, J. A.; Elesbon, A. A. A.; Oliveira, I. de C<\/span><\/p>\n<p><span style=\"color: #000000\"><img class=\"size-full wp-image-2787 alignleft\" src=\"https:\/\/wp.ufpel.edu.br\/ppgrecursoshidricos\/files\/2020\/08\/images-1-1-e1598554856270.jpg\" alt=\"\" width=\"266\" height=\"89\" \/><\/span><\/p>\n<p>&nbsp;<\/p>\n<p><span style=\"color: #000000\">XXX Semin\u00e1rio Brasileiro de Grandes Barragens, 2015, Foz do Igua\u00e7u<\/span><\/p>\n<p><span style=\"color: #000000\">An\u00e1lise das Press\u00f5es a Jusante de Comportas tipo Segmento Invertido em Eclusas de Navega\u00e7\u00e3o de Grandes Barragens.<\/span><br \/>\n<span style=\"color: #000000\">Dai Pr\u00e1, M.; Priebe, P. S.; Kempka, M.; Marques, M. G.<\/span><\/p>\n<p><span style=\"color: #000000\"><img class=\"wp-image-2788 alignleft\" src=\"https:\/\/wp.ufpel.edu.br\/ppgrecursoshidricos\/files\/2020\/08\/unnamed.gif\" alt=\"\" width=\"329\" height=\"61\" \/><\/span><\/p>\n<p><span style=\"color: #000000\">XVII Simp\u00f3sio Brasileiro de Sensoriamento Remoto, 2015, Jo\u00e3o Pessoa.<\/span><\/p>\n<\/div>\n<p><span style=\"color: #000000\">Compara\u00e7\u00e3o entre Modelos Digitais de Eleva\u00e7\u00e3o para a caracteriza\u00e7\u00e3o morfom\u00e9trica da Bacia Hidrogr\u00e1fica do Arroio Pelotas &#8211; RS.<\/span><br \/>\n<span style=\"color: #000000\">Bazzo, K. R.; Gomes, S. H. R.; Guedes, Hugo A. S.<\/span><\/p>\n<hr \/>\n<div class=\"container\">\n<div class=\"twelve columns\">\n<p><span style=\"color: #000000\"><img class=\" wp-image-2789 alignleft\" src=\"https:\/\/wp.ufpel.edu.br\/ppgrecursoshidricos\/files\/2020\/08\/Encontro-engenharia-sedimentos-CT.jpg\" alt=\"\" width=\"171\" height=\"128\" \/><\/span><\/p>\n<p>&nbsp;<\/p>\n<p>&nbsp;<\/p>\n<p><span style=\"color: #000000\">Encontro Nacional de Engenharia de Sedimentos, 2014, Jo\u00e3o Pessoa.<\/span><\/p>\n<p><span style=\"color: #000000\">Estimativa Da Concentra\u00e7\u00e3o De Sedimentos Em Suspens\u00e3o Com O Uso De Sensor \u00d3tico De Turbidez Na Bacia Do Arroio Do Ouro No Rio Grande Do Sul.<\/span><br \/>\n<span style=\"color: #000000\">Bartels, G. K.; Terra, V. S. S.; Collares, G. L.<\/span><\/p>\n<p><span style=\"color: #000000\">Estimativa Da Concentra\u00e7\u00e3o De Sedimento Em Suspens\u00e3o Com O Uso De Curva-Chave.<\/span><br \/>\n<span style=\"color: #000000\">Lima, L. S.; Bartels, G. K.; Terra, V. S. S.; Collares, G. L.<\/span><\/p>\n<p><span style=\"color: #000000\">Determina\u00e7\u00e3o Da Variabilidade Espacial Da Textura Do Solo Em Uma Bacia Hidrogr\u00e1fica Rural.<\/span><br \/>\n<span style=\"color: #000000\">Terra, V. S. S.; Bartels, G. K.; Lima, L. S.; Collares, G. L.<\/span><\/p>\n<p><span style=\"color: #000000\"><img class=\"wp-image-2790 alignleft\" src=\"https:\/\/wp.ufpel.edu.br\/ppgrecursoshidricos\/files\/2020\/08\/images-2.jpg\" alt=\"\" width=\"249\" height=\"75\" srcset=\"https:\/\/wp.ufpel.edu.br\/ppgrecursoshidricos\/files\/2020\/08\/images-2.jpg 409w, https:\/\/wp.ufpel.edu.br\/ppgrecursoshidricos\/files\/2020\/08\/images-2-400x120.jpg 400w\" sizes=\"(max-width: 249px) 100vw, 249px\" \/><\/span><\/p>\n<p>&nbsp;<\/p>\n<p><span style=\"color: #000000\">XLIII Congresso Brasileiro de Engenharia Agr\u00edcola, 2014, Campo Grande.<\/span><\/p>\n<p>&nbsp;<\/p>\n<p><span style=\"color: #000000\">Modelos probabil\u00edsticos ajustados a dados de precipita\u00e7\u00e3o m\u00e1xima di\u00e1ria anual observada e gerada.<\/span><br \/>\n<span style=\"color: #000000\">Silva, G. M.; Dam\u00e9, R. C. F.; Teixeira-Gandra, C. F. A.; Guedes, H. A. S.; Couto, R. S.<\/span><\/p>\n<p><span style=\"color: #000000\">Estabilidade temporal da distribui\u00e7\u00e3o espacial da umidade do solo.<\/span><br \/>\n<span style=\"color: #000000\">Penning, L. H.; Pinto, M. A. B.; Dutra, A. D.; Timm, L. C.; Parfitt, J. M. B.<\/span><\/p>\n<p><span style=\"color: #000000\">Atributos qu\u00edmicos do solo sob diferentes sistemas de irriga\u00e7\u00e3o e manejo do solo para cultura do arroz<\/span><br \/>\n<span style=\"color: #000000\">Pinto, M. A. B.; Scivittaro, W. B.; Parfitt, J. M. B.; Dutra, A. D.; Timm, L. C.<\/span><\/p>\n<p><span style=\"color: #000000\"><img class=\" wp-image-2792 alignleft\" src=\"https:\/\/wp.ufpel.edu.br\/ppgrecursoshidricos\/files\/2020\/08\/logoXIISRHN.png\" alt=\"\" width=\"128\" height=\"138\" \/><\/span><\/p>\n<p>&nbsp;<\/p>\n<p>&nbsp;<\/p>\n<p><span style=\"color: #000000\">XII Simp\u00f3sio de Recursos H\u00eddricos do Nordeste, 2014, Natal.<\/span><\/p>\n<\/div>\n<\/div>\n<p><span style=\"color: #000000\">Caracteriza\u00e7\u00e3o Morfom\u00e9trica E Variabilidade Mensal Da Precipita\u00e7\u00e3o Na Bacia Hidrogr\u00e1fica Do Arroio Pelotas, Sul Do Rio Grande Do Sul.<\/span><br \/>\n<span style=\"color: #000000\">Veeck, S.; Guedes, H. A. S.<\/span><\/p>\n<p><span style=\"color: #000000\">Avalia\u00e7\u00e3o Da Efici\u00eancia Da Utiliza\u00e7\u00e3o Da Semente Da Moringa Ole\u00edfera No Tratamento De \u00c1gua.<\/span><br \/>\n<span style=\"color: #000000\">Nunes, N. A.; Nagel, G. W.; Silva, B. S. G.; Vieira, M. T.; Milani, I.C.B.<\/span><\/p>\n<p>&nbsp;<\/p>\n<p><span style=\"color: #000000\">VI MCSUL &#8211; Confer\u00eancia Sul em Modelagem Computacional, 2014, Rio Grande.<\/span><\/p>\n<p><span style=\"color: #000000\">An\u00e1lise Num\u00e9rica por CFD de uma Proposta de Altera\u00e7\u00e3o Geom\u00e9trica no Conduto a Jusante de uma Comporta Segmento Invertida.<\/span><br \/>\n<span style=\"color: #000000\">Dalla Corte, M.; Oliveski, R. C.; Marques, M. G.; Dai Pr\u00e1, M.<\/span><\/p>\n<p>&nbsp;<\/p>\n<p><span style=\"color: #000000\">XX Congreso Latinoamericano y XVI Congreso Peruano de la Ciencia del Suelo, 2014, Cusco.<\/span><\/p>\n<p><span style=\"color: #000000\">Variabilidade espacial da tens\u00e3o de \u00e1gua no solo e do rendimento do arroz irrigado por aspers\u00e3o.<\/span><br \/>\n<span style=\"color: #000000\">Pinto, M.A.B.; Timm, L. C.; Parfitt, J. M. B.<\/span><\/p>\n<p><span style=\"color: #000000\">Sistema radicular de gram\u00edneas e atributos f\u00edsicos de um solo constru\u00eddo.<\/span><br \/>\n<span style=\"color: #000000\">Pauletto, E. A.; Stumpf, L.; Pinto, L. F. S.; Fernandes, F.F.; Castilhos, D. D.; Lima, C. L. R.; Timm, L. C.<\/span><\/p>\n<p><span style=\"color: #000000\">Sia: Modelo Para Simula\u00e7\u00e3o Da Irriga\u00e7\u00e3o Por Aspers\u00e3o. Parte I: Descri\u00e7\u00e3o E Aplicabilidade Do Modelo.<\/span><br \/>\n<span style=\"color: #000000\">Oliveira, H. F. E.; Faria, L. C.; Beskow, S.; Colombo, A.; Prado, G.<\/span><\/p>\n<p><span style=\"color: #000000\">Sia: Modelo Para Simula\u00e7\u00e3o Da Irriga\u00e7\u00e3o Por Aspers\u00e3o. Parte Ii: Calibra\u00e7\u00e3o Do Modelo.<\/span><br \/>\n<span style=\"color: #000000\">Oliveira, H. F. E.; Beskow, S.; Faria, L. C.; Colombo, A.; Prado, G.<\/span><\/p>\n<p><span style=\"color: #000000\">Fatores Clim\u00e1ticos E Seus Efeitos Sobre A Distribui\u00e7\u00e3o De \u00c1gua De Sistemas Autopropelidos.<\/span><br \/>\n<span style=\"color: #000000\">Oliveira, H. F. E.; Beskow, S.; Faria, L. C.; Colombo, A.; Prado, G.<\/span><\/p>\n<hr \/>\n<p><span style=\"color: #000000\"><img class=\"\" src=\"https:\/\/www.cprm.gov.br\/publique\/media\/Asscom\/XXbanner.jpg\" alt=\"Servi\u00e7o Geol\u00f3gico do Brasil - Not\u00edcias - CPRM participa do XX Simp\u00f3sio Brasileiro de Recursos H\u00eddricos\" width=\"217\" height=\"104\" \/>XX Simp\u00f3sio Brasileiro de Recursos H\u00eddricos &#8211; ABRH, 2013.<\/span><\/p>\n<p><span style=\"color: #000000\">Avalia\u00e7\u00e3o de \u00edndices de sazonalidade para identifica\u00e7\u00e3o de regi\u00f5es hidrologicamente homog\u00eaneas no Rio Grande do Sul.<\/span><br \/>\n<span style=\"color: #000000\">Beskow, S.; Simoes, M. C.; Faria, L. C.; Nunes, G. S.; Mello, C. R.; Dai Pr\u00e1, M.<\/span><\/p>\n<p><span style=\"color: #000000\">Desenvolvimento de um sistema computacional de aquisi\u00e7\u00e3o e an\u00e1lise de dados hidrol\u00f3gicos.<\/span><br \/>\n<span style=\"color: #000000\">Beskow, S.; Correa, L. L.; Simoes, M. C.; Lucas, E. H.; Faria, L. C.; Mello, C. R.<\/span><\/p>\n<p><span style=\"color: #000000\">Fontes de sedimentos para o arroio do ouro, bacia hidrogr\u00e1fica do Arroio Pelotas.<\/span><br \/>\n<span style=\"color: #000000\">Manke, E. B.; Cassalho, F.; Dutra, T. O.; Lima, L. S. C.; Bonczynski, R. G.; D\u00e9cio Jr, R. M. S.; Bartels, G.K.; Silveira, C. P. L.; Milani, I. C. B.; Suzuki, L. E. A. S.; Collares, G. L.<\/span><\/p>\n<p><span style=\"color: #000000\">Capacidade de uso das terras e planejamento ambiental de propriedades agr\u00edcolas no munic\u00edpio de Pelotas.<\/span><br \/>\n<span style=\"color: #000000\">Cassalho, F.; Manke, E. B.; Dutra, T. O.; Silva, R. S.; Bonczynski, R. G.; D\u00e9cio Jr, R. M. S.; Bartels, G. K.; Silveira, C. P. L.; Milani, I. C. B.; Suzuki, L. E. A. S.; Collares, G. L.<\/span><\/p>\n<p><span style=\"color: #000000\">Diagn\u00f3stico das caracter\u00edsticas f\u00edsicas do solo para manejo da \u00e1gua de irriga\u00e7\u00e3o e controle da eros\u00e3o<\/span><br \/>\n<span style=\"color: #000000\">Santos, J. K.; Priebe, P. S.; Manke, E. B.; Dutra, T. O.; Cassalho, F.; Strieder, G.; Bonczynski, R. G.; D\u00e9cio Jr, R. M. S.; Bartels, G. K.; Milani, I. C. B.; Suzuki, L. E. A. S.; Collares, G. L.<\/span><\/p>\n<p><span style=\"color: #000000\">Monitoramento da qualidade da \u00e1gua de um manancial h\u00eddrico sob influ\u00eancia de atividades antr\u00f3picas, no munic\u00edpio de Pelotas, RS Brasil.<\/span><br \/>\n<span style=\"color: #000000\">Souza, M. F.; Medronha, G. A.; Milani, I. C. B.; Suzuki, L. E. A. S.; Collares, G. L.; Barbara Neto, M.; Bonczynski, R. G.; Decio JR, R. M. S.<\/span><\/p>\n<p><span style=\"color: #000000\">Avalia\u00e7\u00e3o da qualidade da \u00e1gua do canal S\u00e3o Gon\u00e7alo-RS atrav\u00e9s do \u00edndice de qualidade de \u00e1gua.<\/span><br \/>\n<span style=\"color: #000000\">Medronha, G. A.; Milani, I. C. B.; Souza, M. F.; Bonczynski, R. G.; Decio Jr, R. M. S.; Suzuki, L. E. A. S.; Dai Pr\u00e1, M.; Collares, G. L.<\/span><\/p>\n<p><span style=\"color: #000000\">Obten\u00e7\u00e3o Do Regime De Vaz\u00f5es Ecol\u00f3gicas No Rio Formoso &#8211; Minas Gerais.<\/span><br \/>\n<span style=\"color: #000000\">Guedes, H. A. S.; Silva, D. D.; Oliveira, I. C.; Elesbon, A. A. A.; Capobiango, G. V.; Martins, V. S.; Porto, B. B.; Lisboa, L.<\/span><\/p>\n<p><span style=\"color: #000000\">Compara\u00e7\u00e3o Morfom\u00e9trica Utilizando Plataforma Sig A Partir De Base De Dados Srtm E Ibge Para A Bacia Hidrogr\u00e1fica Do Rio Pancas, ES.<\/span><br \/>\n<span style=\"color: #000000\">Elesbon, A. A. A.; Ferreira, R. G.; Silva, D. D.; Guedes, H. A. S.<\/span><\/p>\n<p><span style=\"color: #000000\">Estudo De Vaz\u00f5es Ecol\u00f3gicas Em Rios Com \u00canfase Em Metodologias De Classifica\u00e7\u00e3o De Habitat.<\/span><br \/>\n<span style=\"color: #000000\">Oliveira, I. C.; Gudes, H. A. S.; Alves, L. G. S.; Silva, D. D.<\/span><\/p>\n<p><span style=\"color: #000000\">Calibra\u00e7\u00e3o Do Modelo Hidrodin\u00e2mico River2d Visando \u00c0 Modelagem Ecohidrol\u00f3gica Do Rio Formoso (MG).<\/span><br \/>\n<span style=\"color: #000000\">Oliveira, I. C.; Guedes, H. A. S.; Capobiango, G. V.; Silva, D. D.; Martins, V. S.; Lisboa, L.<\/span><\/p>\n<p><span style=\"color: #000000\">Outorga Para Dilui\u00e7\u00e3o De Efluentes No Brasil: Uma Abordagem Cr\u00edtica.<\/span><br \/>\n<span style=\"color: #000000\">Lisboa, L.; Corredo, L. P.; Oliveira, I. C.; Silva, D. D.; Guedes, H. A. S.; Moreira, M. C.<\/span><\/p>\n<p><span style=\"color: #000000\">Avalia\u00e7\u00e3o da Profundidade do Escoamento na Posi\u00e7\u00e3o de In\u00edcio de Aera\u00e7\u00e3o de Vertedores em Degraus a partir de Medi\u00e7\u00f5es na UHE Dona Francisca.<\/span><br \/>\n<span style=\"color: #000000\">Dai Pr\u00e1, M.; Priebe, P. S.; Manke, E. B.; Sanagiotto, D. G.<\/span><\/p>\n<p><span style=\"color: #000000\">Caracteriza\u00e7\u00e3o F\u00edsico-H\u00eddrica de Sedimentos Depositados no Arroio Pelotas.<\/span><br \/>\n<span style=\"color: #000000\">Bartels, G. K.; Strieder, G.; Lima, L. S. C.; Silva, R. S.; Caldeira, M. T.; Lacerda, C. P.; Dubow, M.; Dai Pr\u00e1, M.; Suzuki, L. E. A. S.<\/span><\/p>\n<p><span style=\"color: #000000\">Escoamentos a Jusante de Comportas Tipo Tainter Invertida em Condutos &#8211; Proposta de Analogia com o Ressalto Hidr\u00e1ulico.<\/span><br \/>\n<span style=\"color: #000000\">Medronha, G. A.; Abreu, A. S.; Oliveira, F. F. M.; Palauro, C.; Marques, M. G.; Kempka, M.; Dai Pr\u00e1, M.<\/span><\/p>\n<p><span style=\"color: #000000\">Tempo de Amostragem e Frequ\u00eancia de Aquisi\u00e7\u00e3o para o Estudo de Campo de Press\u00f5es Atuantes em Bacias de Dissipa\u00e7\u00e3o por Ressalto Hidr\u00e1ulico Submergido.<\/span><br \/>\n<span style=\"color: #000000\">Teixeira, E. D.; Wiest, R. A.; Dai Pr\u00e1, M.; Martinez, C. B.; Canellas, A. V. B.; Endres, L. A. M.; Marques, M. G.<\/span><\/p>\n<p><span style=\"color: #000000\">Estudo das Condi\u00e7\u00f5es de Forma\u00e7\u00e3o de V\u00f3rtices em Tomadas D&#8217;\u00e1gua Verticais em Usinas Hidrel\u00e9tricas.<\/span><br \/>\n<span style=\"color: #000000\">Saraiva, L. S.; Kempka, M.; Soares, L. E. S.; Palauro, C.; Dalla Corte, M.; Neves, S. L.; Canellas, A. V. B.; Marques, M. G.; Oliveski, R. C.; Endres, L. A. M.; Schettini, E. B. C.; Dai Pr\u00e1, M.<\/span><\/p>\n<p><span style=\"color: #000000\">Posi\u00e7\u00e3o de In\u00edcio do Ressalto Hidr\u00e1ulico a Jusante de Vertedouros &#8211; Estudo Experimental<\/span><br \/>\n<span style=\"color: #000000\">Santos, J. P.; Santos, W. C.; Oliveira, F. F. M.; Teixeira, E. D.; Wiest, R. A.; Marques, M. G.; Dai Pr\u00e1, M.<\/span><\/p>\n<p><span style=\"color: #000000\">Simula\u00e7\u00e3o Hidrol\u00f3gica Numa Bacia Hidrogr\u00e1fica Representativa Dos Latossolos Na Regi\u00e3o Alto Rio Grande, Minas Gerais<\/span><br \/>\n<span style=\"color: #000000\">Andrade, M. A.; Mello, C. R.; Beskow, S.<\/span><\/p>\n<p><span style=\"color: #000000\"><img class=\"\" src=\"https:\/\/encrypted-tbn0.gstatic.com\/images?q=tbn%3AANd9GcT4CAyxWvPH9X1na7A6z_sGB-5FScyXYigBpA&amp;usqp=CAU\" alt=\"Congresso de Engenharia Sanit\u00e1ria debate saneamento b\u00e1sico e sa\u00fade p\u00fablica - @aredacao\" width=\"316\" height=\"101\" \/>27\u00ba Congresso Brasileiro de Engenharia Sanit\u00e1ria e Ambiental, 2013, Goi\u00e2nia.<\/span><\/p>\n<p><span style=\"color: #000000\">Obten\u00e7\u00e3o de vaz\u00e3o ecol\u00f3gica na bacia do rio Pomba.<\/span><br \/>\n<span style=\"color: #000000\">Porto, B. B.; Capobiango, G. V.; Silva, D. D.; Guedes, H. A. S.<\/span><\/p>\n","protected":false},"excerpt":{"rendered":"<p>Abaixo podem ser visualizados os principais trabalhos completos publicados em anais de eventos, nos \u00faltimos anos, envolvendo o grupo de pesquisadores do Programa de P\u00f3s-Gradua\u00e7\u00e3o em Recursos H\u00eddricos. &nbsp; XXI Simp\u00f3sio Brasileiro de Recursos H\u00eddricos, Bras\u00edlia, 2015. Influ\u00eancia das caracter\u00edsticas morfom\u00e9tricas nas enchentes urbanas: estudo de caso da bacia hidrogr\u00e1fica do arroio S\u00e3o Louren\u00e7o\/RS. Steinmetz, [&hellip;]<\/p>\n","protected":false},"author":669,"featured_media":0,"parent":46,"menu_order":3,"comment_status":"closed","ping_status":"closed","template":"","meta":{"jetpack_post_was_ever_published":false,"footnotes":""},"class_list":["post-55","page","type-page","status-publish","hentry"],"jetpack_shortlink":"https:\/\/wp.me\/Paj7D4-T","jetpack_sharing_enabled":true,"_links":{"self":[{"href":"https:\/\/wp.ufpel.edu.br\/ppgrecursoshidricos\/wp-json\/wp\/v2\/pages\/55","targetHints":{"allow":["GET"]}}],"collection":[{"href":"https:\/\/wp.ufpel.edu.br\/ppgrecursoshidricos\/wp-json\/wp\/v2\/pages"}],"about":[{"href":"https:\/\/wp.ufpel.edu.br\/ppgrecursoshidricos\/wp-json\/wp\/v2\/types\/page"}],"author":[{"embeddable":true,"href":"https:\/\/wp.ufpel.edu.br\/ppgrecursoshidricos\/wp-json\/wp\/v2\/users\/669"}],"replies":[{"embeddable":true,"href":"https:\/\/wp.ufpel.edu.br\/ppgrecursoshidricos\/wp-json\/wp\/v2\/comments?post=55"}],"version-history":[{"count":16,"href":"https:\/\/wp.ufpel.edu.br\/ppgrecursoshidricos\/wp-json\/wp\/v2\/pages\/55\/revisions"}],"predecessor-version":[{"id":2794,"href":"https:\/\/wp.ufpel.edu.br\/ppgrecursoshidricos\/wp-json\/wp\/v2\/pages\/55\/revisions\/2794"}],"up":[{"embeddable":true,"href":"https:\/\/wp.ufpel.edu.br\/ppgrecursoshidricos\/wp-json\/wp\/v2\/pages\/46"}],"wp:attachment":[{"href":"https:\/\/wp.ufpel.edu.br\/ppgrecursoshidricos\/wp-json\/wp\/v2\/media?parent=55"}],"curies":[{"name":"wp","href":"https:\/\/api.w.org\/{rel}","templated":true}]}}