{"id":49,"date":"2016-07-14T10:09:47","date_gmt":"2016-07-14T13:09:47","guid":{"rendered":"https:\/\/wp.ufpel.edu.br\/ppgrecursoshidricos\/?page_id=49"},"modified":"2020-05-19T15:34:01","modified_gmt":"2020-05-19T18:34:01","slug":"artigos-publicados-em-periodicos","status":"publish","type":"page","link":"https:\/\/wp.ufpel.edu.br\/ppgrecursoshidricos\/producao-cientifica\/artigos-publicados-em-periodicos\/","title":{"rendered":"Artigos publicados em peri\u00f3dicos"},"content":{"rendered":"<p><a href=\"https:\/\/wp.ufpel.edu.br\/ppgrecursoshidricos\/artigos-em-periodicos-quadrienio-2\/\"><img class=\"alignnone size-full wp-image-1835\" src=\"https:\/\/wp.ufpel.edu.br\/ppgrecursoshidricos\/files\/2020\/04\/Azul-e-Amarelo-Liquida\u00e7\u00e3o-de-Cyber-Monday-An\u00fancio-Leaderboard.png\" alt=\"\" width=\"728\" height=\"90\" \/><\/a><\/p>\n<p><img class=\"alignnone size-full wp-image-1837\" src=\"https:\/\/wp.ufpel.edu.br\/ppgrecursoshidricos\/files\/2020\/04\/Azul-e-Amarelo-Liquida\u00e7\u00e3o-de-Cyber-Monday-An\u00fancio-Leaderboard-1.png\" alt=\"\" width=\"728\" height=\"90\" \/><\/p>\n","protected":false},"excerpt":{"rendered":"","protected":false},"author":669,"featured_media":0,"parent":46,"menu_order":1,"comment_status":"closed","ping_status":"closed","template":"","meta":{"jetpack_post_was_ever_published":false,"footnotes":""},"class_list":["post-49","page","type-page","status-publish","hentry"],"jetpack_shortlink":"https:\/\/wp.me\/Paj7D4-N","jetpack_sharing_enabled":true,"_links":{"self":[{"href":"https:\/\/wp.ufpel.edu.br\/ppgrecursoshidricos\/wp-json\/wp\/v2\/pages\/49","targetHints":{"allow":["GET"]}}],"collection":[{"href":"https:\/\/wp.ufpel.edu.br\/ppgrecursoshidricos\/wp-json\/wp\/v2\/pages"}],"about":[{"href":"https:\/\/wp.ufpel.edu.br\/ppgrecursoshidricos\/wp-json\/wp\/v2\/types\/page"}],"author":[{"embeddable":true,"href":"https:\/\/wp.ufpel.edu.br\/ppgrecursoshidricos\/wp-json\/wp\/v2\/users\/669"}],"replies":[{"embeddable":true,"href":"https:\/\/wp.ufpel.edu.br\/ppgrecursoshidricos\/wp-json\/wp\/v2\/comments?post=49"}],"version-history":[{"count":43,"href":"https:\/\/wp.ufpel.edu.br\/ppgrecursoshidricos\/wp-json\/wp\/v2\/pages\/49\/revisions"}],"predecessor-version":[{"id":1941,"href":"https:\/\/wp.ufpel.edu.br\/ppgrecursoshidricos\/wp-json\/wp\/v2\/pages\/49\/revisions\/1941"}],"up":[{"embeddable":true,"href":"https:\/\/wp.ufpel.edu.br\/ppgrecursoshidricos\/wp-json\/wp\/v2\/pages\/46"}],"wp:attachment":[{"href":"https:\/\/wp.ufpel.edu.br\/ppgrecursoshidricos\/wp-json\/wp\/v2\/media?parent=49"}],"curies":[{"name":"wp","href":"https:\/\/api.w.org\/{rel}","templated":true}]}}