{"id":4648,"date":"2025-06-02T09:12:22","date_gmt":"2025-06-02T12:12:22","guid":{"rendered":"https:\/\/wp.ufpel.edu.br\/ppgrecursoshidricos\/?page_id=4648"},"modified":"2025-06-09T20:09:47","modified_gmt":"2025-06-09T23:09:47","slug":"trabalhos-completos","status":"publish","type":"page","link":"https:\/\/wp.ufpel.edu.br\/ppgrecursoshidricos\/producao-cientifica\/quadrienio-2021-2024\/trabalhos-completos\/","title":{"rendered":"Trabalhos completos"},"content":{"rendered":"<p><span style=\"color: #000000; font-family: arial, helvetica, sans-serif;\"><img class=\"\" src=\"https:\/\/i0.wp.com\/saneamento.unifap.br\/wp-content\/uploads\/2024\/09\/13242c7202-20240210-181832-e1725992198799.png?fit=750%2C440&amp;ssl=1\" width=\"155\" height=\"91\" \/> II Fluhidros &#8211; Simp\u00f3sio Nacional de Mec\u00e2nica dos Fluidos e Hidr\u00e1ulica &#8211; 2024<\/span><\/p>\n<p><span style=\"font-size: 12pt; font-family: arial, helvetica, sans-serif; color: #000000;\"><strong>An\u00e1lise de sensibilidade do Coeficiente de Manning na modelagem hidrodin\u00e2mica de ondas de cheia em rupturas de barragens<\/strong><\/span><\/p>\n<p><span style=\"color: #000000;\"><span style=\"font-size: 10pt; font-family: arial, helvetica, sans-serif;\">Kipper, P. M.\u00a0 Steinke Junior, R. Ferla, R. Teixeira, E. D.\u00a0 Mello, J. M. Endres, L. A. M. <strong>Dai Pr\u00e1, M<\/strong>. Marques, M. G<\/span>.<\/span><\/p>\n<p><span style=\"font-family: arial, helvetica, sans-serif; color: #000000;\"><strong>Mapa de risco hidrodin\u00e2mico: diferen\u00e7as observadas entre simula\u00e7\u00f5es hidrodin\u00e2micas com MDE livre e levantado em campo<\/strong><\/span><\/p>\n<p><span style=\"font-family: arial, helvetica, sans-serif; color: #000000; font-size: 10pt;\">Steinke Junior, R. Kipper, P. M. Ferla, R. Mello, J. M. Tornin, C. K. Endres, L. A. M. Marques, M. G. <strong>Dai Pr\u00e1, M<\/strong>. Teixeira, E. D.<\/span><\/p>\n<p><span style=\"font-family: arial, helvetica, sans-serif; color: #000000;\"><strong>Profundidade de eros\u00e3o em blocos de concreto submetidos ao fen\u00f4meno da cavita\u00e7\u00e3o<\/strong><\/span><\/p>\n<p><span style=\"font-family: arial, helvetica, sans-serif; color: #000000; font-size: 10pt;\"><strong>Dai Pr\u00e1, M<\/strong>. Abreu, A. S. Teixeira, E. D. Endres, L. A. M. Marques, M. G. Kempka, M., Novakoski, C. K.<\/span><\/p>\n<p><span style=\"font-family: arial, helvetica, sans-serif; color: #000000;\"><strong>Spectral analysis of pressure fluctuations downstream of an inverted segment gate in navigation locks<\/strong><\/span><\/p>\n<p><span style=\"font-family: arial, helvetica, sans-serif; color: #000000; font-size: 10pt;\">Kempka, M. <strong>Dai Pr\u00e1, M<\/strong>. Endres, L. A. M. Marques, M. G.<\/span><\/p>\n<hr \/>\n<p><img class=\"alignnone  wp-image-4695\" src=\"https:\/\/wp.ufpel.edu.br\/ppgrecursoshidricos\/files\/2025\/06\/logossvsbrh.png\" alt=\"\" width=\"162\" height=\"100\" srcset=\"https:\/\/wp.ufpel.edu.br\/ppgrecursoshidricos\/files\/2025\/06\/logossvsbrh.png 451w, https:\/\/wp.ufpel.edu.br\/ppgrecursoshidricos\/files\/2025\/06\/logossvsbrh-400x247.png 400w\" sizes=\"(max-width: 162px) 100vw, 162px\" \/>XXV SBRH &#8211; Simp\u00f3sio Brasileiro de Recursos H\u00eddricos, Aracaju, 2023<\/p>\n<p><span style=\"color: #000000;\"><strong>An open collaborative web-based brazilian ecohydrological simulation tool \u2013 best<\/strong><\/span><\/p>\n<p><span style=\"color: #000000; font-size: 10pt;\"><strong>Bressiani, D.A<\/strong>.; Srinivasan, R.; Miranda, R.Q.; Galvincio, J.D.; Montenegro, S.M.G.L.; Mendiondo, E.M.<\/span><\/p>\n<p><span style=\"color: #000000;\"><strong>An\u00e1lise da perda de massa em diferentes corpos de prova em concreto ap\u00f3s exposi\u00e7\u00e3o ao fen\u00f4meno da cavita\u00e7\u00e3o<\/strong><\/span><\/p>\n<p><span style=\"color: #000000; font-size: 10pt;\">Abreu, A.S.; <strong>Dai Pra, M.<\/strong>; Teixeira, E.D.; Endres, L.A.M.; Marques, M.G.; Castiglio, G.S.; Bassegio, P.G.M.<\/span><\/p>\n<p><span style=\"color: #000000;\"><strong>An\u00e1lise das limita\u00e7\u00f5es da modelagem hidrol\u00f3gica de uma bacia hidrogr\u00e1fica com m\u00faltiplos pequenos barramentos e reservat\u00f3rios de \u00e1gua com o modelo swat+<\/strong><\/span><\/p>\n<p><span style=\"color: #000000; font-size: 10pt;\">Campos, F.L.M.; <strong>Bressiani, D.A.;<\/strong> Coelho, A.L.N.<\/span><\/p>\n<p><span style=\"color: #000000;\"><strong>An\u00e1lise de sensibilidade e calibra\u00e7\u00e3o do modelo swat na bacia hidrogr\u00e1fica do Rio Grande\/BA<\/strong><\/span><\/p>\n<p><span style=\"color: #000000; font-size: 10pt;\">Pinto, C.S.B.; <strong>Bressiani, D.A.;<\/strong> Fernandes, N.F.<\/span><\/p>\n<p><span style=\"color: #000000;\"><strong>An\u00e1lise do desgaste em superf\u00edcies de concreto quando expostas ao fen\u00f4meno da cavita\u00e7\u00e3o utilizando diferentes metodologias de quantifica\u00e7\u00e3o de danos<\/strong><\/span><\/p>\n<p><span style=\"color: #000000; font-size: 10pt;\">Abreu, A.S.; <strong>Dai Pra, M<\/strong>.; Castiglio, G.S.; Endres, L.A.M.; Teixeira, E.D.; Marques, M.G.<\/span><\/p>\n<p><span style=\"color: #000000;\"><strong>Avalia\u00e7\u00e3o da qualidade da \u00e1gua do estado do Cear\u00e1 por imagens de sat\u00e9lite subsidiado pelo algaemap<\/strong><\/span><\/p>\n<p><span style=\"color: #000000; font-size: 10pt;\">Bueno, L.M.;<strong> Lobo, F.L.;<\/strong> Santana, E.L.; Moura, B.B.; Lima, G.B.; Duart, I.<\/span><\/p>\n<p><span style=\"color: #000000;\"><strong>Avalia\u00e7\u00e3o da redu\u00e7\u00e3o na vibra\u00e7\u00e3o induzida pelo escoamento de \u00e1gua em um dispositivo de cavita\u00e7\u00e3o com inje\u00e7\u00e3o de ar<\/strong><\/span><\/p>\n<p><span style=\"color: #000000; font-size: 10pt;\">Abreu, A.S.; Castiglio, G.S.; <strong>Dai Pra, M.;<\/strong> Teixeira, E.D.; Marques, M.G.; Endres, L.A.M.<\/span><\/p>\n<p><span style=\"color: #000000;\"><strong>Avalia\u00e7\u00e3o das press\u00f5es m\u00e9dias de escoamentos com diferentes concentra\u00e7\u00f5es de ar em um dispositivo de cavita\u00e7\u00e3o tipo venturi<\/strong><\/span><\/p>\n<p><span style=\"color: #000000; font-size: 10pt;\">Abreu, A.S.;<strong> Dai Pra, M.;<\/strong> Castiglio, G.S.; Endres, L.A.M.; Marcelo, E.D.T.; Marques, G.; Novakoski, C.K.; Bassegio, P.G.M.<\/span><\/p>\n<p><span style=\"color: #000000;\"><strong>Desafios e oportunidades da transi\u00e7\u00e3o para a energia solar fotovoltaica na gest\u00e3o dos recursos h\u00eddricos no Brasil<\/strong><\/span><\/p>\n<p><span style=\"color: #000000; font-size: 10pt;\">Da Silva, P.G.C.; Da Silva, G.J.; Gesualdo, G.C.; Zanatta, R.; Miranda, I.P.; <strong>Bressiani, D.A.;<\/strong> Pereira, E.B.; Galvincio, J.D.; Montenegro, S.M.G.L.; Mendiondo, E.M.<\/span><\/p>\n<p><span style=\"color: #000000;\"><strong>Efeitos do modelo digital de eleva\u00e7\u00e3o na previs\u00e3o da onda de ruptura de barragens em vale encaixado<\/strong><\/span><\/p>\n<p><span style=\"color: #000000; font-size: 10pt;\">Junior, R.S.; Ferla, R.; Kipper, P.M.; Tornin, C.K.; Castiglio, G.S.; Mello, J.M.; Endres, L.A.M.; <strong>Dai Pra, M.<\/strong>; Teixeira, E.D.<\/span><\/p>\n<p><span style=\"color: #000000;\"><strong>\u00a0<\/strong><\/span><span style=\"color: #000000;\"><strong>Indice de cavita\u00e7\u00e3o em vertedouros de calha lisa<\/strong><\/span><\/p>\n<p><span style=\"color: #000000; font-size: 10pt;\">ABREU, A.S.;<strong> DAI PRA, M.; <\/strong>ENDRES, L.A.M.; TEIXEIRA, E.D.; MARQUES, M.G.<\/span><\/p>\n<p><span style=\"color: #000000;\"><strong>\u00a0<\/strong><\/span><span style=\"color: #000000;\"><strong>Influ\u00eancia do coeficiente de rugosidade de manning no estudo de ruptura de barragens: estudo de caso da barragem do salto<\/strong><\/span><\/p>\n<p><span style=\"color: #000000; font-size: 10pt;\">KIPPER, P.M.; JUNIOR, R.S.; FERLA, R.; TEIXEIRA, E.D.; DE MELLO, J.M.; ENDRES, L.A.M.; <strong>DAI PRA, M.<\/strong><\/span><\/p>\n<p><span style=\"color: #000000;\"><strong>Regionaliza\u00e7\u00e3o de vaz\u00f5es utilizando diferentes fontes de dados de precipita\u00e7\u00e3o: um estudo na bacia do rio doce<\/strong><\/span><\/p>\n<p><span style=\"color: #000000; font-size: 10pt;\">Fraga, M. de S.; Reis, G. B.; Pinheiro, S. A. R.; Abreu, M. C.; <strong>Guedes, H. A. S.; <\/strong>Silva, D. D. da<\/span><\/p>\n<p><span style=\"color: #000000;\"><strong>Revis\u00e3o da implementa\u00e7\u00e3o de modelos preditivos de controle (mpc) \u00e0 reservat\u00f3rios urbanos<\/strong><\/span><\/p>\n<p><span style=\"color: #000000; font-size: 10pt;\">Santos, M.S.; Junior, M.N.G.; <strong>Bressiani, D.A.; <\/strong>Marten, L.A.; Mendiondo, E.M.<\/span><\/p>\n<p><span style=\"color: #000000;\"><strong>\u00a0<\/strong><\/span><span style=\"color: #000000;\"><strong>Seguran\u00e7a de barragens no brasil: quantifica\u00e7\u00e3o de acidentes e incidentes no per\u00edodo de 2017-2021<\/strong><\/span><\/p>\n<p><span style=\"color: #000000; font-size: 10pt;\">Silva, P. G. C. da; Silva, G. J. da; Gesualdo, G. C.; Miranda, I. P.; <strong>Bressiani, D. de A.; <\/strong>Pereira, E. B.;\u00a0<\/span><span style=\"color: #000000; font-size: 10pt;\">Galvincio, J. D. D.; Montenegro, S. M. G. L.; Mendiondo, E.M.<\/span><\/p>\n<p><span style=\"color: #000000;\"><strong>Threats of urban flash floods on human stability for the next century<\/strong><\/span><\/p>\n<p><span style=\"color: #000000; font-size: 10pt;\">Rapalo, L.M.C.; Junior, M.N.G.;<strong> Bressiani, D.A.; <\/strong>Mendiondo, E.M.;<\/span><\/p>\n<p><span style=\"color: #000000;\"><strong>\u00a0<\/strong><\/span><span style=\"color: #000000;\"><strong>Variabilidade da precipita\u00e7\u00e3o na vaz\u00e3o simulada com o swat+ em pequena bacia hidrogr\u00e1fica<\/strong><\/span><\/p>\n<p><span style=\"color: #000000; font-size: 10pt;\">CAMPOS, F.L.M.;<strong> BRESSIANI, D.A.; <\/strong>COELHO, A.L.N.; DELMASCHIO, B.S.<\/span><\/p>\n<p>&nbsp;<\/p>\n<p><span style=\"color: #000000;\">4 Congresso Internacional de Hidrossedimentologia<\/span><\/p>\n<p><strong><span style=\"color: #000000;\">Impactos do manejo e rota\u00e7\u00e3o de culturas na modelagem hidrossedimentol\u00f3gica da bacia hidrogr\u00e1fica do Arroio Cadeia\/Cangu\u00e7u, RS<\/span><\/strong><\/p>\n<p><span style=\"color: #000000; font-size: 10pt;\">Cecconello, S.T.; Nunes, M.C.M.; <strong>Bressiani, D.A.; <\/strong>Centeno, L.N.; <strong>Beskow, S.; <\/strong>Knapp, A.P.;\u00a0<\/span><span style=\"color: #000000; font-size: 10pt;\">Guths, A.K.;<strong> Timm, L.C.<\/strong><\/span><\/p>\n<hr \/>\n<p><span style=\"color: #000000;\">XVII Congresso Iberoamericano de Sistemas de Abastecimiento, Saneamiento e Riego<\/span><\/p>\n<p><span style=\"color: #000000;\"><strong>Avalia\u00e7\u00e3o dos sistemas de abastecimento de \u00e1gua da zona urbana de Santana do livramento-RS<\/strong><\/span><\/p>\n<p><span style=\"color: #000000; font-size: 10pt;\">Bassegio, P.G.M.; Soares, L.E.S; <strong>Dai Pra, M<\/strong>.; Teixeira, E.D.; Castiglio, G.S.<\/span><\/p>\n<hr \/>\n<p><span style=\"color: #000000;\">XX Simp\u00f3sio Brasileiro de Sensoriamento Remoto<\/span><\/p>\n<p><span style=\"color: #000000;\"><strong>Mapeamento e monitoramento da umidade do solo atrav\u00e9s de \u00edndices de vegeta\u00e7\u00e3o e atributos do relevo<\/strong><\/span><\/p>\n<p><span style=\"color: #000000;\">De Castro, N.M.S.; Junior, R.P.A.; Da Rocha, H.S.; Terra, I.H.; Andrade, A.M.; <strong>Terra, F.S.<\/strong><\/span><\/p>\n<hr \/>\n<p><img class=\"\" src=\"https:\/\/www.ufsm.br\/app\/uploads\/sites\/376\/2022\/05\/32_s.jpg\" alt=\"LI CONGRESSO BRASILEIRO DE ENGENHARIA AGR\u00cdCOLA \u2013 Cachoeira do Sul\" width=\"161\" height=\"44\" \/> L<span style=\"font-family: arial, helvetica, sans-serif; color: #000000;\">I Congresso Brasileiro de Engenharia Agr\u00edcola &#8211; CONBEA 2022<\/span><\/p>\n<p><span style=\"color: #000000;\"><strong><span style=\"font-family: arial, helvetica, sans-serif;\">An\u00e1lise De Consumo E Efici\u00eancia Energ\u00e9tica Em Sistema De Bombeamento De \u00c1gua Para Irriga\u00e7\u00e3o De Arroz<\/span><\/strong><\/span><\/p>\n<p><span style=\"font-family: arial, helvetica, sans-serif; font-size: 10pt; color: #000000;\">Fernandes,\u00a0 C. H. V.\u00a0<strong> Faria, L. C<\/strong>. Pohndorf, R. S.\u00a0<\/span><\/p>\n<p><span style=\"font-family: arial, helvetica, sans-serif; color: #000000;\"><strong>Avalia\u00e7\u00e3o Do Potencial De Energia Hidrocin\u00e9tica Em Canais De Irriga\u00e7\u00e3o: Revis\u00e3o Bibliogr\u00e1fica<\/strong><\/span><\/p>\n<p><span style=\"font-family: arial, helvetica, sans-serif; font-size: 10pt; color: #000000;\">Ramos, G. H. Bartz, R. M. Pohndorf, R. S. <strong>Quadro, M. S.\u00a0<\/strong><\/span><\/p>\n<hr \/>\n<p><img class=\"alignnone wp-image-4659\" style=\"color: #000000; font-family: arial, helvetica, sans-serif;\" src=\"https:\/\/wp.ufpel.edu.br\/ppgrecursoshidricos\/files\/2025\/06\/f90fd59a24-20210405-234855.png\" alt=\"\" width=\"94\" height=\"94\" \/><span style=\"color: #000000; font-family: arial, helvetica, sans-serif;\"> XXIV SBRH &#8211; Simp\u00f3sio Brasileiro de Recursos H\u00eddricos, Belo Horizonte \u2013 MG, 2021.<\/span><\/p>\n<p><span style=\"color: #000000;\"><strong>Delimita\u00e7\u00e3o de regi\u00f5es suscet\u00edveis a danos por cavita\u00e7\u00e3o em um vertedouro em degraus<\/strong><\/span><\/p>\n<p><span style=\"font-size: 10pt; color: #000000;\">Schumacher, A.; Canellas, A.V.B.; Marques, M.G.; Teixeira, E.D.; <strong>Dai Pra, M<\/strong>.; Kempka, M.<\/span><\/p>\n<p><span style=\"color: #000000;\"><strong>Desn\u00edvel operacional de \u00e1gua em reservat\u00f3rios de sistemas de abastecimento e seus impactos no funcionamento de conjuntos motobomba<\/strong><\/span><\/p>\n<p><span style=\"font-size: 10pt; color: #000000;\">Kuritza, J.C.; Kempka, M.; Fillus, I.; Silva, P.H.B.; Bassegio, P.G.M.; Castiglio, G.S.; Soares, L.E.S.; <strong>Dai Pra, M<\/strong>.; Marques, M.G.<\/span><\/p>\n<p><span style=\"color: #000000;\"><strong>Determina\u00e7\u00e3o dos \u00edndices de cavita\u00e7\u00e3o ao longo de um vertedouro de calha lisa atrav\u00e9s do software spillwaypro<\/strong><\/span><\/p>\n<p><span style=\"font-size: 10pt; color: #000000;\">Oliveira, M.K.; Silva, F.A.; Abreu, A.S.; Marques, M.G.; <strong>Dai Pra, M.<\/strong>; Teixeira, E.D.; Sanagiotto, D.G.; Endres, L.A.M.; Novakoski, C.K.; Ferla, R.; Canellas, A.V.B.; Neto, E.F.T.<\/span><\/p>\n<p><span style=\"color: #000000;\"><strong>Panorama de s\u00e9ries hist\u00f3ricas de vaz\u00f5es m\u00e1ximas anuais no Brasil: uma an\u00e1lise baseada em premissas estat\u00edsticas<\/strong><\/span><\/p>\n<p><span style=\"font-size: 10pt; color: #000000;\">Valentini, M.H.K.; Sell, B.M.; Silveira, J.P.M.; <strong>Caldeira, T.L.; Mello, C.R.; Beskow, S.<\/strong>; Cassalho, F.<\/span><\/p>\n<p><span style=\"color: #000000;\"><strong>Percep\u00e7\u00e3o de parcela da popula\u00e7\u00e3o de Pelotas (RS) quanto aos problemas aos problemas e poss\u00edveis melhorias no manejo de \u00e1guas pluviais urbanas<\/strong><\/span><\/p>\n<p><span style=\"font-size: 10pt; color: #000000;\">Duarte, I.; Dos Santos, M.S.; Schumann, P.K.; <strong>Bressiani, D.A<\/strong>.; <strong>Beskow, S.; Caldeira, T.L.<\/strong><\/span><\/p>\n<p><span style=\"color: #000000;\"><strong>Press\u00f5es extremas m\u00e1ximas em bacias de dissipa\u00e7\u00e3o por ressalto hidr\u00e1ulico com baixo n\u00famero de froude<\/strong><\/span><\/p>\n<p><span style=\"font-size: 10pt; color: #000000;\">Junior, R.S.; Ferreira, L.B.; Novakoski, C.K.; Oliveira, L.S.; Trindade, M.V.F.; Silva, A.C.; <strong>Dai Pra, M<\/strong>.; Marques, M.G.; Teixeira, E.D.<\/span><\/p>\n<p><span style=\"color: #000000;\"><strong>Variabilidade temporal da \u00e1gua bruta da barragem santa b\u00e1rbara &#8211; Pelotas\/RS<\/strong><\/span><\/p>\n<p><span style=\"font-size: 10pt; color: #000000;\">Mendes, K.G.P.; <strong>Guedes, H.A.S.<\/strong>; Lobo, F.L.; Da Fonseca, E.H.; Franz, H.S.; Sampaio, D.M.; Nunes, C.O.; Mendes, F.N.<\/span><\/p>\n<p><span style=\"color: #000000;\"><strong>4 d\u00e9cadas de altera\u00e7\u00f5es de uso e cobertura do solo na bacia santa b\u00e1rbara, RS<\/strong><\/span><\/p>\n<p><span style=\"font-size: 10pt; color: #000000;\">Da Fonseca, E.H.; <strong>Guedes, H.A.S<\/strong>.; Martins, V.S.; Mendes, K.G.P.; Nunes, C.O.; Sampaio, D.M.<\/span><\/p>\n<hr \/>\n<p><span style=\"color: #000000;\"><img class=\"alignnone size-full wp-image-4668\" src=\"https:\/\/wp.ufpel.edu.br\/ppgrecursoshidricos\/files\/2025\/06\/ppg.png\" alt=\"\" width=\"314\" height=\"138\" \/>XXIX Congresso Latinoamericano de Hidr\u00e1ulica, M\u00e9xico, 2021<\/span><\/p>\n<p><strong>An\u00e1lise comparativa entre o software spillwaypro e a metodologia anal\u00edtica na determina\u00e7\u00e3o das velocidades atuantes em um vertedouro de calha lisa<\/strong><\/p>\n<p><span style=\"font-size: 10pt;\">Silva, F.A.; Oliveira, M.K.; Adamatti, V.C.S.; Abreu, A.S.; Novakoski, C.K.; Ferla, R.; <strong>Dai Pra, M<\/strong>.; Marques, M.G.; Teixeira, E.D.; Sanagiotto, D.G.; Endres, L.A.M.; Neto, E.F.<\/span>T.<\/p>\n<p><strong>An\u00e1lise de danos em superf\u00edcies de concreto atrav\u00e9s do dispositivo de cavita\u00e7\u00e3o do us bureau of reclamation<\/strong><\/p>\n<p><span style=\"font-size: 10pt;\">Diefenbach, G.; Bassegio, P.G.M.; Abreu, A.S.; Novakoski, C.K.; Marcelo, R.F.; Marques, G.; <strong>Dai Pra, M;<\/strong> Teixeira, E.D.; Canellas, A.V.B.<\/span><\/p>\n<hr \/>\n<p><img class=\"alignnone size-full wp-image-4670\" src=\"https:\/\/wp.ufpel.edu.br\/ppgrecursoshidricos\/files\/2025\/06\/download.jpg\" alt=\"\" width=\"218\" height=\"57\" \/>Semin\u00e1rio Ibero-Brasileiro de Agricultura Irrigada, 2021.<\/p>\n<p><strong>Estimativa da demanda h\u00eddrica na irriga\u00e7\u00e3o do milho por piv\u00f4 central em solo de terras baixas utilizabdo a rela\u00e7\u00e3o entre o coeficiente de cultura fao-56 e ndvi<\/strong><\/p>\n<p><span style=\"font-size: 10pt;\">Mello, L.B.; Pinto, M.A.B.; Veber, P.M.; Parfitt, J.M.B.; <strong>Timm, L.C.; Faria, L.C.<\/strong><\/span><\/p>\n","protected":false},"excerpt":{"rendered":"<p>II Fluhidros &#8211; Simp\u00f3sio Nacional de Mec\u00e2nica dos Fluidos e Hidr\u00e1ulica &#8211; 2024 An\u00e1lise de sensibilidade do Coeficiente de Manning na modelagem hidrodin\u00e2mica de ondas de cheia em rupturas de barragens Kipper, P. M.\u00a0 Steinke Junior, R. Ferla, R. Teixeira, E. D.\u00a0 Mello, J. M. Endres, L. A. M. Dai Pr\u00e1, M. Marques, M. G. [&hellip;]<\/p>\n","protected":false},"author":669,"featured_media":0,"parent":4641,"menu_order":0,"comment_status":"closed","ping_status":"closed","template":"","meta":{"jetpack_post_was_ever_published":false,"footnotes":""},"class_list":["post-4648","page","type-page","status-publish","hentry"],"jetpack_shortlink":"https:\/\/wp.me\/Paj7D4-1cY","jetpack_sharing_enabled":true,"_links":{"self":[{"href":"https:\/\/wp.ufpel.edu.br\/ppgrecursoshidricos\/wp-json\/wp\/v2\/pages\/4648","targetHints":{"allow":["GET"]}}],"collection":[{"href":"https:\/\/wp.ufpel.edu.br\/ppgrecursoshidricos\/wp-json\/wp\/v2\/pages"}],"about":[{"href":"https:\/\/wp.ufpel.edu.br\/ppgrecursoshidricos\/wp-json\/wp\/v2\/types\/page"}],"author":[{"embeddable":true,"href":"https:\/\/wp.ufpel.edu.br\/ppgrecursoshidricos\/wp-json\/wp\/v2\/users\/669"}],"replies":[{"embeddable":true,"href":"https:\/\/wp.ufpel.edu.br\/ppgrecursoshidricos\/wp-json\/wp\/v2\/comments?post=4648"}],"version-history":[{"count":15,"href":"https:\/\/wp.ufpel.edu.br\/ppgrecursoshidricos\/wp-json\/wp\/v2\/pages\/4648\/revisions"}],"predecessor-version":[{"id":4696,"href":"https:\/\/wp.ufpel.edu.br\/ppgrecursoshidricos\/wp-json\/wp\/v2\/pages\/4648\/revisions\/4696"}],"up":[{"embeddable":true,"href":"https:\/\/wp.ufpel.edu.br\/ppgrecursoshidricos\/wp-json\/wp\/v2\/pages\/4641"}],"wp:attachment":[{"href":"https:\/\/wp.ufpel.edu.br\/ppgrecursoshidricos\/wp-json\/wp\/v2\/media?parent=4648"}],"curies":[{"name":"wp","href":"https:\/\/api.w.org\/{rel}","templated":true}]}}