{"id":4468,"date":"2025-03-19T23:14:14","date_gmt":"2025-03-20T02:14:14","guid":{"rendered":"https:\/\/wp.ufpel.edu.br\/ppgrecursoshidricos\/?page_id=4468"},"modified":"2025-06-13T15:27:10","modified_gmt":"2025-06-13T18:27:10","slug":"planejamento-estrategico","status":"publish","type":"page","link":"https:\/\/wp.ufpel.edu.br\/ppgrecursoshidricos\/planejamento-estrategico\/","title":{"rendered":"Planejamento estrat\u00e9gico"},"content":{"rendered":"<p><a href=\"https:\/\/wp.ufpel.edu.br\/ppgrecursoshidricos\/files\/2025\/05\/Autoavaliacao-PPGRH.pdf\">Acesse aqui a Autoavalia\u00e7\u00e3o 2023 do PPGRH!<\/a><\/p>\n<p><a href=\"https:\/\/wp.ufpel.edu.br\/ppgrecursoshidricos\/files\/2025\/06\/PEP-23-24-1.pdf\">O Planejamento Estrat\u00e9gico do Programa &#8211; 2023\/2024 encontra-se aqui!<\/a><\/p>\n","protected":false},"excerpt":{"rendered":"<p>Acesse aqui a Autoavalia\u00e7\u00e3o 2023 do PPGRH! O Planejamento Estrat\u00e9gico do Programa &#8211; 2023\/2024 encontra-se aqui!<\/p>\n","protected":false},"author":669,"featured_media":0,"parent":0,"menu_order":0,"comment_status":"closed","ping_status":"closed","template":"","meta":{"jetpack_post_was_ever_published":false,"footnotes":""},"class_list":["post-4468","page","type-page","status-publish","hentry"],"jetpack_shortlink":"https:\/\/wp.me\/Paj7D4-1a4","jetpack_sharing_enabled":true,"_links":{"self":[{"href":"https:\/\/wp.ufpel.edu.br\/ppgrecursoshidricos\/wp-json\/wp\/v2\/pages\/4468","targetHints":{"allow":["GET"]}}],"collection":[{"href":"https:\/\/wp.ufpel.edu.br\/ppgrecursoshidricos\/wp-json\/wp\/v2\/pages"}],"about":[{"href":"https:\/\/wp.ufpel.edu.br\/ppgrecursoshidricos\/wp-json\/wp\/v2\/types\/page"}],"author":[{"embeddable":true,"href":"https:\/\/wp.ufpel.edu.br\/ppgrecursoshidricos\/wp-json\/wp\/v2\/users\/669"}],"replies":[{"embeddable":true,"href":"https:\/\/wp.ufpel.edu.br\/ppgrecursoshidricos\/wp-json\/wp\/v2\/comments?post=4468"}],"version-history":[{"count":3,"href":"https:\/\/wp.ufpel.edu.br\/ppgrecursoshidricos\/wp-json\/wp\/v2\/pages\/4468\/revisions"}],"predecessor-version":[{"id":4703,"href":"https:\/\/wp.ufpel.edu.br\/ppgrecursoshidricos\/wp-json\/wp\/v2\/pages\/4468\/revisions\/4703"}],"wp:attachment":[{"href":"https:\/\/wp.ufpel.edu.br\/ppgrecursoshidricos\/wp-json\/wp\/v2\/media?parent=4468"}],"curies":[{"name":"wp","href":"https:\/\/api.w.org\/{rel}","templated":true}]}}