{"id":41,"date":"2016-07-14T10:02:18","date_gmt":"2016-07-14T13:02:18","guid":{"rendered":"https:\/\/wp.ufpel.edu.br\/ppgrecursoshidricos\/?page_id=41"},"modified":"2020-08-21T11:56:28","modified_gmt":"2020-08-21T14:56:28","slug":"linhas-de-pesquisa","status":"publish","type":"page","link":"https:\/\/wp.ufpel.edu.br\/ppgrecursoshidricos\/linhas-de-pesquisa\/","title":{"rendered":"Linhas de pesquisa"},"content":{"rendered":"<p>O Programa de P\u00f3s-Gradua\u00e7\u00e3o em Recursos H\u00eddricos da UFPel tem uma \u00e1rea de concentra\u00e7\u00e3o, designada como &#8220;Sistemas H\u00eddricos&#8221;. Os objetivos desta \u00e1rea s\u00e3o:<\/p>\n<blockquote><p>i) estudar os recursos h\u00eddricos desenvolvendo pesquisa b\u00e1sica e aplicada e tecnologias nesta \u00e1rea; ii) produzir conhecimento e formar profissionais qualificados em n\u00edvel de mestrado e doutorado capazes de desenvolver projetos, produtos, inova\u00e7\u00f5es e metodologias aplicadas ao monitoramento, diagn\u00f3stico e manejo de bacias hidrogr\u00e1ficas; e iii) propiciar o entendimento das rela\u00e7\u00f5es existentes entre os recursos h\u00eddricos e o ambiente natural e antr\u00f3pico de modo a melhor utiliz\u00e1-lo.<\/p><\/blockquote>\n<p>Dentro desta \u00e1rea de atua\u00e7\u00e3o constam duas linhas de pesquisa: &#8220;Monitoramento e Diagn\u00f3stico de Recursos H\u00eddricos&#8221; e &#8220;Manejo de Bacias Hidrogr\u00e1ficas&#8221;.<\/p>\n<p><strong><span class=\"acc-trigger active\"> Monitoramento e Diagn\u00f3stico de Recursos H\u00eddricos<\/span><\/strong><\/p>\n<div class=\"acc-container\">\n<div class=\"content\">\n<p>Esta linha de pesquisa remete ao monitoramento dos recursos h\u00eddricos e no desenvolvimento de um diagn\u00f3stico e apontamento para tomada de decis\u00f5es em rela\u00e7\u00e3o aos recursos h\u00eddricos. Al\u00e9m disso, essa linha inter-relaciona o monitoramento e o diagn\u00f3stico com outros recursos naturais do meio, dando uma vis\u00e3o mais aberta do sistema para um diagn\u00f3stico conciso e coerente vislumbrando uma a\u00e7\u00e3o no meio. A gera\u00e7\u00e3o de produtos e tecnologias para o monitoramento e diagn\u00f3stico \u00e9 contemplada nesta linha, al\u00e9m da aplica\u00e7\u00e3o de instrumentos, mecanismos e equipamentos de monitoramento e coleta de informa\u00e7\u00f5es.<\/p>\n<p><strong><span class=\"acc-trigger active\">Manejo de Bacias Hidrogr\u00e1ficas<\/span><\/strong><\/p>\n<div class=\"acc-container\">\n<div class=\"content\">\n<p>Esta linha de pesquisa remete ao uso e manejo racional e sustent\u00e1vel de uma bacia Hidrogr\u00e1ficas hidrogr\u00e1fica, atrav\u00e9s do conhecimento de todos os componentes inter-relacionados com os aspectos h\u00eddricos, a partir de uma vis\u00e3o ampla, abrangente e sist\u00eamica do meio, nas suas mais diferentes amplitudes visando o manejo mais adequado com a redu\u00e7\u00e3o dos impactos pelo seu uso. Nesta linha, t\u00e9cnicas de remedia\u00e7\u00e3o e recupera\u00e7\u00e3o dos recursos h\u00eddricos e do meio que o envolve s\u00e3o abordados.<\/p>\n<div class=\"headline\">\n<p><strong>Linhas espec\u00edficas de atua\u00e7\u00e3o:<\/strong><\/p>\n<\/div>\n<ul class=\"circle_list\">\n<li>Din\u00e2mica do solo e da \u00e1gua em bacias hidrogr\u00e1ficas<\/li>\n<li>Engenharia de irriga\u00e7\u00e3o<\/li>\n<li>Esta\u00e7\u00f5es de recalque<\/li>\n<li>Estruturas hidr\u00e1ulicas<\/li>\n<li>Geotecnologias aplicadas a recursos h\u00eddricos<\/li>\n<li>Gest\u00e3o de recursos h\u00eddricos<\/li>\n<li>Hidr\u00e1ulica<\/li>\n<li>Hidrogeologia<\/li>\n<li>Hidrologia de bacias hidrogr\u00e1ficas<\/li>\n<li>Hidrometeorologia<\/li>\n<li>Hidrometria de bacias hidrogr\u00e1ficas<\/li>\n<li>Hidrossedimentologia<\/li>\n<li>Impactos e remedia\u00e7\u00e3o de recursos h\u00eddricos<\/li>\n<li>Manejo de irriga\u00e7\u00e3o<\/li>\n<li>Modelagem hidrol\u00f3gica em bacias hidrogr\u00e1ficas<\/li>\n<li>Qualidade de \u00e1gua em bacias hidrogr\u00e1ficas<\/li>\n<\/ul>\n<\/div>\n<\/div>\n<\/div>\n<\/div>\n","protected":false},"excerpt":{"rendered":"<p>O Programa de P\u00f3s-Gradua\u00e7\u00e3o em Recursos H\u00eddricos da UFPel tem uma \u00e1rea de concentra\u00e7\u00e3o, designada como &#8220;Sistemas H\u00eddricos&#8221;. Os objetivos desta \u00e1rea s\u00e3o: i) estudar os recursos h\u00eddricos desenvolvendo pesquisa b\u00e1sica e aplicada e tecnologias nesta \u00e1rea; ii) produzir conhecimento e formar profissionais qualificados em n\u00edvel de mestrado e doutorado capazes de desenvolver projetos, produtos, [&hellip;]<\/p>\n","protected":false},"author":669,"featured_media":0,"parent":0,"menu_order":3,"comment_status":"closed","ping_status":"closed","template":"","meta":{"jetpack_post_was_ever_published":false,"footnotes":""},"class_list":["post-41","page","type-page","status-publish","hentry"],"jetpack_shortlink":"https:\/\/wp.me\/Paj7D4-F","jetpack_sharing_enabled":true,"_links":{"self":[{"href":"https:\/\/wp.ufpel.edu.br\/ppgrecursoshidricos\/wp-json\/wp\/v2\/pages\/41","targetHints":{"allow":["GET"]}}],"collection":[{"href":"https:\/\/wp.ufpel.edu.br\/ppgrecursoshidricos\/wp-json\/wp\/v2\/pages"}],"about":[{"href":"https:\/\/wp.ufpel.edu.br\/ppgrecursoshidricos\/wp-json\/wp\/v2\/types\/page"}],"author":[{"embeddable":true,"href":"https:\/\/wp.ufpel.edu.br\/ppgrecursoshidricos\/wp-json\/wp\/v2\/users\/669"}],"replies":[{"embeddable":true,"href":"https:\/\/wp.ufpel.edu.br\/ppgrecursoshidricos\/wp-json\/wp\/v2\/comments?post=41"}],"version-history":[{"count":12,"href":"https:\/\/wp.ufpel.edu.br\/ppgrecursoshidricos\/wp-json\/wp\/v2\/pages\/41\/revisions"}],"predecessor-version":[{"id":2703,"href":"https:\/\/wp.ufpel.edu.br\/ppgrecursoshidricos\/wp-json\/wp\/v2\/pages\/41\/revisions\/2703"}],"wp:attachment":[{"href":"https:\/\/wp.ufpel.edu.br\/ppgrecursoshidricos\/wp-json\/wp\/v2\/media?parent=41"}],"curies":[{"name":"wp","href":"https:\/\/api.w.org\/{rel}","templated":true}]}}