{"id":368,"date":"2016-07-20T16:01:16","date_gmt":"2016-07-20T19:01:16","guid":{"rendered":"https:\/\/wp.ufpel.edu.br\/ppgrecursoshidricos\/?page_id=368"},"modified":"2020-05-19T15:33:57","modified_gmt":"2020-05-19T18:33:57","slug":"publicacoes-do-ano-de-2013","status":"publish","type":"page","link":"https:\/\/wp.ufpel.edu.br\/ppgrecursoshidricos\/publicacoes-do-ano-de-2013\/","title":{"rendered":"Publica\u00e7\u00f5es do Ano de 2013"},"content":{"rendered":"<table>\n<tbody>\n<tr>\n<td style=\"text-align: center\">Descri\u00e7\u00e3o do Artigo<\/td>\n<td style=\"text-align: center\">Doi<\/td>\n<td style=\"text-align: center\">Fator de Impacto<\/td>\n<td style=\"text-align: center\">Qualis em Engenharias I<\/td>\n<\/tr>\n<tr>\n<td style=\"text-align: center\">MELLO, C. R.; VIOLA, M. R. Mapeamento de chuvas intensas no estado de Minas Gerais. Revista Brasileira de Ci\u00eancia do Solo, v. 37, p. 37-44, 2013.<\/td>\n<td style=\"text-align: center\"><a href=\"http:\/\/www.scielo.br\/scielo.php?script=sci_arttext&amp;pid=S0100-06832013000100004&amp;lng=pt&amp;nrm=iso&amp;tlng=en\"><img class=\"alignnone  wp-image-829\" src=\"https:\/\/wp.ufpel.edu.br\/ppgrecursoshidricos\/files\/2016\/07\/\u00edndice-1.png\" alt=\"indice\" width=\"27\" height=\"31\" srcset=\"https:\/\/wp.ufpel.edu.br\/ppgrecursoshidricos\/files\/2016\/07\/\u00edndice-1.png 208w, https:\/\/wp.ufpel.edu.br\/ppgrecursoshidricos\/files\/2016\/07\/\u00edndice-1-136x159.png 136w\" sizes=\"(max-width: 27px) 100vw, 27px\" \/><\/a><\/td>\n<td style=\"text-align: center\">0.5268<\/td>\n<td style=\"text-align: center\">B1<\/td>\n<\/tr>\n<tr>\n<td style=\"text-align: center\">PINTO, D. B. F.; SILVA, A. M.; BESKOW, S.; MELLO, C. R.; COELHO, G. Application of the Soil and Water Assessment Tool (SWAT) for sediment transport simulation at a headwater watershed in Minas Gerais State, Brazil. American Society of Agricultural and Biological Engineers. Transactions, v. 56, p. 697-709, 2013.<\/td>\n<td style=\"text-align: center\"><a href=\"http:\/\/elibrary.asabe.org\/abstract.asp??JID=3&amp;AID=42668&amp;CID=t2013&amp;v=56&amp;i=2&amp;T=1\"><img class=\"alignnone  wp-image-829\" src=\"https:\/\/wp.ufpel.edu.br\/ppgrecursoshidricos\/files\/2016\/07\/\u00edndice-1.png\" alt=\"indice\" width=\"27\" height=\"31\" srcset=\"https:\/\/wp.ufpel.edu.br\/ppgrecursoshidricos\/files\/2016\/07\/\u00edndice-1.png 208w, https:\/\/wp.ufpel.edu.br\/ppgrecursoshidricos\/files\/2016\/07\/\u00edndice-1-136x159.png 136w\" sizes=\"(max-width: 27px) 100vw, 27px\" \/><\/a><\/td>\n<td style=\"text-align: center\">&#8211;<\/td>\n<td style=\"text-align: center\">B1<\/td>\n<\/tr>\n<tr>\n<td style=\"text-align: center\">PINTO, L. C.; MELLO, C. R.; FERREIRA, D. F.; &amp;AAcute;VILA, L. F. Water quality index in two land use situations in the Mantiqueira Range. Ci\u00eancia e Agrotecnologia, v. 37, p. 338-342, 2013.<\/td>\n<td style=\"text-align: center\"><a href=\"http:\/\/www.scielo.br\/scielo.php?script=sci_arttext&amp;pid=S1413-70542013000400007&amp;lng=en&amp;nrm=iso&amp;tlng=en\"><img class=\"alignnone  wp-image-829\" src=\"https:\/\/wp.ufpel.edu.br\/ppgrecursoshidricos\/files\/2016\/07\/\u00edndice-1.png\" alt=\"indice\" width=\"27\" height=\"31\" srcset=\"https:\/\/wp.ufpel.edu.br\/ppgrecursoshidricos\/files\/2016\/07\/\u00edndice-1.png 208w, https:\/\/wp.ufpel.edu.br\/ppgrecursoshidricos\/files\/2016\/07\/\u00edndice-1-136x159.png 136w\" sizes=\"(max-width: 27px) 100vw, 27px\" \/><\/a><\/td>\n<td style=\"text-align: center\">0.64<\/td>\n<td style=\"text-align: center\">B1<\/td>\n<\/tr>\n<tr>\n<td style=\"text-align: center\">DUR\u00c3ES, M. F.; MELLO, C. R. Groundwater recharge behavior based on surface runoff hydrographs in two basins of the Minas Gerais State. Revista Ambiente &amp; &amp;AAcute;gua, v. 8, p. 1-10, 2013.<\/td>\n<td style=\"text-align: center\"><a href=\"http:\/\/www.scielo.br\/scielo.php?script=sci_abstract&amp;pid=S1980-993X2013000200007&amp;lng=en&amp;nrm=iso&amp;tlng=en\"><img class=\"alignnone  wp-image-829\" src=\"https:\/\/wp.ufpel.edu.br\/ppgrecursoshidricos\/files\/2016\/07\/\u00edndice-1.png\" alt=\"indice\" width=\"27\" height=\"31\" srcset=\"https:\/\/wp.ufpel.edu.br\/ppgrecursoshidricos\/files\/2016\/07\/\u00edndice-1.png 208w, https:\/\/wp.ufpel.edu.br\/ppgrecursoshidricos\/files\/2016\/07\/\u00edndice-1-136x159.png 136w\" sizes=\"(max-width: 27px) 100vw, 27px\" \/><\/a><\/td>\n<td style=\"text-align: center\">0.1532<\/td>\n<td style=\"text-align: center\">B5<\/td>\n<\/tr>\n<tr>\n<td style=\"text-align: center\">VIOLA, M. R.; MELLO, C. R.; BESKOW, S.; NORTON, L. D. Applicability of the LASH Model for Hydrological Simulation of the Grande River Basin, Brazil. Journal of Hydrologic Engineering, v. 18, p. 1639-1652, 2013.<\/td>\n<td style=\"text-align: center\"><a href=\"http:\/\/ascelibrary.org\/doi\/10.1061\/%28ASCE%29HE.1943-5584.0000735\"><img class=\"alignnone  wp-image-829\" src=\"https:\/\/wp.ufpel.edu.br\/ppgrecursoshidricos\/files\/2016\/07\/\u00edndice-1.png\" alt=\"indice\" width=\"27\" height=\"31\" srcset=\"https:\/\/wp.ufpel.edu.br\/ppgrecursoshidricos\/files\/2016\/07\/\u00edndice-1.png 208w, https:\/\/wp.ufpel.edu.br\/ppgrecursoshidricos\/files\/2016\/07\/\u00edndice-1-136x159.png 136w\" sizes=\"(max-width: 27px) 100vw, 27px\" \/><\/a><\/td>\n<td style=\"text-align: center\">1.58<\/td>\n<td style=\"text-align: center\">A2<\/td>\n<\/tr>\n<tr>\n<td style=\"text-align: center\">PINTO, L. C.; MELLO, C. R.; &amp;AAcute;VILA, L. F. Water quality indicators in the Mantiqueira Range region, Minas Gerais State. CERNE, v. 19, p. 687-692, 2013.<\/td>\n<td style=\"text-align: center\"><a href=\"http:\/\/www.scielo.br\/scielo.php?script=sci_arttext&amp;pid=S0104-77602013000400020&amp;lng=en&amp;nrm=iso&amp;tlng=en\"><img class=\"alignnone  wp-image-829\" src=\"https:\/\/wp.ufpel.edu.br\/ppgrecursoshidricos\/files\/2016\/07\/\u00edndice-1.png\" alt=\"indice\" width=\"27\" height=\"31\" srcset=\"https:\/\/wp.ufpel.edu.br\/ppgrecursoshidricos\/files\/2016\/07\/\u00edndice-1.png 208w, https:\/\/wp.ufpel.edu.br\/ppgrecursoshidricos\/files\/2016\/07\/\u00edndice-1-136x159.png 136w\" sizes=\"(max-width: 27px) 100vw, 27px\" \/><\/a><\/td>\n<td style=\"text-align: center\">0.244<\/td>\n<td style=\"text-align: center\">B1<\/td>\n<\/tr>\n<tr>\n<td style=\"text-align: center\">BELICO, J. C. B.; LISBOA, L.; GUEDES, H. A. S.; SILVA, D. D. Compara\u00e7\u00e3o entre vaz\u00f5es m\u00ednimas de refer\u00eancia para o Rio Formoso &#8211; MG. Enciclop\u00e9dia Biosfera, v. 9, p. 718-733, 2013.<\/td>\n<td style=\"text-align: center\">&#8211;<\/td>\n<td style=\"text-align: center\">&#8211;<\/td>\n<td style=\"text-align: center\">B5<\/td>\n<\/tr>\n<tr>\n<td style=\"text-align: center\">OLIVEIRA, H. F. E.; COLOMBO, A.; FARIA, L. C.; BESKOW, S.; PRADO, G. SIA: Modelo para simula\u00e7\u00e3o da irriga\u00e7\u00e3o por aspers\u00e3o &#8211; Calibra\u00e7\u00e3o e valida\u00e7\u00e3o. Revista Brasileira de Engenharia Agr\u00edcola e Ambiental, v. 17, p. 253-260, 2013.<\/td>\n<td style=\"text-align: center\"><a href=\"http:\/\/www.scielo.br\/scielo.php?script=sci_arttext&amp;pid=S1415-43662013000300002&amp;lng=pt&amp;nrm=iso&amp;tlng=en\"><img class=\"alignnone  wp-image-829\" src=\"https:\/\/wp.ufpel.edu.br\/ppgrecursoshidricos\/files\/2016\/07\/\u00edndice-1.png\" alt=\"indice\" width=\"27\" height=\"31\" srcset=\"https:\/\/wp.ufpel.edu.br\/ppgrecursoshidricos\/files\/2016\/07\/\u00edndice-1.png 208w, https:\/\/wp.ufpel.edu.br\/ppgrecursoshidricos\/files\/2016\/07\/\u00edndice-1-136x159.png 136w\" sizes=\"(max-width: 27px) 100vw, 27px\" \/><\/a><\/td>\n<td style=\"text-align: center\">0.532<\/td>\n<td style=\"text-align: center\">B2<\/td>\n<\/tr>\n<tr>\n<td style=\"text-align: center\">PRADO, G.; FARIA, L. C.; OLIVEIRA, H. F. E.; COLOMBO, A. Efeito do \u00e2ngulo do jato nas caracter\u00edsticas t\u00e9cnicas de um canh\u00e3o hidr\u00e1ulico. Revista Brasileira de Engenharia Agr\u00edcola e Ambiental, p. 689-697, 2013.<\/td>\n<td style=\"text-align: center\"><a href=\"http:\/\/www.scielo.br\/scielo.php?script=sci_arttext&amp;pid=S1415-43662013000700001&amp;lng=en&amp;nrm=iso&amp;tlng=pt\"><img class=\"alignnone  wp-image-829\" src=\"https:\/\/wp.ufpel.edu.br\/ppgrecursoshidricos\/files\/2016\/07\/\u00edndice-1.png\" alt=\"indice\" width=\"27\" height=\"31\" srcset=\"https:\/\/wp.ufpel.edu.br\/ppgrecursoshidricos\/files\/2016\/07\/\u00edndice-1.png 208w, https:\/\/wp.ufpel.edu.br\/ppgrecursoshidricos\/files\/2016\/07\/\u00edndice-1-136x159.png 136w\" sizes=\"(max-width: 27px) 100vw, 27px\" \/><\/a><\/td>\n<td style=\"text-align: center\">0.532<\/td>\n<td style=\"text-align: center\">B2<\/td>\n<\/tr>\n<tr>\n<td style=\"text-align: center\">FARIA, L. C.; PRADO, G.; COLOMBO, A.; OLIVEIRA, H. F. E.; BESKOW, S. Simula\u00e7\u00e3o da distribui\u00e7\u00e3o de \u00e1gua em diferentes condi\u00e7\u00f5es de vento e espa\u00e7amentos entre aspersores. Revista Brasileira de Engenharia Agr\u00edcola e Ambiental, v. 17, p. 918-925, 2013<\/td>\n<td style=\"text-align: center\"><a href=\"http:\/\/www.scielo.br\/scielo.php?script=sci_arttext&amp;pid=S1415-43662013000900002&amp;lng=pt&amp;nrm=iso&amp;tlng=en\"><img class=\"alignnone  wp-image-829\" src=\"https:\/\/wp.ufpel.edu.br\/ppgrecursoshidricos\/files\/2016\/07\/\u00edndice-1.png\" alt=\"indice\" width=\"27\" height=\"31\" srcset=\"https:\/\/wp.ufpel.edu.br\/ppgrecursoshidricos\/files\/2016\/07\/\u00edndice-1.png 208w, https:\/\/wp.ufpel.edu.br\/ppgrecursoshidricos\/files\/2016\/07\/\u00edndice-1-136x159.png 136w\" sizes=\"(max-width: 27px) 100vw, 27px\" \/><\/a><\/td>\n<td style=\"text-align: center\">0.532<\/td>\n<td style=\"text-align: center\">B2<\/td>\n<\/tr>\n<tr>\n<td style=\"text-align: center\">KLEIN, V. A.; SUZUKI, L. E. A. S.; MADALOSSO, T.; REICHERT, J. M.; VEIGA, M.; ALBUQUERQUE, J. A.; PAULETTO, E. A. Metodologias de controle de qualidade de an\u00e1lises granulom\u00e9tricas do solo. Ci\u00eancia Rural, v. 43, p. 850-853, 2013.<\/td>\n<td style=\"text-align: center\"><a href=\"http:\/\/www.scielo.br\/scielo.php?script=sci_arttext&amp;pid=S0103-84782013000500015&amp;lng=pt&amp;nrm=iso&amp;tlng=en\"><img class=\"alignnone  wp-image-829\" src=\"https:\/\/wp.ufpel.edu.br\/ppgrecursoshidricos\/files\/2016\/07\/\u00edndice-1.png\" alt=\"indice\" width=\"27\" height=\"31\" srcset=\"https:\/\/wp.ufpel.edu.br\/ppgrecursoshidricos\/files\/2016\/07\/\u00edndice-1.png 208w, https:\/\/wp.ufpel.edu.br\/ppgrecursoshidricos\/files\/2016\/07\/\u00edndice-1-136x159.png 136w\" sizes=\"(max-width: 27px) 100vw, 27px\" \/><\/a><\/td>\n<td style=\"text-align: center\">0.2944<\/td>\n<td style=\"text-align: center\">&#8211;<\/td>\n<\/tr>\n<tr>\n<td style=\"text-align: center\">BONINI, C. S. B.; SUZUKI, L. E. A. S.; ALVES, M.C.; SUZUKI, L. G. A. S. Green manure and sewage sludge used to recover the fertility of a degraded Oxisol. International Journal of Sciences, v. 2, p. 49-57, 2013.<\/td>\n<td style=\"text-align: center\">&#8211;<\/td>\n<td style=\"text-align: center\">2.17<\/td>\n<td style=\"text-align: center\">B2<\/td>\n<\/tr>\n<tr>\n<td style=\"text-align: center\">SUZUKI, L. E. A. S.; REICHERT, J. M. ; REINERT, D. J. Degree of compactness, soil physical properties and yield of soybean in six soils under no-tillage. SOIL RESEARCH, v. 51, p. 1, 2013.<\/td>\n<td style=\"text-align: center\"><a href=\"http:\/\/www.publish.csiro.au\/sr\/SR12306\"><img class=\"alignnone  wp-image-829\" src=\"https:\/\/wp.ufpel.edu.br\/ppgrecursoshidricos\/files\/2016\/07\/\u00edndice-1.png\" alt=\"indice\" width=\"27\" height=\"31\" srcset=\"https:\/\/wp.ufpel.edu.br\/ppgrecursoshidricos\/files\/2016\/07\/\u00edndice-1.png 208w, https:\/\/wp.ufpel.edu.br\/ppgrecursoshidricos\/files\/2016\/07\/\u00edndice-1-136x159.png 136w\" sizes=\"(max-width: 27px) 100vw, 27px\" \/><\/a><\/td>\n<td style=\"text-align: center\">1.320<\/td>\n<td style=\"text-align: center\">&#8211;<\/td>\n<\/tr>\n<tr>\n<td style=\"text-align: center\">ROVEDDER, A. P. M.; SUZUKI, L. E. A. S.; DALMOLIN, R. S. D.; REICHERT, J. M.; SCHENATO, R. B. Compreens\u00e3o e aplicabilidade do conceito de solo florestal. Ci\u00eancia Florestal, v. 23, p. 519-530, 2013.<\/td>\n<td style=\"text-align: center\">&#8211;<\/td>\n<td style=\"text-align: center\">0.222<\/td>\n<td style=\"text-align: center\">B1<\/td>\n<\/tr>\n<tr>\n<td style=\"text-align: center\">CAMPOS, P. C.; M\u00d6LLER, O. O.; PIOLA, A. R.; PALMA, E. D. Seasonal variability and coastal upwelling near Cape Santa Marta (Brazil). Journal of Geophysical Research: Oceans, v. 118, p. 1420-1433, 2013.<\/td>\n<td style=\"text-align: center\"><a href=\"http:\/\/onlinelibrary.wiley.com\/doi\/10.1002\/jgrc.20131\/abstract\"><img class=\"alignnone  wp-image-829\" src=\"https:\/\/wp.ufpel.edu.br\/ppgrecursoshidricos\/files\/2016\/07\/\u00edndice-1.png\" alt=\"indice\" width=\"27\" height=\"31\" srcset=\"https:\/\/wp.ufpel.edu.br\/ppgrecursoshidricos\/files\/2016\/07\/\u00edndice-1.png 208w, https:\/\/wp.ufpel.edu.br\/ppgrecursoshidricos\/files\/2016\/07\/\u00edndice-1-136x159.png 136w\" sizes=\"(max-width: 27px) 100vw, 27px\" \/><\/a><\/td>\n<td style=\"text-align: center\">3.426<\/td>\n<td style=\"text-align: center\">A2<\/td>\n<\/tr>\n<tr>\n<td style=\"text-align: center\">ANDRADE, M. A.; MELLO, C.R.; BESKOW, S. Simula\u00e7\u00e3o hidrol\u00f3gica em uma bacia hidrogr\u00e1fica representativa dos Latossolos na regi\u00e3o Alto Rio Grande, MG. Revista Brasileira de Engenharia Agr\u00edcola e Ambiental, v. 17, p. 69-76, 2013.<\/td>\n<td style=\"text-align: center\"><a href=\"http:\/\/www.scielo.br\/scielo.php?script=sci_arttext&amp;pid=S1415-43662013000100010&amp;lng=pt&amp;nrm=iso&amp;tlng=en\"><img class=\"alignnone  wp-image-829\" src=\"https:\/\/wp.ufpel.edu.br\/ppgrecursoshidricos\/files\/2016\/07\/\u00edndice-1.png\" alt=\"indice\" width=\"27\" height=\"31\" srcset=\"https:\/\/wp.ufpel.edu.br\/ppgrecursoshidricos\/files\/2016\/07\/\u00edndice-1.png 208w, https:\/\/wp.ufpel.edu.br\/ppgrecursoshidricos\/files\/2016\/07\/\u00edndice-1-136x159.png 136w\" sizes=\"(max-width: 27px) 100vw, 27px\" \/><\/a><\/td>\n<td style=\"text-align: center\">0.550<\/td>\n<td style=\"text-align: center\">B2<\/td>\n<\/tr>\n<tr>\n<td style=\"text-align: center\">MELLO, C. R.; VIOLA, M. R.; BESKOW, S.; NORTON, L. D. Multivariate models for annual rainfall erosivity in Brazil. Geoderma, v. 202-203, p. 88-102, 2013.<\/td>\n<td style=\"text-align: center\"><a href=\"http:\/\/www.sciencedirect.com\/science\/article\/pii\/S0016706113000864\"><img class=\"alignnone  wp-image-829\" src=\"https:\/\/wp.ufpel.edu.br\/ppgrecursoshidricos\/files\/2016\/07\/\u00edndice-1.png\" alt=\"indice\" width=\"27\" height=\"31\" srcset=\"https:\/\/wp.ufpel.edu.br\/ppgrecursoshidricos\/files\/2016\/07\/\u00edndice-1.png 208w, https:\/\/wp.ufpel.edu.br\/ppgrecursoshidricos\/files\/2016\/07\/\u00edndice-1-136x159.png 136w\" sizes=\"(max-width: 27px) 100vw, 27px\" \/><\/a><\/td>\n<td style=\"text-align: center\">2.772<\/td>\n<td style=\"text-align: center\">&#8211;<\/td>\n<\/tr>\n<tr>\n<td style=\"text-align: center\">BESKOW, S.; NORTON, L. D.; MELLO, C. R. Hydrological Prediction in a Tropical Watershed Dominated by Oxisols Using a Distributed Hydrological Model. Water Resources Management, v. 27, p. 341-363, 2013.<\/td>\n<td style=\"text-align: center\"><a href=\"http:\/\/link.springer.com\/article\/10.1007%2Fs11269-012-0189-8\"><img class=\"alignnone  wp-image-829\" src=\"https:\/\/wp.ufpel.edu.br\/ppgrecursoshidricos\/files\/2016\/07\/\u00edndice-1.png\" alt=\"indice\" width=\"27\" height=\"31\" srcset=\"https:\/\/wp.ufpel.edu.br\/ppgrecursoshidricos\/files\/2016\/07\/\u00edndice-1.png 208w, https:\/\/wp.ufpel.edu.br\/ppgrecursoshidricos\/files\/2016\/07\/\u00edndice-1-136x159.png 136w\" sizes=\"(max-width: 27px) 100vw, 27px\" \/><\/a><\/td>\n<td style=\"text-align: center\">2.600<\/td>\n<td style=\"text-align: center\">A1<\/td>\n<\/tr>\n<tr>\n<td style=\"text-align: center\">SANTOS, M. C. N.; MELLO, J. M.; MELLO, C. R.; AVILA, L. F. Spatial continuity of soil attributes in an Atlantic Forest remnant in the Mantiqueira Range, MG. Ci\u00eancia e Agrotecnologia, v. 37, p. 68-77, 2013.<\/td>\n<td style=\"text-align: center\"><a href=\"http:\/\/www.scielo.br\/scielo.php?script=sci_arttext&amp;pid=S1413-70542013000100008&amp;lng=en&amp;nrm=iso&amp;tlng=en\"><img class=\"alignnone  wp-image-829\" src=\"https:\/\/wp.ufpel.edu.br\/ppgrecursoshidricos\/files\/2016\/07\/\u00edndice-1.png\" alt=\"indice\" width=\"27\" height=\"31\" srcset=\"https:\/\/wp.ufpel.edu.br\/ppgrecursoshidricos\/files\/2016\/07\/\u00edndice-1.png 208w, https:\/\/wp.ufpel.edu.br\/ppgrecursoshidricos\/files\/2016\/07\/\u00edndice-1-136x159.png 136w\" sizes=\"(max-width: 27px) 100vw, 27px\" \/><\/a><\/td>\n<td style=\"text-align: center\">0.64<\/td>\n<td style=\"text-align: center\">B1<\/td>\n<\/tr>\n<tr>\n<td style=\"text-align: center\">AVANZI, J. C.; SILVA, M. L. N.; CURI, N.; NORTON, L. D.; BESKOW, S.; MARTINS, S. G. Spatial distribution of water erosion risk in a watershed with eucalyptus and Atlantic Forest. Ci\u00eancia e Agrotecnologia, v. 37, p. 427-434, 2013.<\/td>\n<td style=\"text-align: center\"><a href=\"http:\/\/www.scielo.br\/scielo.php?script=sci_arttext&amp;pid=S1413-70542013000500006&amp;lng=en&amp;nrm=iso&amp;tlng=en\"><img class=\"alignnone  wp-image-829\" src=\"https:\/\/wp.ufpel.edu.br\/ppgrecursoshidricos\/files\/2016\/07\/\u00edndice-1.png\" alt=\"indice\" width=\"27\" height=\"31\" srcset=\"https:\/\/wp.ufpel.edu.br\/ppgrecursoshidricos\/files\/2016\/07\/\u00edndice-1.png 208w, https:\/\/wp.ufpel.edu.br\/ppgrecursoshidricos\/files\/2016\/07\/\u00edndice-1-136x159.png 136w\" sizes=\"(max-width: 27px) 100vw, 27px\" \/><\/a><\/td>\n<td style=\"text-align: center\">0.64<\/td>\n<td style=\"text-align: center\">B1<\/td>\n<\/tr>\n<\/tbody>\n<\/table>\n<p><\/p>\n","protected":false},"excerpt":{"rendered":"<p>Descri\u00e7\u00e3o do Artigo Doi Fator de Impacto Qualis em Engenharias I MELLO, C. R.; VIOLA, M. R. Mapeamento de chuvas intensas no estado de Minas Gerais. Revista Brasileira de Ci\u00eancia do Solo, v. 37, p. 37-44, 2013. 0.5268 B1 PINTO, D. B. F.; SILVA, A. M.; BESKOW, S.; MELLO, C. R.; COELHO, G. Application of [&hellip;]<\/p>\n","protected":false},"author":669,"featured_media":0,"parent":0,"menu_order":0,"comment_status":"closed","ping_status":"closed","template":"","meta":{"jetpack_post_was_ever_published":false,"footnotes":""},"class_list":["post-368","page","type-page","status-publish","hentry"],"jetpack_shortlink":"https:\/\/wp.me\/Paj7D4-5W","jetpack_sharing_enabled":true,"_links":{"self":[{"href":"https:\/\/wp.ufpel.edu.br\/ppgrecursoshidricos\/wp-json\/wp\/v2\/pages\/368","targetHints":{"allow":["GET"]}}],"collection":[{"href":"https:\/\/wp.ufpel.edu.br\/ppgrecursoshidricos\/wp-json\/wp\/v2\/pages"}],"about":[{"href":"https:\/\/wp.ufpel.edu.br\/ppgrecursoshidricos\/wp-json\/wp\/v2\/types\/page"}],"author":[{"embeddable":true,"href":"https:\/\/wp.ufpel.edu.br\/ppgrecursoshidricos\/wp-json\/wp\/v2\/users\/669"}],"replies":[{"embeddable":true,"href":"https:\/\/wp.ufpel.edu.br\/ppgrecursoshidricos\/wp-json\/wp\/v2\/comments?post=368"}],"version-history":[{"count":4,"href":"https:\/\/wp.ufpel.edu.br\/ppgrecursoshidricos\/wp-json\/wp\/v2\/pages\/368\/revisions"}],"predecessor-version":[{"id":845,"href":"https:\/\/wp.ufpel.edu.br\/ppgrecursoshidricos\/wp-json\/wp\/v2\/pages\/368\/revisions\/845"}],"wp:attachment":[{"href":"https:\/\/wp.ufpel.edu.br\/ppgrecursoshidricos\/wp-json\/wp\/v2\/media?parent=368"}],"curies":[{"name":"wp","href":"https:\/\/api.w.org\/{rel}","templated":true}]}}