{"id":363,"date":"2016-07-20T15:45:11","date_gmt":"2016-07-20T18:45:11","guid":{"rendered":"https:\/\/wp.ufpel.edu.br\/ppgrecursoshidricos\/?page_id=363"},"modified":"2020-05-19T15:33:57","modified_gmt":"2020-05-19T18:33:57","slug":"publicacoes-do-ano-de-2014","status":"publish","type":"page","link":"https:\/\/wp.ufpel.edu.br\/ppgrecursoshidricos\/publicacoes-do-ano-de-2014\/","title":{"rendered":"Publica\u00e7\u00f5es do Ano de 2014"},"content":{"rendered":"<table>\n<tbody>\n<tr>\n<td style=\"text-align: center\">Descri\u00e7\u00e3o do Artigo<\/td>\n<td style=\"text-align: center\">Doi<\/td>\n<td style=\"text-align: center\">Fator de impacto<\/td>\n<td style=\"text-align: center\">Qualis em Engenharia I<\/td>\n<\/tr>\n<tr>\n<td style=\"text-align: center\">DUR\u00c3ES, M. F. ; MELLO, C. R. . Hydrosedimentologic disturbance index applied to watersheds of Minas Gerais state. Ci\u00eancia e Agrotecnologia (UFLA), v. 38, p. 61-67, 2014.<\/td>\n<td style=\"text-align: center\"><a href=\"http:\/\/www.scielo.br\/scielo.php?script=sci_arttext&amp;pid=S1413-70542014000100007&amp;lng=en&amp;nrm=iso&amp;tlng=en\"><img class=\"wp-image-829 aligncenter\" src=\"https:\/\/wp.ufpel.edu.br\/ppgrecursoshidricos\/files\/2016\/07\/\u00edndice-1.png\" alt=\"indice\" width=\"26\" height=\"31\" srcset=\"https:\/\/wp.ufpel.edu.br\/ppgrecursoshidricos\/files\/2016\/07\/\u00edndice-1.png 208w, https:\/\/wp.ufpel.edu.br\/ppgrecursoshidricos\/files\/2016\/07\/\u00edndice-1-136x159.png 136w\" sizes=\"(max-width: 26px) 100vw, 26px\" \/><\/a><\/td>\n<td style=\"text-align: center\">0.64<\/td>\n<td style=\"text-align: center\">B1<\/td>\n<\/tr>\n<tr>\n<td style=\"text-align: center\">VIOLA, M. R. ; AVANZI, J. C. ; MELLO, C.R. ; LIMA, S. O. ; ALVES, M. V. G. . Distribui\u00e7\u00e3o e potencial erosivo das chuvas no Estado do Tocantins. Pesquisa Agropecu\u00e1ria Brasileira (1977. Impressa), v. 49, p. 125-135, 2014.<\/td>\n<td style=\"text-align: center\"><a href=\"http:\/\/www.scielo.br\/scielo.php?script=sci_arttext&amp;pid=S0100-204X2014000200125&amp;lng=pt&amp;nrm=iso&amp;tlng=en\"><img class=\"wp-image-829 aligncenter\" src=\"https:\/\/wp.ufpel.edu.br\/ppgrecursoshidricos\/files\/2016\/07\/\u00edndice-1.png\" alt=\"indice\" width=\"26\" height=\"31\" srcset=\"https:\/\/wp.ufpel.edu.br\/ppgrecursoshidricos\/files\/2016\/07\/\u00edndice-1.png 208w, https:\/\/wp.ufpel.edu.br\/ppgrecursoshidricos\/files\/2016\/07\/\u00edndice-1-136x159.png 136w\" sizes=\"(max-width: 26px) 100vw, 26px\" \/><\/a><\/td>\n<td style=\"text-align: center\">&#8211;<\/td>\n<td style=\"text-align: center\">B1<\/td>\n<\/tr>\n<tr>\n<td style=\"text-align: center\">MELO NETO, J. O. ; SILVA, A. M. ; MELLO, C.R. ; MELLO JUNIOR, A. V. . Simula\u00e7\u00e3o hidrol\u00f3gica escalar com o modelo SWAT. Revista Brasileira de Recursos H\u00eddricos, v. 19, p. 177-188, 2014.<\/td>\n<td style=\"text-align: center\">&#8211;<\/td>\n<td style=\"text-align: center\">&#8211;<\/td>\n<td style=\"text-align: center\">B3<\/td>\n<\/tr>\n<tr>\n<td style=\"text-align: center\">AQUINO, R. F. ; SILVA, M. L. N. ; FREITAS, D. A. F. ; CURI, N. ; MELLO, C. R. ; AVANZI, J. C. . Erosividade das chuvas e tempo de recorr\u00eancia para Lavras, Minas Gerais. Revista Ceres, v. 61, p. 09-16, 2014.<\/td>\n<td style=\"text-align: center\"><a href=\"http:\/\/www.scielo.br\/scielo.php?script=sci_arttext&amp;pid=S0034-737X2014000100002&amp;lng=pt&amp;nrm=iso&amp;tlng=en\"><img class=\"wp-image-829 aligncenter\" src=\"https:\/\/wp.ufpel.edu.br\/ppgrecursoshidricos\/files\/2016\/07\/\u00edndice-1.png\" alt=\"indice\" width=\"26\" height=\"31\" srcset=\"https:\/\/wp.ufpel.edu.br\/ppgrecursoshidricos\/files\/2016\/07\/\u00edndice-1.png 208w, https:\/\/wp.ufpel.edu.br\/ppgrecursoshidricos\/files\/2016\/07\/\u00edndice-1-136x159.png 136w\" sizes=\"(max-width: 26px) 100vw, 26px\" \/><\/a><\/td>\n<td style=\"text-align: center\">0.2282<\/td>\n<td style=\"text-align: center\">B3<\/td>\n<\/tr>\n<tr>\n<td style=\"text-align: center\">OLIVEIRA, A. S. ; MELLO, C. R. ; Franco, C. S. ; MARQUES, R. F. P. V. ; SILVA, A. M. . Aplicabilidade da distribui\u00e7\u00e3o GEV ao estudo da precipita\u00e7\u00e3o m\u00e1xima di\u00e1ria anual na regi\u00e3o sul de Minas Gerais. Revista Agrogeoambiental, v. 6, p. 31-44, 2014.<\/td>\n<td style=\"text-align: center\">&#8211;<\/td>\n<td style=\"text-align: center\">&#8211;<\/td>\n<td style=\"text-align: center\">B5<\/td>\n<\/tr>\n<tr>\n<td style=\"text-align: center\">AVILA, L. F. ; MELLO, C.R. ; YANAGI, S. N. M. ; SACRAMENTO NETO, O. B. . Tend\u00eancias de temperaturas m\u00ednimas e m\u00e1ximas do ar no Estado de Minas Gerais. Pesquisa Agropecu\u00e1ria Brasileira (1977. Impressa), v. 49, p. 247-256, 2014.<\/td>\n<td style=\"text-align: center\"><a href=\"http:\/\/www.scielo.br\/scielo.php?script=sci_arttext&amp;pid=S0100-204X2014000400247&amp;lng=pt&amp;nrm=iso&amp;tlng=en\"><img class=\"wp-image-829 aligncenter\" src=\"https:\/\/wp.ufpel.edu.br\/ppgrecursoshidricos\/files\/2016\/07\/\u00edndice-1.png\" alt=\"indice\" width=\"26\" height=\"31\" srcset=\"https:\/\/wp.ufpel.edu.br\/ppgrecursoshidricos\/files\/2016\/07\/\u00edndice-1.png 208w, https:\/\/wp.ufpel.edu.br\/ppgrecursoshidricos\/files\/2016\/07\/\u00edndice-1-136x159.png 136w\" sizes=\"(max-width: 26px) 100vw, 26px\" \/><\/a><\/td>\n<td style=\"text-align: center\"><\/td>\n<td style=\"text-align: center\">B1<\/td>\n<\/tr>\n<tr>\n<td style=\"text-align: center\">BESKOW, S. ; MELLO, C.R. ; FARIA, L. C. ; SIMOES, M. C. ; CALDEIRA, T. L. ; NUNES, G. S. . \u00cdndices de sazonalidade para regionaliza\u00e7\u00e3o hidrol\u00f3gica de vaz\u00f5es de estiagem no Rio Grande do Sul. Revista Brasileira de Engenharia Agr\u00edcola e Ambiental (Online), v. 18, p. 748-754, 2014.<\/td>\n<td style=\"text-align: center\"><a href=\"http:\/\/www.scielo.br\/scielo.php?script=sci_arttext&amp;pid=S1415-43662014000700012&amp;lng=pt&amp;nrm=iso&amp;tlng=en\"><img class=\"wp-image-829 aligncenter\" src=\"https:\/\/wp.ufpel.edu.br\/ppgrecursoshidricos\/files\/2016\/07\/\u00edndice-1.png\" alt=\"indice\" width=\"26\" height=\"31\" srcset=\"https:\/\/wp.ufpel.edu.br\/ppgrecursoshidricos\/files\/2016\/07\/\u00edndice-1.png 208w, https:\/\/wp.ufpel.edu.br\/ppgrecursoshidricos\/files\/2016\/07\/\u00edndice-1-136x159.png 136w\" sizes=\"(max-width: 26px) 100vw, 26px\" \/><\/a><\/td>\n<td style=\"text-align: center\">0.550<\/td>\n<td style=\"text-align: center\">B2<\/td>\n<\/tr>\n<tr>\n<td style=\"text-align: center\">OLIVEIRA, V. A. ; MELLO, C.R. ; DURAES, M. ; SILVA, A. M. . Soil erosion vulnerability in the Verde River Basin, southern Minas Gerais. Ci\u00eancia e Agrotecnologia (Online), v. 38, p. 262-269, 2014.<\/td>\n<td style=\"text-align: center\">&#8211;<\/td>\n<td style=\"text-align: center\">0,64<\/td>\n<td style=\"text-align: center\">B1<\/td>\n<\/tr>\n<tr>\n<td style=\"text-align: center\">MENEZES, M. D. ; SILVA, S. H. G. ; MELLO, C. R. ; OWENS, P. R. ; CURI, N. . Solum depth spatial prediction comparing conventional with knowledge-based digital soil mapping approaches. Scientia Agricola (USP. Impresso), v. 71, p. 316-323, 2014.<\/td>\n<td style=\"text-align: center\"><a href=\"http:\/\/www.scielo.br\/scielo.php?script=sci_arttext&amp;pid=S0103-90162014000400009&amp;lng=en&amp;nrm=iso&amp;tlng=en\"><img class=\"wp-image-829 aligncenter\" src=\"https:\/\/wp.ufpel.edu.br\/ppgrecursoshidricos\/files\/2016\/07\/\u00edndice-1.png\" alt=\"indice\" width=\"26\" height=\"31\" srcset=\"https:\/\/wp.ufpel.edu.br\/ppgrecursoshidricos\/files\/2016\/07\/\u00edndice-1.png 208w, https:\/\/wp.ufpel.edu.br\/ppgrecursoshidricos\/files\/2016\/07\/\u00edndice-1-136x159.png 136w\" sizes=\"(max-width: 26px) 100vw, 26px\" \/><\/a><\/td>\n<td style=\"text-align: center\">&#8211;<\/td>\n<td style=\"text-align: center\">B2<\/td>\n<\/tr>\n<tr>\n<td style=\"text-align: center\">VIOLA, M. R. ; MELLO, C. R. ; BESKOW, S. ; NORTON, L. D. . Impacts of Land-use Changes on the Hydrology of the Grande River Basin Headwaters, Southeastern Brazil. Water Resources Management, v. 28, p. 1-14, 2014.<\/td>\n<td style=\"text-align: center\"><a href=\"http:\/\/link.springer.com\/article\/10.1007\/s11269-014-0749-1\/fulltext.html\"><img class=\"wp-image-829 aligncenter\" src=\"https:\/\/wp.ufpel.edu.br\/ppgrecursoshidricos\/files\/2016\/07\/\u00edndice-1.png\" alt=\"indice\" width=\"26\" height=\"31\" srcset=\"https:\/\/wp.ufpel.edu.br\/ppgrecursoshidricos\/files\/2016\/07\/\u00edndice-1.png 208w, https:\/\/wp.ufpel.edu.br\/ppgrecursoshidricos\/files\/2016\/07\/\u00edndice-1-136x159.png 136w\" sizes=\"(max-width: 26px) 100vw, 26px\" \/><\/a><\/td>\n<td style=\"text-align: center\">2.60<\/td>\n<td style=\"text-align: center\">A1<\/td>\n<\/tr>\n<tr>\n<td style=\"text-align: center\">MARQUES, R. F. P. V. ; MELLO, C. R. ; SILVA, A. M. ; FRANCO, C. S. ; OLIVEIRA, A. S. . Performance of the probability distribution models applied to heavy rainfall daily events. Ci\u00eancia e Agrotecnologia (Online), v. 38, p. 335-342, 2014.<\/td>\n<td style=\"text-align: center\">&#8211;<\/td>\n<td style=\"text-align: center\">0,64<\/td>\n<td style=\"text-align: center\">B1<\/td>\n<\/tr>\n<tr>\n<td style=\"text-align: center\">AVILA, L. F. ; MELLO, C. R. ; PINTO, L. C. ; SILVA, A. M. . Parti\u00e7\u00e3o da precipita\u00e7\u00e3o pluvial em uma microbacia hidrogr?fica ocupada por Mata Atl\u00e2ntica na Serra da Mantiqueira, MG. Ci\u00eancia Florestal (UFSM. Impresso), v. 24, p. 583-595, 2014.<\/td>\n<td style=\"text-align: center\">&#8211;<\/td>\n<td style=\"text-align: center\">0.222<\/td>\n<td style=\"text-align: center\">B1<\/td>\n<\/tr>\n<tr>\n<td style=\"text-align: center\">OLIVEIRA, A. S. ; SILVA, A. M. ; MELLO, C. R. ; ALVES, G. J. . Stream flow regime of springs in the Mantiqueira Mountain Range region, Minas Gerais State. CERNE (UFLA), v. 20, p. 343-349, 2014.<\/td>\n<td style=\"text-align: center\"><a href=\"http:\/\/www.scielo.br\/scielo.php?script=sci_arttext&amp;pid=S0104-77602014000300002&amp;lng=en&amp;nrm=iso&amp;tlng=en\"><img class=\"wp-image-829 aligncenter\" src=\"https:\/\/wp.ufpel.edu.br\/ppgrecursoshidricos\/files\/2016\/07\/\u00edndice-1.png\" alt=\"indice\" width=\"26\" height=\"31\" srcset=\"https:\/\/wp.ufpel.edu.br\/ppgrecursoshidricos\/files\/2016\/07\/\u00edndice-1.png 208w, https:\/\/wp.ufpel.edu.br\/ppgrecursoshidricos\/files\/2016\/07\/\u00edndice-1-136x159.png 136w\" sizes=\"(max-width: 26px) 100vw, 26px\" \/><\/a><\/td>\n<td style=\"text-align: center\">0.640<\/td>\n<td style=\"text-align: center\">B2<\/td>\n<\/tr>\n<tr>\n<td style=\"text-align: center\">ELESBON, A. A. A. ; SILVA, D. D. ; SEDIYAMA, G. C. ; MONTENEGRO, A. A. A. ; RIBEIRO, C.A.A.S. ; GUEDES, H. A. S. Proposta metodol\u00f3gica para projeto de redes hidrom\u00e9tricas: parte I- espacializa\u00e7\u00e3o n\u00e3o tendenciosa dos dados hidrol\u00f3gicos. Revista Brasileira de Engenharia Agr\u00edcola e Ambiental (Online), v. 18, p. 980-985, 2014<\/td>\n<td style=\"text-align: center\"><a href=\"http:\/\/www.scielo.br\/scielo.php?script=sci_arttext&amp;pid=S1415-43662014000900015&amp;lng=pt&amp;nrm=iso&amp;tlng=en\"><img class=\"wp-image-829 aligncenter\" src=\"https:\/\/wp.ufpel.edu.br\/ppgrecursoshidricos\/files\/2016\/07\/\u00edndice-1.png\" alt=\"indice\" width=\"26\" height=\"31\" srcset=\"https:\/\/wp.ufpel.edu.br\/ppgrecursoshidricos\/files\/2016\/07\/\u00edndice-1.png 208w, https:\/\/wp.ufpel.edu.br\/ppgrecursoshidricos\/files\/2016\/07\/\u00edndice-1-136x159.png 136w\" sizes=\"(max-width: 26px) 100vw, 26px\" \/><\/a><\/td>\n<td style=\"text-align: center\">0.550<\/td>\n<td style=\"text-align: center\">B2<\/td>\n<\/tr>\n<tr>\n<td style=\"text-align: center\">ELESBON, A. A. A. ; SILVA, D. D. ; SEDIYAMA, G. C. ; MONTENEGRO, A. A. A. ; RIBEIRO, C.A.A.S. ; GUEDES, H. A. S. . Proposta metodol\u00f3gica para projeto de redes hidrom\u00e9tricas: parte II &#8211; exclus\u00e3o, rearranjo e inclus\u00e3o de esta\u00e7\u00f5es. Revista Brasileira de Engenharia Agr\u00edcola e Ambiental (Online), v. 18, p. 1023-1030, 2014.<\/td>\n<td style=\"text-align: center\"><a href=\"http:\/\/www.scielo.br\/scielo.php?script=sci_arttext&amp;pid=S1415-43662014001000006&amp;lng=pt&amp;nrm=iso&amp;tlng=en\"><img class=\"wp-image-829 aligncenter\" src=\"https:\/\/wp.ufpel.edu.br\/ppgrecursoshidricos\/files\/2016\/07\/\u00edndice-1.png\" alt=\"indice\" width=\"26\" height=\"31\" srcset=\"https:\/\/wp.ufpel.edu.br\/ppgrecursoshidricos\/files\/2016\/07\/\u00edndice-1.png 208w, https:\/\/wp.ufpel.edu.br\/ppgrecursoshidricos\/files\/2016\/07\/\u00edndice-1-136x159.png 136w\" sizes=\"(max-width: 26px) 100vw, 26px\" \/><\/a><\/td>\n<td style=\"text-align: center\">0.550<\/td>\n<td style=\"text-align: center\">B2<\/td>\n<\/tr>\n<tr>\n<td style=\"text-align: center\">Guedes, H. A. S. ; SILVA, D. D. ; Dergam, J. A. ; Elesbon, A. A. A. . Estabelecimento do Regime de Vaz\u00f5es Ecol\u00f3gicas no Rio Formoso\/MG com base em Esp\u00e9cies Neotropicais. Revista Brasileira de Recursos H\u00eddricos, v. 19, p. 72-82, 2014.<\/td>\n<td style=\"text-align: center\">&#8211;<\/td>\n<td style=\"text-align: center\">&#8211;<\/td>\n<td style=\"text-align: center\">B3<\/td>\n<\/tr>\n<tr>\n<td style=\"text-align: center\">PARFITT, J. M. B. ; TIMM, L. C. ; REICHARDT, K. ; PAULETTO, E. A. . Impacts of land leveling on lowland soil physical properties. Revista Brasileira de Ci\u00eancia do Solo (Impresso), v. 38, p. 315-326, 2014.<\/td>\n<td style=\"text-align: center\">&#8211;<\/td>\n<td style=\"text-align: center\">0.760<\/td>\n<td style=\"text-align: center\">B1<\/td>\n<\/tr>\n<tr>\n<td style=\"text-align: center\">MONCADA, M.P. ; PENNING, L. H. ; TIMM, L. C. ; GABRIELS, D. ; CORNELIS, W. . Visual examinations and soil physical and hydraulic properties for assessing soil structural quality of soils with contrasting textures and land uses. Soil &amp; Tillage Research, v. 140, p. 20-28, 2014<\/td>\n<td style=\"text-align: center\">&#8211;<\/td>\n<td style=\"text-align: center\">2.622<\/td>\n<td style=\"text-align: center\">A2<\/td>\n<\/tr>\n<tr>\n<td style=\"text-align: center\">OGUNWOLE, J. O. ; TIMM, L. C. ; OBIDIKE-UGWU, E. O. ; GABRIELS, D. . State-Space Estimation of Soil Organic Carbon Stock. International Agrophysics, v. 28, p. 185-194, 2014.<\/td>\n<td style=\"text-align: center\">&#8211;<\/td>\n<td style=\"text-align: center\">1.117<\/td>\n<td style=\"text-align: center\">B1<\/td>\n<\/tr>\n<tr>\n<td style=\"text-align: center\">TERRA, V.S.S. ; VALGAS, R.A. ; REISSER JUNIOR, C. ; TIMM, L. C. ; PEREIRA, J.F.M. ; CARVALHO, F.L.C. ; OLDONI, H. . Multivariate analysis applied to the study of the relationship between soil and plant properties in a peach orchard. Revista Brasileira de Ci\u00eancia do Solo (Impresso), v. 38, p. 755-764, 2014.<\/td>\n<td style=\"text-align: center\">&#8211;<\/td>\n<td style=\"text-align: center\">0.760<\/td>\n<td style=\"text-align: center\">B1<\/td>\n<\/tr>\n<tr>\n<td style=\"text-align: center\">ISLABAO, G. O. ; VAHL, L. C. ; TIMM, L. C. ; PAUL, D.L. ; KATH, A.H. . Rice husk ash as corrective of soil acidity. Revista Brasileira de Ci\u00eancia do Solo (Impresso), v. 38, p. 934-941, 2014.<\/td>\n<td style=\"text-align: center\">&#8211;<\/td>\n<td style=\"text-align: center\">0.760<\/td>\n<td style=\"text-align: center\">B1<\/td>\n<\/tr>\n<tr>\n<td style=\"text-align: center\">PINTO, M. A. B. ; REISSER JUNIOR, C. ; TIMM, L. C. ; BRIXNER, G.F. ; ANJOS E SILVA, S.D. ; PENNING, L. H. . Development and initial growth of castor bean (Ricinus communis) crop submitted to different soil water tensions. Agrociencia (Montecillo), v. 48, p. 501-510, 2014.<\/td>\n<td style=\"text-align: center\">&#8211;<\/td>\n<td style=\"text-align: center\">0.262<\/td>\n<td style=\"text-align: center\">B2<\/td>\n<\/tr>\n<tr>\n<td style=\"text-align: center\">OGUNWOLE, J. O. ; OBIDIKE, E. O. ; TIMM, LUIS C. ; ODUNZE, A. C. ; GABRIELS, D. M. . Assessment of Spatial Distribution of Selected Soil Properties using Geospatial Statistical Tools. Communications in Soil Science and Plant Analysis, v. 45, p. 2182-2200, 2014.<\/td>\n<td style=\"text-align: center\"><a href=\"http:\/\/www.tandfonline.com\/doi\/abs\/10.1080\/00103624.2014.912288\"><img class=\"wp-image-829 aligncenter\" src=\"https:\/\/wp.ufpel.edu.br\/ppgrecursoshidricos\/files\/2016\/07\/\u00edndice-1.png\" alt=\"indice\" width=\"26\" height=\"31\" srcset=\"https:\/\/wp.ufpel.edu.br\/ppgrecursoshidricos\/files\/2016\/07\/\u00edndice-1.png 208w, https:\/\/wp.ufpel.edu.br\/ppgrecursoshidricos\/files\/2016\/07\/\u00edndice-1-136x159.png 136w\" sizes=\"(max-width: 26px) 100vw, 26px\" \/><\/a><\/td>\n<td style=\"text-align: center\">0.390<\/td>\n<td style=\"text-align: center\">B2<\/td>\n<\/tr>\n<tr>\n<td style=\"text-align: center\">SHE, D. ; XUEMEI, G. ; JINGRU, S. ; TIMM, L. C. ; HU, W. . Soil organic carbon estimation with topographic properties in artificial grassland using a state-space modeling approach. Canadian Journal of Soil Science, v. 94, p. 503-514, 2014.<\/td>\n<td style=\"text-align: center\"><a href=\"http:\/\/www.nrcresearchpress.com\/doi\/abs\/10.4141\/cjss2013-060#.WASye_Q9xe4\"><img class=\"wp-image-829 aligncenter\" src=\"https:\/\/wp.ufpel.edu.br\/ppgrecursoshidricos\/files\/2016\/07\/\u00edndice-1.png\" alt=\"indice\" width=\"26\" height=\"31\" srcset=\"https:\/\/wp.ufpel.edu.br\/ppgrecursoshidricos\/files\/2016\/07\/\u00edndice-1.png 208w, https:\/\/wp.ufpel.edu.br\/ppgrecursoshidricos\/files\/2016\/07\/\u00edndice-1-136x159.png 136w\" sizes=\"(max-width: 26px) 100vw, 26px\" \/><\/a><\/td>\n<td style=\"text-align: center\">1.382<\/td>\n<td style=\"text-align: center\">B1<\/td>\n<\/tr>\n<tr>\n<td style=\"text-align: center\">SUZUKI, L. E. A. S. ; LIMA, C.L.R. de ; REINERT, D.J. ; REICHERT, J.M. ; PILLON, C. N. . Estrutura e armazenamento de \u00e1gua em um Argissolo sob pastagem cultivada, floresta nativa e povoamento de eucalipto no Rio Grande do Sul. Revista Brasileira de Ci\u00eancia do Solo (Impresso), v. 38, p. 94-106, 2014.<\/td>\n<td style=\"text-align: center\">&#8211;<\/td>\n<td style=\"text-align: center\">0.760<\/td>\n<td style=\"text-align: center\">B1<\/td>\n<\/tr>\n<tr>\n<td style=\"text-align: center\">STUMPF, L. ; PAULETTO, E. A. ; SUZUKI, L. E. A. S. ; FERNANDES, F. F. ; SILVA, T.S. ; PINTO, L. F. S. ; LIMA, C. L. R. . Perenial Grasses for recovery of the aggregation capacity of a reconstructed soil in a coal mining area in Southern Brazil.. Revista Brasileira de Ci\u00eancia do Solo (Impresso), v. 38, p. 327-335, 2014.<\/td>\n<td style=\"text-align: center\">&#8211;<\/td>\n<td style=\"text-align: center\">0.760<\/td>\n<td style=\"text-align: center\">B1<\/td>\n<\/tr>\n<tr>\n<td style=\"text-align: center\">PALAURO, C. ; KEMPKA, M. ; MARQUES, M. G. ; DAI PR\u00c1, M. . Distribui\u00e7\u00e3o das Press\u00f5es a Jusante de Comportas tipo Segmento Invertida em Modelo F\u00edsico de Eclusas de Navega\u00e7\u00e3o. Revista Brasileira de Recursos H\u00eddricos, v. 19, p. 65-73, 2014.<\/td>\n<td style=\"text-align: center\">&#8211;<\/td>\n<td style=\"text-align: center\">&#8211;<\/td>\n<td style=\"text-align: center\">B3<\/td>\n<\/tr>\n<tr>\n<td style=\"text-align: center\">KEMPKA, M. ; MARQUES, M. G. ; DAI PR\u00c1, M. ; PALAURO, C. . Estimativa das press\u00f5es cr\u00edticas a jusante de comportas de setor invertidas instaladas nos condutos de enchimento e esgotamento de eclusas. Revista Brasileira de Recursos H\u00eddricos, v. 19, p. 160-166, 2014.<\/td>\n<td style=\"text-align: center\">&#8211;<\/td>\n<td style=\"text-align: center\">&#8211;<\/td>\n<td style=\"text-align: center\">B3<\/td>\n<\/tr>\n<tr>\n<td style=\"text-align: center\">AVILA, R. A. ; Moller Jr., O.O. ; ANDRADE, M. M. . Uso de um ADCP para Estimar Concentra\u00e7\u00f5es de Material Particulado em Suspens\u00e3o para o Estu\u00e1rio da Lagoa dos Patos, Brasil. Revista Brasileira de Recursos H\u00eddricos, v. 19, p. 299-309, 2014.<\/td>\n<td style=\"text-align: center\">&#8211;<\/td>\n<td style=\"text-align: center\">&#8211;<\/td>\n<td style=\"text-align: center\">B3<\/td>\n<\/tr>\n<tr>\n<td style=\"text-align: center\">POERSCH, L. H. ; MILACH, \u00c2. M. ; CAVALLI, R. O. ; WASIELESKY, W. JR. ; MOLLER, OSMAR ; CASTELLO, J. P. . Use of a mathematical model to estimate the impact of shrimp pen culture at Patos Lagoon estuary, Brazil. Anais da Academia Brasileira de Ci\u00eancias (Impresso), v. 86, p. 1063-1076, 2014.<\/td>\n<td style=\"text-align: center\"><a href=\"http:\/\/www.scielo.br\/scielo.php?script=sci_arttext&amp;pid=S0001-37652014000301063&amp;lng=en&amp;nrm=iso&amp;tlng=en\"><img class=\"wp-image-829 aligncenter\" src=\"https:\/\/wp.ufpel.edu.br\/ppgrecursoshidricos\/files\/2016\/07\/\u00edndice-1.png\" alt=\"indice\" width=\"26\" height=\"31\" srcset=\"https:\/\/wp.ufpel.edu.br\/ppgrecursoshidricos\/files\/2016\/07\/\u00edndice-1.png 208w, https:\/\/wp.ufpel.edu.br\/ppgrecursoshidricos\/files\/2016\/07\/\u00edndice-1-136x159.png 136w\" sizes=\"(max-width: 26px) 100vw, 26px\" \/><\/a><\/td>\n<td style=\"text-align: center\">0.1935<\/td>\n<td style=\"text-align: center\">B1<\/td>\n<\/tr>\n<tr>\n<td style=\"text-align: center\">CIOTTI, \u00c1. M. ; MAHIQUES, M. ; MOLLER, O. O. . The meridional gradients of the S-SE Brazilian continental shelf: Introduction to the special volume. Continental Shelf Research, v. 89, p. 1-4, 2014.<\/td>\n<td style=\"text-align: center\"><a href=\"http:\/\/www.sciencedirect.com\/science\/article\/pii\/S0278434314002702\"><img class=\"wp-image-829 aligncenter\" src=\"https:\/\/wp.ufpel.edu.br\/ppgrecursoshidricos\/files\/2016\/07\/\u00edndice-1.png\" alt=\"indice\" width=\"26\" height=\"31\" srcset=\"https:\/\/wp.ufpel.edu.br\/ppgrecursoshidricos\/files\/2016\/07\/\u00edndice-1.png 208w, https:\/\/wp.ufpel.edu.br\/ppgrecursoshidricos\/files\/2016\/07\/\u00edndice-1-136x159.png 136w\" sizes=\"(max-width: 26px) 100vw, 26px\" \/><\/a><\/td>\n<td style=\"text-align: center\">1.892<\/td>\n<td style=\"text-align: center\">B1<\/td>\n<\/tr>\n<\/tbody>\n<\/table>\n<p><\/p>\n","protected":false},"excerpt":{"rendered":"<p>Descri\u00e7\u00e3o do Artigo Doi Fator de impacto Qualis em Engenharia I DUR\u00c3ES, M. F. ; MELLO, C. R. . Hydrosedimentologic disturbance index applied to watersheds of Minas Gerais state. Ci\u00eancia e Agrotecnologia (UFLA), v. 38, p. 61-67, 2014. 0.64 B1 VIOLA, M. R. ; AVANZI, J. C. ; MELLO, C.R. ; LIMA, S. O. ; [&hellip;]<\/p>\n","protected":false},"author":669,"featured_media":0,"parent":0,"menu_order":0,"comment_status":"closed","ping_status":"closed","template":"","meta":{"jetpack_post_was_ever_published":false,"footnotes":""},"class_list":["post-363","page","type-page","status-publish","hentry"],"jetpack_shortlink":"https:\/\/wp.me\/Paj7D4-5R","jetpack_sharing_enabled":true,"_links":{"self":[{"href":"https:\/\/wp.ufpel.edu.br\/ppgrecursoshidricos\/wp-json\/wp\/v2\/pages\/363","targetHints":{"allow":["GET"]}}],"collection":[{"href":"https:\/\/wp.ufpel.edu.br\/ppgrecursoshidricos\/wp-json\/wp\/v2\/pages"}],"about":[{"href":"https:\/\/wp.ufpel.edu.br\/ppgrecursoshidricos\/wp-json\/wp\/v2\/types\/page"}],"author":[{"embeddable":true,"href":"https:\/\/wp.ufpel.edu.br\/ppgrecursoshidricos\/wp-json\/wp\/v2\/users\/669"}],"replies":[{"embeddable":true,"href":"https:\/\/wp.ufpel.edu.br\/ppgrecursoshidricos\/wp-json\/wp\/v2\/comments?post=363"}],"version-history":[{"count":4,"href":"https:\/\/wp.ufpel.edu.br\/ppgrecursoshidricos\/wp-json\/wp\/v2\/pages\/363\/revisions"}],"predecessor-version":[{"id":1051,"href":"https:\/\/wp.ufpel.edu.br\/ppgrecursoshidricos\/wp-json\/wp\/v2\/pages\/363\/revisions\/1051"}],"wp:attachment":[{"href":"https:\/\/wp.ufpel.edu.br\/ppgrecursoshidricos\/wp-json\/wp\/v2\/media?parent=363"}],"curies":[{"name":"wp","href":"https:\/\/api.w.org\/{rel}","templated":true}]}}