{"id":3530,"date":"2022-06-20T19:58:09","date_gmt":"2022-06-20T22:58:09","guid":{"rendered":"https:\/\/wp.ufpel.edu.br\/ppgrecursoshidricos\/?page_id=3530"},"modified":"2026-03-31T18:54:34","modified_gmt":"2026-03-31T21:54:34","slug":"bolsas-de-mestrado-e-doutorado","status":"publish","type":"page","link":"https:\/\/wp.ufpel.edu.br\/ppgrecursoshidricos\/bolsas-de-mestrado-e-doutorado\/","title":{"rendered":"Bolsas de mestrado e doutorado"},"content":{"rendered":"<p><span style=\"color: #000000;\">No PPGRH, as bolsas de mestrado e doutorado do Programa de Demanda Social da CAPES (DS\/CAPES) s\u00e3o distribu\u00eddas e acompanhadas de acordo com a <a href=\"https:\/\/wp.ufpel.edu.br\/ppgrecursoshidricos\/files\/2026\/03\/SEI_3764964_Resolucao_02_2026-1.pdf\">Resolu\u00e7\u00e3o PPGRH n\u00b0 02 de 31 de mar\u00e7o de 2026<\/a>.<\/span><\/p>\n<hr \/>\n<p><span style=\"color: #000000;\">Implementa\u00e7\u00e3o de bolsas de mestrado ou doutorado:<\/span><\/p>\n<ul>\n<li><span style=\"color: #000000;\">Ler o <a style=\"color: #000000;\" href=\"https:\/\/wp.ufpel.edu.br\/prppg\/files\/2013\/08\/a522e93714.pdf\" target=\"_blank\" rel=\"noopener\">Regulamento do Programa DS\/CAPES<\/a><\/span><\/li>\n<li><span style=\"color: #000000;\">Preencher o\u00a0<a style=\"color: #000000;\" href=\"https:\/\/wp.ufpel.edu.br\/prppg\/files\/2013\/08\/2046953ef9.xls\" target=\"_blank\" rel=\"noopener\">Formul\u00e1rio para cadastramento do bolsista<\/a><\/span>\n<ul>\n<li><span style=\"color: #000000;\">Institui\u00e7\u00e3o de Ensino Superior = UFPel<\/span><\/li>\n<li><span style=\"color: #000000;\">C\u00f3digo = 42003016<\/span><\/li>\n<li><span style=\"color: #000000;\">Programa = Recursos H\u00eddricos<\/span><\/li>\n<li><span style=\"color: #000000;\">C\u00f3digo = 42003016048P4<\/span><\/li>\n<li><span style=\"color: #000000;\">N\u00edvel = selecionar &#8220;Mestrado&#8221; ou &#8220;Doutorado&#8221;<\/span><\/li>\n<li><span style=\"color: #000000;\">Preencher informa\u00e7\u00f5es pessoais<\/span><\/li>\n<\/ul>\n<\/li>\n<li><span style=\"color: #000000;\">Preencher o <a style=\"color: #000000;\" href=\"https:\/\/wp.ufpel.edu.br\/prppg\/files\/2013\/08\/b92d6ba35e.doc\" target=\"_blank\" rel=\"noopener\">Termo de Compromisso<\/a><\/span><\/li>\n<li><span style=\"color: #000000;\">Enviar o Formul\u00e1rio (arquivo xlsx) e o Termo de Compromisso (arquivo docx) atrav\u00e9s <a style=\"color: #000000;\" href=\"https:\/\/forms.gle\/kyq1s9zZdhmnT29Z9\" target=\"_blank\" rel=\"noopener\">deste formul\u00e1rio eletr\u00f4nico.<\/a><\/span><\/li>\n<\/ul>\n<hr \/>\n<p><span style=\"color: #000000;\">Para solicitar cancelamento da bolsa, o seguinte documento \u00e9 necess\u00e1rio:<\/span><\/p>\n<ul>\n<li><span style=\"color: #000000;\">Preencher o\u00a0<a style=\"color: #000000;\" href=\"https:\/\/wp.ufpel.edu.br\/prppgi\/files\/2020\/11\/formulario-cancelamento-alterado.xls\" target=\"_blank\" rel=\"noopener\">Formul\u00e1rio para cancelamento de bolsa<\/a><\/span>\n<ul>\n<li><span style=\"color: #000000;\">Institui\u00e7\u00e3o de Ensino Superior = UFPel<\/span><\/li>\n<li><span style=\"color: #000000;\">C\u00f3digo = 42003016<\/span><\/li>\n<li><span style=\"color: #000000;\">Programa = Recursos H\u00eddricos<\/span><\/li>\n<li><span style=\"color: #000000;\">C\u00f3digo = 42003016048P4<\/span><\/li>\n<li><span style=\"color: #000000;\">N\u00edvel = selecionar &#8220;Mestrado&#8221; ou &#8220;Doutorado&#8221;<\/span><\/li>\n<li><span style=\"color: #000000;\">Preencher informa\u00e7\u00f5es pessoais<\/span><\/li>\n<\/ul>\n<\/li>\n<li><span style=\"color: #000000;\">Enviar o Formul\u00e1rio (arquivo xlsx) atrav\u00e9s <a style=\"color: #000000;\" href=\"https:\/\/forms.gle\/wrzmmMoC2hSbmT6N9\" target=\"_blank\" rel=\"noopener\">deste formul\u00e1rio eletr\u00f4nico.<\/a><\/span><\/li>\n<\/ul>\n<hr \/>\n<p>Acompanhamento do discente bolsista:<\/p>\n<p data-start=\"1599\" data-end=\"1855\">Conforme sugest\u00e3o da Comiss\u00e3o de Bolsas e delibera\u00e7\u00e3o do Colegiado do PPGRH, fica institu\u00edda, a partir do semestre 2026\/01, a obrigatoriedade de acompanhamento sistem\u00e1tico do desempenho acad\u00eamico e das atividades desenvolvidas pelos discentes bolsistas conforme descrito a seguir.<\/p>\n<p data-start=\"1857\" data-end=\"1988\">Cada discente benefici\u00e1rio de bolsa dever\u00e1 elaborar, semestralmente, um relat\u00f3rio de atividades, com o objetivo de:<\/p>\n<ul data-start=\"1990\" data-end=\"2310\">\n<li data-section-id=\"1cu8y6d\" data-start=\"1990\" data-end=\"2068\">registrar as atividades acad\u00eamicas e de pesquisa desenvolvidas no per\u00edodo;<\/li>\n<li data-section-id=\"1xupp54\" data-start=\"2069\" data-end=\"2177\">apresentar os produtos gerados (artigos, trabalhos, relat\u00f3rios, participa\u00e7\u00f5es em eventos, entre outros);<\/li>\n<li data-section-id=\"fy2ey0\" data-start=\"2178\" data-end=\"2247\">descrever o planejamento das atividades para o semestre seguinte;<\/li>\n<li data-section-id=\"qvrgmq\" data-start=\"2248\" data-end=\"2310\">realizar uma autoavalia\u00e7\u00e3o cr\u00edtica do desempenho no per\u00edodo.<\/li>\n<\/ul>\n<p data-start=\"2312\" data-end=\"2398\">O relat\u00f3rio dever\u00e1 ser elaborado conforme <a href=\"https:\/\/wp.ufpel.edu.br\/ppgrecursoshidricos\/files\/2026\/03\/Modelo-de-relatorio-semestral.docx\">modelo disponibilizado pelo Programa<\/a>.<\/p>\n<p data-start=\"2400\" data-end=\"2583\">O envio do relat\u00f3rio ser\u00e1 realizado pelo orientador, por meio de <a href=\"https:\/\/forms.gle\/X7vSscKQRKSEuS3P9\">formul\u00e1rio eletr\u00f4nico<\/a>, no prazo de at\u00e9 30 dias ap\u00f3s o t\u00e9rmino do per\u00edodo de oferta de disciplinas do semestre vigente.<\/p>\n","protected":false},"excerpt":{"rendered":"<p>No PPGRH, as bolsas de mestrado e doutorado do Programa de Demanda Social da CAPES (DS\/CAPES) s\u00e3o distribu\u00eddas e acompanhadas de acordo com a Resolu\u00e7\u00e3o PPGRH n\u00b0 02 de 31 de mar\u00e7o de 2026. Implementa\u00e7\u00e3o de bolsas de mestrado ou doutorado: Ler o Regulamento do Programa DS\/CAPES Preencher o\u00a0Formul\u00e1rio para cadastramento do bolsista Institui\u00e7\u00e3o de [&hellip;]<\/p>\n","protected":false},"author":669,"featured_media":0,"parent":0,"menu_order":0,"comment_status":"closed","ping_status":"closed","template":"","meta":{"jetpack_post_was_ever_published":false,"footnotes":""},"class_list":["post-3530","page","type-page","status-publish","hentry"],"jetpack_shortlink":"https:\/\/wp.me\/Paj7D4-UW","jetpack_sharing_enabled":true,"_links":{"self":[{"href":"https:\/\/wp.ufpel.edu.br\/ppgrecursoshidricos\/wp-json\/wp\/v2\/pages\/3530","targetHints":{"allow":["GET"]}}],"collection":[{"href":"https:\/\/wp.ufpel.edu.br\/ppgrecursoshidricos\/wp-json\/wp\/v2\/pages"}],"about":[{"href":"https:\/\/wp.ufpel.edu.br\/ppgrecursoshidricos\/wp-json\/wp\/v2\/types\/page"}],"author":[{"embeddable":true,"href":"https:\/\/wp.ufpel.edu.br\/ppgrecursoshidricos\/wp-json\/wp\/v2\/users\/669"}],"replies":[{"embeddable":true,"href":"https:\/\/wp.ufpel.edu.br\/ppgrecursoshidricos\/wp-json\/wp\/v2\/comments?post=3530"}],"version-history":[{"count":3,"href":"https:\/\/wp.ufpel.edu.br\/ppgrecursoshidricos\/wp-json\/wp\/v2\/pages\/3530\/revisions"}],"predecessor-version":[{"id":4874,"href":"https:\/\/wp.ufpel.edu.br\/ppgrecursoshidricos\/wp-json\/wp\/v2\/pages\/3530\/revisions\/4874"}],"wp:attachment":[{"href":"https:\/\/wp.ufpel.edu.br\/ppgrecursoshidricos\/wp-json\/wp\/v2\/media?parent=3530"}],"curies":[{"name":"wp","href":"https:\/\/api.w.org\/{rel}","templated":true}]}}