{"id":3489,"date":"2022-05-24T09:45:17","date_gmt":"2022-05-24T12:45:17","guid":{"rendered":"https:\/\/wp.ufpel.edu.br\/ppgrecursoshidricos\/?page_id=3489"},"modified":"2022-05-24T09:59:00","modified_gmt":"2022-05-24T12:59:00","slug":"retirada-de-diplomas","status":"publish","type":"page","link":"https:\/\/wp.ufpel.edu.br\/ppgrecursoshidricos\/retirada-de-diplomas\/","title":{"rendered":"Retirada de diplomas"},"content":{"rendered":"<p><span style=\"color: #000000;\">Ap\u00f3s o encaminhamento da <a style=\"color: #000000;\" href=\"https:\/\/wp.ufpel.edu.br\/ppgrecursoshidricos\/entrega-de-dissertacao-tese\/\">vers\u00e3o final da Disserta\u00e7\u00e3o ou Tese<\/a>, o Colegiado ir\u00e1 homologar os documentos e a coordena\u00e7\u00e3o ir\u00e1 solicitar a emiss\u00e3o de diploma.<\/span><\/p>\n<p><span style=\"color: #000000;\">Os diplomas prontos ficam dispon\u00edveis para retirada junto \u00e0 secretaria do CDTec (Campus Anglo, sala 312 Bloco B).<\/span><br \/>\n<span style=\"color: #000000;\">A consulta aos diplomas dispon\u00edveis pode ser realizada no <a style=\"color: #000000;\" href=\"https:\/\/wp.ufpel.edu.br\/cdtec\/\">site da Unidade<\/a>. A retirada deve ser agendada por e-mail: cdtec@ufpel.edu.br.<\/span><\/p>\n<p>&nbsp;<\/p>\n","protected":false},"excerpt":{"rendered":"<p>Ap\u00f3s o encaminhamento da vers\u00e3o final da Disserta\u00e7\u00e3o ou Tese, o Colegiado ir\u00e1 homologar os documentos e a coordena\u00e7\u00e3o ir\u00e1 solicitar a emiss\u00e3o de diploma. Os diplomas prontos ficam dispon\u00edveis para retirada junto \u00e0 secretaria do CDTec (Campus Anglo, sala 312 Bloco B). A consulta aos diplomas dispon\u00edveis pode ser realizada no site da Unidade. [&hellip;]<\/p>\n","protected":false},"author":669,"featured_media":0,"parent":0,"menu_order":0,"comment_status":"closed","ping_status":"closed","template":"","meta":{"jetpack_post_was_ever_published":false,"footnotes":""},"class_list":["post-3489","page","type-page","status-publish","hentry"],"jetpack_shortlink":"https:\/\/wp.me\/Paj7D4-Uh","jetpack_sharing_enabled":true,"_links":{"self":[{"href":"https:\/\/wp.ufpel.edu.br\/ppgrecursoshidricos\/wp-json\/wp\/v2\/pages\/3489","targetHints":{"allow":["GET"]}}],"collection":[{"href":"https:\/\/wp.ufpel.edu.br\/ppgrecursoshidricos\/wp-json\/wp\/v2\/pages"}],"about":[{"href":"https:\/\/wp.ufpel.edu.br\/ppgrecursoshidricos\/wp-json\/wp\/v2\/types\/page"}],"author":[{"embeddable":true,"href":"https:\/\/wp.ufpel.edu.br\/ppgrecursoshidricos\/wp-json\/wp\/v2\/users\/669"}],"replies":[{"embeddable":true,"href":"https:\/\/wp.ufpel.edu.br\/ppgrecursoshidricos\/wp-json\/wp\/v2\/comments?post=3489"}],"version-history":[{"count":4,"href":"https:\/\/wp.ufpel.edu.br\/ppgrecursoshidricos\/wp-json\/wp\/v2\/pages\/3489\/revisions"}],"predecessor-version":[{"id":3495,"href":"https:\/\/wp.ufpel.edu.br\/ppgrecursoshidricos\/wp-json\/wp\/v2\/pages\/3489\/revisions\/3495"}],"wp:attachment":[{"href":"https:\/\/wp.ufpel.edu.br\/ppgrecursoshidricos\/wp-json\/wp\/v2\/media?parent=3489"}],"curies":[{"name":"wp","href":"https:\/\/api.w.org\/{rel}","templated":true}]}}