{"id":3450,"date":"2022-05-10T20:27:58","date_gmt":"2022-05-10T23:27:58","guid":{"rendered":"https:\/\/wp.ufpel.edu.br\/ppgrecursoshidricos\/?page_id=3450"},"modified":"2022-06-13T08:02:56","modified_gmt":"2022-06-13T11:02:56","slug":"calendario-academico","status":"publish","type":"page","link":"https:\/\/wp.ufpel.edu.br\/ppgrecursoshidricos\/apresentacao\/calendario-academico\/","title":{"rendered":"Calend\u00e1rio Acad\u00eamico"},"content":{"rendered":"<p>Conforme deliberado na reuni\u00e3o de Colegiado ocorrida em 29\/11\/2021, apresentamos o calend\u00e1rio 2022 do nosso Programa.<\/p>\n<p><img class=\"aligncenter size-full wp-image-3218\" src=\"https:\/\/wp.ufpel.edu.br\/ppgrecursoshidricos\/files\/2021\/12\/Post-Site-Matriculas-20211-3.png\" alt=\"\" width=\"1350\" height=\"650\" srcset=\"https:\/\/wp.ufpel.edu.br\/ppgrecursoshidricos\/files\/2021\/12\/Post-Site-Matriculas-20211-3.png 1350w, https:\/\/wp.ufpel.edu.br\/ppgrecursoshidricos\/files\/2021\/12\/Post-Site-Matriculas-20211-3-400x193.png 400w, https:\/\/wp.ufpel.edu.br\/ppgrecursoshidricos\/files\/2021\/12\/Post-Site-Matriculas-20211-3-1024x493.png 1024w, https:\/\/wp.ufpel.edu.br\/ppgrecursoshidricos\/files\/2021\/12\/Post-Site-Matriculas-20211-3-768x370.png 768w\" sizes=\"(max-width: 1350px) 100vw, 1350px\" \/><\/p>\n<p>2022\/01:<\/p>\n<ul>\n<li>Matr\u00edculas de alunos ingressantes: 02\/03<\/li>\n<li>Matr\u00edculas dos demais alunos: 02\/03 \u2013\u00a0 03\/03<\/li>\n<li>Confirma\u00e7\u00e3o de matr\u00edcula pelo orientador: 04\/03<\/li>\n<li>In\u00edcio das aulas: 07\/03<\/li>\n<li>\u00daltimo dia para matr\u00edculas adicionais e corre\u00e7\u00f5es: 21\/03<\/li>\n<li>\u00daltimo dia letivo: 25\/06<\/li>\n<li>\u00daltimo dia para envio dos conceitos pelos professores: 08\/07<\/li>\n<\/ul>\n<p>2022\/02:<\/p>\n<ul>\n<li>Matr\u00edculas de todos os alunos: 20\/07 \u2013 22\/07<\/li>\n<li>In\u00edcio do prazo para solicita\u00e7\u00e3o de aproveitamento de cr\u00e9ditos: 20\/07<\/li>\n<li>Confirma\u00e7\u00e3o de matr\u00edcula pelo orientador: 25\/07<\/li>\n<li>In\u00edcio das aulas: 01\/08<\/li>\n<li>\u00daltimo dia para matr\u00edculas adicionais e corre\u00e7\u00f5es: 15\/08<\/li>\n<li>Fim do prazo para solicita\u00e7\u00e3o de aproveitamento de cr\u00e9ditos: 20\/08<\/li>\n<li>\u00daltimo dia letivo: 26\/11<\/li>\n<li>\u00daltimo dia para envio dos conceitos pelos professores: 09\/12<\/li>\n<\/ul>\n","protected":false},"excerpt":{"rendered":"<p>Conforme deliberado na reuni\u00e3o de Colegiado ocorrida em 29\/11\/2021, apresentamos o calend\u00e1rio 2022 do nosso Programa. 2022\/01: Matr\u00edculas de alunos ingressantes: 02\/03 Matr\u00edculas dos demais alunos: 02\/03 \u2013\u00a0 03\/03 Confirma\u00e7\u00e3o de matr\u00edcula pelo orientador: 04\/03 In\u00edcio das aulas: 07\/03 \u00daltimo dia para matr\u00edculas adicionais e corre\u00e7\u00f5es: 21\/03 \u00daltimo dia letivo: 25\/06 \u00daltimo dia para envio [&hellip;]<\/p>\n","protected":false},"author":669,"featured_media":0,"parent":19,"menu_order":5,"comment_status":"closed","ping_status":"closed","template":"","meta":{"jetpack_post_was_ever_published":false,"footnotes":""},"class_list":["post-3450","page","type-page","status-publish","hentry"],"jetpack_shortlink":"https:\/\/wp.me\/Paj7D4-TE","jetpack_sharing_enabled":true,"_links":{"self":[{"href":"https:\/\/wp.ufpel.edu.br\/ppgrecursoshidricos\/wp-json\/wp\/v2\/pages\/3450","targetHints":{"allow":["GET"]}}],"collection":[{"href":"https:\/\/wp.ufpel.edu.br\/ppgrecursoshidricos\/wp-json\/wp\/v2\/pages"}],"about":[{"href":"https:\/\/wp.ufpel.edu.br\/ppgrecursoshidricos\/wp-json\/wp\/v2\/types\/page"}],"author":[{"embeddable":true,"href":"https:\/\/wp.ufpel.edu.br\/ppgrecursoshidricos\/wp-json\/wp\/v2\/users\/669"}],"replies":[{"embeddable":true,"href":"https:\/\/wp.ufpel.edu.br\/ppgrecursoshidricos\/wp-json\/wp\/v2\/comments?post=3450"}],"version-history":[{"count":4,"href":"https:\/\/wp.ufpel.edu.br\/ppgrecursoshidricos\/wp-json\/wp\/v2\/pages\/3450\/revisions"}],"predecessor-version":[{"id":3520,"href":"https:\/\/wp.ufpel.edu.br\/ppgrecursoshidricos\/wp-json\/wp\/v2\/pages\/3450\/revisions\/3520"}],"up":[{"embeddable":true,"href":"https:\/\/wp.ufpel.edu.br\/ppgrecursoshidricos\/wp-json\/wp\/v2\/pages\/19"}],"wp:attachment":[{"href":"https:\/\/wp.ufpel.edu.br\/ppgrecursoshidricos\/wp-json\/wp\/v2\/media?parent=3450"}],"curies":[{"name":"wp","href":"https:\/\/api.w.org\/{rel}","templated":true}]}}