{"id":3416,"date":"2022-03-24T20:56:36","date_gmt":"2022-03-24T23:56:36","guid":{"rendered":"https:\/\/wp.ufpel.edu.br\/ppgrecursoshidricos\/?page_id=3416"},"modified":"2022-03-24T21:05:58","modified_gmt":"2022-03-25T00:05:58","slug":"divulgacao-de-noticias","status":"publish","type":"page","link":"https:\/\/wp.ufpel.edu.br\/ppgrecursoshidricos\/documentos\/divulgacao-de-noticias\/","title":{"rendered":"Divulga\u00e7\u00e3o de not\u00edcias"},"content":{"rendered":"<p>Para divulgar not\u00edcias no nosso site e redes sociais, preencha o formul\u00e1rio dispon\u00edvel <a href=\"https:\/\/forms.gle\/bLwKnsnroCqsWdn29\">neste link<\/a>.<\/p>\n","protected":false},"excerpt":{"rendered":"<p>Para divulgar not\u00edcias no nosso site e redes sociais, preencha o formul\u00e1rio dispon\u00edvel neste link.<\/p>\n","protected":false},"author":669,"featured_media":0,"parent":69,"menu_order":7,"comment_status":"closed","ping_status":"closed","template":"","meta":{"jetpack_post_was_ever_published":false,"footnotes":""},"class_list":["post-3416","page","type-page","status-publish","hentry"],"jetpack_shortlink":"https:\/\/wp.me\/Paj7D4-T6","jetpack_sharing_enabled":true,"_links":{"self":[{"href":"https:\/\/wp.ufpel.edu.br\/ppgrecursoshidricos\/wp-json\/wp\/v2\/pages\/3416","targetHints":{"allow":["GET"]}}],"collection":[{"href":"https:\/\/wp.ufpel.edu.br\/ppgrecursoshidricos\/wp-json\/wp\/v2\/pages"}],"about":[{"href":"https:\/\/wp.ufpel.edu.br\/ppgrecursoshidricos\/wp-json\/wp\/v2\/types\/page"}],"author":[{"embeddable":true,"href":"https:\/\/wp.ufpel.edu.br\/ppgrecursoshidricos\/wp-json\/wp\/v2\/users\/669"}],"replies":[{"embeddable":true,"href":"https:\/\/wp.ufpel.edu.br\/ppgrecursoshidricos\/wp-json\/wp\/v2\/comments?post=3416"}],"version-history":[{"count":3,"href":"https:\/\/wp.ufpel.edu.br\/ppgrecursoshidricos\/wp-json\/wp\/v2\/pages\/3416\/revisions"}],"predecessor-version":[{"id":3421,"href":"https:\/\/wp.ufpel.edu.br\/ppgrecursoshidricos\/wp-json\/wp\/v2\/pages\/3416\/revisions\/3421"}],"up":[{"embeddable":true,"href":"https:\/\/wp.ufpel.edu.br\/ppgrecursoshidricos\/wp-json\/wp\/v2\/pages\/69"}],"wp:attachment":[{"href":"https:\/\/wp.ufpel.edu.br\/ppgrecursoshidricos\/wp-json\/wp\/v2\/media?parent=3416"}],"curies":[{"name":"wp","href":"https:\/\/api.w.org\/{rel}","templated":true}]}}