{"id":2948,"date":"2021-02-23T17:27:30","date_gmt":"2021-02-23T20:27:30","guid":{"rendered":"https:\/\/wp.ufpel.edu.br\/ppgrecursoshidricos\/?page_id=2948"},"modified":"2021-02-24T22:16:41","modified_gmt":"2021-02-25T01:16:41","slug":"alunos-ingressantes","status":"publish","type":"page","link":"https:\/\/wp.ufpel.edu.br\/ppgrecursoshidricos\/alunos-ingressantes\/","title":{"rendered":"Alunos ingressantes"},"content":{"rendered":"<p>Os alunos ingressantes no PPG Recursos H\u00eddricos, tanto ao n\u00edvel de mestrado quanto de doutorado, devem realizar, no ato da primeira matr\u00edcula, os quatro procedimentos descritos abaixo:<\/p>\n<p>1 &#8211; <a href=\"https:\/\/forms.gle\/6p8hmPmjPqsCwrLj9\">Preenchimento da ficha de inscri\u00e7\u00e3o<\/a><\/p>\n<p>Nesta ficha s\u00e3o requeridas as informa\u00e7\u00f5es necess\u00e1rias para o cadastro do discente junto \u00e0 plataforma Cobalto\/UFPel.<\/p>\n<p>2 &#8211; <a href=\"https:\/\/forms.gle\/FkdfAtdTiU8XV1Ur5\">Submiss\u00e3o do Plano de Estudos<\/a><\/p>\n<p>O Plano de Estudos \u00e9 um documento requerido pelo PPG Recursos H\u00eddricos no ato da primeira matr\u00edcula do discente. Tal documento \u00e9 elaborado pelo discente juntamente com o orientador (ou comit\u00ea de orienta\u00e7\u00e3o, se for o caso) e deve indicar as disciplinas obrigat\u00f3rias e optativas (do PPG Recursos H\u00eddricos ou de outro PPG) que o mesmo pretende cursar durante seu mestrado ou doutorado. O Plano de Estudos \u00e9 recebido pela coordena\u00e7\u00e3o e encaminhado para aprecia\u00e7\u00e3o pelo Colegiado do Programa. \u00c9 poss\u00edvel alter\u00e1-lo, no entanto, qualquer altera\u00e7\u00e3o deve ser submetida ao referido Colegiado.<\/p>\n<p>3 &#8211; <a href=\"https:\/\/forms.gle\/rKS1qQvzZaoCmFV57\">Indica\u00e7\u00e3o do Comit\u00ea de Orienta\u00e7\u00e3o<\/a><\/p>\n<p>O Comit\u00ea de Orienta\u00e7\u00e3o dever\u00e1 ser composto obrigatoriamente pelo orientador (conforme resultado do Processo Seletivo),\u00a0 podendo tamb\u00e9m contar com outros professores\/pesquisadores na qualidade de co-orientadores, contanto que possuam o t\u00edtulo de Doutor. A indica\u00e7\u00e3o do Comit\u00ea de Orienta\u00e7\u00e3o \u00e9 recebida pela coordena\u00e7\u00e3o e encaminhada para aprecia\u00e7\u00e3o pelo Colegiado do Programa. \u00c9 poss\u00edvel o Comit\u00ea durante o curso, no entanto, qualquer altera\u00e7\u00e3o deve ser submetida ao referido Colegiado.<\/p>\n<p>4- <a href=\"https:\/\/forms.gle\/8yNewrQcPRpxE5H9A\">Preenchimento do formul\u00e1rio de matr\u00edcula<\/a><\/p>\n<p>No formul\u00e1rio de matr\u00edcula o discente deve, conforme o Plano de Estudos, indicar as disciplinas que deseja se matricular no primeiro semestre do mestrado ou doutorado.<\/p>\n<p>&nbsp;<\/p>\n","protected":false},"excerpt":{"rendered":"<p>Os alunos ingressantes no PPG Recursos H\u00eddricos, tanto ao n\u00edvel de mestrado quanto de doutorado, devem realizar, no ato da primeira matr\u00edcula, os quatro procedimentos descritos abaixo: 1 &#8211; Preenchimento da ficha de inscri\u00e7\u00e3o Nesta ficha s\u00e3o requeridas as informa\u00e7\u00f5es necess\u00e1rias para o cadastro do discente junto \u00e0 plataforma Cobalto\/UFPel. 2 &#8211; Submiss\u00e3o do Plano [&hellip;]<\/p>\n","protected":false},"author":669,"featured_media":0,"parent":0,"menu_order":0,"comment_status":"closed","ping_status":"closed","template":"","meta":{"jetpack_post_was_ever_published":false,"footnotes":""},"class_list":["post-2948","page","type-page","status-publish","hentry"],"jetpack_shortlink":"https:\/\/wp.me\/Paj7D4-Ly","jetpack_sharing_enabled":true,"_links":{"self":[{"href":"https:\/\/wp.ufpel.edu.br\/ppgrecursoshidricos\/wp-json\/wp\/v2\/pages\/2948","targetHints":{"allow":["GET"]}}],"collection":[{"href":"https:\/\/wp.ufpel.edu.br\/ppgrecursoshidricos\/wp-json\/wp\/v2\/pages"}],"about":[{"href":"https:\/\/wp.ufpel.edu.br\/ppgrecursoshidricos\/wp-json\/wp\/v2\/types\/page"}],"author":[{"embeddable":true,"href":"https:\/\/wp.ufpel.edu.br\/ppgrecursoshidricos\/wp-json\/wp\/v2\/users\/669"}],"replies":[{"embeddable":true,"href":"https:\/\/wp.ufpel.edu.br\/ppgrecursoshidricos\/wp-json\/wp\/v2\/comments?post=2948"}],"version-history":[{"count":7,"href":"https:\/\/wp.ufpel.edu.br\/ppgrecursoshidricos\/wp-json\/wp\/v2\/pages\/2948\/revisions"}],"predecessor-version":[{"id":2973,"href":"https:\/\/wp.ufpel.edu.br\/ppgrecursoshidricos\/wp-json\/wp\/v2\/pages\/2948\/revisions\/2973"}],"wp:attachment":[{"href":"https:\/\/wp.ufpel.edu.br\/ppgrecursoshidricos\/wp-json\/wp\/v2\/media?parent=2948"}],"curies":[{"name":"wp","href":"https:\/\/api.w.org\/{rel}","templated":true}]}}