{"id":28,"date":"2016-07-14T09:08:56","date_gmt":"2016-07-14T12:08:56","guid":{"rendered":"https:\/\/wp.ufpel.edu.br\/ppgrecursoshidricos\/?page_id=28"},"modified":"2024-02-21T12:59:35","modified_gmt":"2024-02-21T15:59:35","slug":"corpo-docente","status":"publish","type":"page","link":"https:\/\/wp.ufpel.edu.br\/ppgrecursoshidricos\/apresentacao\/corpo-docente\/","title":{"rendered":"Corpo docente"},"content":{"rendered":"<p><span style=\"color: #000000;\">O grupo de pesquisadores que fazem parte do programa de P\u00f3s-Gradua\u00e7\u00e3o em Recursos H\u00eddricos \u00e9 constitu\u00eddo por docentes de diversas \u00e1reas de forma\u00e7\u00e3o, como: Engenharias (Agr\u00edcola, Civil e H\u00eddrica), Agronomia, Geologia e Meteorologia, que atuam em diversos cursos de gradua\u00e7\u00e3o (Engenharia H\u00eddrica, Engenharia Civil, Engenharia Agr\u00edcola, Engenharia Geol\u00f3gica, Agronomia e Meteorologia). Essa diversidade de profissionais, \u00e1reas e cursos de atua\u00e7\u00e3o permite uma grande intera\u00e7\u00e3o, tanto entre profissionais como entre \u00e1reas do conhecimento, ampliando o campo de trabalho e o conhecimento do egresso, tornando-o multi e interdisciplinar. Abaixo segue uma breve descri\u00e7\u00e3o do perfil profissional de cada um dos docentes do Programa.<\/span><\/p>\n<p><span style=\"color: #000000;\"><strong>Pesquisadores permanentes do Programa<\/strong><\/span><\/p>\n<p>&nbsp;<\/p>\n<p><span style=\"color: #000000;\"><img class=\"aligncenter size-full wp-image-2123\" src=\"https:\/\/wp.ufpel.edu.br\/ppgrecursoshidricos\/files\/2020\/05\/5.png\" alt=\"\" width=\"1350\" height=\"650\" srcset=\"https:\/\/wp.ufpel.edu.br\/ppgrecursoshidricos\/files\/2020\/05\/5.png 1350w, https:\/\/wp.ufpel.edu.br\/ppgrecursoshidricos\/files\/2020\/05\/5-400x193.png 400w, https:\/\/wp.ufpel.edu.br\/ppgrecursoshidricos\/files\/2020\/05\/5-1024x493.png 1024w, https:\/\/wp.ufpel.edu.br\/ppgrecursoshidricos\/files\/2020\/05\/5-768x370.png 768w\" sizes=\"(max-width: 1350px) 100vw, 1350px\" \/><\/span><\/p>\n<table style=\"width: 100%; border-collapse: collapse;\" border=\"0\">\n<tbody>\n<tr>\n<td style=\"width: 33.3333%; text-align: center;\"><span style=\"color: #000000;\">andre.nunes@ufpel.edu.br<\/span><\/td>\n<td style=\"width: 33.3333%; text-align: center;\"><span style=\"color: #000000;\"><a style=\"color: #000000;\" href=\"http:\/\/buscatextual.cnpq.br\/buscatextual\/visualizacv.do?id=K4708369Z1\" target=\"_blank\" rel=\"noopener noreferrer\">Curr\u00edculo Lattes<\/a><\/span><\/td>\n<td style=\"width: 33.3333%; text-align: center;\"><span style=\"color: #000000;\"><a style=\"color: #000000;\" href=\"https:\/\/orcid.org\/0000-0002-4881-5810\" target=\"_blank\" rel=\"noopener noreferrer\">ORCID<\/a><\/span><\/td>\n<\/tr>\n<\/tbody>\n<\/table>\n<hr \/>\n<p><span style=\"color: #000000;\"><img class=\"aligncenter size-full wp-image-2741\" src=\"https:\/\/wp.ufpel.edu.br\/ppgrecursoshidricos\/files\/2020\/08\/C\u00f3pia-de-C\u00f3pia-de-Defesa-de-Tese-8.png\" alt=\"\" width=\"1350\" height=\"650\" srcset=\"https:\/\/wp.ufpel.edu.br\/ppgrecursoshidricos\/files\/2020\/08\/C\u00f3pia-de-C\u00f3pia-de-Defesa-de-Tese-8.png 1350w, https:\/\/wp.ufpel.edu.br\/ppgrecursoshidricos\/files\/2020\/08\/C\u00f3pia-de-C\u00f3pia-de-Defesa-de-Tese-8-400x193.png 400w, https:\/\/wp.ufpel.edu.br\/ppgrecursoshidricos\/files\/2020\/08\/C\u00f3pia-de-C\u00f3pia-de-Defesa-de-Tese-8-1024x493.png 1024w, https:\/\/wp.ufpel.edu.br\/ppgrecursoshidricos\/files\/2020\/08\/C\u00f3pia-de-C\u00f3pia-de-Defesa-de-Tese-8-768x370.png 768w\" sizes=\"(max-width: 1350px) 100vw, 1350px\" \/><\/span><\/p>\n<div class=\"team-name\">\n<div class=\"team-about\">\n<table style=\"width: 100%; border-collapse: collapse;\" border=\"0\">\n<tbody>\n<tr>\n<td style=\"width: 231.648px; text-align: center;\"><span style=\"color: #000000;\">crmello@ufla.br<\/span><\/td>\n<td style=\"width: 33.3333%; text-align: center;\"><span style=\"color: #000000;\"><a style=\"color: #000000;\" href=\"http:\/\/buscatextual.cnpq.br\/buscatextual\/visualizacv.do?id=K4796795Z6\" target=\"_blank\" rel=\"noopener noreferrer\">Curr\u00edculo Lattes<\/a><\/span><\/td>\n<td style=\"width: 33.3333%; text-align: center;\"><span style=\"color: #000000;\"><a style=\"color: #000000;\" href=\"https:\/\/orcid.org\/0000-0002-6033-5342\" target=\"_blank\" rel=\"noopener noreferrer\">ORCID<\/a><\/span><\/td>\n<\/tr>\n<\/tbody>\n<\/table>\n<hr \/>\n<\/div>\n<\/div>\n<h4><span style=\"color: #000000;\"><img class=\"aligncenter size-full wp-image-2153\" src=\"https:\/\/wp.ufpel.edu.br\/ppgrecursoshidricos\/files\/2020\/05\/9-1.png\" alt=\"\" width=\"1350\" height=\"650\" srcset=\"https:\/\/wp.ufpel.edu.br\/ppgrecursoshidricos\/files\/2020\/05\/9-1.png 1350w, https:\/\/wp.ufpel.edu.br\/ppgrecursoshidricos\/files\/2020\/05\/9-1-400x193.png 400w, https:\/\/wp.ufpel.edu.br\/ppgrecursoshidricos\/files\/2020\/05\/9-1-1024x493.png 1024w, https:\/\/wp.ufpel.edu.br\/ppgrecursoshidricos\/files\/2020\/05\/9-1-768x370.png 768w\" sizes=\"(max-width: 1350px) 100vw, 1350px\" \/><\/span><\/h4>\n<div class=\"team-about\">\n<table style=\"width: 100%; border-collapse: collapse;\" border=\"0\">\n<tbody>\n<tr>\n<td style=\"width: 231.648px; text-align: center;\"><span style=\"color: #000000;\">fabricio.terra@ufvjm.edu.br<\/span><\/td>\n<td style=\"width: 33.3333%; text-align: center;\"><span style=\"color: #000000;\"><a style=\"color: #000000;\" href=\"http:\/\/buscatextual.cnpq.br\/buscatextual\/visualizacv.do?id=K4233501T9\" target=\"_blank\" rel=\"noopener noreferrer\">Curr\u00edculo Lattes<\/a><\/span><\/td>\n<td style=\"width: 33.3333%; text-align: center;\"><span style=\"color: #000000;\"><a style=\"color: #000000;\" href=\"https:\/\/orcid.org\/0000-0002-8901-7970\" target=\"_blank\" rel=\"noopener noreferrer\">ORCID<\/a><\/span><\/td>\n<\/tr>\n<\/tbody>\n<\/table>\n<hr \/>\n<\/div>\n<div class=\"team-about\">\n<div class=\"team-about\">\n<p><img class=\"size-full wp-image-3720 aligncenter\" src=\"https:\/\/wp.ufpel.edu.br\/ppgrecursoshidricos\/files\/2022\/12\/Felipe.png\" alt=\"\" width=\"1350\" height=\"650\" srcset=\"https:\/\/wp.ufpel.edu.br\/ppgrecursoshidricos\/files\/2022\/12\/Felipe.png 1350w, https:\/\/wp.ufpel.edu.br\/ppgrecursoshidricos\/files\/2022\/12\/Felipe-400x193.png 400w, https:\/\/wp.ufpel.edu.br\/ppgrecursoshidricos\/files\/2022\/12\/Felipe-1024x493.png 1024w, https:\/\/wp.ufpel.edu.br\/ppgrecursoshidricos\/files\/2022\/12\/Felipe-768x370.png 768w\" sizes=\"(max-width: 1350px) 100vw, 1350px\" \/><\/p>\n<table style=\"width: 100%; border-collapse: collapse;\" border=\"0\">\n<tbody>\n<tr>\n<td style=\"width: 33.3333%; text-align: center;\"><span style=\"color: #000000;\">felipellobo@gmail.com<\/span><\/td>\n<td style=\"width: 33.3333%; text-align: center;\"><span style=\"color: #000000;\">Curr\u00edculo Lattes<\/span><\/td>\n<td style=\"width: 33.3333%; text-align: center;\"><span style=\"color: #000000;\">ORCID<\/span><\/td>\n<\/tr>\n<\/tbody>\n<\/table>\n<hr \/>\n<\/div>\n<\/div>\n<div class=\"team-about\"><img class=\"size-full wp-image-2134 alignnone\" style=\"color: #000000;\" src=\"https:\/\/wp.ufpel.edu.br\/ppgrecursoshidricos\/files\/2020\/05\/11.png\" alt=\"\" width=\"1350\" height=\"650\" srcset=\"https:\/\/wp.ufpel.edu.br\/ppgrecursoshidricos\/files\/2020\/05\/11.png 1350w, https:\/\/wp.ufpel.edu.br\/ppgrecursoshidricos\/files\/2020\/05\/11-400x193.png 400w, https:\/\/wp.ufpel.edu.br\/ppgrecursoshidricos\/files\/2020\/05\/11-1024x493.png 1024w, https:\/\/wp.ufpel.edu.br\/ppgrecursoshidricos\/files\/2020\/05\/11-768x370.png 768w\" sizes=\"(max-width: 1350px) 100vw, 1350px\" \/><\/div>\n<table style=\"width: 100%; border-collapse: collapse;\" border=\"0\">\n<tbody>\n<tr>\n<td style=\"width: 33.3333%; text-align: center;\"><span style=\"color: #000000;\">collares@ufpel.edu.br<\/span><\/td>\n<td style=\"width: 33.3333%; text-align: center;\"><span style=\"color: #000000;\"><a style=\"color: #000000;\" href=\"http:\/\/buscatextual.cnpq.br\/buscatextual\/visualizacv.do?id=K4705432E8\" target=\"_blank\" rel=\"noopener noreferrer\">Curr\u00edculo Lattes<\/a><\/span><\/td>\n<td style=\"width: 33.3333%; text-align: center;\"><a href=\"https:\/\/orcid.org\/0000-0003-4910-5420\" target=\"_blank\" rel=\"noopener noreferrer\"><span style=\"color: #000000;\">ORCID<\/span><\/a><\/td>\n<\/tr>\n<\/tbody>\n<\/table>\n<div class=\"team-about\">\n<hr \/>\n<div class=\"team-about\">\n<p><span style=\"color: #000000;\"><img class=\"size-full wp-image-3545 aligncenter\" src=\"https:\/\/wp.ufpel.edu.br\/ppgrecursoshidricos\/files\/2022\/06\/Hugo2.png\" alt=\"\" width=\"1350\" height=\"650\" srcset=\"https:\/\/wp.ufpel.edu.br\/ppgrecursoshidricos\/files\/2022\/06\/Hugo2.png 1350w, https:\/\/wp.ufpel.edu.br\/ppgrecursoshidricos\/files\/2022\/06\/Hugo2-400x193.png 400w, https:\/\/wp.ufpel.edu.br\/ppgrecursoshidricos\/files\/2022\/06\/Hugo2-1024x493.png 1024w, https:\/\/wp.ufpel.edu.br\/ppgrecursoshidricos\/files\/2022\/06\/Hugo2-768x370.png 768w\" sizes=\"(max-width: 1350px) 100vw, 1350px\" \/><\/span><\/p>\n<table style=\"width: 100%; border-collapse: collapse;\" border=\"0\">\n<tbody>\n<tr>\n<td style=\"width: 231.648px; text-align: center;\"><span style=\"color: #000000;\">hugo.guedes@ufpel.edu.br<\/span><\/td>\n<td style=\"width: 33.3333%; text-align: center;\"><span style=\"color: #000000;\"><a style=\"color: #000000;\" href=\"http:\/\/buscatextual.cnpq.br\/buscatextual\/visualizacv.do?id=K4228431Z4\" target=\"_blank\" rel=\"noopener noreferrer\">Curr\u00edculo Lattes<\/a><\/span><\/td>\n<td style=\"width: 33.3333%; text-align: center;\"><span style=\"color: #000000;\"><a style=\"color: #000000;\" href=\"https:\/\/orcid.org\/0000-0002-3592-9595\" target=\"_blank\" rel=\"noopener noreferrer\">ORCID<\/a><\/span><\/td>\n<\/tr>\n<\/tbody>\n<\/table>\n<hr \/>\n<\/div>\n<div class=\"team-about\">\n<div class=\"team-about\">\n<p><span style=\"color: #000000;\"><img class=\"aligncenter size-full wp-image-2155\" src=\"https:\/\/wp.ufpel.edu.br\/ppgrecursoshidricos\/files\/2020\/05\/3-3.png\" alt=\"\" width=\"1350\" height=\"650\" srcset=\"https:\/\/wp.ufpel.edu.br\/ppgrecursoshidricos\/files\/2020\/05\/3-3.png 1350w, https:\/\/wp.ufpel.edu.br\/ppgrecursoshidricos\/files\/2020\/05\/3-3-400x193.png 400w, https:\/\/wp.ufpel.edu.br\/ppgrecursoshidricos\/files\/2020\/05\/3-3-1024x493.png 1024w, https:\/\/wp.ufpel.edu.br\/ppgrecursoshidricos\/files\/2020\/05\/3-3-768x370.png 768w\" sizes=\"(max-width: 1350px) 100vw, 1350px\" \/><\/span><\/p>\n<table style=\"width: 100%; border-collapse: collapse;\" border=\"0\">\n<tbody>\n<tr>\n<td style=\"width: 231.648px; text-align: center;\"><span style=\"color: #000000;\">juliana.pertille@ufpel.edu.br<\/span><\/td>\n<td style=\"width: 33.3333%; text-align: center;\"><span style=\"color: #000000;\"><a style=\"color: #000000;\" href=\"http:\/\/lattes.cnpq.br\/5206298567654294\" target=\"_blank\" rel=\"noopener noreferrer\">Curr\u00edculo Lattes<\/a><\/span><\/td>\n<td style=\"width: 33.3333%; text-align: center;\"><span style=\"color: #000000;\"><a style=\"color: #000000;\" href=\"https:\/\/orcid.org\/0000-0002-5507-2517\" target=\"_blank\" rel=\"noopener noreferrer\">ORCID<\/a><\/span><\/td>\n<\/tr>\n<\/tbody>\n<\/table>\n<\/div>\n<hr \/>\n<div class=\"team-about\">\n<p><span style=\"color: #000000;\"><img class=\"aligncenter size-full wp-image-2742\" src=\"https:\/\/wp.ufpel.edu.br\/ppgrecursoshidricos\/files\/2020\/08\/C\u00f3pia-de-C\u00f3pia-de-Defesa-de-Tese-7.png\" alt=\"\" width=\"1350\" height=\"650\" srcset=\"https:\/\/wp.ufpel.edu.br\/ppgrecursoshidricos\/files\/2020\/08\/C\u00f3pia-de-C\u00f3pia-de-Defesa-de-Tese-7.png 1350w, https:\/\/wp.ufpel.edu.br\/ppgrecursoshidricos\/files\/2020\/08\/C\u00f3pia-de-C\u00f3pia-de-Defesa-de-Tese-7-400x193.png 400w, https:\/\/wp.ufpel.edu.br\/ppgrecursoshidricos\/files\/2020\/08\/C\u00f3pia-de-C\u00f3pia-de-Defesa-de-Tese-7-1024x493.png 1024w, https:\/\/wp.ufpel.edu.br\/ppgrecursoshidricos\/files\/2020\/08\/C\u00f3pia-de-C\u00f3pia-de-Defesa-de-Tese-7-768x370.png 768w\" sizes=\"(max-width: 1350px) 100vw, 1350px\" \/><\/span><\/p>\n<table style=\"width: 100%; border-collapse: collapse;\" border=\"0\">\n<tbody>\n<tr>\n<td style=\"width: 231.648px; text-align: center;\"><span style=\"color: #000000;\">lessandro.faria@ufpel.edu.br<\/span><\/td>\n<td style=\"width: 33.3333%; text-align: center;\"><span style=\"color: #000000;\"><a style=\"color: #000000;\" href=\"http:\/\/buscatextual.cnpq.br\/buscatextual\/visualizacv.do?id=K4179232D7\" target=\"_blank\" rel=\"noopener noreferrer\">Curr\u00edculo Lattes<\/a><\/span><\/td>\n<td style=\"width: 33.3333%; text-align: center;\"><span style=\"color: #000000;\"><a style=\"color: #000000;\" href=\"https:\/\/orcid.org\/0000-0003-4257-3694\" target=\"_blank\" rel=\"noopener noreferrer\">ORCID<\/a><\/span><\/td>\n<\/tr>\n<\/tbody>\n<\/table>\n<hr \/>\n<\/div>\n<div class=\"team-about\">\n<div class=\"team-about\">\n<p><span style=\"color: #000000;\"><img class=\"aligncenter size-full wp-image-2130\" src=\"https:\/\/wp.ufpel.edu.br\/ppgrecursoshidricos\/files\/2020\/05\/13.png\" alt=\"\" width=\"1350\" height=\"650\" srcset=\"https:\/\/wp.ufpel.edu.br\/ppgrecursoshidricos\/files\/2020\/05\/13.png 1350w, https:\/\/wp.ufpel.edu.br\/ppgrecursoshidricos\/files\/2020\/05\/13-400x193.png 400w, https:\/\/wp.ufpel.edu.br\/ppgrecursoshidricos\/files\/2020\/05\/13-1024x493.png 1024w, https:\/\/wp.ufpel.edu.br\/ppgrecursoshidricos\/files\/2020\/05\/13-768x370.png 768w\" sizes=\"(max-width: 1350px) 100vw, 1350px\" \/><\/span><\/p>\n<table style=\"width: 100%; border-collapse: collapse;\" border=\"0\">\n<tbody>\n<tr>\n<td style=\"width: 231.648px; text-align: center;\"><span style=\"color: #000000;\">lctimm@ufpel.edu.br<\/span><\/td>\n<td style=\"width: 33.3333%; text-align: center;\"><span style=\"color: #000000;\"><a style=\"color: #000000;\" href=\"http:\/\/buscatextual.cnpq.br\/buscatextual\/visualizacv.do?id=K4721151U2\" target=\"_blank\" rel=\"noopener noreferrer\">Curr\u00edculo Lattes<\/a><\/span><\/td>\n<td style=\"width: 33.3333%; text-align: center;\"><span style=\"color: #000000;\"><a style=\"color: #000000;\" href=\"https:\/\/orcid.org\/0000-0003-2916-8125\" target=\"_blank\" rel=\"noopener noreferrer\">ORCID<\/a><\/span><\/td>\n<\/tr>\n<\/tbody>\n<\/table>\n<\/div>\n<div class=\"team-about\">\n<div class=\"team-about\">\n<hr \/>\n<\/div>\n<\/div>\n<\/div>\n<\/div>\n<\/div>\n<div class=\"team-about\">\n<div class=\"team-about\">\n<p><img class=\"size-full wp-image-3719 aligncenter\" src=\"https:\/\/wp.ufpel.edu.br\/ppgrecursoshidricos\/files\/2022\/12\/maurizio.png\" alt=\"\" width=\"1350\" height=\"650\" srcset=\"https:\/\/wp.ufpel.edu.br\/ppgrecursoshidricos\/files\/2022\/12\/maurizio.png 1350w, https:\/\/wp.ufpel.edu.br\/ppgrecursoshidricos\/files\/2022\/12\/maurizio-400x193.png 400w, https:\/\/wp.ufpel.edu.br\/ppgrecursoshidricos\/files\/2022\/12\/maurizio-1024x493.png 1024w, https:\/\/wp.ufpel.edu.br\/ppgrecursoshidricos\/files\/2022\/12\/maurizio-768x370.png 768w\" sizes=\"(max-width: 1350px) 100vw, 1350px\" \/><\/p>\n<table style=\"width: 100%; border-collapse: collapse;\" border=\"0\">\n<tbody>\n<tr>\n<td style=\"width: 33.3333%; text-align: center;\"><span style=\"color: #000000;\">mausq@hotmail.com\u00a0<\/span><\/td>\n<td style=\"width: 33.3333%; text-align: center;\"><span style=\"color: #000000;\">Curr\u00edculo Lattes<\/span><\/td>\n<td style=\"width: 33.3333%; text-align: center;\"><span style=\"color: #000000;\">ORCID<\/span><\/td>\n<\/tr>\n<\/tbody>\n<\/table>\n<hr \/>\n<p><span style=\"color: #000000;\"><img class=\"aligncenter size-full wp-image-2121\" src=\"https:\/\/wp.ufpel.edu.br\/ppgrecursoshidricos\/files\/2020\/05\/2.png\" alt=\"\" width=\"1350\" height=\"650\" srcset=\"https:\/\/wp.ufpel.edu.br\/ppgrecursoshidricos\/files\/2020\/05\/2.png 1350w, https:\/\/wp.ufpel.edu.br\/ppgrecursoshidricos\/files\/2020\/05\/2-400x193.png 400w, https:\/\/wp.ufpel.edu.br\/ppgrecursoshidricos\/files\/2020\/05\/2-1024x493.png 1024w, https:\/\/wp.ufpel.edu.br\/ppgrecursoshidricos\/files\/2020\/05\/2-768x370.png 768w\" sizes=\"(max-width: 1350px) 100vw, 1350px\" \/><\/span><\/p>\n<\/div>\n<\/div>\n<table style=\"width: 100%; border-collapse: collapse;\" border=\"0\">\n<tbody>\n<tr style=\"height: 23px;\">\n<td style=\"width: 33.3333%; text-align: center; height: 23px;\"><span style=\"color: #000000;\">ricardo.scherer@ufpel.edu.br<\/span><\/td>\n<td style=\"width: 33.3333%; text-align: center; height: 23px;\"><span style=\"color: #000000;\"><a style=\"color: #000000;\" href=\"http:\/\/lattes.cnpq.br\/2938197159101592\" target=\"_blank\" rel=\"noopener noreferrer\">Curr\u00edculo Lattes<\/a><\/span><\/td>\n<td style=\"width: 33.3333%; text-align: center; height: 23px;\"><span style=\"color: #000000;\"><a style=\"color: #000000;\" href=\"https:\/\/orcid.org\/0000-0002-3498-8542\" target=\"_blank\" rel=\"noopener noreferrer\">ORCID<\/a><\/span><\/td>\n<\/tr>\n<\/tbody>\n<\/table>\n<hr \/>\n<div class=\"team-about\">\n<div class=\"team-about\">\n<p><span style=\"color: #000000;\"><img class=\"size-full wp-image-3552 aligncenter\" src=\"https:\/\/wp.ufpel.edu.br\/ppgrecursoshidricos\/files\/2022\/06\/Samuel1.png\" alt=\"\" width=\"1350\" height=\"650\" srcset=\"https:\/\/wp.ufpel.edu.br\/ppgrecursoshidricos\/files\/2022\/06\/Samuel1.png 1350w, https:\/\/wp.ufpel.edu.br\/ppgrecursoshidricos\/files\/2022\/06\/Samuel1-400x193.png 400w, https:\/\/wp.ufpel.edu.br\/ppgrecursoshidricos\/files\/2022\/06\/Samuel1-1024x493.png 1024w, https:\/\/wp.ufpel.edu.br\/ppgrecursoshidricos\/files\/2022\/06\/Samuel1-768x370.png 768w\" sizes=\"(max-width: 1350px) 100vw, 1350px\" \/><\/span><\/p>\n<table style=\"width: 100%; border-collapse: collapse;\" border=\"0\">\n<tbody>\n<tr>\n<td style=\"width: 231.648px; text-align: center;\"><span style=\"color: #000000;\">samuel.beskow@ufpel.edu.br<\/span><\/td>\n<td style=\"width: 33.3333%; text-align: center;\"><span style=\"color: #000000;\"><a style=\"color: #000000;\" href=\"http:\/\/buscatextual.cnpq.br\/buscatextual\/visualizacv.do?id=K4718560J6\" target=\"_blank\" rel=\"noopener noreferrer\">Curr\u00edculo Lattes<\/a><\/span><\/td>\n<td style=\"width: 33.3333%; text-align: center;\"><span style=\"color: #000000;\"><a style=\"color: #000000;\" href=\"https:\/\/orcid.org\/0000-0003-3900-0895\" target=\"_blank\" rel=\"noopener noreferrer\">ORCID<\/a><\/span><\/td>\n<\/tr>\n<\/tbody>\n<\/table>\n<\/div>\n<\/div>\n<div class=\"team-about\">\n<hr \/>\n<h4><span style=\"color: #000000;\"><img class=\"size-full wp-image-3001 alignnone\" src=\"https:\/\/wp.ufpel.edu.br\/ppgrecursoshidricos\/files\/2021\/04\/Copia-de-Copia-de-Defesa-de-Tese.png\" alt=\"\" width=\"1350\" height=\"650\" srcset=\"https:\/\/wp.ufpel.edu.br\/ppgrecursoshidricos\/files\/2021\/04\/Copia-de-Copia-de-Defesa-de-Tese.png 1350w, https:\/\/wp.ufpel.edu.br\/ppgrecursoshidricos\/files\/2021\/04\/Copia-de-Copia-de-Defesa-de-Tese-400x193.png 400w, https:\/\/wp.ufpel.edu.br\/ppgrecursoshidricos\/files\/2021\/04\/Copia-de-Copia-de-Defesa-de-Tese-1024x493.png 1024w, https:\/\/wp.ufpel.edu.br\/ppgrecursoshidricos\/files\/2021\/04\/Copia-de-Copia-de-Defesa-de-Tese-768x370.png 768w\" sizes=\"(max-width: 1350px) 100vw, 1350px\" \/><\/span><\/h4>\n<div class=\"team-about\">\n<table style=\"width: 100%; border-collapse: collapse;\" border=\"0\">\n<tbody>\n<tr>\n<td style=\"width: 33.3333%; text-align: center;\"><span style=\"color: #000000;\">tamaracaldeira@ufpel.edu.br<\/span><br \/>\n<span style=\"color: #000000;\">tamaraleitzkecaldeira@gmail.com<\/span><\/td>\n<td style=\"width: 33.3333%; text-align: center;\"><span style=\"color: #000000;\"><a style=\"color: #000000;\" href=\"http:\/\/lattes.cnpq.br\/7911207195556350\" target=\"_blank\" rel=\"noopener noreferrer\">Curr\u00edculo Lattes<\/a><\/span><\/td>\n<td style=\"width: 33.3333%; text-align: center;\"><span style=\"color: #000000;\"><a style=\"color: #000000;\" href=\"https:\/\/orcid.org\/0000-0003-4471-9386\" target=\"_blank\" rel=\"noopener noreferrer\">ORCID<\/a><\/span><\/td>\n<\/tr>\n<\/tbody>\n<\/table>\n<\/div>\n<\/div>\n<div class=\"team-about\">\n<hr \/>\n<p><span style=\"color: #000000;\"><strong>Colaboradores do Programa<\/strong><\/span><\/p>\n<p><img class=\"size-full wp-image-3718 aligncenter\" src=\"https:\/\/wp.ufpel.edu.br\/ppgrecursoshidricos\/files\/2022\/12\/dani.png\" alt=\"\" width=\"1350\" height=\"650\" srcset=\"https:\/\/wp.ufpel.edu.br\/ppgrecursoshidricos\/files\/2022\/12\/dani.png 1350w, https:\/\/wp.ufpel.edu.br\/ppgrecursoshidricos\/files\/2022\/12\/dani-400x193.png 400w, https:\/\/wp.ufpel.edu.br\/ppgrecursoshidricos\/files\/2022\/12\/dani-1024x493.png 1024w, https:\/\/wp.ufpel.edu.br\/ppgrecursoshidricos\/files\/2022\/12\/dani-768x370.png 768w\" sizes=\"(max-width: 1350px) 100vw, 1350px\" \/><\/p>\n<div class=\"team-name\">\n<div class=\"team-name\">\n<div class=\"team-about\">\n<table style=\"width: 100%; border-collapse: collapse;\" border=\"0\">\n<tbody>\n<tr>\n<td style=\"width: 33.3333%; text-align: center;\"><span style=\"color: #000000;\">daniebressiani@gmail.com<\/span><\/td>\n<td style=\"width: 33.3333%; text-align: center;\"><span style=\"color: #000000;\">Curr\u00edculo Lattes<\/span><\/td>\n<td style=\"width: 33.3333%; text-align: center;\"><span style=\"color: #000000;\">ORCID<\/span><\/td>\n<\/tr>\n<\/tbody>\n<\/table>\n<\/div>\n<div class=\"team-name\">\n<div class=\"team-about\">\n<hr \/>\n<\/div>\n<div class=\"team-about\"><\/div>\n<div class=\"team-name\">\n<div class=\"team-about\">\n<hr \/>\n<p><span style=\"color: #000000;\"><img class=\"aligncenter size-full wp-image-2128\" src=\"https:\/\/wp.ufpel.edu.br\/ppgrecursoshidricos\/files\/2020\/05\/6.png\" alt=\"\" width=\"1350\" height=\"650\" srcset=\"https:\/\/wp.ufpel.edu.br\/ppgrecursoshidricos\/files\/2020\/05\/6.png 1350w, https:\/\/wp.ufpel.edu.br\/ppgrecursoshidricos\/files\/2020\/05\/6-400x193.png 400w, https:\/\/wp.ufpel.edu.br\/ppgrecursoshidricos\/files\/2020\/05\/6-1024x493.png 1024w, https:\/\/wp.ufpel.edu.br\/ppgrecursoshidricos\/files\/2020\/05\/6-768x370.png 768w\" sizes=\"(max-width: 1350px) 100vw, 1350px\" \/><\/span><\/p>\n<\/div>\n<div><\/div>\n<\/div>\n<table style=\"width: 100%; border-collapse: collapse; border-style: none;\" border=\"0\">\n<tbody>\n<tr>\n<td style=\"width: 33.3333%; text-align: center;\"><span style=\"color: #000000;\">mdaipra@gmail.com<\/span><\/td>\n<td style=\"width: 33.3333%; text-align: center;\"><span style=\"color: #000000;\"><a style=\"color: #000000;\" href=\"http:\/\/buscatextual.cnpq.br\/buscatextual\/visualizacv.do?id=K4769420Y6\" target=\"_blank\" rel=\"noopener noreferrer\">Curr\u00edculo Lattes<\/a><\/span><\/td>\n<td style=\"width: 33.3333%; text-align: center;\"><span style=\"color: #000000;\"><a style=\"color: #000000;\" href=\"https:\/\/orcid.org\/0000-0002-1858-1531\" target=\"_blank\" rel=\"noopener noreferrer\">ORCID<\/a><\/span><\/td>\n<\/tr>\n<\/tbody>\n<\/table>\n<div class=\"team-about\"><\/div>\n<p>&nbsp;<\/p>\n<p>&nbsp;<\/p>\n<p>&nbsp;<\/p>\n<div class=\"team-name\"><\/div>\n<div class=\"team-about\"><\/div>\n<\/div>\n<\/div>\n<\/div>\n<\/div>\n","protected":false},"excerpt":{"rendered":"<p>O grupo de pesquisadores que fazem parte do programa de P\u00f3s-Gradua\u00e7\u00e3o em Recursos H\u00eddricos \u00e9 constitu\u00eddo por docentes de diversas \u00e1reas de forma\u00e7\u00e3o, como: Engenharias (Agr\u00edcola, Civil e H\u00eddrica), Agronomia, Geologia e Meteorologia, que atuam em diversos cursos de gradua\u00e7\u00e3o (Engenharia H\u00eddrica, Engenharia Civil, Engenharia Agr\u00edcola, Engenharia Geol\u00f3gica, Agronomia e Meteorologia). Essa diversidade de profissionais, [&hellip;]<\/p>\n","protected":false},"author":669,"featured_media":0,"parent":19,"menu_order":2,"comment_status":"closed","ping_status":"closed","template":"","meta":{"jetpack_post_was_ever_published":false,"footnotes":""},"class_list":["post-28","page","type-page","status-publish","hentry"],"jetpack_shortlink":"https:\/\/wp.me\/Paj7D4-s","jetpack_sharing_enabled":true,"_links":{"self":[{"href":"https:\/\/wp.ufpel.edu.br\/ppgrecursoshidricos\/wp-json\/wp\/v2\/pages\/28","targetHints":{"allow":["GET"]}}],"collection":[{"href":"https:\/\/wp.ufpel.edu.br\/ppgrecursoshidricos\/wp-json\/wp\/v2\/pages"}],"about":[{"href":"https:\/\/wp.ufpel.edu.br\/ppgrecursoshidricos\/wp-json\/wp\/v2\/types\/page"}],"author":[{"embeddable":true,"href":"https:\/\/wp.ufpel.edu.br\/ppgrecursoshidricos\/wp-json\/wp\/v2\/users\/669"}],"replies":[{"embeddable":true,"href":"https:\/\/wp.ufpel.edu.br\/ppgrecursoshidricos\/wp-json\/wp\/v2\/comments?post=28"}],"version-history":[{"count":88,"href":"https:\/\/wp.ufpel.edu.br\/ppgrecursoshidricos\/wp-json\/wp\/v2\/pages\/28\/revisions"}],"predecessor-version":[{"id":4130,"href":"https:\/\/wp.ufpel.edu.br\/ppgrecursoshidricos\/wp-json\/wp\/v2\/pages\/28\/revisions\/4130"}],"up":[{"embeddable":true,"href":"https:\/\/wp.ufpel.edu.br\/ppgrecursoshidricos\/wp-json\/wp\/v2\/pages\/19"}],"wp:attachment":[{"href":"https:\/\/wp.ufpel.edu.br\/ppgrecursoshidricos\/wp-json\/wp\/v2\/media?parent=28"}],"curies":[{"name":"wp","href":"https:\/\/api.w.org\/{rel}","templated":true}]}}