{"id":2771,"date":"2020-08-26T14:28:04","date_gmt":"2020-08-26T17:28:04","guid":{"rendered":"https:\/\/wp.ufpel.edu.br\/ppgrecursoshidricos\/?page_id=2771"},"modified":"2021-12-16T11:03:42","modified_gmt":"2021-12-16T14:03:42","slug":"aproveitamento-de-creditos","status":"publish","type":"page","link":"https:\/\/wp.ufpel.edu.br\/ppgrecursoshidricos\/aproveitamento-de-creditos\/","title":{"rendered":"Aproveitamento de cr\u00e9ditos"},"content":{"rendered":"<p>De acordo com o Regimento do PPG Recursos H\u00eddricos, \u00e9 poss\u00edvel\u00a0o aproveitamento de cr\u00e9ditos obtidos em disciplinas de programas de p\u00f3s-gradua\u00e7\u00e3o, desde que estejam relacionados \u00e0 \u00e1rea de forma\u00e7\u00e3o do aluno no Programa. A equival\u00eancia das disciplinas cursadas ser\u00e1 julgada pelo Colegiado do programa.<\/p>\n<p>O pedido de aproveitamento dever\u00e1 ser encaminhado pelo aluno, com anu\u00eancia do orientador, via formul\u00e1rio eletr\u00f4nico dispon\u00edvel.\u00a0 O limite de aproveitamento \u00e9 de 50% dos cr\u00e9ditos m\u00ednimos de Doutorado a serem cursados, ou seja, 20 cr\u00e9ditos. Caso o aluno curse outras disciplinas no PPG Recursos H\u00eddricos, estas podem ser aproveitadas como cr\u00e9dito no curso de Doutorado, mesmo ultrapassando o limite de 50% dos cr\u00e9ditos.<\/p>\n<p>Conforme deliberado em reuni\u00e3o de Colegiado ocorrida em 09\/03\/2018, fica estabelecido o per\u00edodo da data de matr\u00edcula no semestre vigente at\u00e9 30 dias subsequentes para que as solicita\u00e7\u00f5es de aproveitamento de cr\u00e9dito sejam encaminhadas.<\/p>\n<p>Para solicitar aproveitamento de cr\u00e9ditos, preencha e envie o formul\u00e1rio dispon\u00edvel <a href=\"https:\/\/forms.gle\/KkBXWqzGyGAucnMSA\" target=\"_blank\" rel=\"noopener noreferrer\">neste link<\/a>.<\/p>\n","protected":false},"excerpt":{"rendered":"<p>De acordo com o Regimento do PPG Recursos H\u00eddricos, \u00e9 poss\u00edvel\u00a0o aproveitamento de cr\u00e9ditos obtidos em disciplinas de programas de p\u00f3s-gradua\u00e7\u00e3o, desde que estejam relacionados \u00e0 \u00e1rea de forma\u00e7\u00e3o do aluno no Programa. A equival\u00eancia das disciplinas cursadas ser\u00e1 julgada pelo Colegiado do programa. O pedido de aproveitamento dever\u00e1 ser encaminhado pelo aluno, com anu\u00eancia [&hellip;]<\/p>\n","protected":false},"author":669,"featured_media":0,"parent":0,"menu_order":0,"comment_status":"closed","ping_status":"closed","template":"","meta":{"jetpack_post_was_ever_published":false,"footnotes":""},"class_list":["post-2771","page","type-page","status-publish","hentry"],"jetpack_shortlink":"https:\/\/wp.me\/Paj7D4-IH","jetpack_sharing_enabled":true,"_links":{"self":[{"href":"https:\/\/wp.ufpel.edu.br\/ppgrecursoshidricos\/wp-json\/wp\/v2\/pages\/2771","targetHints":{"allow":["GET"]}}],"collection":[{"href":"https:\/\/wp.ufpel.edu.br\/ppgrecursoshidricos\/wp-json\/wp\/v2\/pages"}],"about":[{"href":"https:\/\/wp.ufpel.edu.br\/ppgrecursoshidricos\/wp-json\/wp\/v2\/types\/page"}],"author":[{"embeddable":true,"href":"https:\/\/wp.ufpel.edu.br\/ppgrecursoshidricos\/wp-json\/wp\/v2\/users\/669"}],"replies":[{"embeddable":true,"href":"https:\/\/wp.ufpel.edu.br\/ppgrecursoshidricos\/wp-json\/wp\/v2\/comments?post=2771"}],"version-history":[{"count":5,"href":"https:\/\/wp.ufpel.edu.br\/ppgrecursoshidricos\/wp-json\/wp\/v2\/pages\/2771\/revisions"}],"predecessor-version":[{"id":3229,"href":"https:\/\/wp.ufpel.edu.br\/ppgrecursoshidricos\/wp-json\/wp\/v2\/pages\/2771\/revisions\/3229"}],"wp:attachment":[{"href":"https:\/\/wp.ufpel.edu.br\/ppgrecursoshidricos\/wp-json\/wp\/v2\/media?parent=2771"}],"curies":[{"name":"wp","href":"https:\/\/api.w.org\/{rel}","templated":true}]}}