{"id":2387,"date":"2020-07-29T10:44:43","date_gmt":"2020-07-29T13:44:43","guid":{"rendered":"https:\/\/wp.ufpel.edu.br\/ppgrecursoshidricos\/?page_id=2387"},"modified":"2020-09-11T18:07:53","modified_gmt":"2020-09-11T21:07:53","slug":"research-projects","status":"publish","type":"page","link":"https:\/\/wp.ufpel.edu.br\/ppgrecursoshidricos\/research-projects\/","title":{"rendered":"Research projects"},"content":{"rendered":"<p><span style=\"color: #000000\">Find below the list of Research Projects coordinated by researchers of the PPG in Water Resources, which are\/were financed by funding agencies.<\/span><\/p>\n<p><span style=\"color: #000000\"><strong>Ongoing Research Projects:<\/strong><\/span><\/p>\n<div><span style=\"color: #000000\"><strong>Balan\u00e7o h\u00eddrico e umidade do solo em um remanescente t\u00edpico da Mata Atl\u00e2ntica brasileira: observa\u00e7\u00e3o, modelagem e impactos de mudan\u00e7as clim\u00e1ticas\u00a0<\/strong><\/span><\/div>\n<div><span style=\"color: #000000\"><span style=\"font-size: 10pt\">Funding Agency: CNPq<br \/>\n<\/span><span style=\"font-size: 10pt\">Coordinator: Carlos Rog\u00e9rio de Mello<br \/>\n<\/span><span style=\"font-size: 10pt\">Duration: 2017 &#8211; 2021<\/span><\/span><\/div>\n<div><span style=\"color: #000000;font-size: 10pt\">Total: R$ 113.000,00<\/span><\/div>\n<div><\/div>\n<div><span style=\"color: #000000\"><strong>Hidrologia de um remanescente da Mata Atl\u00e2ntica brasileira: avan\u00e7os no entendimento da intercepta\u00e7\u00e3o da precipita\u00e7\u00e3o pelo dossel e no armazenamento de \u00e1gua e de carbono no solo\u00a0<\/strong><\/span><\/div>\n<div><span style=\"color: #000000;font-size: 10pt\">Funding Agency: FAPEMIG\u00a0<\/span><\/div>\n<div><span style=\"color: #000000;font-size: 10pt\">Coordinator: Carlos Rog\u00e9rio de Mello<\/span><br \/>\n<span style=\"color: #000000;font-size: 10pt\">Duration: 2018 &#8211; 2021<\/span><\/div>\n<div><span style=\"color: #000000;font-size: 10pt\">Total:\u00a0R$ 24.000,00<\/span><\/div>\n<p><span style=\"color: #000000\"><strong>Mapeamento de flora\u00e7\u00f5es de cianobact\u00e9rias usando imagens de sat\u00e9lite em um importante manancial de abastecimento de \u00e1gua no munic\u00edpio de Pelotas, RS<\/strong><\/span><br \/>\n<span style=\"color: #000000;font-size: 10pt\">Funding Agency: FAPERGS<\/span><br \/>\n<span style=\"color: #000000;font-size: 10pt\">Call: FAPERGS N\u00ba 05\/2019 \u2013 Pesquisador Ga\u00facho (PqG) \u2013 R$ 30,000.00<\/span><br \/>\n<span style=\"color: #000000;font-size: 10pt\">Coordinator: Hugo Alexandre Soares Guedes<\/span><br \/>\n<span style=\"color: #000000;font-size: 10pt\">Duration: 11\/30\/2019 to 11\/30\/2022<\/span><\/p>\n<p><span style=\"color: #000000\"><strong>WebSYHDA: uma plataforma online para an\u00e1lise de dados hidrol\u00f3gicos<br \/>\n<\/strong><span style=\"font-size: 10pt\">Funding Agency: FAPERGS<\/span><\/span><br \/>\n<span style=\"color: #000000;font-size: 10pt\">Edital: FAPERGS N\u00ba 05\/2019 \u2013 Pesquisador Ga\u00facho (PqG) \u2013 R$ 30,000.00<\/span><br \/>\n<span style=\"color: #000000;font-size: 10pt\">Coordinator: Samuel Beskow<\/span><br \/>\n<span style=\"color: #000000;font-size: 10pt\">Duration: 11\/30\/2019 to 11\/30\/2022<\/span><br \/>\n<span style=\"color: #000000;font-size: 10pt\">Total: R$24,700.00<\/span><\/p>\n<p><span style=\"color: #000000\"><strong>Consumo e efici\u00eancia energ\u00e9tica na produ\u00e7\u00e3o de arroz em casca: irriga\u00e7\u00e3o e p\u00f3s-colheita<br \/>\n<\/strong><span style=\"font-size: 10pt\">Funding Agency: FAPERGS<\/span><\/span><br \/>\n<span style=\"color: #000000;font-size: 10pt\">Call: FAPERGS N\u00ba 04\/2019 \u2013 Aux\u00edlio Rec\u00e9m Doutor (ARD) \u2013 R$ 25,000.00<\/span><br \/>\n<span style=\"color: #000000;font-size: 10pt\">Coordinator: Ricardo Scherer Pohndorf<\/span><br \/>\n<span style=\"color: #000000;font-size: 10pt\">Duration: 09\/06\/2019 to 09\/06\/2021<\/span><br \/>\n<span style=\"color: #000000;font-size: 10pt\">Total: R$21,500.00<\/span><\/p>\n<p><span style=\"color: #000000\"><strong>Impacto das mudan\u00e7as clim\u00e1ticas sobre a hidrologia e os usos de \u00e1gua da bacia hidrogr\u00e1fica do rio Camaqu\u00e3<br \/>\n<\/strong><span style=\"font-size: 10pt\">Funding Agency: FAPERGS<\/span><\/span><br \/>\n<span style=\"color: #000000;font-size: 10pt\">Call: FAPERGS N\u00ba 04\/2019 \u2013 Aux\u00edlio Rec\u00e9m Doutor (ARD) \u2013 R$ 25,000.00<\/span><br \/>\n<span style=\"color: #000000;font-size: 10pt\">Coordinator: Tamara Leitzke Caldeira Beskow<\/span><br \/>\n<span style=\"color: #000000;font-size: 10pt\">Duration: 09\/06\/2019 to 09\/06\/2021<\/span><br \/>\n<span style=\"color: #000000;font-size: 10pt\">Total: R$19,984.00<\/span><\/p>\n<p><span style=\"color: #000000\"><strong>Evolu\u00e7\u00e3o temporal e metam\u00f3rfica do Complexo Porongos, Rio Grande do Sul, Brasil<br \/>\n<\/strong><span style=\"font-size: 10pt\">Funding Agency: CNPq<\/span><\/span><br \/>\n<span style=\"color: #000000;font-size: 10pt\">Call: MCTI\/CNPq N\u00ba 28\/2018 \u2013 Universal, Faixa A \u2013 R$ 30,000.00<\/span><br \/>\n<span style=\"color: #000000;font-size: 10pt\">Coordinator: Juliana Pertille da Silva<\/span><br \/>\n<span style=\"color: #000000;font-size: 10pt\">Duration: 02\/18\/2019\u00a0 to 02\/28\/2022<\/span><br \/>\n<span style=\"color: #000000;font-size: 10pt\">Total: R$30,000.00<\/span><\/p>\n<p><span style=\"color: #000000\"><strong>Modelo hidrol\u00f3gico LASH: desenvolvimento e avalia\u00e7\u00e3o da segunda vers\u00e3o<br \/>\n<\/strong><span style=\"font-size: 10pt\">Funding Agency: FAPERGS<\/span><\/span><br \/>\n<span style=\"color: #000000;font-size: 10pt\">Call: Programa de Apoio a N\u00facleos Emergentes (FAPERGS\/CNPq 11\/2014) &#8211; R$ 250,000.00<\/span><br \/>\n<span style=\"color: #000000;font-size: 10pt\">Coordinator: Samuel Beskow<\/span><br \/>\n<span style=\"color: #000000;font-size: 10pt\">Duration: 10\/05\/2016\u00a0 to 10\/04\/2020<\/span><br \/>\n<span style=\"color: #000000;font-size: 10pt\">Total: R$ 205,000.00<\/span><\/p>\n<hr \/>\n<p><span style=\"color: #000000\"><b>Finished Research Projects<\/b><\/span><\/p>\n<p><span style=\"color: #000000\"><b>Modelos de espa\u00e7o de estados e an\u00e1lise em wavelets no estudo do relacionamento entre atributos f\u00edsico-h\u00eddricos do solo e atributos topogr\u00e1ficos em duas bacias hidrogr\u00e1ficas da regi\u00e3o sul do Rio Grande do Sul<\/b><\/span><br \/>\n<span style=\"color: #000000;font-size: 10pt\">Funding Agency: CNPq<\/span><br \/>\n<span style=\"color: #000000;font-size: 10pt\">Call: MCTI\/CNPq N\u00ba 01\/2016 \u2013 Universal, Faixa A \u2013 R$ 120,000.00<\/span><br \/>\n<span style=\"color: #000000;font-size: 10pt\">Coordinator: Luis Carlos Timm<\/span><br \/>\n<span style=\"color: #000000;font-size: 10pt\">Duration: 06\/01\/2017\u00a0 to 05\/31\/2020<\/span><br \/>\n<span style=\"color: #000000;font-size: 10pt\">Total: R$120,000.00<\/span><\/p>\n<p><span style=\"color: #000000\"><strong>Irriga\u00e7\u00e3o por aspers\u00e3o tipo piv\u00f4 central na cultura do arroz: manejo da cultura e engenharia do sistema<br \/>\n<\/strong><span style=\"font-size: 10pt\">Funding Agency: CNPq<\/span><\/span><br \/>\n<span style=\"color: #000000;font-size: 10pt\">Call: MCTI\/CNPq N\u00ba 01\/2016 \u2013 Universal, Faixa A \u2013 R$ 30,000.00<\/span><br \/>\n<span style=\"color: #000000;font-size: 10pt\">Coordinator: Lessandro Coll Faria<\/span><br \/>\n<span style=\"color: #000000;font-size: 10pt\">Duration: 06\/01\/2017 to 05\/31\/2020<\/span><br \/>\n<span style=\"color: #000000;font-size: 10pt\">Total: R$30,000.00<\/span><\/p>\n<p><span style=\"color: #000000\"><strong>Modelagem do hidrograma de escoamento superficial direto em bacias hidrogr\u00e1ficas do sul do Rio Grande do Sul<br \/>\n<\/strong><span style=\"font-size: 10pt\">Funding Agency: CNPq<\/span><\/span><br \/>\n<span style=\"color: #000000;font-size: 10pt\">Call: MCTI\/CNPq N\u00ba 14\/2013 \u2013 Universal, Faixa A \u2013 R$ 30,000.00<\/span><br \/>\n<span style=\"color: #000000;font-size: 10pt\">Coordinator: Samuel Beskow<\/span><br \/>\n<span style=\"color: #000000;font-size: 10pt\">Duration: 2013\/2016<\/span><br \/>\n<span style=\"color: #000000;font-size: 10pt\">Total: R$ 29,974.00<\/span><\/p>\n<p><span style=\"color: #000000\"><strong>Modelagem conceitual de cheias em bacias hidrogr\u00e1ficas do sul do Rio Grande do Sul<br \/>\n<\/strong><span style=\"font-size: 10pt\">Funding Agency: FAPERGS<\/span><\/span><br \/>\n<span style=\"color: #000000;font-size: 10pt\">Call: FAPERGS\/ N\u00ba 001\/2013, Programa Pesquisador Ga\u00facho (PqG)<\/span><br \/>\n<span style=\"color: #000000;font-size: 10pt\">Coordinator: Samuel Beskow<\/span><br \/>\n<span style=\"color: #000000;font-size: 10pt\">Duration: 2013\/2015<\/span><br \/>\n<span style=\"color: #000000;font-size: 10pt\">Total: R$ 24,960.00<\/span><\/p>\n<p><span style=\"color: #000000\"><strong><span class=\"im\">Influ\u00eancia de fatores clim\u00e1ticos e do tipo de emissor na distribui\u00e7\u00e3o de \u00e1gua de sistemas linear m\u00f3vel utilizado na irriga\u00e7\u00e3o de arroz<br \/>\n<\/span><\/strong><span style=\"font-size: 10pt\">Funding Agency: CNPq<\/span><\/span><br \/>\n<span style=\"color: #000000;font-size: 10pt\">Call: chamada Universal \u2013 MCTI\/CNPq No 14\/2013<\/span><br \/>\n<span style=\"color: #000000;font-size: 10pt\">Coordinator: Lessandro Coll Faria<\/span><br \/>\n<span style=\"color: #000000;font-size: 10pt\">Duration: 2013\/2016<\/span><br \/>\n<span style=\"color: #000000;font-size: 10pt\">Total: R$30,000.00<\/span><\/p>\n<p><span style=\"color: #000000\"><strong>Hidrodin\u00e2mica do Canal S\u00e3o Gon\u00e7alo e suas rela\u00e7\u00f5es com o sistema lagunar Patos-Mirim: monitoramento para o manejo sustent\u00e1vel -HIDRON\u00c7ALO<br \/>\n<\/strong><span style=\"font-size: 10pt\">Funding Agency: FINEP<\/span><\/span><br \/>\n<span style=\"color: #000000;font-size: 10pt\">Call: Chamada p\u00fablica MCT\/FINEP CT-HIDRO 01\/2010<\/span><br \/>\n<span style=\"color: #000000;font-size: 10pt\">Coordinator: Gilberto Loguercio Collares<\/span><br \/>\n<span style=\"color: #000000;font-size: 10pt\">Duration: 07\/15\/2013 to 07\/14\/2017<\/span><br \/>\n<span style=\"color: #000000;font-size: 10pt\">Total: R$ 333,000.00<\/span><\/p>\n<p><span style=\"color: #000000\"><b><\/b><strong>Monitoramento do uso do solo e seus impactos na bacia hidrogr\u00e1fica do Arroio Pelotas, Rio Grande do Sul<br \/>\n<\/strong><span style=\"font-size: 10pt\">Funding Agency: Conselho Nacional de Desenvolvimento Cient\u00edfico e Tecnol\u00f3gico<\/span><\/span><br \/>\n<span style=\"color: #000000;font-size: 10pt\">Call: Chamada Universal \u2013 MCTI\/CNPq N\u00ba 14\/2013<\/span><br \/>\n<span style=\"color: #000000;font-size: 10pt\">Coordinator: Luis Eduardo Akiyoshi Sanches Suzuki<\/span><br \/>\n<span style=\"color: #000000;font-size: 10pt\">Duration: 11\/2013 to 11\/2016<\/span><br \/>\n<span style=\"color: #000000;font-size: 10pt\">Total: R$ 22,000.00<\/span><\/p>\n<p><span style=\"color: #000000\"><strong>Manejo da aduba\u00e7\u00e3o nitrogenada para o arroz irrigado por aspers\u00e3o no Rio Grande do Sul por meio da fertirriga\u00e7\u00e3o<br \/>\n<\/strong><span style=\"font-size: 10pt\">Funding Agency: CNPq<\/span><\/span><br \/>\n<span style=\"color: #000000;font-size: 10pt\">Call: Chamada Universal 14\/2012<\/span><br \/>\n<span style=\"color: #000000;font-size: 10pt\">Coordinator: Lu\u00eds Carlos <span class=\"il\">Timm<br \/>\n<\/span>Duration: Nov\/2012 to Fev\/2016<\/span><br \/>\n<span style=\"color: #000000;font-size: 10pt\">Total: R$ 83,334.00<\/span><\/p>\n","protected":false},"excerpt":{"rendered":"<p>Find below the list of Research Projects coordinated by researchers of the PPG in Water Resources, which are\/were financed by funding agencies. Ongoing Research Projects: Balan\u00e7o h\u00eddrico e umidade do solo em um remanescente t\u00edpico da Mata Atl\u00e2ntica brasileira: observa\u00e7\u00e3o, modelagem e impactos de mudan\u00e7as clim\u00e1ticas\u00a0 Funding Agency: CNPq Coordinator: Carlos Rog\u00e9rio de Mello Duration: [&hellip;]<\/p>\n","protected":false},"author":669,"featured_media":0,"parent":0,"menu_order":0,"comment_status":"closed","ping_status":"closed","template":"","meta":{"jetpack_post_was_ever_published":false,"footnotes":""},"class_list":["post-2387","page","type-page","status-publish","hentry"],"jetpack_shortlink":"https:\/\/wp.me\/Paj7D4-Cv","jetpack_sharing_enabled":true,"_links":{"self":[{"href":"https:\/\/wp.ufpel.edu.br\/ppgrecursoshidricos\/wp-json\/wp\/v2\/pages\/2387","targetHints":{"allow":["GET"]}}],"collection":[{"href":"https:\/\/wp.ufpel.edu.br\/ppgrecursoshidricos\/wp-json\/wp\/v2\/pages"}],"about":[{"href":"https:\/\/wp.ufpel.edu.br\/ppgrecursoshidricos\/wp-json\/wp\/v2\/types\/page"}],"author":[{"embeddable":true,"href":"https:\/\/wp.ufpel.edu.br\/ppgrecursoshidricos\/wp-json\/wp\/v2\/users\/669"}],"replies":[{"embeddable":true,"href":"https:\/\/wp.ufpel.edu.br\/ppgrecursoshidricos\/wp-json\/wp\/v2\/comments?post=2387"}],"version-history":[{"count":8,"href":"https:\/\/wp.ufpel.edu.br\/ppgrecursoshidricos\/wp-json\/wp\/v2\/pages\/2387\/revisions"}],"predecessor-version":[{"id":2836,"href":"https:\/\/wp.ufpel.edu.br\/ppgrecursoshidricos\/wp-json\/wp\/v2\/pages\/2387\/revisions\/2836"}],"wp:attachment":[{"href":"https:\/\/wp.ufpel.edu.br\/ppgrecursoshidricos\/wp-json\/wp\/v2\/media?parent=2387"}],"curies":[{"name":"wp","href":"https:\/\/api.w.org\/{rel}","templated":true}]}}