{"id":2384,"date":"2020-07-29T10:44:13","date_gmt":"2020-07-29T13:44:13","guid":{"rendered":"https:\/\/wp.ufpel.edu.br\/ppgrecursoshidricos\/?page_id=2384"},"modified":"2020-08-28T20:01:42","modified_gmt":"2020-08-28T23:01:42","slug":"productivity-in-research-pq-cnpq-scholarships","status":"publish","type":"page","link":"https:\/\/wp.ufpel.edu.br\/ppgrecursoshidricos\/productivity-in-research-pq-cnpq-scholarships\/","title":{"rendered":"Productivity in Research PQ\/CNPq Scholarships"},"content":{"rendered":"<p><span style=\"color: #000000\"><strong>Ongoing Research Projects:<\/strong><\/span><\/p>\n<p><span style=\"color: #000000\"><strong>Caracteriza\u00e7\u00e3o e quantifica\u00e7\u00e3o da variabilidade espacial de atributos f\u00edsico-h\u00eddricos do solo e de atributos topogr\u00e1ficos por meio de wavelets, geoestat\u00edstica, modelos de espa\u00e7o de estados e fun\u00e7\u00f5es de pedotransfer\u00eancia em escala de bacia hidrogr\u00e1fica<\/strong><br \/>\nDuration: 03\/01\/2020 &#8211; 02\/28\/2024<br \/>\nScholarship: Luis Carlos Timm<br \/>\nLevel: 1C<\/span><\/p>\n<p><span style=\"color: #000000\"><strong>Reflect\u00e2ncia vis-NIR na modelagem de atributos e no mapeamento digital de solos da bacia hidrogr\u00e1fica do rio Preto &#8211; MG<\/strong><br \/>\nDuration: 03\/01\/2019 &#8211; 02\/28\/2022<br \/>\nScholarship: Fabr\u00edcio da Silva Terra<br \/>\nLevel: 2<\/span><\/p>\n<p><span style=\"color: #000000\"><strong>Modelagem hidro-clim\u00e1tica em ambiente de mata atl\u00e2ntica em bacias hidrogr\u00e1ficas sob o prisma de mudan\u00e7as clim\u00e1ticas<br \/>\n<\/strong>Duration: 03\/01\/2018 &#8211; 02\/28\/2023<br \/>\nScholarship: Carlos Rog\u00e9rio de Mello<br \/>\nLevel: 1A<\/span><\/p>\n<p><strong>Modelagem hidrol\u00f3gica e clim\u00e1tica para estimativa de vaz\u00f5es na bacia hidrogr\u00e1fica Mirim-S\u00e3o Gon\u00e7alo<br \/>\n<\/strong>Duration: 03\/01\/2018 &#8211; 02\/28\/2021<br \/>\nScholarship: Samuel Beskow<br \/>\nLevel: 2<\/p>\n<p>&nbsp;<\/p>\n<hr \/>\n<p><span style=\"color: #000000\"><strong>Finished Research Projects:<\/strong><\/span><\/p>\n<p><span style=\"color: #000000\"><strong>Modelos de espa\u00e7o de estados e an\u00e1lises em <i>WAVELETS <\/i>no estudo do relacionamento entre atributos f\u00edsico-h\u00eddricos do solo e atributos topogr\u00e1ficos em duas bacias hidrogr\u00e1ficas da regi\u00e3o sul do Rio Grande do Sul<br \/>\n<\/strong>Duration: 03\/01\/2014 &#8211; 02\/28\/2020<br \/>\nScholarship: Luis Carlos Timm<br \/>\nLevel: 1C<\/span><\/p>\n<p><span style=\"color: #000000\"><strong>Modelagem determin\u00edstica e conceitual de cheias em bacias hidrogr\u00e1ficas do Rio Grande do Sul<br \/>\n<\/strong>Duration: 03\/01\/2015 &#8211; 02\/28\/2018<br \/>\nScholarship: Samuel Beskow<br \/>\nLevel: 2<\/span><\/p>\n<p><span style=\"color: #000000\"><strong>Hidrologia da regi\u00e3o sul de Minas Gerais: impactos de mudan\u00e7as clim\u00e1ticas<br \/>\n<\/strong>Duration: 03\/01\/2014 \u2013 02\/28\/2018<br \/>\nScholarship: Carlos Rog\u00e9rio de Mello<br \/>\nLevel: 1B<\/span><\/p>\n","protected":false},"excerpt":{"rendered":"<p>Ongoing Research Projects: Caracteriza\u00e7\u00e3o e quantifica\u00e7\u00e3o da variabilidade espacial de atributos f\u00edsico-h\u00eddricos do solo e de atributos topogr\u00e1ficos por meio de wavelets, geoestat\u00edstica, modelos de espa\u00e7o de estados e fun\u00e7\u00f5es de pedotransfer\u00eancia em escala de bacia hidrogr\u00e1fica Duration: 03\/01\/2020 &#8211; 02\/28\/2024 Scholarship: Luis Carlos Timm Level: 1C Reflect\u00e2ncia vis-NIR na modelagem de atributos e no [&hellip;]<\/p>\n","protected":false},"author":669,"featured_media":0,"parent":0,"menu_order":0,"comment_status":"closed","ping_status":"closed","template":"","meta":{"jetpack_post_was_ever_published":false,"footnotes":""},"class_list":["post-2384","page","type-page","status-publish","hentry"],"jetpack_shortlink":"https:\/\/wp.me\/Paj7D4-Cs","jetpack_sharing_enabled":true,"_links":{"self":[{"href":"https:\/\/wp.ufpel.edu.br\/ppgrecursoshidricos\/wp-json\/wp\/v2\/pages\/2384","targetHints":{"allow":["GET"]}}],"collection":[{"href":"https:\/\/wp.ufpel.edu.br\/ppgrecursoshidricos\/wp-json\/wp\/v2\/pages"}],"about":[{"href":"https:\/\/wp.ufpel.edu.br\/ppgrecursoshidricos\/wp-json\/wp\/v2\/types\/page"}],"author":[{"embeddable":true,"href":"https:\/\/wp.ufpel.edu.br\/ppgrecursoshidricos\/wp-json\/wp\/v2\/users\/669"}],"replies":[{"embeddable":true,"href":"https:\/\/wp.ufpel.edu.br\/ppgrecursoshidricos\/wp-json\/wp\/v2\/comments?post=2384"}],"version-history":[{"count":4,"href":"https:\/\/wp.ufpel.edu.br\/ppgrecursoshidricos\/wp-json\/wp\/v2\/pages\/2384\/revisions"}],"predecessor-version":[{"id":2830,"href":"https:\/\/wp.ufpel.edu.br\/ppgrecursoshidricos\/wp-json\/wp\/v2\/pages\/2384\/revisions\/2830"}],"wp:attachment":[{"href":"https:\/\/wp.ufpel.edu.br\/ppgrecursoshidricos\/wp-json\/wp\/v2\/media?parent=2384"}],"curies":[{"name":"wp","href":"https:\/\/api.w.org\/{rel}","templated":true}]}}