{"id":2319,"date":"2020-06-05T10:58:33","date_gmt":"2020-06-05T13:58:33","guid":{"rendered":"https:\/\/wp.ufpel.edu.br\/ppgrecursoshidricos\/?page_id=2319"},"modified":"2020-08-21T13:27:04","modified_gmt":"2020-08-21T16:27:04","slug":"postdoctoral","status":"publish","type":"page","link":"https:\/\/wp.ufpel.edu.br\/ppgrecursoshidricos\/postdoctoral\/","title":{"rendered":"Postdoctoral"},"content":{"rendered":"<p><img class=\"alignnone size-full wp-image-1964\" src=\"https:\/\/wp.ufpel.edu.br\/ppgrecursoshidricos\/files\/2020\/04\/C\u00f3pia-de-Azul-e-Amarelo-Liquida\u00e7\u00e3o-de-Cyber-Monday-An\u00fancio-Leaderboard-3.png\" alt=\"\" width=\"728\" height=\"90\" \/><a href=\"http:\/\/lattes.cnpq.br\/6165552562992388\" target=\"_blank\" rel=\"noopener noreferrer\">Dr. Mar\u00edlia Alves Brito Pinto<\/a><br \/>\n<span style=\"font-size: 10pt\">Period: 01.01.2019 &#8211; present<br \/>\n<\/span><span style=\"font-size: 10pt\">Funding Agency: PNPD\/CAPES<br \/>\nSupervisor: Prof. Dr. Lessandro Coll Faria<\/span><\/p>\n<p><a href=\"http:\/\/lattes.cnpq.br\/1458581424955942\" target=\"_blank\" rel=\"noopener noreferrer\">Dr. Daiane Hellnvig Zarnott<\/a><br \/>\n<span style=\"font-size: 10pt\">Period: 01.01.2018 &#8211; 12.31.2018<br \/>\n<\/span><span style=\"font-size: 10pt\">Funding Agency: PNPD\/CAPES<br \/>\nSupervisor: Prof. Dr. Fabr\u00edcio da Silva Terra<br \/>\n<\/span><\/p>\n<p><a href=\"http:\/\/lattes.cnpq.br\/2399829702959141\" target=\"_blank\" rel=\"noopener noreferrer\">Dr. Vin\u00edcius Augusto de Oliveira<\/a><br \/>\n<span style=\"font-size: 10pt\">Period: 01.13.2017 &#8211; 12.31.2017<br \/>\n<\/span><span style=\"font-size: 10pt\">Funding Agency: CNPq<\/span><br \/>\n<span style=\"font-size: 10pt\">Supervisor: Prof. Dr. Carlos Rog\u00e9rio de Mello<\/span><\/p>\n<p><a href=\"http:\/\/lattes.cnpq.br\/8926956657640555\" target=\"_blank\" rel=\"noopener noreferrer\">Dr. L\u00e9o Fernandes \u00c1vila<\/a><br \/>\n<span style=\"font-size: 10pt\">Period: 06.01.2015 &#8211; 06.30.2017<br \/>\n<\/span><span style=\"font-size: 10pt\">Funding Agency: PNPD\/CAPES<\/span><br \/>\n<span style=\"font-size: 10pt\">Supervisor: Prof. Dr. Samuel Beskow<\/span><\/p>\n<p><a href=\"http:\/\/lattes.cnpq.br\/2456180398954129\" target=\"_blank\" rel=\"noopener noreferrer\">Dr. Viviane Santos Silva Terra<\/a><br \/>\n<span style=\"font-size: 10pt\">Period: 10.01.2014 &#8211; 04.30.2015<br \/>\n<\/span><span style=\"font-size: 10pt\">Funding Agency: PNPD\/CAPES<\/span><br \/>\n<span style=\"font-size: 10pt\">Supervisor: Prof. Dr. Gilberto Loguercio Collares<\/span><\/p>\n","protected":false},"excerpt":{"rendered":"<p>Dr. Mar\u00edlia Alves Brito Pinto Period: 01.01.2019 &#8211; present Funding Agency: PNPD\/CAPES Supervisor: Prof. Dr. Lessandro Coll Faria Dr. Daiane Hellnvig Zarnott Period: 01.01.2018 &#8211; 12.31.2018 Funding Agency: PNPD\/CAPES Supervisor: Prof. Dr. Fabr\u00edcio da Silva Terra Dr. Vin\u00edcius Augusto de Oliveira Period: 01.13.2017 &#8211; 12.31.2017 Funding Agency: CNPq Supervisor: Prof. Dr. Carlos Rog\u00e9rio de Mello [&hellip;]<\/p>\n","protected":false},"author":669,"featured_media":0,"parent":0,"menu_order":0,"comment_status":"closed","ping_status":"closed","template":"","meta":{"jetpack_post_was_ever_published":false,"footnotes":""},"class_list":["post-2319","page","type-page","status-publish","hentry"],"jetpack_shortlink":"https:\/\/wp.me\/Paj7D4-Bp","jetpack_sharing_enabled":true,"_links":{"self":[{"href":"https:\/\/wp.ufpel.edu.br\/ppgrecursoshidricos\/wp-json\/wp\/v2\/pages\/2319","targetHints":{"allow":["GET"]}}],"collection":[{"href":"https:\/\/wp.ufpel.edu.br\/ppgrecursoshidricos\/wp-json\/wp\/v2\/pages"}],"about":[{"href":"https:\/\/wp.ufpel.edu.br\/ppgrecursoshidricos\/wp-json\/wp\/v2\/types\/page"}],"author":[{"embeddable":true,"href":"https:\/\/wp.ufpel.edu.br\/ppgrecursoshidricos\/wp-json\/wp\/v2\/users\/669"}],"replies":[{"embeddable":true,"href":"https:\/\/wp.ufpel.edu.br\/ppgrecursoshidricos\/wp-json\/wp\/v2\/comments?post=2319"}],"version-history":[{"count":5,"href":"https:\/\/wp.ufpel.edu.br\/ppgrecursoshidricos\/wp-json\/wp\/v2\/pages\/2319\/revisions"}],"predecessor-version":[{"id":2716,"href":"https:\/\/wp.ufpel.edu.br\/ppgrecursoshidricos\/wp-json\/wp\/v2\/pages\/2319\/revisions\/2716"}],"wp:attachment":[{"href":"https:\/\/wp.ufpel.edu.br\/ppgrecursoshidricos\/wp-json\/wp\/v2\/media?parent=2319"}],"curies":[{"name":"wp","href":"https:\/\/api.w.org\/{rel}","templated":true}]}}