{"id":1953,"date":"2020-04-20T10:35:28","date_gmt":"2020-04-20T13:35:28","guid":{"rendered":"https:\/\/wp.ufpel.edu.br\/ppgrecursoshidricos\/?page_id=1953"},"modified":"2025-07-18T22:05:26","modified_gmt":"2025-07-19T01:05:26","slug":"pos-doc","status":"publish","type":"page","link":"https:\/\/wp.ufpel.edu.br\/ppgrecursoshidricos\/pos-doc\/","title":{"rendered":"P\u00f3s-Doc"},"content":{"rendered":"<p style=\"text-align: left;\"><a href=\"http:\/\/lattes.cnpq.br\/6165552562992388\" target=\"_blank\" rel=\"noopener noreferrer\">Dr\u00aa. Mar\u00edlia Alves Brito Pinto<\/a><br \/>\n<span style=\"font-size: 10pt;\">Per\u00edodo: 01.01.2019 &#8211; 31.12.2024<br \/>\n<\/span><span style=\"font-size: 10pt;\">Modalidade: PNPD\/CAPES<br \/>\nSupervis\u00e3o: Prof. Dr. Lessandro Coll Faria<\/span><\/p>\n<p><a href=\"http:\/\/lattes.cnpq.br\/1458581424955942\" target=\"_blank\" rel=\"noopener noreferrer\">Dr\u00aa. Daiane Hellnvig Zarnott<\/a><br \/>\n<span style=\"font-size: 10pt;\">Per\u00edodo: 01.01.2018 &#8211; 31.12.2018<br \/>\nModalidade: PNPD\/CAPES<\/span><br \/>\n<span style=\"font-size: 10pt;\">Supervis\u00e3o: Prof. Dr. Fabr\u00edcio da Silva Terra<\/span><\/p>\n<p><a href=\"http:\/\/lattes.cnpq.br\/2399829702959141\" target=\"_blank\" rel=\"noopener noreferrer\">Dr. Vin\u00edcius Augusto de Oliveira<\/a><br \/>\n<span style=\"font-size: 10pt;\">Per\u00edodo: 13.01.2017 &#8211; 31.12.2017<br \/>\nModalidade: CNPq<\/span><br \/>\n<span style=\"font-size: 10pt;\">Supervis\u00e3o: Prof. Dr. Carlos Rog\u00e9rio de Mello<\/span><\/p>\n<p><a href=\"http:\/\/lattes.cnpq.br\/8926956657640555\" target=\"_blank\" rel=\"noopener noreferrer\">Dr. L\u00e9o Fernandes \u00c1vila<\/a><br \/>\n<span style=\"font-size: 10pt;\">Per\u00edodo: 01.06.2015 &#8211; 30.06.2017<br \/>\nModalidade: PNPD\/CAPES<\/span><br \/>\n<span style=\"font-size: 10pt;\">Supervis\u00e3o: Prof. Dr. Samuel Beskow<\/span><\/p>\n<p><a href=\"http:\/\/lattes.cnpq.br\/2456180398954129\" target=\"_blank\" rel=\"noopener noreferrer\">Dr\u00aa. Viviane Santos Silva Terra<\/a><br \/>\n<span style=\"font-size: 10pt;\">Per\u00edodo: 01.10.2014 &#8211; 30.04.2015<br \/>\nModalidade: PNPD\/CAPES<\/span><br \/>\n<span style=\"font-size: 10pt;\">Supervis\u00e3o: Prof. Dr. Gilberto Loguercio Collares<\/span><\/p>\n","protected":false},"excerpt":{"rendered":"<p>Dr\u00aa. Mar\u00edlia Alves Brito Pinto Per\u00edodo: 01.01.2019 &#8211; 31.12.2024 Modalidade: PNPD\/CAPES Supervis\u00e3o: Prof. Dr. Lessandro Coll Faria Dr\u00aa. Daiane Hellnvig Zarnott Per\u00edodo: 01.01.2018 &#8211; 31.12.2018 Modalidade: PNPD\/CAPES Supervis\u00e3o: Prof. Dr. Fabr\u00edcio da Silva Terra Dr. Vin\u00edcius Augusto de Oliveira Per\u00edodo: 13.01.2017 &#8211; 31.12.2017 Modalidade: CNPq Supervis\u00e3o: Prof. Dr. Carlos Rog\u00e9rio de Mello Dr. L\u00e9o Fernandes [&hellip;]<\/p>\n","protected":false},"author":669,"featured_media":0,"parent":0,"menu_order":0,"comment_status":"closed","ping_status":"closed","template":"","meta":{"jetpack_post_was_ever_published":false,"footnotes":""},"class_list":["post-1953","page","type-page","status-publish","hentry"],"jetpack_shortlink":"https:\/\/wp.me\/Paj7D4-vv","jetpack_sharing_enabled":true,"_links":{"self":[{"href":"https:\/\/wp.ufpel.edu.br\/ppgrecursoshidricos\/wp-json\/wp\/v2\/pages\/1953","targetHints":{"allow":["GET"]}}],"collection":[{"href":"https:\/\/wp.ufpel.edu.br\/ppgrecursoshidricos\/wp-json\/wp\/v2\/pages"}],"about":[{"href":"https:\/\/wp.ufpel.edu.br\/ppgrecursoshidricos\/wp-json\/wp\/v2\/types\/page"}],"author":[{"embeddable":true,"href":"https:\/\/wp.ufpel.edu.br\/ppgrecursoshidricos\/wp-json\/wp\/v2\/users\/669"}],"replies":[{"embeddable":true,"href":"https:\/\/wp.ufpel.edu.br\/ppgrecursoshidricos\/wp-json\/wp\/v2\/comments?post=1953"}],"version-history":[{"count":10,"href":"https:\/\/wp.ufpel.edu.br\/ppgrecursoshidricos\/wp-json\/wp\/v2\/pages\/1953\/revisions"}],"predecessor-version":[{"id":4741,"href":"https:\/\/wp.ufpel.edu.br\/ppgrecursoshidricos\/wp-json\/wp\/v2\/pages\/1953\/revisions\/4741"}],"wp:attachment":[{"href":"https:\/\/wp.ufpel.edu.br\/ppgrecursoshidricos\/wp-json\/wp\/v2\/media?parent=1953"}],"curies":[{"name":"wp","href":"https:\/\/api.w.org\/{rel}","templated":true}]}}