{"id":1772,"date":"2020-04-07T18:06:12","date_gmt":"2020-04-07T21:06:12","guid":{"rendered":"https:\/\/wp.ufpel.edu.br\/ppgrecursoshidricos\/?page_id=1772"},"modified":"2020-05-19T15:33:56","modified_gmt":"2020-05-19T18:33:56","slug":"discentes-de-graduacao","status":"publish","type":"page","link":"https:\/\/wp.ufpel.edu.br\/ppgrecursoshidricos\/discentes-de-graduacao\/","title":{"rendered":"Discente de gradua\u00e7\u00e3o"},"content":{"rendered":"<p>Se voc\u00ea \u00e9 discente de gradua\u00e7\u00e3o e atuou, atua ou ir\u00e1 atuar junto ao PPG Recursos H\u00eddricos da UFPel\u00a0 (ver abaixo as modalidades), \u00e9 necess\u00e1rio que envie seus dados pessoais e institucionais para cadastro na Plataforma Sucupira da CAPES.<\/p>\n<p>Os dados informados servir\u00e3o para cadastro junto \u00e0 Plataforma Sucupira\/CAPES nas seguintes modalidades:<\/p>\n<ul>\n<li>Colaborador em projetos;<\/li>\n<li>Bolsista de inicia\u00e7\u00e3o cient\u00edfica ou tecnol\u00f3gica; e<\/li>\n<li>Autor ou co-autor de trabalhos t\u00e9cnicos e cient\u00edficos.<\/li>\n<\/ul>\n<p><strong>Antes de efetuar seu cadastro, clique\u00a0<a href=\"https:\/\/docs.google.com\/spreadsheets\/d\/1aQmbxdrPveI70Icb4QPeQeYVxz7CUw0NohkQ-6Olgeg\/edit?usp=sharing\" target=\"_blank\" rel=\"noopener noreferrer\">aqui<\/a> e veja se voc\u00ea j\u00e1 n\u00e3o est\u00e1 entre os Discentes de Gradua\u00e7\u00e3o\u00a0 cadastrados entre 2013 a 2019.<\/strong><\/p>\n<p><strong>Para um novo cadastro, clique <a href=\"https:\/\/forms.gle\/zmTKegfRZ5hHdorg9\" target=\"_blank\" rel=\"noopener noreferrer\">aqui<\/a>.<\/strong><\/p>\n","protected":false},"excerpt":{"rendered":"<p>Se voc\u00ea \u00e9 discente de gradua\u00e7\u00e3o e atuou, atua ou ir\u00e1 atuar junto ao PPG Recursos H\u00eddricos da UFPel\u00a0 (ver abaixo as modalidades), \u00e9 necess\u00e1rio que envie seus dados pessoais e institucionais para cadastro na Plataforma Sucupira da CAPES. Os dados informados servir\u00e3o para cadastro junto \u00e0 Plataforma Sucupira\/CAPES nas seguintes modalidades: Colaborador em projetos; [&hellip;]<\/p>\n","protected":false},"author":669,"featured_media":0,"parent":0,"menu_order":0,"comment_status":"closed","ping_status":"closed","template":"","meta":{"jetpack_post_was_ever_published":false,"footnotes":""},"class_list":["post-1772","page","type-page","status-publish","hentry"],"jetpack_shortlink":"https:\/\/wp.me\/Paj7D4-sA","jetpack_sharing_enabled":true,"_links":{"self":[{"href":"https:\/\/wp.ufpel.edu.br\/ppgrecursoshidricos\/wp-json\/wp\/v2\/pages\/1772","targetHints":{"allow":["GET"]}}],"collection":[{"href":"https:\/\/wp.ufpel.edu.br\/ppgrecursoshidricos\/wp-json\/wp\/v2\/pages"}],"about":[{"href":"https:\/\/wp.ufpel.edu.br\/ppgrecursoshidricos\/wp-json\/wp\/v2\/types\/page"}],"author":[{"embeddable":true,"href":"https:\/\/wp.ufpel.edu.br\/ppgrecursoshidricos\/wp-json\/wp\/v2\/users\/669"}],"replies":[{"embeddable":true,"href":"https:\/\/wp.ufpel.edu.br\/ppgrecursoshidricos\/wp-json\/wp\/v2\/comments?post=1772"}],"version-history":[{"count":5,"href":"https:\/\/wp.ufpel.edu.br\/ppgrecursoshidricos\/wp-json\/wp\/v2\/pages\/1772\/revisions"}],"predecessor-version":[{"id":1831,"href":"https:\/\/wp.ufpel.edu.br\/ppgrecursoshidricos\/wp-json\/wp\/v2\/pages\/1772\/revisions\/1831"}],"wp:attachment":[{"href":"https:\/\/wp.ufpel.edu.br\/ppgrecursoshidricos\/wp-json\/wp\/v2\/media?parent=1772"}],"curies":[{"name":"wp","href":"https:\/\/api.w.org\/{rel}","templated":true}]}}