{"id":1766,"date":"2020-04-07T17:37:45","date_gmt":"2020-04-07T20:37:45","guid":{"rendered":"https:\/\/wp.ufpel.edu.br\/ppgrecursoshidricos\/?page_id=1766"},"modified":"2020-05-19T15:33:56","modified_gmt":"2020-05-19T18:33:56","slug":"cadastro-de-participante-externo","status":"publish","type":"page","link":"https:\/\/wp.ufpel.edu.br\/ppgrecursoshidricos\/cadastro-de-participante-externo\/","title":{"rendered":"Participante externo"},"content":{"rendered":"<p>Se voc\u00ea atuou, atua ou ir\u00e1 atuar junto ao PPG Recursos H\u00eddricos da UFPel como participante externo (ver abaixo as modalidades), \u00e9 necess\u00e1rio que envie seus dados pessoais e profissionais para cadastro na Plataforma Sucupira da CAPES e\/ou no Sistema Cobalto da UFPel.<\/p>\n<p>Os dados informados servir\u00e3o para cadastro junto \u00e0 Plataforma Sucupira\/CAPES nas seguintes modalidades:<\/p>\n<ul>\n<li>Co-orienta\u00e7\u00e3o;<\/li>\n<li>Participa\u00e7\u00e3o em banca examinadora de qualifica\u00e7\u00e3o de Doutorado;<\/li>\n<li>Participa\u00e7\u00e3o em banca examinadora de defesa de Disserta\u00e7\u00e3o;<\/li>\n<li>Participa\u00e7\u00e3o em banca examinadora de defesa de Tese;<\/li>\n<li>Colabora\u00e7\u00e3o em projetos<\/li>\n<li>Autoria ou co-autoria de trabalho cient\u00edfico; e<\/li>\n<li>Outras formas de participa\u00e7\u00e3o.<\/li>\n<\/ul>\n<p>Os dados informados servir\u00e3o para cadastro junto ao Sistema Cobalto\/UFPel nas seguintes modalidades:<\/p>\n<ul>\n<li>Co-orienta\u00e7\u00e3o;<\/li>\n<li>Participa\u00e7\u00e3o em banca examinadora de qualifica\u00e7\u00e3o de Doutorado;<\/li>\n<li>Participa\u00e7\u00e3o em banca examinadora de defesa de Disserta\u00e7\u00e3o; e<\/li>\n<li>Participa\u00e7\u00e3o em banca examinadora de defesa de Tese.<\/li>\n<\/ul>\n<p><strong>Antes de efetuar seu cadastro, clique <a href=\"https:\/\/docs.google.com\/spreadsheets\/d\/1djN1KXiGqey6pgDjKigZeRSCQi7TvjvYioIzqXzBFjM\/edit?usp=sharing\" target=\"_blank\" rel=\"noopener noreferrer\">aqui<\/a> e veja se voc\u00ea j\u00e1 n\u00e3o est\u00e1 entre os Participantes Externos ao PPG Recursos H\u00eddricos cadastrados de 2013 a 2019. <\/strong><\/p>\n<p><strong>Para um novo cadastro, clique <a href=\"https:\/\/forms.gle\/eLo9oY8V9Rsxe1h18\" target=\"_blank\" rel=\"noopener noreferrer\">aqui<\/a> .<\/strong><\/p>\n","protected":false},"excerpt":{"rendered":"<p>Se voc\u00ea atuou, atua ou ir\u00e1 atuar junto ao PPG Recursos H\u00eddricos da UFPel como participante externo (ver abaixo as modalidades), \u00e9 necess\u00e1rio que envie seus dados pessoais e profissionais para cadastro na Plataforma Sucupira da CAPES e\/ou no Sistema Cobalto da UFPel. Os dados informados servir\u00e3o para cadastro junto \u00e0 Plataforma Sucupira\/CAPES nas seguintes [&hellip;]<\/p>\n","protected":false},"author":669,"featured_media":0,"parent":0,"menu_order":0,"comment_status":"closed","ping_status":"closed","template":"","meta":{"jetpack_post_was_ever_published":false,"footnotes":""},"class_list":["post-1766","page","type-page","status-publish","hentry"],"jetpack_shortlink":"https:\/\/wp.me\/Paj7D4-su","jetpack_sharing_enabled":true,"_links":{"self":[{"href":"https:\/\/wp.ufpel.edu.br\/ppgrecursoshidricos\/wp-json\/wp\/v2\/pages\/1766","targetHints":{"allow":["GET"]}}],"collection":[{"href":"https:\/\/wp.ufpel.edu.br\/ppgrecursoshidricos\/wp-json\/wp\/v2\/pages"}],"about":[{"href":"https:\/\/wp.ufpel.edu.br\/ppgrecursoshidricos\/wp-json\/wp\/v2\/types\/page"}],"author":[{"embeddable":true,"href":"https:\/\/wp.ufpel.edu.br\/ppgrecursoshidricos\/wp-json\/wp\/v2\/users\/669"}],"replies":[{"embeddable":true,"href":"https:\/\/wp.ufpel.edu.br\/ppgrecursoshidricos\/wp-json\/wp\/v2\/comments?post=1766"}],"version-history":[{"count":8,"href":"https:\/\/wp.ufpel.edu.br\/ppgrecursoshidricos\/wp-json\/wp\/v2\/pages\/1766\/revisions"}],"predecessor-version":[{"id":1797,"href":"https:\/\/wp.ufpel.edu.br\/ppgrecursoshidricos\/wp-json\/wp\/v2\/pages\/1766\/revisions\/1797"}],"wp:attachment":[{"href":"https:\/\/wp.ufpel.edu.br\/ppgrecursoshidricos\/wp-json\/wp\/v2\/media?parent=1766"}],"curies":[{"name":"wp","href":"https:\/\/api.w.org\/{rel}","templated":true}]}}