{"id":1402,"date":"2018-10-09T15:01:18","date_gmt":"2018-10-09T18:01:18","guid":{"rendered":"https:\/\/wp.ufpel.edu.br\/ppgrecursoshidricos\/?page_id=1402"},"modified":"2022-11-29T09:27:28","modified_gmt":"2022-11-29T12:27:28","slug":"exame-de-qualificacao","status":"publish","type":"page","link":"https:\/\/wp.ufpel.edu.br\/ppgrecursoshidricos\/documentos\/exame-de-qualificacao\/","title":{"rendered":"Exame de qualifica\u00e7\u00e3o"},"content":{"rendered":"<p>O aluno de doutorado submeter-se-\u00e1 ao Exame de Qualifica\u00e7\u00e3o como requisito para obten\u00e7\u00e3o do grau de Doutor em Recursos H\u00eddricos, considerando os seguintes crit\u00e9rios estabelecidos pelo Colegiado.<\/p>\n<p>O exame de qualifica\u00e7\u00e3o ser\u00e1 baseado no projeto de pesquisa de doutorado, e requer que o aluno:<br \/>\ni) tenha completado pelo menos 70% do n\u00famero m\u00ednimo de cr\u00e9ditos exigidos no Programa;<br \/>\nii) n\u00e3o tenha disciplina pendente com conceito D;<br \/>\niii) realize o exame obedecendo ao prazo de no m\u00ednimo 6 (seis) meses anteriores \u00e0 defesa da Tese;<br \/>\niv) ter apresentado o certificado de aprova\u00e7\u00e3o no teste de profici\u00eancia em l\u00edngua inglesa.<\/p>\n<p>Quanto \u00e0 banca de avalia\u00e7\u00e3o para o exame de qualifica\u00e7\u00e3o, \u00e9 exigido que:<br \/>\ni) A banca do exame de qualifica\u00e7\u00e3o para o Doutorado seja constitu\u00edda pelo orientador e por 2 (dois) ou mais professores e\/ou pesquisadores com o t\u00edtulo de Doutor dos quais, pelo menos 1 (um) deve ser externo ao Programa;<br \/>\nii) O coorientador poder\u00e1 constituir a banca examinadora desde que esta seja composta<br \/>\npor mais de tr\u00eas membros.<\/p>\n<p>S\u00e3o exigidos para o exame de qualifica\u00e7\u00e3o e apresenta\u00e7\u00e3o os seguintes requisitos:<br \/>\ni) Defesa de um documento de qualifica\u00e7\u00e3o que segue o modelo de tese, conforme as normas de publica\u00e7\u00e3o da UFPel, resguardadas as adequa\u00e7\u00f5es necess\u00e1rias \u00e0 condi\u00e7\u00e3o de qualifica\u00e7\u00e3o, como por exemplo a mudan\u00e7a do item \u201cResultados\u201d para \u201cResultados Preliminares\u201d e a inser\u00e7\u00e3o opcional do item de \u201cCronograma\u201d, entre outros que o autor achar necess\u00e1rio.<\/p>\n<p>ii) O aluno far\u00e1 a apresenta\u00e7\u00e3o em sess\u00e3o p\u00fablica perante a banca examinadora;<\/p>\n<p>iii) Ap\u00f3s a apresenta\u00e7\u00e3o do aluno, a banca proceder\u00e1 \u00e0 argui\u00e7\u00e3o, que n\u00e3o ter\u00e1 car\u00e1ter p\u00fablico, abrangendo, al\u00e9m dos aspectos relacionados ao documento, tamb\u00e9m conhecimentos em Recursos H\u00eddricos referentes \u00e0 \u00e1rea de conhecimento a qual o aluno esteja\u00a0vinculado.<\/p>\n<p>Para aprova\u00e7\u00e3o do aluno no exame de qualifica\u00e7\u00e3o ser\u00e1 considerado:<br \/>\ni) Aprovado no exame de qualifica\u00e7\u00e3o para doutorado o aluno que obtiver o conceito S (suficiente) por todos os membros da banca examinadora;<br \/>\nii) O aluno que obtiver o conceito I (insuficiente) dever\u00e1 repetir o exame num prazo de at\u00e9 6 (seis) meses ap\u00f3s a realiza\u00e7\u00e3o do primeiro exame, perante a mesma banca;<br \/>\niii) O aluno que n\u00e3o obtiver aprova\u00e7\u00e3o no segundo exame de qualifica\u00e7\u00e3o ser\u00e1 desligado do Programa.<\/p>\n<p>&nbsp;<\/p>\n<p>Para dar encaminhamento ao Exame de Qualifica\u00e7\u00e3o, o orientador deve preencher o formul\u00e1rio dispon\u00edvel neste <a href=\"https:\/\/forms.gle\/9EV77rKwadGZa26L9\" target=\"_blank\" rel=\"noopener noreferrer\">link<\/a>.<\/p>\n","protected":false},"excerpt":{"rendered":"<p>O aluno de doutorado submeter-se-\u00e1 ao Exame de Qualifica\u00e7\u00e3o como requisito para obten\u00e7\u00e3o do grau de Doutor em Recursos H\u00eddricos, considerando os seguintes crit\u00e9rios estabelecidos pelo Colegiado. O exame de qualifica\u00e7\u00e3o ser\u00e1 baseado no projeto de pesquisa de doutorado, e requer que o aluno: i) tenha completado pelo menos 70% do n\u00famero m\u00ednimo de cr\u00e9ditos [&hellip;]<\/p>\n","protected":false},"author":669,"featured_media":0,"parent":69,"menu_order":0,"comment_status":"closed","ping_status":"closed","template":"","meta":{"jetpack_post_was_ever_published":false,"footnotes":""},"class_list":["post-1402","page","type-page","status-publish","hentry"],"jetpack_shortlink":"https:\/\/wp.me\/Paj7D4-mC","jetpack_sharing_enabled":true,"_links":{"self":[{"href":"https:\/\/wp.ufpel.edu.br\/ppgrecursoshidricos\/wp-json\/wp\/v2\/pages\/1402","targetHints":{"allow":["GET"]}}],"collection":[{"href":"https:\/\/wp.ufpel.edu.br\/ppgrecursoshidricos\/wp-json\/wp\/v2\/pages"}],"about":[{"href":"https:\/\/wp.ufpel.edu.br\/ppgrecursoshidricos\/wp-json\/wp\/v2\/types\/page"}],"author":[{"embeddable":true,"href":"https:\/\/wp.ufpel.edu.br\/ppgrecursoshidricos\/wp-json\/wp\/v2\/users\/669"}],"replies":[{"embeddable":true,"href":"https:\/\/wp.ufpel.edu.br\/ppgrecursoshidricos\/wp-json\/wp\/v2\/comments?post=1402"}],"version-history":[{"count":12,"href":"https:\/\/wp.ufpel.edu.br\/ppgrecursoshidricos\/wp-json\/wp\/v2\/pages\/1402\/revisions"}],"predecessor-version":[{"id":3689,"href":"https:\/\/wp.ufpel.edu.br\/ppgrecursoshidricos\/wp-json\/wp\/v2\/pages\/1402\/revisions\/3689"}],"up":[{"embeddable":true,"href":"https:\/\/wp.ufpel.edu.br\/ppgrecursoshidricos\/wp-json\/wp\/v2\/pages\/69"}],"wp:attachment":[{"href":"https:\/\/wp.ufpel.edu.br\/ppgrecursoshidricos\/wp-json\/wp\/v2\/media?parent=1402"}],"curies":[{"name":"wp","href":"https:\/\/api.w.org\/{rel}","templated":true}]}}