{"id":9977,"date":"2025-02-27T15:04:11","date_gmt":"2025-02-27T18:04:11","guid":{"rendered":"https:\/\/wp.ufpel.edu.br\/ppgq\/?page_id=9977"},"modified":"2025-02-27T15:04:11","modified_gmt":"2025-02-27T18:04:11","slug":"fernando-machado-machado","status":"publish","type":"page","link":"https:\/\/wp.ufpel.edu.br\/ppgq\/fernando-machado-machado\/","title":{"rendered":"Fernando Machado Machado"},"content":{"rendered":"<p><a href=\"https:\/\/wp.ufpel.edu.br\/ppgq\/files\/2025\/02\/Fernando-Machado.png\"><img loading=\"lazy\" decoding=\"async\" class=\"alignnone  wp-image-9979\" src=\"https:\/\/wp.ufpel.edu.br\/ppgq\/files\/2025\/02\/Fernando-Machado-230x318.png\" alt=\"\" width=\"133\" height=\"184\" srcset=\"https:\/\/wp.ufpel.edu.br\/ppgq\/files\/2025\/02\/Fernando-Machado-230x318.png 230w, https:\/\/wp.ufpel.edu.br\/ppgq\/files\/2025\/02\/Fernando-Machado-115x159.png 115w, https:\/\/wp.ufpel.edu.br\/ppgq\/files\/2025\/02\/Fernando-Machado.png 425w\" sizes=\"auto, (max-width: 133px) 100vw, 133px\" \/><\/a><\/p>\n<p><a href=\"mailto:fernando.machado@ufpel.edu.br\">fernando.machado@ufpel.edu.br<\/a><br \/>\n<a href=\"http:\/\/lattes.cnpq.br\/4817691053221537\">Acessar CV Lattes<\/a><\/p>\n<p style=\"text-align: justify;\"><span style=\"color: #000000;\">Graduado em F\u00edsica &#8211; Bacharelado pela Universidade Franciscana (UFN) (2001-2005) e em Engenharia de Materiais pela Universidade Federal do Rio Grande do Sul (UFRGS) (2007-2011). Possui mestrado em Engenharia Mec\u00e2nica pelo PROMEC\/UFRGS (2006-2007) e doutorado em Engenharia \u2013 \u00e1rea de concentra\u00e7\u00e3o Ci\u00eancia e Tecnologia dos Materiais pelo Programa de P\u00f3s-Gradua\u00e7\u00e3o em Engenharia de Minas, Metal\u00fargica e de Materiais (PPGE3M\/UFRGS) (2008-2012). Tamb\u00e9m realizou est\u00e1gio p\u00f3s-doutoral na UFRGS (2012-2013) e no Instituto Alan G. MacDiarmid NanoTech da Universidade do Texas em Dallas, EUA, como Visiting Scholar (2018-2019). Atuou como professor na Universidade Franciscana (2012-2014), onde foi coordenador do curso de Engenharia de Materiais e Diretor de Pesquisa (PRPGPE\/UFN). Atualmente, \u00e9 Professor Adjunto da Universidade Federal de Pelotas (UFPEL), vinculado ao Centro de Desenvolvimento Tecnol\u00f3gico (CDTec\/UFPEL). \u00c9 l\u00edder do Grupo de Pesquisa em Materiais (GPEM\/UFPEL) e coordenador do Laborat\u00f3rio de Pesquisa em Materiais (LPM) (https:\/\/wp.ufpel.edu.br\/lpm\/). Tem experi\u00eancia na \u00e1rea de Engenharia de Materiais, com \u00eanfase em materiais nanoestruturados, atuando principalmente nos seguintes temas: s\u00edntese, caracteriza\u00e7\u00e3o e aplica\u00e7\u00e3o de materiais nanoestruturados; estruturas \u00e0 base de carbono; adsor\u00e7\u00e3o e remo\u00e7\u00e3o de contaminantes de preocupa\u00e7\u00e3o emergente; reciclagem e reuso de materiais. \u00c9 Bolsista de Produtividade em Pesquisa do CNPq &#8211; N\u00edvel 2. ResearcherID: P-5980-2014. Scopus Author ID: 50461982900. Orcid: 0000-0001-9463-3535<\/span><\/p>\n<p>O texto acima foi extra\u00eddo do Curr\u00edculo Lattes do docente. A Coordena\u00e7\u00e3o do PPGQ n\u00e3o se responsabiliza por informa\u00e7\u00f5es inver\u00eddicas ou imprecis\u00e3o nos dados fornecidos.<\/p>\n","protected":false},"excerpt":{"rendered":"<p>fernando.machado@ufpel.edu.br Acessar CV Lattes Graduado em F\u00edsica &#8211; Bacharelado pela Universidade Franciscana (UFN) (2001-2005) e em Engenharia de Materiais pela Universidade Federal do Rio Grande do Sul (UFRGS) (2007-2011). Possui mestrado em Engenharia Mec\u00e2nica pelo PROMEC\/UFRGS (2006-2007) e doutorado em &hellip; <a href=\"https:\/\/wp.ufpel.edu.br\/ppgq\/fernando-machado-machado\/\">Continue lendo <span class=\"meta-nav\">&rarr;<\/span><\/a><\/p>\n","protected":false},"author":93,"featured_media":0,"parent":0,"menu_order":0,"comment_status":"closed","ping_status":"closed","template":"","meta":{"footnotes":""},"class_list":["post-9977","page","type-page","status-publish","hentry"],"_links":{"self":[{"href":"https:\/\/wp.ufpel.edu.br\/ppgq\/wp-json\/wp\/v2\/pages\/9977","targetHints":{"allow":["GET"]}}],"collection":[{"href":"https:\/\/wp.ufpel.edu.br\/ppgq\/wp-json\/wp\/v2\/pages"}],"about":[{"href":"https:\/\/wp.ufpel.edu.br\/ppgq\/wp-json\/wp\/v2\/types\/page"}],"author":[{"embeddable":true,"href":"https:\/\/wp.ufpel.edu.br\/ppgq\/wp-json\/wp\/v2\/users\/93"}],"replies":[{"embeddable":true,"href":"https:\/\/wp.ufpel.edu.br\/ppgq\/wp-json\/wp\/v2\/comments?post=9977"}],"version-history":[{"count":2,"href":"https:\/\/wp.ufpel.edu.br\/ppgq\/wp-json\/wp\/v2\/pages\/9977\/revisions"}],"predecessor-version":[{"id":10121,"href":"https:\/\/wp.ufpel.edu.br\/ppgq\/wp-json\/wp\/v2\/pages\/9977\/revisions\/10121"}],"wp:attachment":[{"href":"https:\/\/wp.ufpel.edu.br\/ppgq\/wp-json\/wp\/v2\/media?parent=9977"}],"curies":[{"name":"wp","href":"https:\/\/api.w.org\/{rel}","templated":true}]}}