{"id":9482,"date":"2024-04-10T13:16:29","date_gmt":"2024-04-10T16:16:29","guid":{"rendered":"https:\/\/wp.ufpel.edu.br\/ppgq\/?page_id=9482"},"modified":"2024-04-11T16:04:50","modified_gmt":"2024-04-11T19:04:50","slug":"resolucoes","status":"publish","type":"page","link":"https:\/\/wp.ufpel.edu.br\/ppgq\/resolucoes\/","title":{"rendered":"Resolu\u00e7\u00f5es"},"content":{"rendered":"<p><a href=\"https:\/\/wp.ufpel.edu.br\/ppgq\/files\/2024\/04\/Resolucao-de-Bolsas-PPGQ-2024.pdf\">Resolucao de Bolsas PPGQ 2024<\/a><\/p>\n<p><a href=\"https:\/\/wp.ufpel.edu.br\/ppgq\/files\/2024\/04\/Resolucao-de-Credenciamento-e-Recredenciamento-2024.pdf\">Resolu\u00e7\u00e3o de Credenciamento e Recredenciamento PPGQ 2024<\/a><\/p>\n<p><a href=\"https:\/\/wp.ufpel.edu.br\/ppgq\/files\/2024\/04\/Resolucao-PRPPG-sobre-acumulo-de-bolsas-e-atividades-remuneradas.pdf\">Resolu\u00e7\u00e3o PRPPG sobre ac\u00famulo de bolsas e atividades remuneradas<\/a><\/p>\n<p>&nbsp;<\/p>\n","protected":false},"excerpt":{"rendered":"<p>Resolucao de Bolsas PPGQ 2024 Resolu\u00e7\u00e3o de Credenciamento e Recredenciamento PPGQ 2024 Resolu\u00e7\u00e3o PRPPG sobre ac\u00famulo de bolsas e atividades remuneradas &nbsp;<\/p>\n","protected":false},"author":93,"featured_media":0,"parent":0,"menu_order":0,"comment_status":"closed","ping_status":"closed","template":"","meta":{"footnotes":""},"class_list":["post-9482","page","type-page","status-publish","hentry"],"_links":{"self":[{"href":"https:\/\/wp.ufpel.edu.br\/ppgq\/wp-json\/wp\/v2\/pages\/9482","targetHints":{"allow":["GET"]}}],"collection":[{"href":"https:\/\/wp.ufpel.edu.br\/ppgq\/wp-json\/wp\/v2\/pages"}],"about":[{"href":"https:\/\/wp.ufpel.edu.br\/ppgq\/wp-json\/wp\/v2\/types\/page"}],"author":[{"embeddable":true,"href":"https:\/\/wp.ufpel.edu.br\/ppgq\/wp-json\/wp\/v2\/users\/93"}],"replies":[{"embeddable":true,"href":"https:\/\/wp.ufpel.edu.br\/ppgq\/wp-json\/wp\/v2\/comments?post=9482"}],"version-history":[{"count":5,"href":"https:\/\/wp.ufpel.edu.br\/ppgq\/wp-json\/wp\/v2\/pages\/9482\/revisions"}],"predecessor-version":[{"id":9501,"href":"https:\/\/wp.ufpel.edu.br\/ppgq\/wp-json\/wp\/v2\/pages\/9482\/revisions\/9501"}],"wp:attachment":[{"href":"https:\/\/wp.ufpel.edu.br\/ppgq\/wp-json\/wp\/v2\/media?parent=9482"}],"curies":[{"name":"wp","href":"https:\/\/api.w.org\/{rel}","templated":true}]}}