{"id":9479,"date":"2024-04-10T13:16:19","date_gmt":"2024-04-10T16:16:19","guid":{"rendered":"https:\/\/wp.ufpel.edu.br\/ppgq\/?page_id=9479"},"modified":"2025-11-04T16:12:47","modified_gmt":"2025-11-04T19:12:47","slug":"regimentos","status":"publish","type":"page","link":"https:\/\/wp.ufpel.edu.br\/ppgq\/regimentos\/","title":{"rendered":"Regimentos"},"content":{"rendered":"<p><a href=\"https:\/\/wp.ufpel.edu.br\/ppgq\/files\/2025\/11\/Resolucao-no-89-2024.-Novo-Regimento-da-Pos-Graduacao.pdf\">Resolu\u00e7\u00e3o-no 89-2024. Novo Regimento da P\u00f3s-Gradua\u00e7\u00e3o<\/a><\/p>\n<p><a href=\"https:\/\/wp.ufpel.edu.br\/ppgq\/files\/2025\/11\/Regimento-PPGQ-2025-atualizado.pdf\">Regimento PPGQ Mestrado Doutorado 2025<\/a><\/p>\n<p><a href=\"https:\/\/wp.ufpel.edu.br\/ppgq\/files\/2024\/04\/A-Regimento-PPGQ-2023.pdf\">Regimento PPGQ Mestrado Doutorado 2023<\/a><\/p>\n<p><a href=\"https:\/\/wp.ufpel.edu.br\/ppgq\/files\/2024\/04\/Regimento-PPGQ-2018.pdf\">Regimento PPGQ Mestrado Doutorado 2018<\/a><\/p>\n<p><a href=\"https:\/\/wp.ufpel.edu.br\/ppgq\/files\/2024\/04\/Regimento-PPGQ-Mestrado-Doutorado-2010.pdf\">Regimento PPGQ Mestrado Doutorado 2010<\/a><\/p>\n<p><a href=\"https:\/\/wp.ufpel.edu.br\/ppgq\/files\/2024\/04\/Regimento-Mestrado-2006.pdf\">Regimento PPGQ Mestrado 2006<\/a><\/p>\n<p>&nbsp;<\/p>\n","protected":false},"excerpt":{"rendered":"<p>Resolu\u00e7\u00e3o-no 89-2024. Novo Regimento da P\u00f3s-Gradua\u00e7\u00e3o Regimento PPGQ Mestrado Doutorado 2025 Regimento PPGQ Mestrado Doutorado 2023 Regimento PPGQ Mestrado Doutorado 2018 Regimento PPGQ Mestrado Doutorado 2010 Regimento PPGQ Mestrado 2006 &nbsp;<\/p>\n","protected":false},"author":93,"featured_media":0,"parent":0,"menu_order":0,"comment_status":"closed","ping_status":"closed","template":"","meta":{"footnotes":""},"class_list":["post-9479","page","type-page","status-publish","hentry"],"_links":{"self":[{"href":"https:\/\/wp.ufpel.edu.br\/ppgq\/wp-json\/wp\/v2\/pages\/9479","targetHints":{"allow":["GET"]}}],"collection":[{"href":"https:\/\/wp.ufpel.edu.br\/ppgq\/wp-json\/wp\/v2\/pages"}],"about":[{"href":"https:\/\/wp.ufpel.edu.br\/ppgq\/wp-json\/wp\/v2\/types\/page"}],"author":[{"embeddable":true,"href":"https:\/\/wp.ufpel.edu.br\/ppgq\/wp-json\/wp\/v2\/users\/93"}],"replies":[{"embeddable":true,"href":"https:\/\/wp.ufpel.edu.br\/ppgq\/wp-json\/wp\/v2\/comments?post=9479"}],"version-history":[{"count":3,"href":"https:\/\/wp.ufpel.edu.br\/ppgq\/wp-json\/wp\/v2\/pages\/9479\/revisions"}],"predecessor-version":[{"id":10407,"href":"https:\/\/wp.ufpel.edu.br\/ppgq\/wp-json\/wp\/v2\/pages\/9479\/revisions\/10407"}],"wp:attachment":[{"href":"https:\/\/wp.ufpel.edu.br\/ppgq\/wp-json\/wp\/v2\/media?parent=9479"}],"curies":[{"name":"wp","href":"https:\/\/api.w.org\/{rel}","templated":true}]}}