{"id":8348,"date":"2022-09-05T10:11:06","date_gmt":"2022-09-05T13:11:06","guid":{"rendered":"https:\/\/wp.ufpel.edu.br\/ppgq\/?page_id=8348"},"modified":"2025-12-10T13:03:44","modified_gmt":"2025-12-10T16:03:44","slug":"secretaria","status":"publish","type":"page","link":"https:\/\/wp.ufpel.edu.br\/ppgq\/secretaria\/","title":{"rendered":"Secretaria"},"content":{"rendered":"<p><strong>Secret\u00e1rios:<\/strong> Djanira Oliveira Maciel e Wellington Behling<\/p>\n<p>&nbsp;<\/p>\n<p>Escala de Trabalho Atual<\/p>\n<p style=\"text-align: center;\"><strong>UNIVERSIDADE FEDERAL DE PELOTAS<\/strong><\/p>\n<p style=\"text-align: center;\"><strong>CENTRO DE CI\u00caNCIAS QU\u00cdMICAS FARMAC\u00caUTICAS E DE ALIMENTOS<\/strong><\/p>\n<p style=\"text-align: center;\"><strong>(CCQFA)<\/strong><\/p>\n<p><strong>\u00a0<\/strong><\/p>\n<p><strong>\u00a0<\/strong><\/p>\n<table>\n<tbody>\n<tr>\n<td width=\"943\">\n<p style=\"text-align: center;\"><strong>Escala de Trabalho \u2013 SECRETARIA DE P\u00d3S-GRADUA\u00c7\u00c3O<\/strong><\/p>\n<p style=\"text-align: center;\"><strong>PPGQ \u2013 PPGBBio \u2013 PGCA<\/strong><\/p>\n<\/td>\n<\/tr>\n<\/tbody>\n<\/table>\n<p><strong>\u00a0<\/strong><\/p>\n<table>\n<tbody>\n<tr>\n<td style=\"width: 150px;\" width=\"157\"><strong>Turno<\/strong><\/td>\n<td style=\"width: 69px;\" width=\"157\"><strong>Segunda<\/strong><\/td>\n<td style=\"width: 104px;\" width=\"157\"><strong>Ter\u00e7a<\/strong><\/td>\n<td style=\"width: 106px;\" width=\"157\"><strong>Quarta<\/strong><\/td>\n<td style=\"width: 105px;\" width=\"157\"><strong>Quinta<\/strong><\/td>\n<td style=\"width: 105px;\" width=\"157\"><strong>Sexta<\/strong><\/td>\n<\/tr>\n<tr>\n<td style=\"width: 150px;\" width=\"157\"><strong>8h \u00e0s 14h<\/strong><\/td>\n<td style=\"width: 69px;\" width=\"157\">Wellington<\/td>\n<td style=\"width: 104px;\" width=\"157\">Wellington<\/td>\n<td style=\"width: 106px;\" width=\"157\">Wellington<\/td>\n<td style=\"width: 105px;\" width=\"157\">Wellington<\/td>\n<td style=\"width: 105px;\" width=\"157\">Wellington<\/td>\n<\/tr>\n<tr>\n<td style=\"width: 150px;\" width=\"157\"><strong>14h \u00e0s 20h<\/strong><\/td>\n<td style=\"width: 69px;\" width=\"157\">Djanira<\/td>\n<td style=\"width: 104px;\" width=\"157\">Djanira<\/td>\n<td style=\"width: 106px;\" width=\"157\">Djanira<\/td>\n<td style=\"width: 105px;\" width=\"157\">Djanira<\/td>\n<td style=\"width: 105px;\" width=\"157\">Djanira<\/td>\n<\/tr>\n<\/tbody>\n<\/table>\n<p>&nbsp;<\/p>\n","protected":false},"excerpt":{"rendered":"<p>Secret\u00e1rios: Djanira Oliveira Maciel e Wellington Behling &nbsp; Escala de Trabalho Atual UNIVERSIDADE FEDERAL DE PELOTAS CENTRO DE CI\u00caNCIAS QU\u00cdMICAS FARMAC\u00caUTICAS E DE ALIMENTOS (CCQFA) \u00a0 \u00a0 Escala de Trabalho \u2013 SECRETARIA DE P\u00d3S-GRADUA\u00c7\u00c3O PPGQ \u2013 PPGBBio \u2013 PGCA \u00a0 &hellip; <a href=\"https:\/\/wp.ufpel.edu.br\/ppgq\/secretaria\/\">Continue lendo <span class=\"meta-nav\">&rarr;<\/span><\/a><\/p>\n","protected":false},"author":93,"featured_media":0,"parent":0,"menu_order":0,"comment_status":"closed","ping_status":"closed","template":"","meta":{"footnotes":""},"class_list":["post-8348","page","type-page","status-publish","hentry"],"_links":{"self":[{"href":"https:\/\/wp.ufpel.edu.br\/ppgq\/wp-json\/wp\/v2\/pages\/8348","targetHints":{"allow":["GET"]}}],"collection":[{"href":"https:\/\/wp.ufpel.edu.br\/ppgq\/wp-json\/wp\/v2\/pages"}],"about":[{"href":"https:\/\/wp.ufpel.edu.br\/ppgq\/wp-json\/wp\/v2\/types\/page"}],"author":[{"embeddable":true,"href":"https:\/\/wp.ufpel.edu.br\/ppgq\/wp-json\/wp\/v2\/users\/93"}],"replies":[{"embeddable":true,"href":"https:\/\/wp.ufpel.edu.br\/ppgq\/wp-json\/wp\/v2\/comments?post=8348"}],"version-history":[{"count":3,"href":"https:\/\/wp.ufpel.edu.br\/ppgq\/wp-json\/wp\/v2\/pages\/8348\/revisions"}],"predecessor-version":[{"id":10446,"href":"https:\/\/wp.ufpel.edu.br\/ppgq\/wp-json\/wp\/v2\/pages\/8348\/revisions\/10446"}],"wp:attachment":[{"href":"https:\/\/wp.ufpel.edu.br\/ppgq\/wp-json\/wp\/v2\/media?parent=8348"}],"curies":[{"name":"wp","href":"https:\/\/api.w.org\/{rel}","templated":true}]}}