{"id":6815,"date":"2019-09-24T10:25:33","date_gmt":"2019-09-24T13:25:33","guid":{"rendered":"https:\/\/wp.ufpel.edu.br\/ppgq\/?page_id=6815"},"modified":"2019-09-24T10:42:21","modified_gmt":"2019-09-24T13:42:21","slug":"juliano-alex-roehrs","status":"publish","type":"page","link":"https:\/\/wp.ufpel.edu.br\/ppgq\/juliano-alex-roehrs\/","title":{"rendered":"Juliano Alex Roehrs"},"content":{"rendered":"<p><img loading=\"lazy\" decoding=\"async\" class=\"\" src=\"http:\/\/servicosweb.cnpq.br\/wspessoa\/servletrecuperafoto?tipo=1&amp;id=K4230990Y6\" width=\"130\" height=\"168\" \/><\/p>\n<p><a href=\"mailto:julianoroehrs@gmail.com\">julianoroehrs@gmail.com<\/a><br \/>\n<a href=\"http:\/\/buscatextual.cnpq.br\/buscatextual\/visualizacv.do?id=K4230990Y6\">Acessar CV Lattes<\/a><\/p>\n<p style=\"text-align: justify\"><span style=\"color: #000000\">Professor Doutor do Instituto Federal de Educa\u00e7\u00e3o, ci\u00eancia e Tecnologia Sul-rio-grandense (IFSul) Campus Pelotas, possui gradua\u00e7\u00e3o em Qu\u00edmica Licenciatura pela Universidade Federal de Santa Maria (UFSM-2008), Mestre em Qu\u00edmica pela Universidade Federal de Santa Maria (UFSM-2011); Doutor em Ci\u00eancias pela Universidade Federal de Santa Maria (UFSM-2014). Realizou p\u00f3s-doutorado na Universidade Federal de Pelotas (UFPEL 2014-2016), neste per\u00edodo, atuou como professor volunt\u00e1rio nas disciplinas de Metodologia da Pesquisa, Introdu\u00e7\u00e3o a S\u00edntese Org\u00e2nica, Qu\u00edmica Verde (n\u00edvel gradua\u00e7\u00e3o) e nas disciplinas de S\u00edntese Org\u00e2nica e Semin\u00e1rios (n\u00edvel p\u00f3s-gradua\u00e7\u00e3o). Atuou como T\u00e9cnico em Qu\u00edmica (2016-2017) no Laborat\u00f3rio de Cat\u00e1lise e Fen\u00f4menos Interfaciais (LACFI) do Departamento de Qu\u00edmica da Universidade Federal de Santa Catarina (UFSC) sob supervis\u00e3o do Prof Dr. Faruk J. Nome. Tem experi\u00eancia na \u00e1rea de s\u00edntese, semi-s\u00edntese, Cat\u00e1lise, an\u00e1lises de compostos org\u00e2nicos via Cromatografia L\u00edquida (HPLC), Gasosa (GC), espectrometria de massa (MS), resson\u00e2ncia magn\u00e9tica nuclear (RMN), Infavermelho (IR) e espectrofotometria (UV\/VIS).<\/span><\/p>\n<p>O texto acima foi extra\u00eddo do Curr\u00edculo Lattes do docente. A Coordena\u00e7\u00e3o do PPGQ n\u00e3o se responsabiliza por informa\u00e7\u00f5es inver\u00eddicas ou imprecis\u00e3o nos dados fornecidos.<\/p>\n","protected":false},"excerpt":{"rendered":"<p>julianoroehrs@gmail.com Acessar CV Lattes Professor Doutor do Instituto Federal de Educa\u00e7\u00e3o, ci\u00eancia e Tecnologia Sul-rio-grandense (IFSul) Campus Pelotas, possui gradua\u00e7\u00e3o em Qu\u00edmica Licenciatura pela Universidade Federal de Santa Maria (UFSM-2008), Mestre em Qu\u00edmica pela Universidade Federal de Santa Maria (UFSM-2011); &hellip; <a href=\"https:\/\/wp.ufpel.edu.br\/ppgq\/juliano-alex-roehrs\/\">Continue lendo <span class=\"meta-nav\">&rarr;<\/span><\/a><\/p>\n","protected":false},"author":93,"featured_media":0,"parent":0,"menu_order":0,"comment_status":"closed","ping_status":"closed","template":"","meta":{"footnotes":""},"class_list":["post-6815","page","type-page","status-publish","hentry"],"_links":{"self":[{"href":"https:\/\/wp.ufpel.edu.br\/ppgq\/wp-json\/wp\/v2\/pages\/6815","targetHints":{"allow":["GET"]}}],"collection":[{"href":"https:\/\/wp.ufpel.edu.br\/ppgq\/wp-json\/wp\/v2\/pages"}],"about":[{"href":"https:\/\/wp.ufpel.edu.br\/ppgq\/wp-json\/wp\/v2\/types\/page"}],"author":[{"embeddable":true,"href":"https:\/\/wp.ufpel.edu.br\/ppgq\/wp-json\/wp\/v2\/users\/93"}],"replies":[{"embeddable":true,"href":"https:\/\/wp.ufpel.edu.br\/ppgq\/wp-json\/wp\/v2\/comments?post=6815"}],"version-history":[{"count":2,"href":"https:\/\/wp.ufpel.edu.br\/ppgq\/wp-json\/wp\/v2\/pages\/6815\/revisions"}],"predecessor-version":[{"id":6818,"href":"https:\/\/wp.ufpel.edu.br\/ppgq\/wp-json\/wp\/v2\/pages\/6815\/revisions\/6818"}],"wp:attachment":[{"href":"https:\/\/wp.ufpel.edu.br\/ppgq\/wp-json\/wp\/v2\/media?parent=6815"}],"curies":[{"name":"wp","href":"https:\/\/api.w.org\/{rel}","templated":true}]}}