{"id":6473,"date":"2018-11-19T18:17:00","date_gmt":"2018-11-19T20:17:00","guid":{"rendered":"https:\/\/wp.ufpel.edu.br\/ppgq\/?page_id=6473"},"modified":"2021-09-08T14:37:15","modified_gmt":"2021-09-08T17:37:15","slug":"daniela-hartwig-de-oliveira","status":"publish","type":"page","link":"https:\/\/wp.ufpel.edu.br\/ppgq\/daniela-hartwig-de-oliveira\/","title":{"rendered":"Daniela Hartwig de Oliveira"},"content":{"rendered":"<p><a href=\"https:\/\/wp.ufpel.edu.br\/ppgq\/files\/2021\/09\/Foto-Daniela-H..jpeg\"><img loading=\"lazy\" decoding=\"async\" class=\"alignnone size-thumbnail wp-image-7660\" src=\"https:\/\/wp.ufpel.edu.br\/ppgq\/files\/2021\/09\/Foto-Daniela-H.-118x159.jpeg\" alt=\"\" width=\"118\" height=\"159\" srcset=\"https:\/\/wp.ufpel.edu.br\/ppgq\/files\/2021\/09\/Foto-Daniela-H.-118x159.jpeg 118w, https:\/\/wp.ufpel.edu.br\/ppgq\/files\/2021\/09\/Foto-Daniela-H.-236x318.jpeg 236w, https:\/\/wp.ufpel.edu.br\/ppgq\/files\/2021\/09\/Foto-Daniela-H.-768x1035.jpeg 768w, https:\/\/wp.ufpel.edu.br\/ppgq\/files\/2021\/09\/Foto-Daniela-H.-1140x1536.jpeg 1140w, https:\/\/wp.ufpel.edu.br\/ppgq\/files\/2021\/09\/Foto-Daniela-H..jpeg 1187w\" sizes=\"auto, (max-width: 118px) 100vw, 118px\" \/><\/a><\/p>\n<p style=\"text-align: justify\"><a href=\"mailto:dani.hartwig@gmail.com\">dani.hartwig@gmail.com<\/a><br \/>\n<a href=\"http:\/\/lattes.cnpq.br\/9690755495607646\" target=\"_blank\" rel=\"noopener noreferrer\">Acessar CV Lattes<\/a><\/p>\n<p style=\"text-align: justify\">Possui gradua\u00e7\u00e3o em Qu\u00edmica Licenciatura (2010), mestrado (2013) e doutorado em Qu\u00edmica (2017) pela Universidade Federal de Pelotas. Durante sua forma\u00e7\u00e3o dedicou-se a extra\u00e7\u00e3o e caracteriza\u00e7\u00e3o qu\u00edmica de \u00f3leos essenciais, obten\u00e7\u00e3o de derivados semissint\u00e9ticos e de compostos heteroc\u00edclicos funcionalizados com um grupo organocalcog\u00eanio e ao estudo pr\u00e9-cl\u00ednico de mol\u00e9culas org\u00e2nicas com importante atividade antioxidante em modelos animais (nocicep\u00e7\u00e3o e inflama\u00e7\u00e3o). Atualmente \u00e9 professora Adjunta do Centro de Ci\u00eancias Qu\u00edmicas, Farmac\u00eauticas e de Alimentos (CCQFA) da Universidade Federal de Pelotas e membro do Grupo de Pesquisa Laborat\u00f3rio de S\u00edntese Org\u00e2nica Limpa (LASOL). Desenvolve projetos com \u00eanfase em Qu\u00edmica Org\u00e2nica, relacionados a extra\u00e7\u00e3o, caracteriza\u00e7\u00e3o qu\u00edmica e modifica\u00e7\u00e3o qu\u00edmica de \u00f3leos essenciais, s\u00edntese de compostos organocalcog\u00eanios e avalia\u00e7\u00e3o do poss\u00edvel potencial biol\u00f3gico destes substratos.<\/p>\n<p style=\"text-align: justify\"><span style=\"color: #999999\">O texto acima foi extra\u00eddo do Curr\u00edculo Lattes do docente. A Coordena\u00e7\u00e3o do PPGQ n\u00e3o se responsabiliza por informa\u00e7\u00f5es inver\u00eddicas ou imprecis\u00e3o nos dados fornecidos.<\/span><\/p>\n","protected":false},"excerpt":{"rendered":"<p>dani.hartwig@gmail.com Acessar CV Lattes Possui gradua\u00e7\u00e3o em Qu\u00edmica Licenciatura (2010), mestrado (2013) e doutorado em Qu\u00edmica (2017) pela Universidade Federal de Pelotas. Durante sua forma\u00e7\u00e3o dedicou-se a extra\u00e7\u00e3o e caracteriza\u00e7\u00e3o qu\u00edmica de \u00f3leos essenciais, obten\u00e7\u00e3o de derivados semissint\u00e9ticos e de &hellip; <a href=\"https:\/\/wp.ufpel.edu.br\/ppgq\/daniela-hartwig-de-oliveira\/\">Continue lendo <span class=\"meta-nav\">&rarr;<\/span><\/a><\/p>\n","protected":false},"author":93,"featured_media":0,"parent":0,"menu_order":0,"comment_status":"closed","ping_status":"closed","template":"","meta":{"footnotes":""},"class_list":["post-6473","page","type-page","status-publish","hentry"],"_links":{"self":[{"href":"https:\/\/wp.ufpel.edu.br\/ppgq\/wp-json\/wp\/v2\/pages\/6473","targetHints":{"allow":["GET"]}}],"collection":[{"href":"https:\/\/wp.ufpel.edu.br\/ppgq\/wp-json\/wp\/v2\/pages"}],"about":[{"href":"https:\/\/wp.ufpel.edu.br\/ppgq\/wp-json\/wp\/v2\/types\/page"}],"author":[{"embeddable":true,"href":"https:\/\/wp.ufpel.edu.br\/ppgq\/wp-json\/wp\/v2\/users\/93"}],"replies":[{"embeddable":true,"href":"https:\/\/wp.ufpel.edu.br\/ppgq\/wp-json\/wp\/v2\/comments?post=6473"}],"version-history":[{"count":9,"href":"https:\/\/wp.ufpel.edu.br\/ppgq\/wp-json\/wp\/v2\/pages\/6473\/revisions"}],"predecessor-version":[{"id":7663,"href":"https:\/\/wp.ufpel.edu.br\/ppgq\/wp-json\/wp\/v2\/pages\/6473\/revisions\/7663"}],"wp:attachment":[{"href":"https:\/\/wp.ufpel.edu.br\/ppgq\/wp-json\/wp\/v2\/media?parent=6473"}],"curies":[{"name":"wp","href":"https:\/\/api.w.org\/{rel}","templated":true}]}}