{"id":6392,"date":"2018-09-10T17:14:40","date_gmt":"2018-09-10T20:14:40","guid":{"rendered":"https:\/\/wp.ufpel.edu.br\/ppgq\/?page_id=6392"},"modified":"2019-05-21T13:52:46","modified_gmt":"2019-05-21T16:52:46","slug":"marcio-santos-da-silva","status":"publish","type":"page","link":"https:\/\/wp.ufpel.edu.br\/ppgq\/marcio-santos-da-silva\/","title":{"rendered":"M\u00e1rcio Santos da Silva"},"content":{"rendered":"<p><a href=\"https:\/\/wp.ufpel.edu.br\/ppgq\/files\/2018\/09\/20180910_113559.jpg\"><img loading=\"lazy\" decoding=\"async\" class=\"alignnone size-thumbnail wp-image-6396\" src=\"https:\/\/wp.ufpel.edu.br\/ppgq\/files\/2018\/09\/20180910_113559-119x159.jpg\" alt=\"\" width=\"119\" height=\"159\" srcset=\"https:\/\/wp.ufpel.edu.br\/ppgq\/files\/2018\/09\/20180910_113559-119x159.jpg 119w, https:\/\/wp.ufpel.edu.br\/ppgq\/files\/2018\/09\/20180910_113559-239x318.jpg 239w, https:\/\/wp.ufpel.edu.br\/ppgq\/files\/2018\/09\/20180910_113559-768x1024.jpg 768w, https:\/\/wp.ufpel.edu.br\/ppgq\/files\/2018\/09\/20180910_113559.jpg 1932w\" sizes=\"auto, (max-width: 119px) 100vw, 119px\" \/><\/a><\/p>\n<p><a href=\"mailto:marciosasi11@gmail.com\">marciosasi11@gmail.com<\/a><br \/>\n<a href=\"http:\/\/buscatextual.cnpq.br\/buscatextual\/visualizacv.do?id=K4138628Z6\" target=\"_blank\" rel=\"noopener noreferrer\">Acessar CV Lattes<\/a><\/p>\n<p style=\"text-align: justify\">Possui gradua\u00e7\u00e3o pela Universidade Federal de Pelotas &#8211; UFPel e mestrado pela mesma universidade na \u00e1rea de S\u00edntese Org\u00e2nica &#8211; Qu\u00edmica Verde. Possui doutorado pela Universidade de S\u00e3o Paulo &#8211; USP na \u00e1rea de S\u00edntese Org\u00e2nica &#8211; Organomet\u00e1licos. Trabalhou na Central Anal\u00edtica-IQ\/USP na \u00e1rea de Resson\u00e2ncia Magn\u00e9tica Nuclear (RMN) entre 2011-2014. Foi professor Adjunto II no Centro de Ci\u00eancias Naturais e Humanas \u2013 CCNH da Universidade Federal do ABC-UFABC no per\u00edodo entre 2014-2018. Atualmente, \u00e9 professor do curso de Qu\u00edmica Industrial, no Centro de Ci\u00eancias Qu\u00edmicas, Farmac\u00eauticas e de Alimentos &#8211; CCQFA da Universidade Federal de Pelotas \u2013 UFPel. Tem experi\u00eancia nos seguintes temas: Qu\u00edmica Verde, Compostos Organocalcogenetos, Reagentes Organomet\u00e1licos, Resson\u00e2ncia Magn\u00e9tica Nuclear e Reconhecimento Quiral.<\/p>\n<p style=\"text-align: justify\"><span style=\"color: #808080\">O texto acima foi extra\u00eddo do Curr\u00edculo Lattes do docente. A Coordena\u00e7\u00e3o do PPGQ n\u00e3o se responsabiliza por informa\u00e7\u00f5es inver\u00eddicas ou imprecis\u00e3o nos dados fornecidos.<\/span><\/p>\n<p>&nbsp;<\/p>\n<p>&nbsp;<\/p>\n<p>&nbsp;<\/p>\n","protected":false},"excerpt":{"rendered":"<p>marciosasi11@gmail.com Acessar CV Lattes Possui gradua\u00e7\u00e3o pela Universidade Federal de Pelotas &#8211; UFPel e mestrado pela mesma universidade na \u00e1rea de S\u00edntese Org\u00e2nica &#8211; Qu\u00edmica Verde. Possui doutorado pela Universidade de S\u00e3o Paulo &#8211; USP na \u00e1rea de S\u00edntese Org\u00e2nica &hellip; <a href=\"https:\/\/wp.ufpel.edu.br\/ppgq\/marcio-santos-da-silva\/\">Continue lendo <span class=\"meta-nav\">&rarr;<\/span><\/a><\/p>\n","protected":false},"author":93,"featured_media":0,"parent":0,"menu_order":0,"comment_status":"closed","ping_status":"closed","template":"","meta":{"footnotes":""},"class_list":["post-6392","page","type-page","status-publish","hentry"],"_links":{"self":[{"href":"https:\/\/wp.ufpel.edu.br\/ppgq\/wp-json\/wp\/v2\/pages\/6392","targetHints":{"allow":["GET"]}}],"collection":[{"href":"https:\/\/wp.ufpel.edu.br\/ppgq\/wp-json\/wp\/v2\/pages"}],"about":[{"href":"https:\/\/wp.ufpel.edu.br\/ppgq\/wp-json\/wp\/v2\/types\/page"}],"author":[{"embeddable":true,"href":"https:\/\/wp.ufpel.edu.br\/ppgq\/wp-json\/wp\/v2\/users\/93"}],"replies":[{"embeddable":true,"href":"https:\/\/wp.ufpel.edu.br\/ppgq\/wp-json\/wp\/v2\/comments?post=6392"}],"version-history":[{"count":2,"href":"https:\/\/wp.ufpel.edu.br\/ppgq\/wp-json\/wp\/v2\/pages\/6392\/revisions"}],"predecessor-version":[{"id":6661,"href":"https:\/\/wp.ufpel.edu.br\/ppgq\/wp-json\/wp\/v2\/pages\/6392\/revisions\/6661"}],"wp:attachment":[{"href":"https:\/\/wp.ufpel.edu.br\/ppgq\/wp-json\/wp\/v2\/media?parent=6392"}],"curies":[{"name":"wp","href":"https:\/\/api.w.org\/{rel}","templated":true}]}}