{"id":5458,"date":"2017-03-31T08:44:06","date_gmt":"2017-03-31T11:44:06","guid":{"rendered":"https:\/\/wp.ufpel.edu.br\/ppgq\/?page_id=5458"},"modified":"2017-03-31T08:44:06","modified_gmt":"2017-03-31T11:44:06","slug":"perfil-profesional","status":"publish","type":"page","link":"https:\/\/wp.ufpel.edu.br\/ppgq\/perfil-profesional\/","title":{"rendered":"Perfil Profesional"},"content":{"rendered":"<p style=\"text-align: justify\">El objetivo de la qu\u00edmica PPG UFPel es la formaci\u00f3n de profesionales, maestros y doctores, altamente calificados en el \u00e1rea de qu\u00edmica, con la formaci\u00f3n general y de investigaci\u00f3n, desarrollo e innovaci\u00f3n para la resoluci\u00f3n de los problemas regionales, nacionales y globales. El curso tiene como objetivo satisfacer la creciente demanda de mano de obra calificada en la regi\u00f3n sur de RS. El profesional que se forme en el programa ser\u00e1 capaz de llevar a cabo la investigaci\u00f3n, el desarrollo de proyectos y producir conocimiento dentro de una de las l\u00edneas del programa, que implica desde la resoluci\u00f3n de los problemas ambientales del desarrollo de nuevos materiales org\u00e1nicos e inorg\u00e1nicos para su uso en diferentes sectores de la industria qu\u00edmica.<\/p>\n","protected":false},"excerpt":{"rendered":"<p>El objetivo de la qu\u00edmica PPG UFPel es la formaci\u00f3n de profesionales, maestros y doctores, altamente calificados en el \u00e1rea de qu\u00edmica, con la formaci\u00f3n general y de investigaci\u00f3n, desarrollo e innovaci\u00f3n para la resoluci\u00f3n de los problemas regionales, nacionales &hellip; <a href=\"https:\/\/wp.ufpel.edu.br\/ppgq\/perfil-profesional\/\">Continue lendo <span class=\"meta-nav\">&rarr;<\/span><\/a><\/p>\n","protected":false},"author":93,"featured_media":0,"parent":0,"menu_order":0,"comment_status":"closed","ping_status":"closed","template":"","meta":{"footnotes":""},"class_list":["post-5458","page","type-page","status-publish","hentry"],"_links":{"self":[{"href":"https:\/\/wp.ufpel.edu.br\/ppgq\/wp-json\/wp\/v2\/pages\/5458","targetHints":{"allow":["GET"]}}],"collection":[{"href":"https:\/\/wp.ufpel.edu.br\/ppgq\/wp-json\/wp\/v2\/pages"}],"about":[{"href":"https:\/\/wp.ufpel.edu.br\/ppgq\/wp-json\/wp\/v2\/types\/page"}],"author":[{"embeddable":true,"href":"https:\/\/wp.ufpel.edu.br\/ppgq\/wp-json\/wp\/v2\/users\/93"}],"replies":[{"embeddable":true,"href":"https:\/\/wp.ufpel.edu.br\/ppgq\/wp-json\/wp\/v2\/comments?post=5458"}],"version-history":[{"count":1,"href":"https:\/\/wp.ufpel.edu.br\/ppgq\/wp-json\/wp\/v2\/pages\/5458\/revisions"}],"predecessor-version":[{"id":5460,"href":"https:\/\/wp.ufpel.edu.br\/ppgq\/wp-json\/wp\/v2\/pages\/5458\/revisions\/5460"}],"wp:attachment":[{"href":"https:\/\/wp.ufpel.edu.br\/ppgq\/wp-json\/wp\/v2\/media?parent=5458"}],"curies":[{"name":"wp","href":"https:\/\/api.w.org\/{rel}","templated":true}]}}