{"id":5336,"date":"2017-03-29T16:55:26","date_gmt":"2017-03-29T19:55:26","guid":{"rendered":"https:\/\/wp.ufpel.edu.br\/ppgq\/?page_id=5336"},"modified":"2025-04-24T14:05:57","modified_gmt":"2025-04-24T17:05:57","slug":"clarissa-marques-moreira-dos-santos","status":"publish","type":"page","link":"https:\/\/wp.ufpel.edu.br\/ppgq\/clarissa-marques-moreira-dos-santos\/","title":{"rendered":"Clarissa Marques Moreira dos Santos"},"content":{"rendered":"<p><img loading=\"lazy\" decoding=\"async\" class=\"\" src=\"http:\/\/servicosweb.cnpq.br\/wspessoa\/servletrecuperafoto?tipo=1&amp;id=K4732146Z6\" width=\"153\" height=\"153\" \/><\/p>\n<p style=\"text-align: justify;\"><a href=\"mailto:clafarm_mm@yahoo.com.br\">clafarm_mm@yahoo.com.br<\/a><br \/>\n<a href=\"http:\/\/lattes.cnpq.br\/5084194130501067\" target=\"_blank\" rel=\"noopener noreferrer\">Acessar CV Lattes<\/a><\/p>\n<p style=\"text-align: justify;\"><span style=\"color: #333333;\">Possui gradua\u00e7\u00e3o em Farm\u00e1cia com Forma\u00e7\u00e3o Generalista pelo Centro Universit\u00e1rio Franciscano &#8211; UNIFRA (2005), mestrado em Qu\u00edmica, na \u00e1rea de Qu\u00edmica Anal\u00edtica pela Universidade Federal de Santa Maria &#8211; UFSM (2008), doutorado em Ci\u00eancias, na \u00e1rea de Qu\u00edmica Anal\u00edtica pela Universidade Federal de Santa Maria &#8211; UFSM (2013). Docente na Universidade Federal de Pelotas, no Centro de Ci\u00eancias Qu\u00edmicas, Farmac\u00eauticas e de Alimentos (CCQFA) atuando no Curso Superior Bacharelado em Qu\u00edmica Forense (2016) e no Programa de P\u00f3s-Gradua\u00e7\u00e3o em Qu\u00edmica (PPGQ) da UFPEL. Experi\u00eancia com \u00eanfase em controle de qualidade de medicamentos, desenvolvimento de metodologias anal\u00edticas para amostras de alimentos, biol\u00f3gicas, f\u00e1rmacos e cosm\u00e9ticos. Atuou na avalia\u00e7\u00e3o laboratorial e interlaboratorial do projeto de Revis\u00e3o de Monografias da Farmacop\u00e9ia Brasileira para a publica\u00e7\u00e3o da 5\u00aa edi\u00e7\u00e3o. Al\u00e9m de experi\u00eancia em an\u00e1lise de especia\u00e7\u00e3o de As, Hg e Sb em amostras de medicamentos, alimentos e fluidos biol\u00f3gicos na avalia\u00e7\u00e3o da qualidade quanto \u00e0 presen\u00e7a de metais t\u00f3xicos e biomonitoramento considerando os aspectos de contamina\u00e7\u00e3o e toxicidade. Atua em desenvolvimento de metodologias anal\u00edticas para an\u00e1lises de medicamentos, alimentos, tecidos e fluidos biol\u00f3gicos com experi\u00eancia nas seguintes t\u00e9cnicas, cromatografia \u00e0 l\u00edquido de alta efici\u00eancia (HPLC), cromatografia \u00e0 g\u00e1s (GC), espectrofotometria UV-VIS e Infravermelho, cromatografia \u00e0 l\u00edquido acoplado \u00e0 espectrometria de massa com plasma indutivamente acoplado (LC-ICP-MS), cromatografia \u00e0 l\u00edquido com gera\u00e7\u00e3o de vapor a frio acoplado a espectrometria de massa com plasma indutivamente acoplado (LC-CVG-ICP-MS), inje\u00e7\u00e3o em fluxo com gera\u00e7\u00e3o de vapor a frio com plasma indutivamente acoplado (FI-CVG-ICP-MS), cromatografia \u00e0 g\u00e1s acoplado \u00e0 espectrometria de massa com plasma indutivamente acoplado (GC-ICP-MS), espectrometria de emiss\u00e3o \u00f3ptica com plasma indutivamente acoplado (ICP OES) e espectrometria de massa com plasma indutivamente acoplado (ICP-MS).<\/span><\/p>\n<p><span style=\"color: #808080;\">O texto acima foi extra\u00eddo do Curr\u00edculo Lattes do docente. A Coordena\u00e7\u00e3o do PPGQ n\u00e3o se responsabiliza por informa\u00e7\u00f5es inver\u00eddicas ou imprecis\u00e3o nos dados fornecidos.<\/span><\/p>\n","protected":false},"excerpt":{"rendered":"<p>clafarm_mm@yahoo.com.br Acessar CV Lattes Possui gradua\u00e7\u00e3o em Farm\u00e1cia com Forma\u00e7\u00e3o Generalista pelo Centro Universit\u00e1rio Franciscano &#8211; UNIFRA (2005), mestrado em Qu\u00edmica, na \u00e1rea de Qu\u00edmica Anal\u00edtica pela Universidade Federal de Santa Maria &#8211; UFSM (2008), doutorado em Ci\u00eancias, na \u00e1rea &hellip; <a href=\"https:\/\/wp.ufpel.edu.br\/ppgq\/clarissa-marques-moreira-dos-santos\/\">Continue lendo <span class=\"meta-nav\">&rarr;<\/span><\/a><\/p>\n","protected":false},"author":93,"featured_media":0,"parent":0,"menu_order":0,"comment_status":"closed","ping_status":"closed","template":"","meta":{"footnotes":""},"class_list":["post-5336","page","type-page","status-publish","hentry"],"_links":{"self":[{"href":"https:\/\/wp.ufpel.edu.br\/ppgq\/wp-json\/wp\/v2\/pages\/5336","targetHints":{"allow":["GET"]}}],"collection":[{"href":"https:\/\/wp.ufpel.edu.br\/ppgq\/wp-json\/wp\/v2\/pages"}],"about":[{"href":"https:\/\/wp.ufpel.edu.br\/ppgq\/wp-json\/wp\/v2\/types\/page"}],"author":[{"embeddable":true,"href":"https:\/\/wp.ufpel.edu.br\/ppgq\/wp-json\/wp\/v2\/users\/93"}],"replies":[{"embeddable":true,"href":"https:\/\/wp.ufpel.edu.br\/ppgq\/wp-json\/wp\/v2\/comments?post=5336"}],"version-history":[{"count":10,"href":"https:\/\/wp.ufpel.edu.br\/ppgq\/wp-json\/wp\/v2\/pages\/5336\/revisions"}],"predecessor-version":[{"id":10043,"href":"https:\/\/wp.ufpel.edu.br\/ppgq\/wp-json\/wp\/v2\/pages\/5336\/revisions\/10043"}],"wp:attachment":[{"href":"https:\/\/wp.ufpel.edu.br\/ppgq\/wp-json\/wp\/v2\/media?parent=5336"}],"curies":[{"name":"wp","href":"https:\/\/api.w.org\/{rel}","templated":true}]}}