{"id":5333,"date":"2017-03-29T16:54:58","date_gmt":"2017-03-29T19:54:58","guid":{"rendered":"https:\/\/wp.ufpel.edu.br\/ppgq\/?page_id=5333"},"modified":"2022-09-09T13:30:43","modified_gmt":"2022-09-09T16:30:43","slug":"fabio-andre-sangiogo","status":"publish","type":"page","link":"https:\/\/wp.ufpel.edu.br\/ppgq\/fabio-andre-sangiogo\/","title":{"rendered":"F\u00e1bio Andr\u00e9 Sangiogo"},"content":{"rendered":"<p><img loading=\"lazy\" decoding=\"async\" class=\"\" src=\"http:\/\/servicosweb.cnpq.br\/wspessoa\/servletrecuperafoto?tipo=1&amp;id=K4103716P2\" width=\"136\" height=\"170\" \/><\/p>\n<p><a href=\"mailto:fabiosangiogo@gmail.com\">fabiosangiogo@gmail.com<\/a><a href=\"http:\/\/lattes.cnpq.br\/3646621320378234\" target=\"_blank\" rel=\"noopener noreferrer\"><br \/>\nAcessar CV Lattes<\/a><\/p>\n<p style=\"text-align: justify;\"><span style=\"color: #000000;\">Possui gradua\u00e7\u00e3o em Qu\u00edmica-Licenciatura (2007), mestrado em Educa\u00e7\u00e3o nas Ci\u00eancias (2010) pela UNIJU\u00cd e doutorado em Educa\u00e7\u00e3o Cient\u00edfica e Tecnol\u00f3gica (2014) pela UFSC. Atualmente \u00e9 professor no Centro de Ci\u00eancias Qu\u00edmicas Farmac\u00eauticas e de Alimentos da Universidade Federal de Pelotas (UFPel), coordenador do Curso de Licenciatura em Qu\u00edmica e professor no Programa de P\u00f3s-gradua\u00e7\u00e3o em Ensino de Ci\u00eancias e Matem\u00e1tica e no Programa de P\u00f3s-Gradua\u00e7\u00e3o em Qu\u00edmica da UFPel. Atua principalmente nos seguintes temas: abordagem tem\u00e1tica, ensino e aprendizagem de Ci\u00eancias, uso de imagens e representa\u00e7\u00f5es de part\u00edculas submicrosc\u00f3picas, forma\u00e7\u00e3o docente, abordagem hist\u00f3rico-cultural, epistemologia e ensino Ci\u00eancias.<\/span><\/p>\n<p style=\"text-align: justify;\"><span style=\"color: #808080;\">O texto acima foi extra\u00eddo do Curr\u00edculo Lattes do docente. A Coordena\u00e7\u00e3o do PPGQ n\u00e3o se responsabiliza por informa\u00e7\u00f5es inver\u00eddicas ou imprecis\u00e3o nos dados fornecidos.<\/span><\/p>\n","protected":false},"excerpt":{"rendered":"<p>fabiosangiogo@gmail.com Acessar CV Lattes Possui gradua\u00e7\u00e3o em Qu\u00edmica-Licenciatura (2007), mestrado em Educa\u00e7\u00e3o nas Ci\u00eancias (2010) pela UNIJU\u00cd e doutorado em Educa\u00e7\u00e3o Cient\u00edfica e Tecnol\u00f3gica (2014) pela UFSC. Atualmente \u00e9 professor no Centro de Ci\u00eancias Qu\u00edmicas Farmac\u00eauticas e de Alimentos da &hellip; <a href=\"https:\/\/wp.ufpel.edu.br\/ppgq\/fabio-andre-sangiogo\/\">Continue lendo <span class=\"meta-nav\">&rarr;<\/span><\/a><\/p>\n","protected":false},"author":93,"featured_media":0,"parent":0,"menu_order":0,"comment_status":"closed","ping_status":"closed","template":"","meta":{"footnotes":""},"class_list":["post-5333","page","type-page","status-publish","hentry"],"_links":{"self":[{"href":"https:\/\/wp.ufpel.edu.br\/ppgq\/wp-json\/wp\/v2\/pages\/5333","targetHints":{"allow":["GET"]}}],"collection":[{"href":"https:\/\/wp.ufpel.edu.br\/ppgq\/wp-json\/wp\/v2\/pages"}],"about":[{"href":"https:\/\/wp.ufpel.edu.br\/ppgq\/wp-json\/wp\/v2\/types\/page"}],"author":[{"embeddable":true,"href":"https:\/\/wp.ufpel.edu.br\/ppgq\/wp-json\/wp\/v2\/users\/93"}],"replies":[{"embeddable":true,"href":"https:\/\/wp.ufpel.edu.br\/ppgq\/wp-json\/wp\/v2\/comments?post=5333"}],"version-history":[{"count":8,"href":"https:\/\/wp.ufpel.edu.br\/ppgq\/wp-json\/wp\/v2\/pages\/5333\/revisions"}],"predecessor-version":[{"id":8455,"href":"https:\/\/wp.ufpel.edu.br\/ppgq\/wp-json\/wp\/v2\/pages\/5333\/revisions\/8455"}],"wp:attachment":[{"href":"https:\/\/wp.ufpel.edu.br\/ppgq\/wp-json\/wp\/v2\/media?parent=5333"}],"curies":[{"name":"wp","href":"https:\/\/api.w.org\/{rel}","templated":true}]}}