{"id":5327,"date":"2017-03-29T16:53:11","date_gmt":"2017-03-29T19:53:11","guid":{"rendered":"https:\/\/wp.ufpel.edu.br\/ppgq\/?page_id=5327"},"modified":"2019-05-21T13:50:03","modified_gmt":"2019-05-21T16:50:03","slug":"andre-francisco-pivato-biajoli","status":"publish","type":"page","link":"https:\/\/wp.ufpel.edu.br\/ppgq\/andre-francisco-pivato-biajoli\/","title":{"rendered":"Andr\u00e9 Francisco Pivato Biajoli"},"content":{"rendered":"<p><a href=\"https:\/\/wp.ufpel.edu.br\/ppgq\/files\/2017\/03\/foto-andre-biajoli.jpg\"><img loading=\"lazy\" decoding=\"async\" class=\"alignnone size-thumbnail wp-image-5626\" src=\"https:\/\/wp.ufpel.edu.br\/ppgq\/files\/2017\/03\/foto-andre-biajoli-202x159.jpg\" alt=\"\" width=\"202\" height=\"159\" srcset=\"https:\/\/wp.ufpel.edu.br\/ppgq\/files\/2017\/03\/foto-andre-biajoli-202x159.jpg 202w, https:\/\/wp.ufpel.edu.br\/ppgq\/files\/2017\/03\/foto-andre-biajoli-404x318.jpg 404w, https:\/\/wp.ufpel.edu.br\/ppgq\/files\/2017\/03\/foto-andre-biajoli-768x605.jpg 768w, https:\/\/wp.ufpel.edu.br\/ppgq\/files\/2017\/03\/foto-andre-biajoli.jpg 1072w\" sizes=\"auto, (max-width: 202px) 100vw, 202px\" \/><\/a><\/p>\n<p><a href=\"mailto:andrebiajoli@gmail.com\">andrebiajoli@gmail.com<\/a><a href=\"http:\/\/lattes.cnpq.br\/8463147575434036\" target=\"_blank\" rel=\"noopener noreferrer\"><br \/>\nAcessar CVLattes<\/a><\/p>\n<p style=\"text-align: justify\"><span style=\"color: #000000\">\u00c9 bacharel em Qu\u00edmica pela Universidade Estadual de Campinas (2005), bacharel em Comunica\u00e7\u00e3o Social (Jornalismo) pela Pontif\u00edcia Universidade Cat\u00f3lica de Campinas (2000), mestre em Qu\u00edmica pela Universidade Estadual de Campinas (2008) e doutor em Qu\u00edmica pela Universidade Estadual de Campinas (2013). Em seu mestrado, obtido na \u00e1rea de Qu\u00edmica Anal\u00edtica, desenvolveu fibras recobertas com materiais sol-gel para Microextra\u00e7\u00e3o em Fase S\u00f3lida (SPME, Solid Phase Microextraction). Seu doutorado versou sobre arila\u00e7\u00f5es diretas de compostos heteroarom\u00e1ticos com sais de arenodiaz\u00f4nio catalisadas por pal\u00e1dio. Atuou como p\u00f3s-doutorando na UFRGS, investigando as propriedades de cobre e ouro, al\u00e9m de pal\u00e1dio, em acoplamentos cruzados. Na PUCRS, tamb\u00e9m como p\u00f3s-doutorando, desenvolveu projeto de pesquisa na \u00e1rea de Qu\u00edmica Medicinal. Foi professor adjunto na Universidade Federal do Pampa e atualmente exerce o mesmo cargo na Universidade Federal de Pelotas.<\/span><\/p>\n<p style=\"text-align: justify\"><span style=\"color: #808080\">O texto acima foi extra\u00eddo do Curr\u00edculo Lattes do docente. A Coordena\u00e7\u00e3o do PPGQ n\u00e3o se responsabiliza por informa\u00e7\u00f5es inver\u00eddicas ou imprecis\u00e3o nos dados fornecidos.<\/span><\/p>\n","protected":false},"excerpt":{"rendered":"<p>andrebiajoli@gmail.com Acessar CVLattes \u00c9 bacharel em Qu\u00edmica pela Universidade Estadual de Campinas (2005), bacharel em Comunica\u00e7\u00e3o Social (Jornalismo) pela Pontif\u00edcia Universidade Cat\u00f3lica de Campinas (2000), mestre em Qu\u00edmica pela Universidade Estadual de Campinas (2008) e doutor em Qu\u00edmica pela Universidade &hellip; <a href=\"https:\/\/wp.ufpel.edu.br\/ppgq\/andre-francisco-pivato-biajoli\/\">Continue lendo <span class=\"meta-nav\">&rarr;<\/span><\/a><\/p>\n","protected":false},"author":93,"featured_media":0,"parent":0,"menu_order":0,"comment_status":"closed","ping_status":"closed","template":"","meta":{"footnotes":""},"class_list":["post-5327","page","type-page","status-publish","hentry"],"_links":{"self":[{"href":"https:\/\/wp.ufpel.edu.br\/ppgq\/wp-json\/wp\/v2\/pages\/5327","targetHints":{"allow":["GET"]}}],"collection":[{"href":"https:\/\/wp.ufpel.edu.br\/ppgq\/wp-json\/wp\/v2\/pages"}],"about":[{"href":"https:\/\/wp.ufpel.edu.br\/ppgq\/wp-json\/wp\/v2\/types\/page"}],"author":[{"embeddable":true,"href":"https:\/\/wp.ufpel.edu.br\/ppgq\/wp-json\/wp\/v2\/users\/93"}],"replies":[{"embeddable":true,"href":"https:\/\/wp.ufpel.edu.br\/ppgq\/wp-json\/wp\/v2\/comments?post=5327"}],"version-history":[{"count":8,"href":"https:\/\/wp.ufpel.edu.br\/ppgq\/wp-json\/wp\/v2\/pages\/5327\/revisions"}],"predecessor-version":[{"id":6656,"href":"https:\/\/wp.ufpel.edu.br\/ppgq\/wp-json\/wp\/v2\/pages\/5327\/revisions\/6656"}],"wp:attachment":[{"href":"https:\/\/wp.ufpel.edu.br\/ppgq\/wp-json\/wp\/v2\/media?parent=5327"}],"curies":[{"name":"wp","href":"https:\/\/api.w.org\/{rel}","templated":true}]}}