{"id":5324,"date":"2017-03-29T16:51:18","date_gmt":"2017-03-29T19:51:18","guid":{"rendered":"https:\/\/wp.ufpel.edu.br\/ppgq\/?page_id=5324"},"modified":"2024-06-19T13:07:28","modified_gmt":"2024-06-19T16:07:28","slug":"adriana-castro-pinheiro","status":"publish","type":"page","link":"https:\/\/wp.ufpel.edu.br\/ppgq\/adriana-castro-pinheiro\/","title":{"rendered":"Adriana Castro Pinheiro"},"content":{"rendered":"<p><img loading=\"lazy\" decoding=\"async\" class=\"\" src=\"http:\/\/servicosweb.cnpq.br\/wspessoa\/servletrecuperafoto?tipo=1&amp;id=K4139614T4\" width=\"140\" height=\"135\" \/><\/p>\n<p><a href=\"mailto:adrianacastropinheiro@gmail.com\">adrianacastropinheiro@gmail.com<br \/>\n<\/a><a href=\"http:\/\/lattes.cnpq.br\/3754600563109353\" target=\"_blank\" rel=\"noopener noreferrer\">Acessar CV Lattes<\/a><\/p>\n<p style=\"text-align: justify;\"><span style=\"color: #000000;\">Professora Adjunta na Universidade Federal de Pelotas (UFPel). Atua como Profa. permanente no Programa de P\u00f3s-Gradua\u00e7\u00e3o em Qu\u00edmica da UFPel (PPGQ-UFPel). Orientadora de Mestrado e Doutorado. Graduada em Qu\u00edmica pela UFRGS. Atuou como Profa. colaboradora no departamento de Qu\u00edmica Inorg\u00e2nica da Universidade Federal do Rio Grande do Sul (UFRGS). Mestrado e Doutorado pelo programa de P\u00f3s-Gradua\u00e7\u00e3o em Qu\u00edmica da UFRGS (PPGQ-UFRGS), com per\u00edodo de doutorado sandu\u00edche na Universidade de Rennes I (Fran\u00e7a). Realizou est\u00e1gio de P\u00f3s-doutorado em Qu\u00edmica, no grupo de Cat\u00e1lise Molecular, da Universidade Federal do Rio Grande do Sul (UFRGS) e est\u00e1gio de P\u00f3s-doutorado em Bioci\u00eancias no Laborat\u00f3rio de Gen\u00e9tica Toxicol\u00f3gica na Universidade Federal de Ci\u00eancias da Sa\u00fade de Porto Alegre (UFCSPA). Possui experi\u00eancia na \u00e1rea de cat\u00e1lise, qu\u00edmica inorg\u00e2nica medicinal e gen\u00e9tica toxicol\u00f3gica. Trabalhou no planejamento, s\u00edntese e caracteriza\u00e7\u00e3o de precursores catal\u00edticos aplicados a oligo-polimeriza\u00e7\u00e3o do etileno, biopol\u00edmeros, nanocomp\u00f3sitos polim\u00e9ricos, screening de avalia\u00e7\u00e3o toxicol\u00f3gica de candidatos a f\u00e1rmacos. Possui experi\u00eancia em trabalhos que envolvam equipes interdisciplinares com profissionais das \u00e1reas de qu\u00edmica, biologia, bioqu\u00edmica, biotecnologia e farm\u00e1cia. Desenvolve trabalhos na \u00e1rea de bioinorg\u00e2nica medicinal, com o planejamento, s\u00edntese, caracteriza\u00e7\u00e3o de novos compostos de coordena\u00e7\u00e3o e organomet\u00e1licos, estudos de estabilidade em solu\u00e7\u00e3o, intera\u00e7\u00e3o de compostos org\u00e2nicos e inorg\u00e2nicos com biomol\u00e9culas, investiga\u00e7\u00e3o dos seus potenciais farmacol\u00f3gicos e danos ao DNA. Interesse no uso de complexos met\u00e1licos em diferentes \u00e1reas da medicina e qu\u00edmica biol\u00f3gica.<\/span><\/p>\n<p><span style=\"color: #808080;\">O texto acima foi extra\u00eddo do Curr\u00edculo Lattes do docente. A Coordena\u00e7\u00e3o do PPGQ n\u00e3o se responsabiliza por informa\u00e7\u00f5es inver\u00eddicas ou imprecis\u00e3o nos dados fornecidos.<\/span><\/p>\n","protected":false},"excerpt":{"rendered":"<p>adrianacastropinheiro@gmail.com Acessar CV Lattes Professora Adjunta na Universidade Federal de Pelotas (UFPel). Atua como Profa. permanente no Programa de P\u00f3s-Gradua\u00e7\u00e3o em Qu\u00edmica da UFPel (PPGQ-UFPel). Orientadora de Mestrado e Doutorado. Graduada em Qu\u00edmica pela UFRGS. Atuou como Profa. colaboradora no &hellip; <a href=\"https:\/\/wp.ufpel.edu.br\/ppgq\/adriana-castro-pinheiro\/\">Continue lendo <span class=\"meta-nav\">&rarr;<\/span><\/a><\/p>\n","protected":false},"author":93,"featured_media":0,"parent":0,"menu_order":0,"comment_status":"closed","ping_status":"closed","template":"","meta":{"footnotes":""},"class_list":["post-5324","page","type-page","status-publish","hentry"],"_links":{"self":[{"href":"https:\/\/wp.ufpel.edu.br\/ppgq\/wp-json\/wp\/v2\/pages\/5324","targetHints":{"allow":["GET"]}}],"collection":[{"href":"https:\/\/wp.ufpel.edu.br\/ppgq\/wp-json\/wp\/v2\/pages"}],"about":[{"href":"https:\/\/wp.ufpel.edu.br\/ppgq\/wp-json\/wp\/v2\/types\/page"}],"author":[{"embeddable":true,"href":"https:\/\/wp.ufpel.edu.br\/ppgq\/wp-json\/wp\/v2\/users\/93"}],"replies":[{"embeddable":true,"href":"https:\/\/wp.ufpel.edu.br\/ppgq\/wp-json\/wp\/v2\/comments?post=5324"}],"version-history":[{"count":13,"href":"https:\/\/wp.ufpel.edu.br\/ppgq\/wp-json\/wp\/v2\/pages\/5324\/revisions"}],"predecessor-version":[{"id":9600,"href":"https:\/\/wp.ufpel.edu.br\/ppgq\/wp-json\/wp\/v2\/pages\/5324\/revisions\/9600"}],"wp:attachment":[{"href":"https:\/\/wp.ufpel.edu.br\/ppgq\/wp-json\/wp\/v2\/media?parent=5324"}],"curies":[{"name":"wp","href":"https:\/\/api.w.org\/{rel}","templated":true}]}}