{"id":5133,"date":"2016-10-18T16:31:35","date_gmt":"2016-10-18T18:31:35","guid":{"rendered":"https:\/\/wp.ufpel.edu.br\/ppgq\/?page_id=5133"},"modified":"2022-09-09T13:21:18","modified_gmt":"2022-09-09T16:21:18","slug":"bruno-pastoriza","status":"publish","type":"page","link":"https:\/\/wp.ufpel.edu.br\/ppgq\/bruno-pastoriza\/","title":{"rendered":"Bruno dos Santos Pastoriza"},"content":{"rendered":"<p><img loading=\"lazy\" decoding=\"async\" class=\"\" src=\"http:\/\/servicosweb.cnpq.br\/wspessoa\/servletrecuperafoto?tipo=1&amp;id=K4559662J0\" width=\"170\" height=\"218\" \/><\/p>\n<p><a href=\"mailto:bspastoriza@gmail.com\">bspastoriza@gmail.com<\/a><a href=\"http:\/\/lattes.cnpq.br\/8526270736001728\" target=\"_blank\" rel=\"noopener noreferrer\"><br \/>\nAcessar CV Lattes<\/a><\/p>\n<p style=\"text-align: justify;\"><span style=\"color: #333333;\">Doutor e mestre em Educa\u00e7\u00e3o em Ci\u00eancias, com forma\u00e7\u00e3o inicial em Licenciatura em Qu\u00edmica, pela Universidade Federal do Rio Grande do Sul, desenvolveu trabalhos de pesquisa voltados ao ensino a dist\u00e2ncia e atualmente trabalha com forma\u00e7\u00e3o de professores de Ci\u00eancias, transitando na \u00e1rea da filosofia pensada para o Ensino de Ci\u00eancias. \u00c9 professor da Universidade Federal de Pelotas (UFPel), integrante do Laborat\u00f3rio de Ensino de Qu\u00edmica (LABEQ-UFPel) e colaborador em projetos da \u00c1rea de Educa\u00e7\u00e3o Qu\u00edmica (AEQ) da Universidade Federal do Rio Grande do Sul (UFRGS).<\/span><\/p>\n<p style=\"text-align: justify;\"><span style=\"color: #808080;\">O texto acima foi extra\u00eddo do Curr\u00edculo Lattes do docente. A Coordena\u00e7\u00e3o do PPGQ n\u00e3o se responsabiliza por informa\u00e7\u00f5es inver\u00eddicas ou imprecis\u00e3o nos dados fornecidos.<\/span><\/p>\n","protected":false},"excerpt":{"rendered":"<p>bspastoriza@gmail.com Acessar CV Lattes Doutor e mestre em Educa\u00e7\u00e3o em Ci\u00eancias, com forma\u00e7\u00e3o inicial em Licenciatura em Qu\u00edmica, pela Universidade Federal do Rio Grande do Sul, desenvolveu trabalhos de pesquisa voltados ao ensino a dist\u00e2ncia e atualmente trabalha com forma\u00e7\u00e3o &hellip; <a href=\"https:\/\/wp.ufpel.edu.br\/ppgq\/bruno-pastoriza\/\">Continue lendo <span class=\"meta-nav\">&rarr;<\/span><\/a><\/p>\n","protected":false},"author":93,"featured_media":0,"parent":0,"menu_order":0,"comment_status":"closed","ping_status":"closed","template":"","meta":{"footnotes":""},"class_list":["post-5133","page","type-page","status-publish","hentry"],"_links":{"self":[{"href":"https:\/\/wp.ufpel.edu.br\/ppgq\/wp-json\/wp\/v2\/pages\/5133","targetHints":{"allow":["GET"]}}],"collection":[{"href":"https:\/\/wp.ufpel.edu.br\/ppgq\/wp-json\/wp\/v2\/pages"}],"about":[{"href":"https:\/\/wp.ufpel.edu.br\/ppgq\/wp-json\/wp\/v2\/types\/page"}],"author":[{"embeddable":true,"href":"https:\/\/wp.ufpel.edu.br\/ppgq\/wp-json\/wp\/v2\/users\/93"}],"replies":[{"embeddable":true,"href":"https:\/\/wp.ufpel.edu.br\/ppgq\/wp-json\/wp\/v2\/comments?post=5133"}],"version-history":[{"count":9,"href":"https:\/\/wp.ufpel.edu.br\/ppgq\/wp-json\/wp\/v2\/pages\/5133\/revisions"}],"predecessor-version":[{"id":8440,"href":"https:\/\/wp.ufpel.edu.br\/ppgq\/wp-json\/wp\/v2\/pages\/5133\/revisions\/8440"}],"wp:attachment":[{"href":"https:\/\/wp.ufpel.edu.br\/ppgq\/wp-json\/wp\/v2\/media?parent=5133"}],"curies":[{"name":"wp","href":"https:\/\/api.w.org\/{rel}","templated":true}]}}