{"id":48,"date":"2011-03-14T12:41:05","date_gmt":"2011-03-14T15:41:05","guid":{"rendered":"https:\/\/wp.ufpel.edu.br\/ppgq\/"},"modified":"2026-03-23T19:53:43","modified_gmt":"2026-03-23T22:53:43","slug":"index","status":"publish","type":"page","link":"https:\/\/wp.ufpel.edu.br\/ppgq\/","title":{"rendered":"Bem-vindo ao site do Programa de P\u00f3s-Graduac\u00e3o em Qu\u00edmica da UFPel"},"content":{"rendered":"<h1 class=\"entry-title\"><a href=\"https:\/\/wp.ufpel.edu.br\/ppgq\/2026\/02\/13\/minicurso-em-quimiometria-fundamentos-e-aplicacoes-em-espectrometria-atomica\/\"><span style=\"font-family: 'arial black', sans-serif; color: #0000ff;\">Minicurso em Quimiometria: Fundamentos e Aplica\u00e7\u00f5es em Espectrometria At\u00f4mica<\/span><\/a><\/h1>\n<p>&nbsp;<\/p>\n<h1 class=\"entry-title\"><a href=\"https:\/\/wp.ufpel.edu.br\/ppgq\/2026\/03\/23\/atencao-resultado-final-processo-seletivo-mestrado-e-doutorado-ppgq-2026-01\/\"><span style=\"font-family: 'arial black', sans-serif; font-size: 24pt; color: #ff0000;\">ATEN\u00c7\u00c3O \u2013 HOMOLOGA\u00c7\u00c3O DO RESULTADO FINAL <\/span><span style=\"font-family: 'arial black', sans-serif; font-size: 24pt; color: #ff0000;\">\u2013\u00a0<\/span><span style=\"font-family: 'arial black', sans-serif; font-size: 24pt; color: #ff0000;\">Sele\u00e7\u00e3o\u00a0 Mestrado e Doutorado 2026\/01<\/span><\/a><\/h1>\n<p>&nbsp;<\/p>\n<table style=\"background-color: #f0f0f0;\">\n<tbody>\n<tr>\n<td style=\"text-align: justify;\">\n<p>O PPGQ-UFPel, n\u00edveis Mestrado e Doutorado, \u00e9 credenciado pela CAPES com conceito 5. Criado em 2006, o PPGQ iniciou suas atividades em 2007 no n\u00edvel Mestrado. A partir de 2011, o programa oferece tamb\u00e9m o n\u00edvel Doutorado, sendo o p\u00fablico alvo graduados em qu\u00edmica e \u00e1reas afins.<\/p>\n<p><span style=\"color: #000000;\">O PPGQ possui tr\u00eas linhas de pesquisa:<\/span><\/p>\n<p>Linha 1 \u2013 Desenvolvimento e Aplica\u00e7\u00e3o de M\u00e9todos Anal\u00edticos;<\/p>\n<p>Linha 2 \u2013 Qu\u00edmica de Materiais;<\/p>\n<p>Linha 3 \u2013 Obten\u00e7\u00e3o, Caracteriza\u00e7\u00e3o e Aplica\u00e7\u00e3o de Compostos Org\u00e2nicos.<\/p>\n<p><span style=\"color: #000000;\">Desde a sua cria\u00e7\u00e3o at\u00e9 os dias atuais, foram titulados mais de 150 Mestres e 50 doutores em Qu\u00edmica. Os egressos atuam em diversas institui\u00e7\u00f5es de ensino e pesquisa, como docentes e pesquisadores.<\/span><\/td>\n<\/tr>\n<\/tbody>\n<\/table>\n<p style=\"text-align: justify;\">______________________________________________________________<\/p>\n<p style=\"text-align: center;\"><a href=\"http:\/\/www.ufpel.edu.br\/\" target=\"_blank\" rel=\"noopener noreferrer\"><img loading=\"lazy\" decoding=\"async\" class=\"alignnone size-full wp-image-947\" src=\"https:\/\/wp.ufpel.edu.br\/ppgq\/files\/2011\/03\/ufpelp.jpg\" alt=\"\" width=\"38\" height=\"38\" \/><\/a>\u00a0 \u00a0 \u00a0<a href=\"http:\/\/cnpq.br\/\" target=\"_blank\" rel=\"noopener noreferrer\"><img loading=\"lazy\" decoding=\"async\" class=\"alignnone size-full wp-image-941\" src=\"https:\/\/wp.ufpel.edu.br\/ppgq\/files\/2011\/03\/cnpqp.jpg\" alt=\"\" width=\"67\" height=\"29\" \/><\/a>\u00a0\u00a0 \u00a0<a href=\"http:\/\/www.capes.gov.br\/\" target=\"_blank\" rel=\"noopener noreferrer\"><img loading=\"lazy\" decoding=\"async\" class=\"alignnone size-full wp-image-940\" src=\"https:\/\/wp.ufpel.edu.br\/ppgq\/files\/2011\/03\/capesp.jpg\" alt=\"\" width=\"42\" height=\"28\" \/><\/a>\u00a0 \u00a0 <a href=\"http:\/\/www.finep.gov.br\/\" target=\"_blank\" rel=\"noopener noreferrer\"><img loading=\"lazy\" decoding=\"async\" class=\"alignnone size-full wp-image-950\" src=\"https:\/\/wp.ufpel.edu.br\/ppgq\/files\/2011\/03\/logo_finep1.jpg\" alt=\"\" width=\"103\" height=\"38\" \/><\/a>\u00a0 \u00a0\u00a0<a href=\"http:\/\/www.fapergs.rs.gov.br\/\" target=\"_blank\" rel=\"noopener noreferrer\"><img loading=\"lazy\" decoding=\"async\" class=\"alignnone size-full wp-image-942\" src=\"https:\/\/wp.ufpel.edu.br\/ppgq\/files\/2011\/03\/fapergsp.jpg\" alt=\"\" width=\"40\" height=\"38\" \/><\/a>\u00a0 \u00a0 \u00a0<a href=\"http:\/\/lattes.cnpq.br\/\" target=\"_blank\" rel=\"noopener noreferrer\"><img loading=\"lazy\" decoding=\"async\" class=\"alignnone size-full wp-image-943\" src=\"https:\/\/wp.ufpel.edu.br\/ppgq\/files\/2011\/03\/lattesp.jpg\" alt=\"\" width=\"33\" height=\"28\" \/><\/a>\u00a0 \u00a0 \u00a0\u00a0<a href=\"http:\/\/www.periodicos.capes.gov.br\" target=\"_blank\" rel=\"noopener noreferrer\"><img loading=\"lazy\" decoding=\"async\" class=\"alignnone size-full wp-image-945\" src=\"https:\/\/wp.ufpel.edu.br\/ppgq\/files\/2011\/03\/periodicosp.jpg\" alt=\"\" width=\"104\" height=\"28\" \/><\/a>\u00a0 \u00a0 <a href=\"http:\/\/www.sbq.org.br\/\" target=\"_blank\" rel=\"noopener noreferrer\"><img loading=\"lazy\" decoding=\"async\" class=\"alignnone size-full wp-image-946\" src=\"https:\/\/wp.ufpel.edu.br\/ppgq\/files\/2011\/03\/sbqp.jpg\" alt=\"\" width=\"35\" height=\"28\" \/><\/a><\/p>\n","protected":false},"excerpt":{"rendered":"<p>Minicurso em Quimiometria: Fundamentos e Aplica\u00e7\u00f5es em Espectrometria At\u00f4mica &nbsp; ATEN\u00c7\u00c3O \u2013 HOMOLOGA\u00c7\u00c3O DO RESULTADO FINAL \u2013\u00a0Sele\u00e7\u00e3o\u00a0 Mestrado e Doutorado 2026\/01 &nbsp; O PPGQ-UFPel, n\u00edveis Mestrado e Doutorado, \u00e9 credenciado pela CAPES com conceito 5. Criado em 2006, o PPGQ &hellip; <a href=\"https:\/\/wp.ufpel.edu.br\/ppgq\/\">Continue lendo <span class=\"meta-nav\">&rarr;<\/span><\/a><\/p>\n","protected":false},"author":93,"featured_media":0,"parent":0,"menu_order":0,"comment_status":"closed","ping_status":"closed","template":"","meta":{"footnotes":""},"class_list":["post-48","page","type-page","status-publish","hentry"],"_links":{"self":[{"href":"https:\/\/wp.ufpel.edu.br\/ppgq\/wp-json\/wp\/v2\/pages\/48","targetHints":{"allow":["GET"]}}],"collection":[{"href":"https:\/\/wp.ufpel.edu.br\/ppgq\/wp-json\/wp\/v2\/pages"}],"about":[{"href":"https:\/\/wp.ufpel.edu.br\/ppgq\/wp-json\/wp\/v2\/types\/page"}],"author":[{"embeddable":true,"href":"https:\/\/wp.ufpel.edu.br\/ppgq\/wp-json\/wp\/v2\/users\/93"}],"replies":[{"embeddable":true,"href":"https:\/\/wp.ufpel.edu.br\/ppgq\/wp-json\/wp\/v2\/comments?post=48"}],"version-history":[{"count":3,"href":"https:\/\/wp.ufpel.edu.br\/ppgq\/wp-json\/wp\/v2\/pages\/48\/revisions"}],"predecessor-version":[{"id":10544,"href":"https:\/\/wp.ufpel.edu.br\/ppgq\/wp-json\/wp\/v2\/pages\/48\/revisions\/10544"}],"wp:attachment":[{"href":"https:\/\/wp.ufpel.edu.br\/ppgq\/wp-json\/wp\/v2\/media?parent=48"}],"curies":[{"name":"wp","href":"https:\/\/api.w.org\/{rel}","templated":true}]}}