{"id":4586,"date":"2015-09-15T19:45:04","date_gmt":"2015-09-15T22:45:04","guid":{"rendered":"https:\/\/wp.ufpel.edu.br\/ppgq\/?page_id=4586"},"modified":"2015-09-15T19:45:04","modified_gmt":"2015-09-15T22:45:04","slug":"courses","status":"publish","type":"page","link":"https:\/\/wp.ufpel.edu.br\/ppgq\/courses\/","title":{"rendered":"Courses"},"content":{"rendered":"<h1 class=\"entry-title\">Compulsory Courses<\/h1>\n<div class=\"entry-content\">\n<p><strong>Compulsory courses for Masters and PhD Degree<\/strong><\/p>\n<p>Est\u00e1gio de Doc\u00eancia I<br \/>\nF\u00edsico-Qu\u00edmica Avan\u00e7ada<br \/>\nQu\u00edmica Anal\u00edtica Avan\u00e7ada<br \/>\nQu\u00edmica Inorg\u00e2nica Avan\u00e7ada<br \/>\nQu\u00edmica Org\u00e2nica Avan\u00e7ada<br \/>\nSemin\u00e1rios I<br \/>\nSemin\u00e1rios II<\/p>\n<p><strong>Compulsory courses only for\u00a0PhD Degree<\/strong><\/p>\n<p>Est\u00e1gios de Doc\u00eancia II<br \/>\nEst\u00e1gio de Doc\u00eancia III<br \/>\nSemin\u00e1rios I<br \/>\nSemin\u00e1rios II<\/p>\n<\/div>\n<h1 class=\"entry-title\">Elective<\/h1>\n<div class=\"entry-content\">\n<p>Amostragem e Preparo de Amostras<br \/>\nBioinorg\u00e2nica<br \/>\nCat\u00e1lise<br \/>\nEspectrometria At\u00f4mica<br \/>\nEstereoqu\u00edmica<br \/>\nM\u00e9todos F\u00edsicos de An\u00e1lise Inorg\u00e2nica e de Materiais<br \/>\nM\u00e9todos F\u00edsicos de An\u00e1lise Org\u00e2nica<br \/>\nQu\u00edmica Verde e Sustent\u00e1vel<br \/>\nS\u00edntese Org\u00e2nica<br \/>\nT\u00f3picos Especiais em F\u00edsico-Qu\u00edmica<br \/>\nT\u00f3picos Especiais em Qu\u00edmica Anal\u00edtica<br \/>\nT\u00f3picos Especiais em Qu\u00edmica Inorg\u00e2nica<br \/>\nT\u00f3picos Especiais em Qu\u00edmica Org\u00e2nica<\/p>\n<\/div>\n","protected":false},"excerpt":{"rendered":"<p>Compulsory Courses Compulsory courses for Masters and PhD Degree Est\u00e1gio de Doc\u00eancia I F\u00edsico-Qu\u00edmica Avan\u00e7ada Qu\u00edmica Anal\u00edtica Avan\u00e7ada Qu\u00edmica Inorg\u00e2nica Avan\u00e7ada Qu\u00edmica Org\u00e2nica Avan\u00e7ada Semin\u00e1rios I Semin\u00e1rios II Compulsory courses only for\u00a0PhD Degree Est\u00e1gios de Doc\u00eancia II Est\u00e1gio de Doc\u00eancia &hellip; <a href=\"https:\/\/wp.ufpel.edu.br\/ppgq\/courses\/\">Continue lendo <span class=\"meta-nav\">&rarr;<\/span><\/a><\/p>\n","protected":false},"author":93,"featured_media":0,"parent":0,"menu_order":0,"comment_status":"closed","ping_status":"closed","template":"","meta":{"footnotes":""},"class_list":["post-4586","page","type-page","status-publish","hentry"],"_links":{"self":[{"href":"https:\/\/wp.ufpel.edu.br\/ppgq\/wp-json\/wp\/v2\/pages\/4586","targetHints":{"allow":["GET"]}}],"collection":[{"href":"https:\/\/wp.ufpel.edu.br\/ppgq\/wp-json\/wp\/v2\/pages"}],"about":[{"href":"https:\/\/wp.ufpel.edu.br\/ppgq\/wp-json\/wp\/v2\/types\/page"}],"author":[{"embeddable":true,"href":"https:\/\/wp.ufpel.edu.br\/ppgq\/wp-json\/wp\/v2\/users\/93"}],"replies":[{"embeddable":true,"href":"https:\/\/wp.ufpel.edu.br\/ppgq\/wp-json\/wp\/v2\/comments?post=4586"}],"version-history":[{"count":1,"href":"https:\/\/wp.ufpel.edu.br\/ppgq\/wp-json\/wp\/v2\/pages\/4586\/revisions"}],"predecessor-version":[{"id":4587,"href":"https:\/\/wp.ufpel.edu.br\/ppgq\/wp-json\/wp\/v2\/pages\/4586\/revisions\/4587"}],"wp:attachment":[{"href":"https:\/\/wp.ufpel.edu.br\/ppgq\/wp-json\/wp\/v2\/media?parent=4586"}],"curies":[{"name":"wp","href":"https:\/\/api.w.org\/{rel}","templated":true}]}}