{"id":453,"date":"2011-03-15T11:32:19","date_gmt":"2011-03-15T14:32:19","guid":{"rendered":"https:\/\/wp.ufpel.edu.br\/ppgq\/"},"modified":"2023-12-18T14:03:04","modified_gmt":"2023-12-18T17:03:04","slug":"projetos","status":"publish","type":"page","link":"https:\/\/wp.ufpel.edu.br\/ppgq\/projetos\/","title":{"rendered":"Projetos"},"content":{"rendered":"<p><span style=\"text-decoration: underline;\"><strong>Projetos por Ano de In\u00edcio<\/strong><\/span><\/p>\n<p style=\"text-align: justify;\"><span style=\"text-decoration: underline;\"><strong><span style=\"color: #0000ff; text-decoration: underline;\">2019<br \/>\n<\/span><\/strong><\/span><span style=\"color: #ff0000;\"><strong>Conceitos Fundamentais da Ci\u00eancia: Um Percurso Epistemol\u00f3gico<\/strong><\/span><br \/>\n<span style=\"color: #ff0000;\">Coordenador: Bruno dos Santos Pastoriza\u00a0<\/span><br \/>\n<span style=\"color: #ff0000;\">Colaboradores: F\u00e1bio Andr\u00e9 Sangiogo<br \/>\nAlunos envolvidos:<\/span><\/p>\n<p style=\"text-align: justify;\"><span style=\"color: #ff0000;\"><strong>Materiais H\u00edbridos Sintetizados a partir de Pol\u00edmeros e Esp\u00e9cies Met\u00e1licas Como Potenciais Catalisadores<\/strong><\/span><br \/>\n<span style=\"color: #ff0000;\">Coordenador: Andr\u00e9 Ricardo Fajardo <\/span><br \/>\n<span style=\"color: #ff0000;\">Colaboradores:<br \/>\nAlunos envolvidos: Jaqueline Ferreira de Souza, Rafael Fonseca Neves Quadrado, Henrique Peres da Mota<\/span><\/p>\n<p><span style=\"text-decoration: underline;\"><strong><span style=\"color: #0000ff; text-decoration: underline;\">2012<br \/>\n<\/span><\/strong><\/span><br \/>\n<span style=\"color: #ff0000;\"><strong>Desenvolvimento e Valida\u00e7\u00e3o de M\u00e9todos Anal\u00edticos para a Determina\u00e7\u00e3o de Contaminantes Inorg\u00e2nicos (Macro e Micro Constituintes) em Xantana por Espectrometria de Absor\u00e7\u00e3o At\u00f4mica (AAS)<\/strong><\/span><br \/>\n<span style=\"color: #ff0000;\">Coordenador: Adriane Medeiros Nunes<\/span><br \/>\n<span style=\"color: #ff0000;\">Colaboradores: Anderson Schwingel Ribeiro, Mariana Antunes Vieira,Emilene Becker,Claire Tondo Vendruscolo, Angelita da Silveira Moreira<\/span><br \/>\n<span style=\"color: #ff0000;\">Alunos envolvidos: Michele Barboza da Rosa, N\u00e1tali de Oliveira Alves<\/span><\/p>\n<p><span style=\"color: #ff0000;\"><strong>Avalia\u00e7\u00e3o do efeito in vivo do iodo sobre par\u00e2metros qu\u00edmicos e bioqu\u00edmicos em c\u00e9rebro de ratos adultos e rec\u00e9m nascidos<\/strong><\/span><br \/>\n<span style=\"color: #ff0000;\">Coordenador: Marcia Foster Mesko<\/span><br \/>\n<span style=\"color: #ff0000;\">Colaboradores: Francieli Moro Stefanello-UFPel<\/span><br \/>\n<span style=\"color: #ff0000;\">Alunos envolvidos: Liz\u00e2ngela Ferreira, Marcelo Zanusso Costa, Tatiane Morgana da Silva, Jana\u00edna Borges Cardoso Schmidt<\/span><\/p>\n<p><span style=\"text-decoration: underline;\"><strong><span style=\"color: #0000ff; text-decoration: underline;\">2011<\/span><\/strong><\/span><\/p>\n<p><strong>Metodologias Sint\u00e9ticas Limpas para a Modifica\u00e7\u00e3o Qu\u00edmica de \u00d3leos Essenciais e Obten\u00e7\u00e3o de Calcogenoterpenos<\/strong><br \/>\n<span style=\"color: #ff0000;\">Coordenador: Raquel Guimar\u00e3es Jacob<\/span><br \/>\n<span style=\"color: #ff0000;\">Colaboradores: Gelson Perin, Samuel Rodrigues Mendes, Eder Jo\u00e3o Lenard\u00e3o, Diego da Silva Alves, Wladimir Padilha da Silva, Jorge Adolfo Silva<\/span><\/p>\n<p><span style=\"text-decoration: underline;\"><strong><span style=\"color: #0000ff; text-decoration: underline;\">2010<\/span><\/strong><\/span><\/p>\n<p><span style=\"color: #ff0000;\"><strong>Desenvolvimento e valida\u00e7\u00e3o de m\u00e9todos anal\u00edticos para a determina\u00e7\u00e3o de metais em biocombust\u00edveis por t\u00e9cnicas de Espectrometria de Absor\u00e7\u00e3o At\u00f4mica com \u00eanfase na gera\u00e7\u00e3o fotoqu\u00edmica de vapor<\/strong><\/span><br \/>\n<span style=\"color: #ff0000;\">Coordenador: Mariana Antunes Vieira<\/span><br \/>\n<span style=\"color: #ff0000;\">Colaboradores: Talal Suleiman Mahmoud- PNPD UFPEL<\/span><\/p>\n<p><strong>Desenvolvimento e valida\u00e7\u00e3o de m\u00e9todos anal\u00edticos para a determina\u00e7\u00e3o de metais em biodiesel e seus co-produtos por t\u00e9cnicas de Espectrometria de Absor\u00e7\u00e3o At\u00f4mica<\/strong><br \/>\n<span style=\"color: #ff0000;\">Coordenador: Mariana Antunes Vieira<\/span><strong><br \/>\n<\/strong><\/p>\n<p>&nbsp;<\/p>\n<p>&nbsp;<\/p>\n<p>&nbsp;<\/p>\n<p>&nbsp;<\/p>\n<p>&nbsp;<\/p>\n<p>&nbsp;<\/p>\n<p>&nbsp;<\/p>\n<p>&nbsp;<\/p>\n<p>&nbsp;<\/p>\n<p>&nbsp;<\/p>\n","protected":false},"excerpt":{"rendered":"<p>Projetos por Ano de In\u00edcio 2019 Conceitos Fundamentais da Ci\u00eancia: Um Percurso Epistemol\u00f3gico Coordenador: Bruno dos Santos Pastoriza\u00a0 Colaboradores: F\u00e1bio Andr\u00e9 Sangiogo Alunos envolvidos: Materiais H\u00edbridos Sintetizados a partir de Pol\u00edmeros e Esp\u00e9cies Met\u00e1licas Como Potenciais Catalisadores Coordenador: Andr\u00e9 Ricardo &hellip; <a href=\"https:\/\/wp.ufpel.edu.br\/ppgq\/projetos\/\">Continue lendo <span class=\"meta-nav\">&rarr;<\/span><\/a><\/p>\n","protected":false},"author":93,"featured_media":0,"parent":0,"menu_order":0,"comment_status":"closed","ping_status":"closed","template":"","meta":{"footnotes":""},"class_list":["post-453","page","type-page","status-publish","hentry"],"_links":{"self":[{"href":"https:\/\/wp.ufpel.edu.br\/ppgq\/wp-json\/wp\/v2\/pages\/453","targetHints":{"allow":["GET"]}}],"collection":[{"href":"https:\/\/wp.ufpel.edu.br\/ppgq\/wp-json\/wp\/v2\/pages"}],"about":[{"href":"https:\/\/wp.ufpel.edu.br\/ppgq\/wp-json\/wp\/v2\/types\/page"}],"author":[{"embeddable":true,"href":"https:\/\/wp.ufpel.edu.br\/ppgq\/wp-json\/wp\/v2\/users\/93"}],"replies":[{"embeddable":true,"href":"https:\/\/wp.ufpel.edu.br\/ppgq\/wp-json\/wp\/v2\/comments?post=453"}],"version-history":[{"count":88,"href":"https:\/\/wp.ufpel.edu.br\/ppgq\/wp-json\/wp\/v2\/pages\/453\/revisions"}],"predecessor-version":[{"id":9309,"href":"https:\/\/wp.ufpel.edu.br\/ppgq\/wp-json\/wp\/v2\/pages\/453\/revisions\/9309"}],"wp:attachment":[{"href":"https:\/\/wp.ufpel.edu.br\/ppgq\/wp-json\/wp\/v2\/media?parent=453"}],"curies":[{"name":"wp","href":"https:\/\/api.w.org\/{rel}","templated":true}]}}