{"id":4519,"date":"2015-09-08T16:28:12","date_gmt":"2015-09-08T19:28:12","guid":{"rendered":"https:\/\/wp.ufpel.edu.br\/ppgq\/?page_id=4519"},"modified":"2022-05-16T15:33:30","modified_gmt":"2022-05-16T18:33:30","slug":"alunos-2","status":"publish","type":"page","link":"https:\/\/wp.ufpel.edu.br\/ppgq\/alunos-2\/","title":{"rendered":"Alunos"},"content":{"rendered":"<p>Conhe\u00e7a os alunos do PPGQ \u00e0 n\u00edvel de:<\/p>\n<p><a href=\"https:\/\/wp.ufpel.edu.br\/ppgq\/mestrado-alunos\/\">Mestrado<\/a><\/p>\n<p><a href=\"https:\/\/wp.ufpel.edu.br\/ppgq\/doutorado-alunos\/\">Doutorado<\/a><\/p>\n<p>&nbsp;<\/p>\n","protected":false},"excerpt":{"rendered":"<p>Conhe\u00e7a os alunos do PPGQ \u00e0 n\u00edvel de: Mestrado Doutorado &nbsp;<\/p>\n","protected":false},"author":93,"featured_media":0,"parent":0,"menu_order":0,"comment_status":"closed","ping_status":"closed","template":"","meta":{"footnotes":""},"class_list":["post-4519","page","type-page","status-publish","hentry"],"_links":{"self":[{"href":"https:\/\/wp.ufpel.edu.br\/ppgq\/wp-json\/wp\/v2\/pages\/4519","targetHints":{"allow":["GET"]}}],"collection":[{"href":"https:\/\/wp.ufpel.edu.br\/ppgq\/wp-json\/wp\/v2\/pages"}],"about":[{"href":"https:\/\/wp.ufpel.edu.br\/ppgq\/wp-json\/wp\/v2\/types\/page"}],"author":[{"embeddable":true,"href":"https:\/\/wp.ufpel.edu.br\/ppgq\/wp-json\/wp\/v2\/users\/93"}],"replies":[{"embeddable":true,"href":"https:\/\/wp.ufpel.edu.br\/ppgq\/wp-json\/wp\/v2\/comments?post=4519"}],"version-history":[{"count":3,"href":"https:\/\/wp.ufpel.edu.br\/ppgq\/wp-json\/wp\/v2\/pages\/4519\/revisions"}],"predecessor-version":[{"id":8002,"href":"https:\/\/wp.ufpel.edu.br\/ppgq\/wp-json\/wp\/v2\/pages\/4519\/revisions\/8002"}],"wp:attachment":[{"href":"https:\/\/wp.ufpel.edu.br\/ppgq\/wp-json\/wp\/v2\/media?parent=4519"}],"curies":[{"name":"wp","href":"https:\/\/api.w.org\/{rel}","templated":true}]}}