{"id":4038,"date":"2014-07-01T16:54:01","date_gmt":"2014-07-01T19:54:01","guid":{"rendered":"https:\/\/wp.ufpel.edu.br\/ppgq\/?page_id=4038"},"modified":"2024-06-13T12:20:30","modified_gmt":"2024-06-13T15:20:30","slug":"andre-ricardo-fajardo","status":"publish","type":"page","link":"https:\/\/wp.ufpel.edu.br\/ppgq\/andre-ricardo-fajardo\/","title":{"rendered":"Andr\u00e9 Ricardo Fajardo"},"content":{"rendered":"<p><a href=\"https:\/\/wp.ufpel.edu.br\/ppgq\/files\/2024\/06\/Foto_Andre-Fajardo.jpg\"><img loading=\"lazy\" decoding=\"async\" class=\"alignnone  wp-image-9569\" src=\"https:\/\/wp.ufpel.edu.br\/ppgq\/files\/2024\/06\/Foto_Andre-Fajardo-305x318.jpg\" alt=\"\" width=\"149\" height=\"156\" srcset=\"https:\/\/wp.ufpel.edu.br\/ppgq\/files\/2024\/06\/Foto_Andre-Fajardo-305x318.jpg 305w, https:\/\/wp.ufpel.edu.br\/ppgq\/files\/2024\/06\/Foto_Andre-Fajardo-153x159.jpg 153w, https:\/\/wp.ufpel.edu.br\/ppgq\/files\/2024\/06\/Foto_Andre-Fajardo-768x800.jpg 768w, https:\/\/wp.ufpel.edu.br\/ppgq\/files\/2024\/06\/Foto_Andre-Fajardo.jpg 1394w\" sizes=\"auto, (max-width: 149px) 100vw, 149px\" \/><\/a><\/p>\n<p style=\"text-align: justify;\">\n<p><a href=\"mailto:andre.fajardo@ufpel.edu.br\">andre.fajardo@ufpel.edu.br<\/a><br \/>\n<a href=\"http:\/\/lattes.cnpq.br\/5914976951761736\" target=\"_blank\" rel=\"noopener noreferrer\">Acessar CV Lattes<\/a><\/p>\n<div class=\"x_elementToProof\" style=\"text-align: justify;\"><span style=\"font-size: 12pt; color: #000000;\">Graduado em Qu\u00edmica Bacharelado pela Universidade Estadual de Maring\u00e1 (UEM) em 2007. Ingressou no curso de Mestrado em Qu\u00edmica da Universidade Estadual de Maring\u00e1 em Mar\u00e7o de 2008 sendo posteriormente transferido de n\u00edvel para o Doutorado pela mesma Universidade em Agosto de 2009. Realizou doutorado no Grupo de Materiais Polim\u00e9ricos e Comp\u00f3sitos (GMPC) do Departamento de Qu\u00edmica (UEM) com per\u00edodo sandu\u00edche (2012-20213) no Centre de Recherches sur les Macromolecules Vegetales (CERMAV) em Grenoble (Fran\u00e7a). Professor Adjunto C-4 do C entro de Ci\u00eancias Qu\u00edmicas, Farmac\u00eauticas e de Alimentos da Universidade Federal de Pelotas (UFPel) e Visiting Scholar na Virginia Tech (Blacksburg, EUA). Coordenou o Programa de P\u00f3s-Gradua\u00e7\u00e3o em Qu\u00edmica (2017-2021) e foi Diretor da Regional Sul da Associa\u00e7\u00e3o Brasileira de Pol\u00edmeros (ABPol) (2019-2021). S\u00f3cio afiliado da ABPol e da Sociedade Brasileira de Qu\u00edmica (SBQ). Pesquisador l\u00edder do Laborat\u00f3rio de Tecnologia e Desenvolvimento de Comp\u00f3sitos e Materiais Polim\u00e9ricos (LaCoPol), realiza pesquisas com pol\u00edmeros naturais (polissacar\u00eddeos) e sint\u00e9ticos para o preparo de materiais e comp\u00f3sitos polim\u00e9ricos visando solu\u00e7\u00f5es nas \u00e1reas de biomateriais, agricultura, ambiental e cat\u00e1lise. Orienta alunos(as) de mestrado e doutorado no PPGQ\/UFPel. (ORCID 0000-0001-5362-6478)<\/span><\/div>\n<div class=\"x_elementToProof\"><\/div>\n<p><span style=\"color: #808080;\">O texto acima foi extra\u00eddo do Curr\u00edculo Lattes do docente. A Coordena\u00e7\u00e3o do PPGQ n\u00e3o se responsabiliza por informa\u00e7\u00f5es inver\u00eddicas ou imprecis\u00e3o nos dados fornecidos.<\/span><\/p>\n","protected":false},"excerpt":{"rendered":"<p>andre.fajardo@ufpel.edu.br Acessar CV Lattes Graduado em Qu\u00edmica Bacharelado pela Universidade Estadual de Maring\u00e1 (UEM) em 2007. Ingressou no curso de Mestrado em Qu\u00edmica da Universidade Estadual de Maring\u00e1 em Mar\u00e7o de 2008 sendo posteriormente transferido de n\u00edvel para o Doutorado &hellip; <a href=\"https:\/\/wp.ufpel.edu.br\/ppgq\/andre-ricardo-fajardo\/\">Continue lendo <span class=\"meta-nav\">&rarr;<\/span><\/a><\/p>\n","protected":false},"author":93,"featured_media":0,"parent":0,"menu_order":0,"comment_status":"closed","ping_status":"closed","template":"","meta":{"footnotes":""},"class_list":["post-4038","page","type-page","status-publish","hentry"],"_links":{"self":[{"href":"https:\/\/wp.ufpel.edu.br\/ppgq\/wp-json\/wp\/v2\/pages\/4038","targetHints":{"allow":["GET"]}}],"collection":[{"href":"https:\/\/wp.ufpel.edu.br\/ppgq\/wp-json\/wp\/v2\/pages"}],"about":[{"href":"https:\/\/wp.ufpel.edu.br\/ppgq\/wp-json\/wp\/v2\/types\/page"}],"author":[{"embeddable":true,"href":"https:\/\/wp.ufpel.edu.br\/ppgq\/wp-json\/wp\/v2\/users\/93"}],"replies":[{"embeddable":true,"href":"https:\/\/wp.ufpel.edu.br\/ppgq\/wp-json\/wp\/v2\/comments?post=4038"}],"version-history":[{"count":20,"href":"https:\/\/wp.ufpel.edu.br\/ppgq\/wp-json\/wp\/v2\/pages\/4038\/revisions"}],"predecessor-version":[{"id":9570,"href":"https:\/\/wp.ufpel.edu.br\/ppgq\/wp-json\/wp\/v2\/pages\/4038\/revisions\/9570"}],"wp:attachment":[{"href":"https:\/\/wp.ufpel.edu.br\/ppgq\/wp-json\/wp\/v2\/media?parent=4038"}],"curies":[{"name":"wp","href":"https:\/\/api.w.org\/{rel}","templated":true}]}}