{"id":4,"date":"2011-01-18T08:31:12","date_gmt":"2011-01-18T11:31:12","guid":{"rendered":"https:\/\/wp.ufpel.edu.br\/ppgq\/"},"modified":"2026-02-23T15:42:44","modified_gmt":"2026-02-23T18:42:44","slug":"contato","status":"publish","type":"page","link":"https:\/\/wp.ufpel.edu.br\/ppgq\/contato\/","title":{"rendered":"Contato"},"content":{"rendered":"<p><strong>Universidade Federal de Pelotas &#8211; Centro de Ci\u00eancias Qu\u00edmicas, Farmac\u00eauticas e de Alimentos<\/strong><\/p>\n<p>Campus Universit\u00e1rio do Cap\u00e3o do Le\u00e3o<br \/>\nCEP: 96010-900<br \/>\nCapao do Leao, RS &#8211; Brasil<br \/>\nCaixa-Postal: 354<br \/>\nT elefone\/FAX: (53) 3275.7533<br \/>\nemail: <a href=\"mailto:ppgq.ufpel@hotmail.com\">ppgq.ufpel@hotmail.com<\/a><\/p>\n<p><strong>Coordenadora<\/strong>: Daniela Hartwig de Oliveira<\/p>\n<p>ou atrav\u00e9s do \u00a0formul\u00e1rio abaixo:<\/p>\n\n<div class=\"wpcf7 no-js\" id=\"wpcf7-f3957-o1\" lang=\"\" dir=\"ltr\" data-wpcf7-id=\"3957\">\n<div class=\"screen-reader-response\"><p role=\"status\" aria-live=\"polite\" aria-atomic=\"true\"><\/p> <ul><\/ul><\/div>\n<form action=\"\/ppgq\/wp-json\/wp\/v2\/pages\/4#wpcf7-f3957-o1\" method=\"post\" class=\"wpcf7-form init\" aria-label=\"Formul\u00e1rios de contato\" novalidate=\"novalidate\" data-status=\"init\">\n<fieldset class=\"hidden-fields-container\"><input type=\"hidden\" name=\"_wpcf7\" value=\"3957\" \/><input type=\"hidden\" name=\"_wpcf7_version\" value=\"6.1.4\" \/><input type=\"hidden\" name=\"_wpcf7_locale\" value=\"\" \/><input type=\"hidden\" name=\"_wpcf7_unit_tag\" value=\"wpcf7-f3957-o1\" \/><input type=\"hidden\" name=\"_wpcf7_container_post\" value=\"0\" \/><input type=\"hidden\" name=\"_wpcf7_posted_data_hash\" value=\"\" \/>\n<\/fieldset>\n<p>Seu nome (obrigat\u00f3rio)\n<\/p>\n<p><span class=\"wpcf7-form-control-wrap\" data-name=\"your-name\"><input size=\"40\" maxlength=\"400\" class=\"wpcf7-form-control wpcf7-text wpcf7-validates-as-required\" aria-required=\"true\" aria-invalid=\"false\" value=\"\" type=\"text\" name=\"your-name\" \/><\/span>\n<\/p>\n<p>Seu e-mail (obrigat\u00f3rio)\n<\/p>\n<p><span class=\"wpcf7-form-control-wrap\" data-name=\"your-email\"><input size=\"40\" maxlength=\"400\" class=\"wpcf7-form-control wpcf7-email wpcf7-validates-as-required wpcf7-text wpcf7-validates-as-email\" aria-required=\"true\" aria-invalid=\"false\" value=\"\" type=\"email\" name=\"your-email\" \/><\/span>\n<\/p>\n<p>Assunto\n<\/p>\n<p><span class=\"wpcf7-form-control-wrap\" data-name=\"your-subject\"><input size=\"40\" maxlength=\"400\" class=\"wpcf7-form-control wpcf7-text\" aria-invalid=\"false\" value=\"\" type=\"text\" name=\"your-subject\" \/><\/span>\n<\/p>\n<p>Sua mensagem\n<\/p>\n<p><span class=\"wpcf7-form-control-wrap\" data-name=\"your-message\"><textarea cols=\"40\" rows=\"10\" maxlength=\"2000\" class=\"wpcf7-form-control wpcf7-textarea\" aria-invalid=\"false\" name=\"your-message\"><\/textarea><\/span>\n<\/p>\n<p><label style=\"display: inline\">Imagem de seguran\u00e7a<\/label><br \/>\n<input type=\"hidden\" name=\"_wpcf7_captcha_challenge_captcha-1\" value=\"4145788771\" \/><img loading=\"lazy\" decoding=\"async\" class=\"wpcf7-form-control wpcf7-captchac wpcf7-captcha-captcha-1\" width=\"72\" height=\"24\" alt=\"captcha\" src=\"https:\/\/wp.ufpel.edu.br\/ppgq\/files\/wpcf7_captcha\/4145788771.png\" \/><span class=\"wpcf7-form-control-wrap\" data-name=\"captcha-1\"><input size=\"8\" class=\"wpcf7-form-control wpcf7-captchar\" autocomplete=\"off\" aria-invalid=\"false\" value=\"\" type=\"text\" name=\"captcha-1\" \/><\/span>\n<\/p>\n<p><input class=\"wpcf7-form-control wpcf7-submit has-spinner\" type=\"submit\" value=\"Enviar\" \/>\n<\/p><p style=\"display: none !important;\" class=\"akismet-fields-container\" data-prefix=\"_wpcf7_ak_\"><label>&#916;<textarea name=\"_wpcf7_ak_hp_textarea\" cols=\"45\" rows=\"8\" maxlength=\"100\"><\/textarea><\/label><input type=\"hidden\" id=\"ak_js_1\" name=\"_wpcf7_ak_js\" value=\"24\"\/><script>document.getElementById( \"ak_js_1\" ).setAttribute( \"value\", ( new Date() ).getTime() );<\/script><\/p><div class=\"wpcf7-response-output\" aria-hidden=\"true\"><\/div>\n<\/form>\n<\/div>\n\n","protected":false},"excerpt":{"rendered":"<p>Universidade Federal de Pelotas &#8211; Centro de Ci\u00eancias Qu\u00edmicas, Farmac\u00eauticas e de Alimentos Campus Universit\u00e1rio do Cap\u00e3o do Le\u00e3o CEP: 96010-900 Capao do Leao, RS &#8211; Brasil Caixa-Postal: 354 T elefone\/FAX: (53) 3275.7533 email: ppgq.ufpel@hotmail.com Coordenadora: Daniela Hartwig de Oliveira &hellip; <a href=\"https:\/\/wp.ufpel.edu.br\/ppgq\/contato\/\">Continue lendo <span class=\"meta-nav\">&rarr;<\/span><\/a><\/p>\n","protected":false},"author":93,"featured_media":0,"parent":0,"menu_order":0,"comment_status":"closed","ping_status":"closed","template":"","meta":{"footnotes":""},"class_list":["post-4","page","type-page","status-publish","hentry"],"_links":{"self":[{"href":"https:\/\/wp.ufpel.edu.br\/ppgq\/wp-json\/wp\/v2\/pages\/4","targetHints":{"allow":["GET"]}}],"collection":[{"href":"https:\/\/wp.ufpel.edu.br\/ppgq\/wp-json\/wp\/v2\/pages"}],"about":[{"href":"https:\/\/wp.ufpel.edu.br\/ppgq\/wp-json\/wp\/v2\/types\/page"}],"author":[{"embeddable":true,"href":"https:\/\/wp.ufpel.edu.br\/ppgq\/wp-json\/wp\/v2\/users\/93"}],"replies":[{"embeddable":true,"href":"https:\/\/wp.ufpel.edu.br\/ppgq\/wp-json\/wp\/v2\/comments?post=4"}],"version-history":[{"count":4,"href":"https:\/\/wp.ufpel.edu.br\/ppgq\/wp-json\/wp\/v2\/pages\/4\/revisions"}],"predecessor-version":[{"id":10539,"href":"https:\/\/wp.ufpel.edu.br\/ppgq\/wp-json\/wp\/v2\/pages\/4\/revisions\/10539"}],"wp:attachment":[{"href":"https:\/\/wp.ufpel.edu.br\/ppgq\/wp-json\/wp\/v2\/media?parent=4"}],"curies":[{"name":"wp","href":"https:\/\/api.w.org\/{rel}","templated":true}]}}