{"id":33,"date":"2011-03-14T11:49:38","date_gmt":"2011-03-14T14:49:38","guid":{"rendered":"https:\/\/wp.ufpel.edu.br\/ppgq\/"},"modified":"2013-09-25T11:28:53","modified_gmt":"2013-09-25T14:28:53","slug":"eventos","status":"publish","type":"page","link":"https:\/\/wp.ufpel.edu.br\/ppgq\/eventos\/","title":{"rendered":"Eventos"},"content":{"rendered":"<p>2012<\/p>\n<div>\n<p align=\"center\"><a href=\"http:\/\/www.ufpel.edu.br\/ccqfa\/esete4\/\"><img loading=\"lazy\" decoding=\"async\" class=\"aligncenter size-medium wp-image-3717\" alt=\"IV ESETE\" src=\"https:\/\/wp.ufpel.edu.br\/ppgq\/files\/2011\/03\/IV-ESETE-300x95.jpg\" width=\"300\" height=\"95\" \/><\/a><\/p>\n<p align=\"center\">Workshop<strong><br \/>\n\u201c\u00c9tica em Pesquisa Cient\u00edfica e em Publica\u00e7\u00f5es\u201d<br \/>\n<\/strong>22 de junho de 2012<br \/>\n<a href=\"https:\/\/wp.ufpel.edu.br\/ppgq\/files\/2011\/03\/Programa\u00e7\u00e3o.pdf\">Programa\u00e7\u00e3o<\/a><br \/>\n<strong><\/strong><\/p>\n<\/div>\n<p>2011<br \/>\n<a href=\"http:\/\/www.irradiacaodemicroondas.com.br\/eventos.html\"><img loading=\"lazy\" decoding=\"async\" alt=\"\" src=\"https:\/\/wp.ufpel.edu.br\/ppgq\/files\/2011\/03\/logo_v1_horizontal.jpg\" width=\"600\" height=\"134\" \/><\/a><\/p>\n","protected":false},"excerpt":{"rendered":"<p>2012 Workshop \u201c\u00c9tica em Pesquisa Cient\u00edfica e em Publica\u00e7\u00f5es\u201d 22 de junho de 2012 Programa\u00e7\u00e3o 2011<\/p>\n","protected":false},"author":93,"featured_media":0,"parent":0,"menu_order":0,"comment_status":"closed","ping_status":"closed","template":"","meta":{"footnotes":""},"class_list":["post-33","page","type-page","status-publish","hentry"],"_links":{"self":[{"href":"https:\/\/wp.ufpel.edu.br\/ppgq\/wp-json\/wp\/v2\/pages\/33","targetHints":{"allow":["GET"]}}],"collection":[{"href":"https:\/\/wp.ufpel.edu.br\/ppgq\/wp-json\/wp\/v2\/pages"}],"about":[{"href":"https:\/\/wp.ufpel.edu.br\/ppgq\/wp-json\/wp\/v2\/types\/page"}],"author":[{"embeddable":true,"href":"https:\/\/wp.ufpel.edu.br\/ppgq\/wp-json\/wp\/v2\/users\/93"}],"replies":[{"embeddable":true,"href":"https:\/\/wp.ufpel.edu.br\/ppgq\/wp-json\/wp\/v2\/comments?post=33"}],"version-history":[{"count":79,"href":"https:\/\/wp.ufpel.edu.br\/ppgq\/wp-json\/wp\/v2\/pages\/33\/revisions"}],"predecessor-version":[{"id":3718,"href":"https:\/\/wp.ufpel.edu.br\/ppgq\/wp-json\/wp\/v2\/pages\/33\/revisions\/3718"}],"wp:attachment":[{"href":"https:\/\/wp.ufpel.edu.br\/ppgq\/wp-json\/wp\/v2\/media?parent=33"}],"curies":[{"name":"wp","href":"https:\/\/api.w.org\/{rel}","templated":true}]}}