{"id":303,"date":"2011-03-15T10:48:19","date_gmt":"2011-03-15T13:48:19","guid":{"rendered":"https:\/\/wp.ufpel.edu.br\/ppgq\/"},"modified":"2017-04-07T11:51:57","modified_gmt":"2017-04-07T14:51:57","slug":"seminarios-palestras","status":"publish","type":"page","link":"https:\/\/wp.ufpel.edu.br\/ppgq\/seminarios-palestras\/","title":{"rendered":"Semin\u00e1rios e Palestras"},"content":{"rendered":"<p>A programa\u00e7\u00e3o dos semin\u00e1rios apresentados no Programa de P\u00f3s Gradua\u00e7\u00e3o em Qu\u00edmica da Ufpel podem ser encontrados acessando o Link:<br \/>\n<a href=\"https:\/\/wp.ufpel.edu.br\/ppgq\/pt\/category\/seminarios\/\">https:\/\/wp.ufpel.edu.br\/ppgq\/pt\/category\/seminarios\/<\/a><\/p>\n","protected":false},"excerpt":{"rendered":"<p>A programa\u00e7\u00e3o dos semin\u00e1rios apresentados no Programa de P\u00f3s Gradua\u00e7\u00e3o em Qu\u00edmica da Ufpel podem ser encontrados acessando o Link: https:\/\/wp.ufpel.edu.br\/ppgq\/pt\/category\/seminarios\/<\/p>\n","protected":false},"author":93,"featured_media":0,"parent":0,"menu_order":0,"comment_status":"closed","ping_status":"closed","template":"","meta":{"footnotes":""},"class_list":["post-303","page","type-page","status-publish","hentry"],"_links":{"self":[{"href":"https:\/\/wp.ufpel.edu.br\/ppgq\/wp-json\/wp\/v2\/pages\/303","targetHints":{"allow":["GET"]}}],"collection":[{"href":"https:\/\/wp.ufpel.edu.br\/ppgq\/wp-json\/wp\/v2\/pages"}],"about":[{"href":"https:\/\/wp.ufpel.edu.br\/ppgq\/wp-json\/wp\/v2\/types\/page"}],"author":[{"embeddable":true,"href":"https:\/\/wp.ufpel.edu.br\/ppgq\/wp-json\/wp\/v2\/users\/93"}],"replies":[{"embeddable":true,"href":"https:\/\/wp.ufpel.edu.br\/ppgq\/wp-json\/wp\/v2\/comments?post=303"}],"version-history":[{"count":39,"href":"https:\/\/wp.ufpel.edu.br\/ppgq\/wp-json\/wp\/v2\/pages\/303\/revisions"}],"predecessor-version":[{"id":5554,"href":"https:\/\/wp.ufpel.edu.br\/ppgq\/wp-json\/wp\/v2\/pages\/303\/revisions\/5554"}],"wp:attachment":[{"href":"https:\/\/wp.ufpel.edu.br\/ppgq\/wp-json\/wp\/v2\/media?parent=303"}],"curies":[{"name":"wp","href":"https:\/\/api.w.org\/{rel}","templated":true}]}}