{"id":27,"date":"2011-03-14T11:48:11","date_gmt":"2011-03-14T14:48:11","guid":{"rendered":"https:\/\/wp.ufpel.edu.br\/ppgq\/"},"modified":"2011-03-23T08:15:57","modified_gmt":"2011-03-23T11:15:57","slug":"perfil-profissional","status":"publish","type":"page","link":"https:\/\/wp.ufpel.edu.br\/ppgq\/perfil-profissional\/","title":{"rendered":"Perfil Profissional"},"content":{"rendered":"<p style=\"text-align: justify\"><span style=\"color: #ffffff\">&#8230;&#8230;&#8230;.<\/span>O objetivo do PPG em Qu\u00edmica da UFPel \u00e9 a forma\u00e7\u00e3o de profissionais, mestres e doutores, altamente qualificados na \u00e1rea de qu\u00edmica, com forma\u00e7\u00e3o generalista e voltada para a pesquisa, desenvolvimento e inova\u00e7\u00e3o para resolu\u00e7\u00e3o de problemas regionais, nacionais e mundiais. O curso busca atender \u00e0 crescente demanda por m\u00e3o de obra qualificada na regi\u00e3o sul do RS. O profissional a ser formado no Programa estar\u00e1 apto a realizar pesquisas, elaborar projetos e produzir conhecimento dentro de uma das linhas do Programa, que envolve desde a resolu\u00e7\u00e3o de problemas ambientais ao desenvolvimento de novos materiais org\u00e2nicos e inorg\u00e2nicos para utiliza\u00e7\u00e3o em diferentes setores da ind\u00fastria qu\u00edmica.<\/p>\n","protected":false},"excerpt":{"rendered":"<p>&#8230;&#8230;&#8230;.O objetivo do PPG em Qu\u00edmica da UFPel \u00e9 a forma\u00e7\u00e3o de profissionais, mestres e doutores, altamente qualificados na \u00e1rea de qu\u00edmica, com forma\u00e7\u00e3o generalista e voltada para a pesquisa, desenvolvimento e inova\u00e7\u00e3o para resolu\u00e7\u00e3o de problemas regionais, nacionais e &hellip; <a href=\"https:\/\/wp.ufpel.edu.br\/ppgq\/perfil-profissional\/\">Continue lendo <span class=\"meta-nav\">&rarr;<\/span><\/a><\/p>\n","protected":false},"author":93,"featured_media":0,"parent":0,"menu_order":0,"comment_status":"closed","ping_status":"open","template":"","meta":{"footnotes":""},"class_list":["post-27","page","type-page","status-publish","hentry"],"_links":{"self":[{"href":"https:\/\/wp.ufpel.edu.br\/ppgq\/wp-json\/wp\/v2\/pages\/27","targetHints":{"allow":["GET"]}}],"collection":[{"href":"https:\/\/wp.ufpel.edu.br\/ppgq\/wp-json\/wp\/v2\/pages"}],"about":[{"href":"https:\/\/wp.ufpel.edu.br\/ppgq\/wp-json\/wp\/v2\/types\/page"}],"author":[{"embeddable":true,"href":"https:\/\/wp.ufpel.edu.br\/ppgq\/wp-json\/wp\/v2\/users\/93"}],"replies":[{"embeddable":true,"href":"https:\/\/wp.ufpel.edu.br\/ppgq\/wp-json\/wp\/v2\/comments?post=27"}],"version-history":[{"count":46,"href":"https:\/\/wp.ufpel.edu.br\/ppgq\/wp-json\/wp\/v2\/pages\/27\/revisions"}],"predecessor-version":[{"id":1835,"href":"https:\/\/wp.ufpel.edu.br\/ppgq\/wp-json\/wp\/v2\/pages\/27\/revisions\/1835"}],"wp:attachment":[{"href":"https:\/\/wp.ufpel.edu.br\/ppgq\/wp-json\/wp\/v2\/media?parent=27"}],"curies":[{"name":"wp","href":"https:\/\/api.w.org\/{rel}","templated":true}]}}