{"id":25,"date":"2011-03-14T11:47:49","date_gmt":"2011-03-14T14:47:49","guid":{"rendered":"https:\/\/wp.ufpel.edu.br\/ppgq\/"},"modified":"2025-12-17T18:38:47","modified_gmt":"2025-12-17T21:38:47","slug":"professores","status":"publish","type":"page","link":"https:\/\/wp.ufpel.edu.br\/ppgq\/professores\/","title":{"rendered":"Professores"},"content":{"rendered":"<p><span style=\"color: #000000;\"><strong>Linha 1 \u2013 Desenvolvimento e Aplica\u00e7\u00e3o de M\u00e9todos Anal\u00edticos<\/strong><\/span><\/p>\n<p><span style=\"color: #000000;\">Permanentes:<br \/>\n<a style=\"color: #000000;\" href=\"https:\/\/wp.ufpel.edu.br\/ppgq\/adriane-medeiros-nunes\/\" target=\"_self\" rel=\"noopener noreferrer\"><strong>Adriane Medeiros Nunes<\/strong><\/a><br \/>\n<a style=\"color: #000000;\" href=\"https:\/\/wp.ufpel.edu.br\/ppgq\/anderson-schwingel-ribeiro\/\" target=\"_self\" rel=\"noopener noreferrer\"><strong>Anderson Schwingel Ribeiro<\/strong><\/a><br \/>\n<a style=\"color: #000000;\" href=\"https:\/\/wp.ufpel.edu.br\/ppgq\/pt\/bruno-pastoriza\/\"><strong>Bruno dos Santos Pastoriza<\/strong><\/a><br \/>\n<a style=\"color: #000000;\" href=\"https:\/\/wp.ufpel.edu.br\/ppgq\/pt\/carla-de-andrade-hartwig\/\"><strong>Carla de Andrade Hartwig<\/strong><\/a><br \/>\n<a style=\"color: #000000;\" href=\"https:\/\/wp.ufpel.edu.br\/ppgq\/pt\/diogo-la-rosa-novo\/\"><strong>Diogo La Rosa Novo<\/strong><\/a><br \/>\n<a style=\"color: #000000;\" href=\"https:\/\/wp.ufpel.edu.br\/ppgq\/marcia-foster-mesko\/\"><strong>Marcia Foster Mesko<\/strong><\/a><\/span><br \/>\n<span style=\"color: #000000;\"> <a style=\"color: #000000;\" href=\"https:\/\/wp.ufpel.edu.br\/ppgq\/mariana-antunes-vieira\/\"><strong>Mariana Antunes Vieira<\/strong><\/a><br \/>\n<a style=\"color: #000000;\" href=\"https:\/\/wp.ufpel.edu.br\/ppgq\/pt\/wiliam-boschetti\/\"><strong>Wiliam Boschetti<\/strong><\/a><br \/>\n<\/span><\/p>\n<p><span style=\"color: #000000;\">Colaboradores:<br \/>\n<a style=\"color: #000000;\" href=\"https:\/\/wp.ufpel.edu.br\/ppgq\/pt\/clarissa-marques-moreira-dos-santos\/\"><strong>Clarissa Marques Moreira dos Santos<\/strong><\/a><\/span><\/p>\n<p><span style=\"color: #000000;\"><strong>Linha 2 \u2013 Qu\u00edmica de Materiais<\/strong><\/span><\/p>\n<p><span style=\"color: #000000;\">Permanentes:<br \/>\n<a style=\"color: #000000;\" href=\"https:\/\/wp.ufpel.edu.br\/ppgq\/pt\/adriana-castro-pinheiro\/\"><strong>Adriana Castro Pinheiro<\/strong><\/a><strong><br \/>\n<\/strong><strong><a style=\"color: #000000;\" href=\"https:\/\/wp.ufpel.edu.br\/ppgq\/?p=4038\">Andr\u00e9 Ricardo Fajardo<\/a><br \/>\n<\/strong><strong><a style=\"color: #000000;\" href=\"https:\/\/wp.ufpel.edu.br\/ppgq\/daniela-bianchini\/\" target=\"_self\" rel=\"noopener noreferrer\">Daniela Bianchini<\/a><br \/>\n<a style=\"color: #000000;\" href=\"https:\/\/wp.ufpel.edu.br\/ppgq\/pt\/fabio-andre-sangiogo\/\">F\u00e1bio Andr\u00e9 Sangiogo<br \/>\n<\/a><a href=\"https:\/\/wp.ufpel.edu.br\/ppgq\/pt\/fernando-machado-machado\/\"><span style=\"color: #000000;\">Fernando Machado Machado<\/span><\/a><br \/>\n<\/strong><a href=\"https:\/\/wp.ufpel.edu.br\/ppgq\/pt\/mateus-meneghetti-ferrer\/\"><strong><span style=\"color: #000000;\">Mateus Meneghetti Ferrer<\/span><\/strong><\/a><br \/>\n<a style=\"color: #000000;\" href=\"https:\/\/wp.ufpel.edu.br\/ppgq\/pt\/robson-da-silva-oliboni\/\"><strong>Robson da Silva Oliboni<\/strong><\/a><\/span><\/p>\n<p><span style=\"color: #000000;\">Visitante:<br \/>\n<a style=\"color: #000000;\" href=\"https:\/\/wp.ufpel.edu.br\/ppgq\/adnan-khan\/\"><strong>Adnan Khan<\/strong><\/a><\/span><\/p>\n<p><span style=\"color: #000000;\"><strong>Linha 3 \u2013 Obten\u00e7\u00e3o, Caracteriza\u00e7\u00e3o e Aplica\u00e7\u00e3o de Compostos Org\u00e2nicos<\/strong><\/span><\/p>\n<p><span style=\"color: #000000;\">Permanentes:<br \/>\n<a style=\"color: #000000;\" href=\"https:\/\/wp.ufpel.edu.br\/ppgq\/pt\/bruna-adriane-fary\/\"><strong>Bruna Adriane Fary-Hidai<\/strong><\/a><br \/>\n<a style=\"color: #000000;\" href=\"https:\/\/wp.ufpel.edu.br\/ppgq\/pt\/daniela-hartwig-de-oliveira\/\"><strong>Daniela Hartwig de Oliveira<\/strong><\/a><\/span><br \/>\n<span style=\"color: #000000;\"> <a style=\"color: #000000;\" href=\"https:\/\/wp.ufpel.edu.br\/ppgq\/diego-da-silva-alves\/\" target=\"_self\" rel=\"noopener noreferrer\"><strong>Diego da Silva Alves<\/strong><\/a><br \/>\n<a style=\"color: #000000;\" href=\"https:\/\/wp.ufpel.edu.br\/ppgq\/eder-joao-lenardao\/\" target=\"_self\" rel=\"noopener noreferrer\"><strong>Eder Jo\u00e3o Lenard\u00e3o<br \/>\n<\/strong><\/a><a style=\"color: #000000;\" href=\"https:\/\/wp.ufpel.edu.br\/ppgq\/gelson-perin\/\" target=\"_self\" rel=\"noopener noreferrer\"><strong>Gelson Perin<\/strong><\/a><br \/>\n<a style=\"color: #000000;\" href=\"https:\/\/wp.ufpel.edu.br\/ppgq\/pt\/marcio-santos-da-silva\/\"><strong>M\u00e1rcio Santos da Silva<\/strong><\/a><br \/>\n<a style=\"color: #000000;\" href=\"https:\/\/wp.ufpel.edu.br\/ppgq\/raquel-guimaraes-jacob\/\" target=\"_self\" rel=\"noopener noreferrer\"><strong>Raquel Guimar\u00e3es Jacob<\/strong><\/a><br \/>\n<a style=\"color: #000000;\" href=\"https:\/\/wp.ufpel.edu.br\/ppgq\/wilson-joao-cunico-filho\/\" target=\"_self\" rel=\"noopener noreferrer\"><strong>Wilson Jo\u00e3o Cunico Filho<\/strong><\/a><\/span><\/p>\n<p><span style=\"color: #000000;\">Colaboradores:<\/span><br \/>\n<span style=\"color: #000000;\"><a style=\"color: #000000;\" href=\"https:\/\/wp.ufpel.edu.br\/ppgq\/pt\/andre-francisco-pivato-biajoli\/\"><strong>Andr\u00e9 Francisco Pivato Biajoli<\/strong><\/a><br \/>\n<a style=\"color: #000000;\" href=\"https:\/\/wp.ufpel.edu.br\/ppgq\/pt\/juliano-alex-roehrs\/\"><strong>Juliano Alex Roehrs<\/strong><\/a><\/span><\/p>\n","protected":false},"excerpt":{"rendered":"<p>Linha 1 \u2013 Desenvolvimento e Aplica\u00e7\u00e3o de M\u00e9todos Anal\u00edticos Permanentes: Adriane Medeiros Nunes Anderson Schwingel Ribeiro Bruno dos Santos Pastoriza Carla de Andrade Hartwig Diogo La Rosa Novo Marcia Foster Mesko Mariana Antunes Vieira Wiliam Boschetti Colaboradores: Clarissa Marques Moreira &hellip; <a href=\"https:\/\/wp.ufpel.edu.br\/ppgq\/professores\/\">Continue lendo <span class=\"meta-nav\">&rarr;<\/span><\/a><\/p>\n","protected":false},"author":93,"featured_media":0,"parent":0,"menu_order":0,"comment_status":"closed","ping_status":"closed","template":"","meta":{"footnotes":""},"class_list":["post-25","page","type-page","status-publish","hentry"],"_links":{"self":[{"href":"https:\/\/wp.ufpel.edu.br\/ppgq\/wp-json\/wp\/v2\/pages\/25","targetHints":{"allow":["GET"]}}],"collection":[{"href":"https:\/\/wp.ufpel.edu.br\/ppgq\/wp-json\/wp\/v2\/pages"}],"about":[{"href":"https:\/\/wp.ufpel.edu.br\/ppgq\/wp-json\/wp\/v2\/types\/page"}],"author":[{"embeddable":true,"href":"https:\/\/wp.ufpel.edu.br\/ppgq\/wp-json\/wp\/v2\/users\/93"}],"replies":[{"embeddable":true,"href":"https:\/\/wp.ufpel.edu.br\/ppgq\/wp-json\/wp\/v2\/comments?post=25"}],"version-history":[{"count":3,"href":"https:\/\/wp.ufpel.edu.br\/ppgq\/wp-json\/wp\/v2\/pages\/25\/revisions"}],"predecessor-version":[{"id":10484,"href":"https:\/\/wp.ufpel.edu.br\/ppgq\/wp-json\/wp\/v2\/pages\/25\/revisions\/10484"}],"wp:attachment":[{"href":"https:\/\/wp.ufpel.edu.br\/ppgq\/wp-json\/wp\/v2\/media?parent=25"}],"curies":[{"name":"wp","href":"https:\/\/api.w.org\/{rel}","templated":true}]}}