{"id":2498,"date":"2011-10-27T15:25:12","date_gmt":"2011-10-27T18:25:12","guid":{"rendered":"https:\/\/wp.ufpel.edu.br\/ppgq\/"},"modified":"2017-07-11T15:37:51","modified_gmt":"2017-07-11T18:37:51","slug":"marcia-foster-mesko","status":"publish","type":"page","link":"https:\/\/wp.ufpel.edu.br\/ppgq\/marcia-foster-mesko\/","title":{"rendered":"Marcia Foster Mesko"},"content":{"rendered":"<p><img loading=\"lazy\" decoding=\"async\" class=\"\" src=\"http:\/\/servicosweb.cnpq.br\/wspessoa\/servletrecuperafoto?tipo=1&amp;id=K4701188D2\" width=\"133\" height=\"133\" \/><\/p>\n<p><a href=\"mailto:marciamesko@yahoo.com.br\">marciamesko@yahoo.com.br<\/a><br \/>\n<a href=\"http:\/\/lattes.cnpq.br\/2461255030745891\" target=\"_blank\" rel=\"noopener\">Acessar CV Lattes<\/a><\/p>\n<p style=\"text-align: justify\"><span style=\"color: #333333\">Possui gradua\u00e7\u00e3o em Bacharelado e Licenciatura em Qu\u00edmica pela Universidade Federal de Pelotas (2002), mestrado (2004) e doutorado (2008) em Qu\u00edmica (Qu\u00edmica Anal\u00edtica) pela Universidade Federal de Santa Maria. Foi professora da Universidade Estadual do Rio Grande do Sul (2006 a 2008) na \u00e1rea de Ci\u00eancias dos Alimentos e coordenadora do Curso Superior de Tecnologia em Agroind\u00fastria da unidade de Cruz Alta. Atuou como Qu\u00edmica da Farmacop\u00e9ia Brasileira (Ag\u00eancia Nacional de Vigil\u00e2ncia Sanit\u00e1ria, ANVISA), por mais de quatro anos desenvolvendo e avaliando monografias para o controle de qualidade de produtos farmac\u00eauticos. Foi pesquisadora do Instituto Nacional de Metrologia, Normaliza\u00e7\u00e3o e Qualidade Industrial &#8211; INMETRO, produzindo materiais de refer\u00eancia certificados de f\u00e1rmacos, onde os CRMs de captopril e diclofenaco s\u00f3dico os primeiros destes materiais produzidos na Am\u00e9rica do Sul. Foi fundadora dos Cursos de Bacharelado em Farm\u00e1cia (2010) e Bacharelado em Qu\u00edmica Forense (2012) da UFPel. Foi coordenadora do Curso de Bacharelado em Farm\u00e1cia (2010 a 2013) da UFPel. \u00c9 professora adjunta da Universidade Federal de Pelotas (desde 2009), e atua nos Cursos de Bacharelado em Farm\u00e1cia e Qu\u00edmica Forense, al\u00e9m de pesquisadora nos Programas de P\u00f3s-Gradua\u00e7\u00e3o em Qu\u00edmica (desde 2010) e Bioqu\u00edmica e Bioprospec\u00e7\u00e3o (desde 2012) da UFPel. Atualmente \u00e9 coordenadora do Programa de P\u00f3s-Gradua\u00e7\u00e3o Bioqu\u00edmica e Bioprospec\u00e7\u00e3o (2016 a 2018) e coordenadora adjunta do Programa de P\u00f3s-Gradua\u00e7\u00e3o em Qu\u00edmica (2015 a 2017). Foi tesoureira da Divis\u00e3o de Qu\u00edmica Anal\u00edtica da Sociedade Brasileira de Qu\u00edmica &#8211; SBQ (05\/2014 a 05\/2016) e, atualmente, \u00e9 vice-diretora desta Divis\u00e3o da SBQ (05\/2016 a 05\/2018). \u00c9 membro do comit\u00ea assessor da Funda\u00e7\u00e3o de Amparo a Pesquisa do Estado do Rio Grande do Sul &#8211; FAPERGS desde 2013. Tem experi\u00eancia na \u00e1rea de qu\u00edmica, com \u00eanfase em qu\u00edmica anal\u00edtica para a determina\u00e7\u00e3o de elementos tra\u00e7o, atuando principalmente nos seguintes temas: preparo de amostras, determina\u00e7\u00e3o de metais e n\u00e3o metais, espectrometria at\u00f4mica, controle de qualidade, e an\u00e1lise de alimentos e medicamentos. Com o desenvolvimento de sua tese de doutorado e de publica\u00e7\u00f5es com o sistema de combust\u00e3o iniciada por micro-ondas, o National Institute of Standards and Technology (NIST, USA), recentemente utilizou o m\u00e9todo proposto de combust\u00e3o iniciada por micro-ondas para a certifica\u00e7\u00e3o de um material de refer\u00eancia de carv\u00e3o (SRM 2682c), recentemente divulgado no peri\u00f3dico Analytical Chemistry (2016, 88, 4635?4643). J\u00e1 recebeu diversos pr\u00eamios em eventos cient\u00edficos nacionais e internacionais, al\u00e9m de ter ministrado diversas palestras e cursos no Brasil e no exterior. Possui patentes de inova\u00e7\u00e3o tecnol\u00f3gica, diversos cap\u00edtulos de livros nacionais e internacionais, e mais de 60 artigos publicados em revistas cient\u00edficas indexadas.<\/span><\/p>\n<p><span style=\"color: #808080\">O texto acima foi extra\u00eddo do Curr\u00edculo Lattes do docente. A Coordena\u00e7\u00e3o do PPGQ n\u00e3o se responsabiliza por informa\u00e7\u00f5es inver\u00eddicas ou imprecis\u00e3o nos dados fornecidos.<\/span><\/p>\n","protected":false},"excerpt":{"rendered":"<p>marciamesko@yahoo.com.br Acessar CV Lattes Possui gradua\u00e7\u00e3o em Bacharelado e Licenciatura em Qu\u00edmica pela Universidade Federal de Pelotas (2002), mestrado (2004) e doutorado (2008) em Qu\u00edmica (Qu\u00edmica Anal\u00edtica) pela Universidade Federal de Santa Maria. Foi professora da Universidade Estadual do Rio &hellip; <a href=\"https:\/\/wp.ufpel.edu.br\/ppgq\/marcia-foster-mesko\/\">Continue lendo <span class=\"meta-nav\">&rarr;<\/span><\/a><\/p>\n","protected":false},"author":93,"featured_media":0,"parent":0,"menu_order":0,"comment_status":"closed","ping_status":"closed","template":"","meta":{"footnotes":""},"class_list":["post-2498","page","type-page","status-publish","hentry"],"_links":{"self":[{"href":"https:\/\/wp.ufpel.edu.br\/ppgq\/wp-json\/wp\/v2\/pages\/2498","targetHints":{"allow":["GET"]}}],"collection":[{"href":"https:\/\/wp.ufpel.edu.br\/ppgq\/wp-json\/wp\/v2\/pages"}],"about":[{"href":"https:\/\/wp.ufpel.edu.br\/ppgq\/wp-json\/wp\/v2\/types\/page"}],"author":[{"embeddable":true,"href":"https:\/\/wp.ufpel.edu.br\/ppgq\/wp-json\/wp\/v2\/users\/93"}],"replies":[{"embeddable":true,"href":"https:\/\/wp.ufpel.edu.br\/ppgq\/wp-json\/wp\/v2\/comments?post=2498"}],"version-history":[{"count":9,"href":"https:\/\/wp.ufpel.edu.br\/ppgq\/wp-json\/wp\/v2\/pages\/2498\/revisions"}],"predecessor-version":[{"id":5757,"href":"https:\/\/wp.ufpel.edu.br\/ppgq\/wp-json\/wp\/v2\/pages\/2498\/revisions\/5757"}],"wp:attachment":[{"href":"https:\/\/wp.ufpel.edu.br\/ppgq\/wp-json\/wp\/v2\/media?parent=2498"}],"curies":[{"name":"wp","href":"https:\/\/api.w.org\/{rel}","templated":true}]}}