{"id":237,"date":"2011-03-15T10:29:54","date_gmt":"2011-03-15T13:29:54","guid":{"rendered":"https:\/\/wp.ufpel.edu.br\/ppgq\/"},"modified":"2026-02-03T15:39:39","modified_gmt":"2026-02-03T18:39:39","slug":"documentos-formularios","status":"publish","type":"page","link":"https:\/\/wp.ufpel.edu.br\/ppgq\/documentos-formularios\/","title":{"rendered":"Documentos e Formul\u00e1rios"},"content":{"rendered":"<p><a href=\"https:\/\/wp.ufpel.edu.br\/ppgq\/files\/2026\/02\/Autodeclaracao-de-Pessoa-Negra.docx\">Autodeclara\u00e7\u00e3o de Pessoa Negra<\/a><\/p>\n<p><a href=\"https:\/\/wp.ufpel.edu.br\/ppgq\/files\/2024\/07\/Autodeclaracao-de-Identidade-de-Genero.docx\">Autodeclara\u00e7\u00e3o de Identidade de G\u00eanero<\/a><\/p>\n<p><a href=\"https:\/\/wp.ufpel.edu.br\/ppgq\/files\/2026\/02\/Autodeclaracao-de-Deficiencia.docx\">Autodeclara\u00e7\u00e3o de Defici\u00eancia<\/a><\/p>\n<p style=\"text-align: left;\"><a href=\"https:\/\/wp.ufpel.edu.br\/ppgq\/files\/2011\/03\/Requerimento-de-Inscri\u00e7\u00e3o-Mestrado-1.docx\">Requerimento de Inscri\u00e7\u00e3o Mestrado<\/a><\/p>\n<p><a href=\"https:\/\/wp.ufpel.edu.br\/ppgq\/files\/2011\/03\/Requerimento-de-Inscri\u00e7\u00e3o-Doutorado-1.docx\">Requerimento de Inscri\u00e7\u00e3o Doutorado<\/a><\/p>\n<p><a href=\"https:\/\/wp.ufpel.edu.br\/ppgq\/files\/2011\/03\/Relatorio-de-Acompanhamento-Discente-Modelo-1.docx\">Relat\u00f3rio de Acompanhamento Discente Modelo<\/a><\/p>\n<p><a href=\"https:\/\/wp.ufpel.edu.br\/ppgq\/files\/2023\/02\/TERMO-DE-ORIENTACAO-MESTRADO.docx\">TERMO DE ORIENTA\u00c7\u00c3O-MESTRADO<\/a><\/p>\n<p><a href=\"https:\/\/wp.ufpel.edu.br\/ppgq\/files\/2023\/02\/TERMO-DE-COORIENTACAO-MESTRADO.docx\">TERMO DE COORIENTA\u00c7\u00c3O-MESTRADO<\/a><\/p>\n<p><a href=\"https:\/\/wp.ufpel.edu.br\/ppgq\/files\/2023\/02\/TERMO-DE-ORIENTACAO-DOUTORADO.docx\">TERMO DE ORIENTA\u00c7\u00c3O-DOUTORADO<\/a><\/p>\n<p><a href=\"https:\/\/wp.ufpel.edu.br\/ppgq\/files\/2023\/02\/TERMO-DE-COORIENTACAO-DOUTORADO.docx\">TERMO DE COORIENTA\u00c7\u00c3O-DOUTORADO<\/a><\/p>\n<p><a href=\"https:\/\/wp.ufpel.edu.br\/ppgq\/files\/2025\/12\/Formulario-7-Ata-de-Defesa-Exame-Qualificacao.docx\">Formul\u00e1rio 7 &#8211; Ata de Defesa Exame Qualifica\u00e7\u00e3o<\/a><\/p>\n<p><a href=\"https:\/\/wp.ufpel.edu.br\/ppgq\/files\/2011\/03\/Formul\u00e1rio-8-Mudan\u00e7a-de-N\u00edvel.doc\">Formul\u00e1rio 8 &#8211; Mudan\u00e7a de N\u00edvel<br \/>\n<\/a><\/p>\n<p><a href=\"https:\/\/wp.ufpel.edu.br\/ppgq\/files\/2011\/03\/Formul\u00e1rio-8A-encaminhamento-Mudan\u00e7a-de-Nivel.doc\">Formul\u00e1rio 8A &#8211; Encaminhamento Mudan\u00e7a de N\u00edvel<\/a><\/p>\n<p><a href=\"https:\/\/wp.ufpel.edu.br\/ppgq\/files\/2011\/03\/Formul\u00e1rio-9-Cancelamento-de-Disciplina.docx\">Formul\u00e1rio 9 &#8211; Cancelamento de Disciplina<\/a><\/p>\n<p><a href=\"https:\/\/wp.ufpel.edu.br\/ppgq\/files\/2011\/03\/Formul\u00e1rio-10-Trancamento-de-matr\u00edcula.doc\">Formul\u00e1rio 10 &#8211; Trancamento de matr\u00edcula<\/a><\/p>\n<p><a href=\"https:\/\/wp.ufpel.edu.br\/ppgq\/files\/2011\/03\/Plano-de-atividades-Mestrado.doc\">Plano de atividades Mestrado<\/a><\/p>\n<p><a href=\"https:\/\/wp.ufpel.edu.br\/ppgq\/files\/2011\/03\/Plano-de-atividades-Doutorado.doc\">Plano de atividades Doutorado<\/a><\/p>\n<p><a href=\"https:\/\/wp.ufpel.edu.br\/ppgq\/files\/2020\/10\/Codigos-das-disciplinas-do-PPGQ.pdf\">C\u00f3digos das disciplinas do PPGQ<\/a><\/p>\n<p><a href=\"https:\/\/wp.ufpel.edu.br\/ppgq\/files\/2023\/12\/Manual-de-Teses-e-Dissertacoes-a-partir-de-03.2024.pdf\">Manual de Teses e Disserta\u00e7\u00f5es<\/a><\/p>\n<p><strong>Alunos Especiais<\/strong><\/p>\n<p><a href=\"https:\/\/wp.ufpel.edu.br\/ppgq\/files\/2019\/07\/Requerimento-Inscri\u00e7\u00e3o-aluno-especial-1.docx\">Requerimento Inscri\u00e7\u00e3o aluno especial<\/a><\/p>\n<p><a href=\"https:\/\/wp.ufpel.edu.br\/ppgq\/files\/2024\/02\/Termo-de-Aceite-de-Aluno-Especial-2024-01.docx\">Termo de Aceite de Aluno Especial 2024-01<\/a><\/p>\n","protected":false},"excerpt":{"rendered":"<p>Autodeclara\u00e7\u00e3o de Pessoa Negra Autodeclara\u00e7\u00e3o de Identidade de G\u00eanero Autodeclara\u00e7\u00e3o de Defici\u00eancia Requerimento de Inscri\u00e7\u00e3o Mestrado Requerimento de Inscri\u00e7\u00e3o Doutorado Relat\u00f3rio de Acompanhamento Discente Modelo TERMO DE ORIENTA\u00c7\u00c3O-MESTRADO TERMO DE COORIENTA\u00c7\u00c3O-MESTRADO TERMO DE ORIENTA\u00c7\u00c3O-DOUTORADO TERMO DE COORIENTA\u00c7\u00c3O-DOUTORADO Formul\u00e1rio 7 &#8211; &hellip; <a href=\"https:\/\/wp.ufpel.edu.br\/ppgq\/documentos-formularios\/\">Continue lendo <span class=\"meta-nav\">&rarr;<\/span><\/a><\/p>\n","protected":false},"author":93,"featured_media":0,"parent":0,"menu_order":0,"comment_status":"closed","ping_status":"closed","template":"","meta":{"footnotes":""},"class_list":["post-237","page","type-page","status-publish","hentry"],"_links":{"self":[{"href":"https:\/\/wp.ufpel.edu.br\/ppgq\/wp-json\/wp\/v2\/pages\/237","targetHints":{"allow":["GET"]}}],"collection":[{"href":"https:\/\/wp.ufpel.edu.br\/ppgq\/wp-json\/wp\/v2\/pages"}],"about":[{"href":"https:\/\/wp.ufpel.edu.br\/ppgq\/wp-json\/wp\/v2\/types\/page"}],"author":[{"embeddable":true,"href":"https:\/\/wp.ufpel.edu.br\/ppgq\/wp-json\/wp\/v2\/users\/93"}],"replies":[{"embeddable":true,"href":"https:\/\/wp.ufpel.edu.br\/ppgq\/wp-json\/wp\/v2\/comments?post=237"}],"version-history":[{"count":4,"href":"https:\/\/wp.ufpel.edu.br\/ppgq\/wp-json\/wp\/v2\/pages\/237\/revisions"}],"predecessor-version":[{"id":10492,"href":"https:\/\/wp.ufpel.edu.br\/ppgq\/wp-json\/wp\/v2\/pages\/237\/revisions\/10492"}],"wp:attachment":[{"href":"https:\/\/wp.ufpel.edu.br\/ppgq\/wp-json\/wp\/v2\/media?parent=237"}],"curies":[{"name":"wp","href":"https:\/\/api.w.org\/{rel}","templated":true}]}}